{"id":2540,"date":"2025-02-17T09:50:16","date_gmt":"2025-02-17T09:50:16","guid":{"rendered":"https:\/\/vavcase.com\/?post_type=product&#038;p=2540"},"modified":"2025-11-10T10:27:35","modified_gmt":"2025-11-10T10:27:35","slug":"new-bee-headphone-stand-headset-holder-earphone-stand-with-aluminum-supporting-bar-flexible-headrest-abs-solid-base-for-all-headphones-size","status":"publish","type":"product","link":"https:\/\/vavcase.com\/fr\/produit\/nouveau-support-pour-casque-bee-support-pour-ecouteurs-avec-barre-de-support-en-aluminium-appui-tete-flexible-base-solide-pour-toutes-les-tailles-de-casque\/","title":{"rendered":"New bee Headphone Stand Headset Holder Earphone Stand with Aluminum Supporting Bar Flexible Headrest ABS Solid Base for All Headphones Size"},"content":{"rendered":"<h2>Informations sur le produit<\/h2>\n<div class=\"a-row a-spacing-top-base\">\n<div class=\"a-column a-span6\">\n<div class=\"a-row a-spacing-base\">\n<div class=\"a-section table-padding\">\n<table id=\"productDetails_detailBullets_sections1\" class=\"a-keyvalue prodDetTable\" role=\"presentation\">\n<tbody>\n<tr>\n<th class=\"a-color-secondary a-size-base prodDetSectionEntry\">Poids de l'article<\/th>\n<td class=\"a-size-base prodDetAttrValue\">3,56 onces<\/td>\n<\/tr>\n<tr>\n<th class=\"a-color-secondary a-size-base prodDetSectionEntry\">Dimensions du produit<\/th>\n<td class=\"a-size-base prodDetAttrValue\">1.97 x 1.97 x 7.87 pouces<\/td>\n<\/tr>\n<tr>\n<th class=\"a-color-secondary a-size-base prodDetSectionEntry\">ASIN<\/th>\n<td class=\"a-size-base prodDetAttrValue\">B01GJQ7N94<\/td>\n<\/tr>\n<tr>\n<th class=\"a-color-secondary a-size-base prodDetSectionEntry\">Num\u00e9ro de mod\u00e8le de l'article<\/th>\n<td class=\"a-size-base prodDetAttrValue\">Z1<\/td>\n<\/tr>\n<tr>\n<th class=\"a-color-secondary a-size-base prodDetSectionEntry\">Avis des clients<\/th>\n<td class=\"a-size-base\">\n<div id=\"averageCustomerReviews\" data-asin=\"B01GJQ7N94\" data-ref=\"dpx_acr_pop_\"><span class=\"a-declarative\" data-action=\"acrStarsLink-click-metrics\" data-acrstarslink-click-metrics=\"{}\"><span id=\"acrPopover\" class=\"reviewCountTextLinkedHistogram noUnderline\" title=\"4,6 sur 5 \u00e9toiles\"><a class=\"a-popover-trigger a-declarative\" role=\"button\"><span class=\"a-size-base a-color-base\">4.6\u00a0<\/span><i class=\"a-icon a-icon-star a-star-4-5 cm-cr-review-stars-spacing-big\"><span class=\"a-icon-alt\">4,6 sur 5 \u00e9toiles<\/span><\/i>\u00a0<i class=\"a-icon a-icon-popover\"><\/i><\/a>\u00a0\u00a0<\/span><\/span>\u00a0<span class=\"a-declarative\" data-action=\"acrLink-click-metrics\" data-acrlink-click-metrics=\"{}\"><a id=\"acrCustomerReviewLink\" class=\"a-link-normal\" href=\"https:\/\/www.amazon.com\/Headphone-New-Earphone-Supporting-Headphones\/dp\/B01GJQ7N94\/ref=sr_1_3?crid=2E1D1X94YOD6J&amp;dib=eyJ2IjoiMSJ9.lfWIQ9Fyq1SLL2jZOkD6FldwIwyeeGhgak5fQgWZ90SEz5Qrts3gQ9_mdktZ5WHfvEdK2npZfgZR1Zxlsxa2BL5ZA1UyEwbkdGFdPbTz2AAJAhaZCqQi5vNFbOCYG0xGfwVTWHD_0fhQtUIN4OLmhMihhDBssCPHm0sXwUue8u70UILj1ziW-Iky3sdegtag9sRTzCOaoXJH0KQr7vHC56UxEET9LrJbojTJvyvR7-o.3DAqE5cPMmswDOzujncxLOE81PC5HE62SxrGEMkj-_M&amp;dib_tag=se&amp;keywords=Headset%2BStands&amp;qid=1739785103&amp;sprefix=headset%2Bstands%2B%2Caps%2C378&amp;sr=8-3&amp;th=1#customerReviews\"><span id=\"acrCustomerReviewText\" class=\"a-size-base\">32 071 \u00e9valuations<\/span><\/a><\/span><\/div>\n<p>4,6 sur 5 \u00e9toiles<\/td>\n<\/tr>\n<tr>\n<th class=\"a-color-secondary a-size-base prodDetSectionEntry\">Est discontinu\u00e9 par le fabricant<\/th>\n<td class=\"a-size-base prodDetAttrValue\">Non<\/td>\n<\/tr>\n<tr>\n<th class=\"a-color-secondary a-size-base prodDetSectionEntry\">Date de mise \u00e0 disposition<\/th>\n<td class=\"a-size-base prodDetAttrValue\">3 juin 2016<\/td>\n<\/tr>\n<tr>\n<th class=\"a-color-secondary a-size-base prodDetSectionEntry\">Nom de la couleur<\/th>\n<td class=\"a-size-base prodDetAttrValue\">Noir<\/td>\n<\/tr>\n<tr>\n<th class=\"a-color-secondary a-size-base prodDetSectionEntry\">Appareils compatibles<\/th>\n<td class=\"a-size-base prodDetAttrValue\">Casques d'\u00e9coute<\/td>\n<\/tr>\n<tr>\n<th class=\"a-color-secondary a-size-base prodDetSectionEntry\">Type de mat\u00e9riau<\/th>\n<td class=\"a-size-base prodDetAttrValue\">Polyur\u00e9thane thermoplastique<\/td>\n<\/tr>\n<tr>\n<th class=\"a-color-secondary a-size-base prodDetSectionEntry\">Taille<\/th>\n<td class=\"a-size-base prodDetAttrValue\">1 paquet<\/td>\n<\/tr>\n<\/tbody>\n<\/table>\n<\/div>\n<\/div>\n<\/div>\n<\/div>","protected":false},"excerpt":{"rendered":"<p><strong>Compatibilit\u00e9 :<\/strong> Le nouveau support pour casque bee est compatible avec une large gamme de casques, notamment le Sennheiser 202 II HD598 HD 650 HD700, le Dre Beats Solo, le Koss Porta Pro, le Sony MDR7506, le Philips, l'AKG K612, l'Hyper X Cloud II, l'Astro A50, l'AT M50 et le TB 420x.<br \/>\n<strong>Robuste :<\/strong> Fabriqu\u00e9 en caoutchouc TPU et en aluminium, ce support pour \u00e9couteurs garantit une base s\u00fbre et stable pour vos \u00e9couteurs. Veillez \u00e0 ce que le bureau soit exempt de poussi\u00e8re et plat avant d'y placer le support pour \u00e9couteurs.<br \/>\n<strong>Architecture :<\/strong> Adapt\u00e9 \u00e0 une utilisation \u00e0 la maison, au bureau, en studio, dans la chambre \u00e0 coucher ou \u00e0 c\u00f4t\u00e9 de votre t\u00e9l\u00e9vision, ce support pour casque sans fil pr\u00e9sente un aspect distinctif et \u00e0 la mode.<\/p>\n<p><strong>Taille :<\/strong> Le support pour casque de jeu mesure environ 8,85 pouces de hauteur, 3,7 pouces de longueur et 3,7 pouces de largeur. Il est incroyablement portable, car il est compact, l\u00e9ger et, surtout, poss\u00e8de une esth\u00e9tique de mode distinctive.<br \/>\n<strong>Pr\u00e9server l'espace :<\/strong> Les casques suspendus \u00e9liminent la n\u00e9cessit\u00e9 de placer un \u00e9couteur, ce qui facilite l'organisation du bureau et la conservation de l'espace.<\/p>","protected":false},"featured_media":2544,"comment_status":"open","ping_status":"closed","template":"","meta":[],"product_brand":[],"product_cat":[68,58],"product_tag":[],"class_list":{"0":"post-2540","1":"product","2":"type-product","3":"status-publish","4":"has-post-thumbnail","6":"product_cat-headset-stands","7":"product_cat-setup-accessories","9":"first","10":"instock","11":"featured","12":"shipping-taxable","13":"purchasable","14":"product-type-simple"},"_links":{"self":[{"href":"https:\/\/vavcase.com\/fr\/wp-json\/wp\/v2\/product\/2540","targetHints":{"allow":["GET"]}}],"collection":[{"href":"https:\/\/vavcase.com\/fr\/wp-json\/wp\/v2\/product"}],"about":[{"href":"https:\/\/vavcase.com\/fr\/wp-json\/wp\/v2\/types\/product"}],"replies":[{"embeddable":true,"href":"https:\/\/vavcase.com\/fr\/wp-json\/wp\/v2\/comments?post=2540"}],"wp:featuredmedia":[{"embeddable":true,"href":"https:\/\/vavcase.com\/fr\/wp-json\/wp\/v2\/media\/2544"}],"wp:attachment":[{"href":"https:\/\/vavcase.com\/fr\/wp-json\/wp\/v2\/media?parent=2540"}],"wp:term":[{"taxonomy":"product_brand","embeddable":true,"href":"https:\/\/vavcase.com\/fr\/wp-json\/wp\/v2\/product_brand?post=2540"},{"taxonomy":"product_cat","embeddable":true,"href":"https:\/\/vavcase.com\/fr\/wp-json\/wp\/v2\/product_cat?post=2540"},{"taxonomy":"product_tag","embeddable":true,"href":"https:\/\/vavcase.com\/fr\/wp-json\/wp\/v2\/product_tag?post=2540"}],"curies":[{"name":"wp","href":"https:\/\/api.w.org\/{rel}","templated":true}]}}