{"id":2549,"date":"2025-02-17T09:55:55","date_gmt":"2025-02-17T09:55:55","guid":{"rendered":"https:\/\/vavcase.com\/?post_type=product&#038;p=2549"},"modified":"2026-03-20T15:45:35","modified_gmt":"2026-03-20T15:45:35","slug":"usb-rgb-headphone-stand-with-3-usb-3-0-ports-rgb-lights-the-portal-ultimate-gaming-accessories","status":"publish","type":"product","link":"https:\/\/vavcase.com\/fr\/produit\/support-pour-casque-usb-rgb-avec-3-ports-usb-3-0-rgb-lights-the-portal-ultimate-gaming-accessories\/","title":{"rendered":"Support de casque USB RGB avec 3 ports USB 3.0 Lumi\u00e8res RGB The Portal Ultimate Gaming Accessories"},"content":{"rendered":"<h3 class=\"a-spacing-mini\">e support pour casque d'\u00e9coute RGB rehaussera votre bureau de jeu d'un style unique et d'une grande praticit\u00e9.<\/h3>\n<p class=\"a-spacing-base\">Size:156mm*161mm*261mm<\/p>\n<p class=\"a-spacing-base\">Lumi\u00e8re RVB : 12 mod\u00e8les<\/p>\n<p class=\"a-spacing-base\">EQ:3 mod\u00e8les<\/p>\n<p class=\"a-spacing-base\">Port : 3 USB 3.0<\/p>\n<p class=\"a-spacing-base\">Mise en place :<\/p>\n<p class=\"a-spacing-base\">1. Trouvez le c\u00e2ble USB fourni et ins\u00e9rez-le \u00e0 l'arri\u00e8re du support du casque. Ins\u00e9rez l'autre extr\u00e9mit\u00e9 dans le port USB de votre ordinateur.<\/p>\n<p class=\"a-spacing-base\">2. Le voyant RGB s'allume.<\/p>\n<p class=\"a-spacing-base\">3. Vous pouvez maintenant brancher d'autres connexions USB ainsi que vos \u00e9couteurs et un microphone dans leurs prises respectives.<\/p>\n<p class=\"a-spacing-base\">4. Reportez-vous \u00e0 l'emballage ext\u00e9rieur pour savoir o\u00f9 brancher vos appareils en cas de confusion.<\/p>\n<h2>Informations sur le produit<\/h2>\n<div class=\"a-row a-spacing-top-base\">\n<div class=\"a-column a-span6\">\n<div class=\"a-row a-spacing-base\">\n<div class=\"a-section table-padding\">\n<table id=\"productDetails_detailBullets_sections1\" class=\"a-keyvalue prodDetTable\" role=\"presentation\">\n<tbody>\n<tr>\n<th class=\"a-color-secondary a-size-base prodDetSectionEntry\">Dimensions de l'emballage<\/th>\n<td class=\"a-size-base prodDetAttrValue\">10,4 x 6,6 x 6,6 pouces<\/td>\n<\/tr>\n<tr>\n<th class=\"a-color-secondary a-size-base prodDetSectionEntry\">Poids de l'article<\/th>\n<td class=\"a-size-base prodDetAttrValue\">1,5 livres<\/td>\n<\/tr>\n<tr>\n<th class=\"a-color-secondary a-size-base prodDetSectionEntry\">ASIN<\/th>\n<td class=\"a-size-base prodDetAttrValue\">B08VDZPRKC<\/td>\n<\/tr>\n<tr>\n<th class=\"a-color-secondary a-size-base prodDetSectionEntry\">Num\u00e9ro de mod\u00e8le de l'article<\/th>\n<td class=\"a-size-base prodDetAttrValue\">502<\/td>\n<\/tr>\n<tr>\n<th class=\"a-color-secondary a-size-base prodDetSectionEntry\">Avis des clients<\/th>\n<td class=\"a-size-base\">\n<div id=\"averageCustomerReviews\" data-asin=\"B08VDZPRKC\" data-ref=\"dpx_acr_pop_\"><span class=\"a-declarative\" data-action=\"acrStarsLink-click-metrics\" data-acrstarslink-click-metrics=\"{}\"><span id=\"acrPopover\" class=\"reviewCountTextLinkedHistogram noUnderline\" title=\"4,6 sur 5 \u00e9toiles\"><a class=\"a-popover-trigger a-declarative\" role=\"button\"><span class=\"a-size-base a-color-base\">4.6\u00a0<\/span><i class=\"a-icon a-icon-star a-star-4-5 cm-cr-review-stars-spacing-big\"><span class=\"a-icon-alt\">4,6 sur 5 \u00e9toiles<\/span><\/i>\u00a0<i class=\"a-icon a-icon-popover\"><\/i><\/a>\u00a0\u00a0<\/span><\/span>\u00a0<span class=\"a-declarative\" data-action=\"acrLink-click-metrics\" data-acrlink-click-metrics=\"{}\"><a id=\"acrCustomerReviewLink\" class=\"a-link-normal\" href=\"https:\/\/www.amazon.com\/Headphone-Lights-Trusyo-Ultimate-Accessories\/dp\/B08VDZPRKC\/ref=sr_1_2_sspa?crid=36HLINIDF3N3J&amp;keywords=%E2%80%A2+Headset+Stands+with+Protectionection.&amp;qid=1739784941&amp;sprefix=headset+stands+with+protectionection.%2Caps%2C348&amp;sr=8-2-spons&amp;sp_csd=d2lkZ2V0TmFtZT1zcF9hdGY&amp;psc=1#customerReviews\"><span id=\"acrCustomerReviewText\" class=\"a-size-base\">325 \u00e9valuations<\/span><\/a><\/span><\/div>\n<p>4,6 sur 5 \u00e9toiles<\/td>\n<\/tr>\n<tr>\n<th class=\"a-color-secondary a-size-base prodDetSectionEntry\">Classement des meilleures ventes<\/th>\n<td>#45.054 dans Jeux vid\u00e9o (<a href=\"https:\/\/www.amazon.com\/gp\/bestsellers\/videogames\/ref=pd_zg_ts_videogames\">Voir le Top 100 des jeux vid\u00e9o<\/a>)<br \/>\n#1,343 en\u00a0<a href=\"https:\/\/www.amazon.com\/gp\/bestsellers\/videogames\/402053011\/ref=pd_zg_hrsr_videogames\">Casques pour jeux PC<\/a><\/td>\n<\/tr>\n<\/tbody>\n<\/table>\n<\/div>\n<\/div>\n<\/div>\n<\/div>","protected":false},"excerpt":{"rendered":"<p><strong>Concentrateur USB avec ports 3.0 :<\/strong> offre une interface de chargement USB \u00e0 grande vitesse pour tous vos accessoires de jeu. Votre rapidit\u00e9 est cruciale, qu'il s'agisse de disques durs externes, de souris, de claviers ou de tout autre appareil.<br \/>\n<strong>Port micro 3,5 mm :<\/strong> permet de connecter un microphone externe pour la diffusion en direct ou la communication avec les alli\u00e9s pendant le jeu.<br \/>\n<strong>Port pour casque d'\u00e9coute de 3,5 mm :<\/strong> permet aux utilisateurs d'\u00e9couter le son de leur ordinateur en le branchant directement sur le support d'\u00e9couteurs.<\/p>\n<p>Dispositif sonore int\u00e9gr\u00e9 qui permet aux utilisateurs d'ajuster l'\u00e9galiseur en appuyant sur un bouton et de d\u00e9terminer le r\u00e9glage le plus adapt\u00e9 \u00e0 leur jeu.<br \/>\nIl a \u00e9t\u00e9 mis \u00e0 jour en mode 12*. Votre accessoire PC est \u00e9quip\u00e9 d'un \u00e9clairage RGB complet, qui lui apporte les couleurs n\u00e9cessaires. Le RVB donnera \u00e0 votre configuration de jeu un \u00e9clat vibrant dans l'obscurit\u00e9, ce qui vous permettra de rester captiv\u00e9 par le jeu.<\/p>","protected":false},"featured_media":2553,"comment_status":"open","ping_status":"closed","template":"","meta":[],"product_brand":[],"product_cat":[68,58],"product_tag":[],"class_list":{"0":"post-2549","1":"product","2":"type-product","3":"status-publish","4":"has-post-thumbnail","6":"product_cat-headset-stands","7":"product_cat-setup-accessories","9":"first","10":"instock","11":"shipping-taxable","12":"purchasable","13":"product-type-simple"},"_links":{"self":[{"href":"https:\/\/vavcase.com\/fr\/wp-json\/wp\/v2\/product\/2549","targetHints":{"allow":["GET"]}}],"collection":[{"href":"https:\/\/vavcase.com\/fr\/wp-json\/wp\/v2\/product"}],"about":[{"href":"https:\/\/vavcase.com\/fr\/wp-json\/wp\/v2\/types\/product"}],"replies":[{"embeddable":true,"href":"https:\/\/vavcase.com\/fr\/wp-json\/wp\/v2\/comments?post=2549"}],"wp:featuredmedia":[{"embeddable":true,"href":"https:\/\/vavcase.com\/fr\/wp-json\/wp\/v2\/media\/2553"}],"wp:attachment":[{"href":"https:\/\/vavcase.com\/fr\/wp-json\/wp\/v2\/media?parent=2549"}],"wp:term":[{"taxonomy":"product_brand","embeddable":true,"href":"https:\/\/vavcase.com\/fr\/wp-json\/wp\/v2\/product_brand?post=2549"},{"taxonomy":"product_cat","embeddable":true,"href":"https:\/\/vavcase.com\/fr\/wp-json\/wp\/v2\/product_cat?post=2549"},{"taxonomy":"product_tag","embeddable":true,"href":"https:\/\/vavcase.com\/fr\/wp-json\/wp\/v2\/product_tag?post=2549"}],"curies":[{"name":"wp","href":"https:\/\/api.w.org\/{rel}","templated":true}]}}