{"id":2558,"date":"2025-02-17T10:03:05","date_gmt":"2025-02-17T10:03:05","guid":{"rendered":"https:\/\/vavcase.com\/?post_type=product&#038;p=2558"},"modified":"2026-04-01T17:54:55","modified_gmt":"2026-04-01T17:54:55","slug":"lamicall-headphone-stand-desktop-headset-holder-desk-earphone-stand-for-all-headsets","status":"publish","type":"product","link":"https:\/\/vavcase.com\/fr\/produit\/lamicall-support-pour-casque-decoute-support-pour-casque-decoute-de-bureau-support-pour-ecouteurs-de-bureau-pour-tous-les-casques-decoute\/","title":{"rendered":"Lamicall Headphone Stand, Desktop Headset Holder - Support de bureau pour \u00e9couteurs, pour tous les \u00e9couteurs"},"content":{"rendered":"<h2>Informations sur le produit<\/h2>\n<div class=\"a-row a-spacing-top-base\">\n<div class=\"a-column a-span6\">\n<div class=\"a-row a-spacing-base\">\n<div class=\"a-section table-padding\">\n<table id=\"productDetails_detailBullets_sections1\" class=\"a-keyvalue prodDetTable\" role=\"presentation\">\n<tbody>\n<tr>\n<th class=\"a-color-secondary a-size-base prodDetSectionEntry\">Dimensions du produit<\/th>\n<td class=\"a-size-base prodDetAttrValue\">5.12 x 5.12 x 11.42 pouces<\/td>\n<\/tr>\n<tr>\n<th class=\"a-color-secondary a-size-base prodDetSectionEntry\">Poids de l'article<\/th>\n<td class=\"a-size-base prodDetAttrValue\">9,9 onces<\/td>\n<\/tr>\n<tr>\n<th class=\"a-color-secondary a-size-base prodDetSectionEntry\">ASIN<\/th>\n<td class=\"a-size-base prodDetAttrValue\">B07ZYTS86X<\/td>\n<\/tr>\n<tr>\n<th class=\"a-color-secondary a-size-base prodDetSectionEntry\">Num\u00e9ro de mod\u00e8le de l'article<\/th>\n<td class=\"a-size-base prodDetAttrValue\">H1-CA-B<\/td>\n<\/tr>\n<tr>\n<th class=\"a-color-secondary a-size-base prodDetSectionEntry\">Avis des clients<\/th>\n<td class=\"a-size-base\">\n<div id=\"averageCustomerReviews\" data-asin=\"B07ZYTS86X\" data-ref=\"dpx_acr_pop_\"><span class=\"a-declarative\" data-action=\"acrStarsLink-click-metrics\" data-acrstarslink-click-metrics=\"{}\"><span id=\"acrPopover\" class=\"reviewCountTextLinkedHistogram noUnderline\" title=\"4,8 sur 5 \u00e9toiles\"><a class=\"a-popover-trigger a-declarative\" role=\"button\"><span class=\"a-size-base a-color-base\">4.8\u00a0<\/span><i class=\"a-icon a-icon-star a-star-5 cm-cr-review-stars-spacing-big\"><span class=\"a-icon-alt\">4,8 sur 5 \u00e9toiles<\/span><\/i>\u00a0<i class=\"a-icon a-icon-popover\"><\/i><\/a>\u00a0\u00a0<\/span><\/span>\u00a0<span class=\"a-declarative\" data-action=\"acrLink-click-metrics\" data-acrlink-click-metrics=\"{}\"><a id=\"acrCustomerReviewLink\" class=\"a-link-normal\" href=\"https:\/\/www.amazon.com\/Headphone-Desktop-Stand-Headset-Holder\/dp\/B07ZYTS86X\/ref=sr_1_21?crid=2E1D1X94YOD6J&amp;dib=eyJ2IjoiMSJ9.lfWIQ9Fyq1SLL2jZOkD6FldwIwyeeGhgak5fQgWZ90SEz5Qrts3gQ9_mdktZ5WHfvEdK2npZfgZR1Zxlsxa2BL5ZA1UyEwbkdGFdPbTz2AAJAhaZCqQi5vNFbOCYG0xGfwVTWHD_0fhQtUIN4OLmhMihhDBssCPHm0sXwUue8u70UILj1ziW-Iky3sdegtag9sRTzCOaoXJH0KQr7vHC56UxEET9LrJbojTJvyvR7-o.3DAqE5cPMmswDOzujncxLOE81PC5HE62SxrGEMkj-_M&amp;dib_tag=se&amp;keywords=Headset%2BStands&amp;qid=1739786243&amp;sprefix=headset%2Bstands%2B%2Caps%2C378&amp;sr=8-21&amp;th=1#customerReviews\"><span id=\"acrCustomerReviewText\" class=\"a-size-base\">7 941 \u00e9valuations<\/span><\/a><\/span><\/div>\n<p>4,8 sur 5 \u00e9toiles<\/td>\n<\/tr>\n<tr>\n<th class=\"a-color-secondary a-size-base prodDetSectionEntry\">Classement des meilleures ventes<\/th>\n<td>#6,523 dans \u00c9lectronique (<a href=\"https:\/\/www.amazon.com\/gp\/bestsellers\/electronics\/ref=pd_zg_ts_electronics\">Voir le Top 100 de l'\u00e9lectronique<\/a>)<br \/>\n#1,800 en\u00a0<a href=\"https:\/\/www.amazon.com\/gp\/bestsellers\/electronics\/24046923011\/ref=pd_zg_hrsr_electronics\">Casques, \u00e9couteurs et accessoires<\/a><\/td>\n<\/tr>\n<\/tbody>\n<\/table>\n<\/div>\n<\/div>\n<\/div>\n<\/div>","protected":false},"excerpt":{"rendered":"<p><strong>Robuste et \u00e9l\u00e9gant :<\/strong> Le design l\u00e9ger et d\u00e9montable de ce support pour casque est obtenu gr\u00e2ce \u00e0 l'utilisation de plastique ABS et d'aluminium de premi\u00e8re qualit\u00e9. Pour garantir la s\u00e9curit\u00e9 et la stabilit\u00e9 de vos \u00e9couteurs, le design pr\u00e9sente un centre de gravit\u00e9 bas.<br \/>\n<strong>Application multi-sc\u00e9narios :<\/strong> Ce support de bureau pour casque convient \u00e0 une utilisation \u00e0 la maison, au bureau, dans un studio d'enregistrement, dans une chambre \u00e0 coucher ou \u00e0 c\u00f4t\u00e9 de votre ordinateur. Il est disponible avec ou sans fil.<br \/>\n<strong>Prot\u00e9ger le casque :<\/strong> La partie de cet accessoire pour casque qui accueille les \u00e9couteurs est fabriqu\u00e9e en plastique ABS de premi\u00e8re qualit\u00e9 et pr\u00e9sente une surface incurv\u00e9e. Pr\u00e9vient le risque d'endommagement de l'\u00e9ponge de la poutre de t\u00eate du casque.<\/p>\n<p><strong>Design d'apparence unique :<\/strong> Ce support pour casque est le fruit d'une recherche et d'une conception approfondies, inspir\u00e9es par l'apparence de l'oiseau rouge-gorge. Un compagnon pratique et \u00e9l\u00e9gant pour le casque Gaming\/Musique\/Moniteur.<br \/>\n<strong>Compatible avec une large gamme d'\u00e9couteurs :\u00a0<\/strong> Ce porte-casque de bureau est compatible avec une large gamme de casques, notamment les AirPods Max, Sennheiser, Philips, AKG, Beyerdynamic, B&amp;W, HyperX, les casques de jeu Razer, Logitech, Audio Technica et les casques de jeu R OG.<\/p>","protected":false},"featured_media":2566,"comment_status":"open","ping_status":"closed","template":"","meta":[],"product_brand":[],"product_cat":[68,58],"product_tag":[],"class_list":{"0":"post-2558","1":"product","2":"type-product","3":"status-publish","4":"has-post-thumbnail","6":"product_cat-headset-stands","7":"product_cat-setup-accessories","9":"first","10":"instock","11":"shipping-taxable","12":"purchasable","13":"product-type-simple"},"_links":{"self":[{"href":"https:\/\/vavcase.com\/fr\/wp-json\/wp\/v2\/product\/2558","targetHints":{"allow":["GET"]}}],"collection":[{"href":"https:\/\/vavcase.com\/fr\/wp-json\/wp\/v2\/product"}],"about":[{"href":"https:\/\/vavcase.com\/fr\/wp-json\/wp\/v2\/types\/product"}],"replies":[{"embeddable":true,"href":"https:\/\/vavcase.com\/fr\/wp-json\/wp\/v2\/comments?post=2558"}],"wp:featuredmedia":[{"embeddable":true,"href":"https:\/\/vavcase.com\/fr\/wp-json\/wp\/v2\/media\/2566"}],"wp:attachment":[{"href":"https:\/\/vavcase.com\/fr\/wp-json\/wp\/v2\/media?parent=2558"}],"wp:term":[{"taxonomy":"product_brand","embeddable":true,"href":"https:\/\/vavcase.com\/fr\/wp-json\/wp\/v2\/product_brand?post=2558"},{"taxonomy":"product_cat","embeddable":true,"href":"https:\/\/vavcase.com\/fr\/wp-json\/wp\/v2\/product_cat?post=2558"},{"taxonomy":"product_tag","embeddable":true,"href":"https:\/\/vavcase.com\/fr\/wp-json\/wp\/v2\/product_tag?post=2558"}],"curies":[{"name":"wp","href":"https:\/\/api.w.org\/{rel}","templated":true}]}}