{"id":2568,"date":"2025-02-17T10:06:40","date_gmt":"2025-02-17T10:06:40","guid":{"rendered":"https:\/\/vavcase.com\/?post_type=product&#038;p=2568"},"modified":"2026-02-09T06:58:15","modified_gmt":"2026-02-09T06:58:15","slug":"headphone-stand-universal-aluminum-metal-holder-for-airpods-max-hyperx-cloud-ii-xbox-one-turtle-beach-sennheiser-sony-bose-beats-pc-gaming-headset-display-bluetooth-headphones","status":"publish","type":"product","link":"https:\/\/vavcase.com\/fr\/produit\/support-universel-en-aluminium-pour-casque-airpods-max-hyperx-cloud-ii-xbox-one-turtle-beach-sennheiser-sony-bose-beats-pc-gaming-headset-display-bluetooth-headphones\/","title":{"rendered":"Support universel en aluminium pour casque AirPods Max, HyperX Cloud II, Xbox One, Turtle Beach, Sennheiser, Sony, Bose, Beats PC Gaming Headset Display &amp; Bluetooth Headphones"},"content":{"rendered":"<h2>Informations sur le produit<\/h2>\n<div class=\"a-row a-spacing-top-base\">\n<div class=\"a-column a-span6\">\n<div class=\"a-row a-spacing-base\">\n<div class=\"a-section table-padding\">\n<table id=\"productDetails_detailBullets_sections1\" class=\"a-keyvalue prodDetTable\" role=\"presentation\">\n<tbody>\n<tr>\n<th class=\"a-color-secondary a-size-base prodDetSectionEntry\">Dimensions de l'emballage<\/th>\n<td class=\"a-size-base prodDetAttrValue\">8,5 x 3,9 x 0,91 pouces<\/td>\n<\/tr>\n<tr>\n<th class=\"a-color-secondary a-size-base prodDetSectionEntry\">Poids de l'article<\/th>\n<td class=\"a-size-base prodDetAttrValue\">4,2 onces<\/td>\n<\/tr>\n<tr>\n<th class=\"a-color-secondary a-size-base prodDetSectionEntry\">ASIN<\/th>\n<td class=\"a-size-base prodDetAttrValue\">B08MFHP21R<\/td>\n<\/tr>\n<tr>\n<th class=\"a-color-secondary a-size-base prodDetSectionEntry\">Num\u00e9ro de mod\u00e8le de l'article<\/th>\n<td class=\"a-size-base prodDetAttrValue\">support pour casque d'\u00e9coute<\/td>\n<\/tr>\n<tr>\n<th class=\"a-color-secondary a-size-base prodDetSectionEntry\">Avis des clients<\/th>\n<td class=\"a-size-base\">\n<div id=\"averageCustomerReviews\" data-asin=\"B08MFHP21R\" data-ref=\"dpx_acr_pop_\"><span class=\"a-declarative\" data-action=\"acrStarsLink-click-metrics\" data-acrstarslink-click-metrics=\"{}\"><span id=\"acrPopover\" class=\"reviewCountTextLinkedHistogram noUnderline\" title=\"4,6 sur 5 \u00e9toiles\"><a class=\"a-popover-trigger a-declarative\" role=\"button\"><span class=\"a-size-base a-color-base\">4.6\u00a0<\/span><i class=\"a-icon a-icon-star a-star-4-5 cm-cr-review-stars-spacing-big\"><span class=\"a-icon-alt\">4,6 sur 5 \u00e9toiles<\/span><\/i>\u00a0<i class=\"a-icon a-icon-popover\"><\/i><\/a>\u00a0\u00a0<\/span><\/span>\u00a0<span class=\"a-declarative\" data-action=\"acrLink-click-metrics\" data-acrlink-click-metrics=\"{}\"><a id=\"acrCustomerReviewLink\" class=\"a-link-normal\" href=\"https:\/\/www.amazon.com\/Headphone-Universal-Aluminum-Sennheiser-Wireless\/dp\/B08MFHP21R\/ref=sr_1_13?crid=2E1D1X94YOD6J&amp;dib=eyJ2IjoiMSJ9.lfWIQ9Fyq1SLL2jZOkD6FldwIwyeeGhgak5fQgWZ90SEz5Qrts3gQ9_mdktZ5WHfvEdK2npZfgZR1Zxlsxa2BL5ZA1UyEwbkdGFdPbTz2AAJAhaZCqQi5vNFbOCYG0xGfwVTWHD_0fhQtUIN4OLmhMihhDBssCPHm0sXwUue8u70UILj1ziW-Iky3sdegtag9sRTzCOaoXJH0KQr7vHC56UxEET9LrJbojTJvyvR7-o.3DAqE5cPMmswDOzujncxLOE81PC5HE62SxrGEMkj-_M&amp;dib_tag=se&amp;keywords=Headset%2BStands&amp;qid=1739786243&amp;sprefix=headset%2Bstands%2B%2Caps%2C378&amp;sr=8-13&amp;th=1#customerReviews\"><span id=\"acrCustomerReviewText\" class=\"a-size-base\">3 510 \u00e9valuations<\/span><\/a><\/span><\/div>\n<p>4,6 sur 5 \u00e9toiles<\/td>\n<\/tr>\n<tr>\n<th class=\"a-color-secondary a-size-base prodDetSectionEntry\">Classement des meilleures ventes<\/th>\n<td>#1 674 dans les jeux vid\u00e9o (<a href=\"https:\/\/www.amazon.com\/gp\/bestsellers\/videogames\/ref=pd_zg_ts_videogames\">Voir le Top 100 des jeux vid\u00e9o<\/a>)<br \/>\n#131 dans\u00a0<a href=\"https:\/\/www.amazon.com\/gp\/bestsellers\/videogames\/402053011\/ref=pd_zg_hrsr_videogames\">Casques pour jeux PC<\/a><\/td>\n<\/tr>\n<\/tbody>\n<\/table>\n<\/div>\n<\/div>\n<\/div>\n<\/div>","protected":false},"excerpt":{"rendered":"<p><strong>Pratique :<\/strong> Utilisez au maximum l'espace de rangement disponible dans le design de rangement de la maison. La largeur du support pour \u00e9couteurs peut \u00eatre suspendue dans un rayon de 4,5 cm. L'\u00e9couteur suspendu est con\u00e7u pour vous aider \u00e0 organiser votre table et \u00e0 la ranger. Il sert \u00e9galement de solution de rangement pour les \u00e9couteurs, ce qui permet d'\u00e9conomiser de l'espace.<br \/>\n<strong>Protection par coussinets TPU souples :<\/strong> Le coussin du support de casque fonctionne comme un coussin, prot\u00e9geant le bandeau de votre casque contre les plis profonds, m\u00eame apr\u00e8s de longues p\u00e9riodes de suspension. L'appui-t\u00eate est compos\u00e9 d'un mat\u00e9riau TPU flexible qui s'adapte \u00e0 la forme de votre casque. Le support est compatible avec les casques de toutes tailles, du plus petit au plus grand.<br \/>\n<strong>Design d\u00e9tachable :<\/strong> Compos\u00e9 de trois \u00e9l\u00e9ments, il est facile \u00e0 d\u00e9tacher lorsqu'il n'est pas utilis\u00e9 et \u00e0 ranger dans un tiroir, sur une \u00e9tag\u00e8re ou dans un bagage lors d'un voyage, occupant ainsi un minimum d'espace. Il est compact, moderne et, surtout, respectueux de l'environnement.<\/p>\n<p><strong>Solide, robuste et durable :<\/strong> L'aluminium d'aviation est poli \u00e0 la main apr\u00e8s une d\u00e9coupe pr\u00e9cise par moulage CNC. Le design du tampon est \u00e0 la fois pratique et esth\u00e9tique, et il ne laisse pas de traces. Les surfaces inf\u00e9rieures sont \u00e9quip\u00e9es de patins en silicone qui garantissent une tenue exceptionnelle sur les surfaces brillantes.<br \/>\n<strong>Compatible avec la majorit\u00e9 des casques :<\/strong> Il est compatible avec la majorit\u00e9 des casques dont le bandeau a une largeur de 1,7 pouce\/4,5 cm et une hauteur de 8,85 pouces\/22,5 cm, y compris les casques Bluetooth, les casques \u00e0 r\u00e9duction active du bruit, les casques de jeu, les casques de t\u00e9l\u00e9phone et les casques pour enfants.<\/p>","protected":false},"featured_media":2576,"comment_status":"open","ping_status":"closed","template":"","meta":[],"product_brand":[],"product_cat":[68,58],"product_tag":[],"class_list":{"0":"post-2568","1":"product","2":"type-product","3":"status-publish","4":"has-post-thumbnail","6":"product_cat-headset-stands","7":"product_cat-setup-accessories","9":"first","10":"instock","11":"shipping-taxable","12":"purchasable","13":"product-type-simple"},"_links":{"self":[{"href":"https:\/\/vavcase.com\/fr\/wp-json\/wp\/v2\/product\/2568","targetHints":{"allow":["GET"]}}],"collection":[{"href":"https:\/\/vavcase.com\/fr\/wp-json\/wp\/v2\/product"}],"about":[{"href":"https:\/\/vavcase.com\/fr\/wp-json\/wp\/v2\/types\/product"}],"replies":[{"embeddable":true,"href":"https:\/\/vavcase.com\/fr\/wp-json\/wp\/v2\/comments?post=2568"}],"wp:featuredmedia":[{"embeddable":true,"href":"https:\/\/vavcase.com\/fr\/wp-json\/wp\/v2\/media\/2576"}],"wp:attachment":[{"href":"https:\/\/vavcase.com\/fr\/wp-json\/wp\/v2\/media?parent=2568"}],"wp:term":[{"taxonomy":"product_brand","embeddable":true,"href":"https:\/\/vavcase.com\/fr\/wp-json\/wp\/v2\/product_brand?post=2568"},{"taxonomy":"product_cat","embeddable":true,"href":"https:\/\/vavcase.com\/fr\/wp-json\/wp\/v2\/product_cat?post=2568"},{"taxonomy":"product_tag","embeddable":true,"href":"https:\/\/vavcase.com\/fr\/wp-json\/wp\/v2\/product_tag?post=2568"}],"curies":[{"name":"wp","href":"https:\/\/api.w.org\/{rel}","templated":true}]}}