{"id":1939,"date":"2025-02-14T10:49:16","date_gmt":"2025-02-14T10:49:16","guid":{"rendered":"https:\/\/vavcase.com\/?post_type=product&#038;p=1939"},"modified":"2025-02-17T10:06:27","modified_gmt":"2025-02-17T10:06:27","slug":"smatree-15-6-anti-shock-laptop-sleeve-waterproof-protective-slim-case-for-msi-gaming-laptops","status":"publish","type":"product","link":"https:\/\/vavcase.com\/it\/prodotto\/smatree-15-6-anti-shock-laptop-sleeve-custodia-protettiva-impermeabile-sottile-per-computer-portatili-da-gioco-msi\/","title":{"rendered":"Smatree 15.6\u2033 Anti-Shock Laptop Sleeve - Custodia sottile impermeabile e protettiva per computer portatili da gioco MSI"},"content":{"rendered":"<ul data-start=\"0\" data-end=\"565\">\n<li data-start=\"0\" data-end=\"111\"><strong data-start=\"2\" data-end=\"46\">Protezione antiurto brevettata \"Super Corner<\/strong> - Il design avanzato assorbe gli urti mantenendo un profilo sottile.<\/li>\n<li data-start=\"112\" data-end=\"221\"><strong data-start=\"114\" data-end=\"129\">Perfettamente in forma<\/strong> - Progettato per MSI Sword 15, Katana GF66\/Katana 15, Crosshair 15 e Pulse GL66 (15,6\u2033).<\/li>\n<li data-start=\"222\" data-end=\"316\"><strong data-start=\"224\" data-end=\"253\">Resistente all'acqua e durevole<\/strong> - Il poliestere 300D protegge da schizzi e versamenti leggeri.<\/li>\n<li data-start=\"317\" data-end=\"411\"><strong data-start=\"319\" data-end=\"339\">Multifunzionale<\/strong> - Include una borsa accessori staccabile per cavi, caricabatterie e altro.<\/li>\n<li data-start=\"412\" data-end=\"487\"><strong data-start=\"414\" data-end=\"430\">Pronti per il viaggio<\/strong> - \u00c8 dotato di una cinghia per bagagli per una facile trasportabilit\u00e0.<\/li>\n<li data-start=\"488\" data-end=\"565\"><strong data-start=\"490\" data-end=\"513\">Dimensioni interne<\/strong> - 38,5 \u00d7 27 \u00d7 2 cm (15,16 \u00d7 10,63 \u00d7 0,79 pollici).<\/li>\n<\/ul>\n<p data-start=\"567\" data-end=\"638\" data-is-last-node=\"\"><strong data-start=\"567\" data-end=\"638\" data-is-last-node=\"\">Elegante, resistente e costruito per i viaggi: proteggete il vostro laptop MSI!<\/strong><\/p>\n<table>\n<thead>\n<tr>\n<th><strong>Attributo<\/strong><\/th>\n<th><strong>Dettagli<\/strong><\/th>\n<\/tr>\n<\/thead>\n<tbody>\n<tr>\n<td><strong>Dimensioni della confezione<\/strong><\/td>\n<td>16,89 x 12,05 x 1,42 pollici<\/td>\n<\/tr>\n<tr>\n<td><strong>Peso dell'articolo<\/strong><\/td>\n<td>1,72 libbre<\/td>\n<\/tr>\n<tr>\n<td><strong>ASIN<\/strong><\/td>\n<td>B0DHZMPC48<\/td>\n<\/tr>\n<tr>\n<td><strong>Classifica dei migliori venditori<\/strong><\/td>\n<td>#20,308 in Manicotti per laptop<\/td>\n<\/tr>\n<tr>\n<td><strong>Caratteristiche speciali<\/strong><\/td>\n<td>Protezione professionale dagli urti (tecnologia Super Corner)<\/td>\n<\/tr>\n<tr>\n<td><strong>Fattore di forma<\/strong><\/td>\n<td>Caso<\/td>\n<\/tr>\n<tr>\n<td><strong>Colore<\/strong><\/td>\n<td>Elite-Nero<\/td>\n<\/tr>\n<tr>\n<td><strong>Produttore<\/strong><\/td>\n<td>Smatree<\/td>\n<\/tr>\n<tr>\n<td><strong>Paese di origine<\/strong><\/td>\n<td>Cina<\/td>\n<\/tr>\n<tr>\n<td><strong>Data della prima disponibilit\u00e0<\/strong><\/td>\n<td>26 settembre 2024<\/td>\n<\/tr>\n<\/tbody>\n<\/table>","protected":false},"excerpt":{"rendered":"<ul>\n<li data-start=\"0\" data-end=\"111\"><strong data-start=\"2\" data-end=\"46\">Protezione antiurto brevettata \"Super Corner<\/strong> - Protegge da urti e cadute mantenendo un profilo sottile.<\/li>\n<li data-start=\"112\" data-end=\"228\"><strong data-start=\"114\" data-end=\"129\">Perfettamente in forma<\/strong> - Specificamente progettato per MSI Sword 15, Katana GF66\/Katana 15, Crosshair 15, Pulse GL66 (15,6\u2033).<\/li>\n<li data-start=\"229\" data-end=\"341\"><strong data-start=\"231\" data-end=\"260\">Resistente all'acqua e durevole<\/strong> - Realizzato in poliestere 300D, protegge da schizzi e versamenti leggeri.<\/li>\n<li data-start=\"342\" data-end=\"443\"><strong data-start=\"344\" data-end=\"371\">Design multifunzionale<\/strong> - Viene fornito con una borsa accessori staccabile per cavi, caricabatterie e altro.<\/li>\n<li data-start=\"444\" data-end=\"514\"><strong data-start=\"446\" data-end=\"462\">Pronti per il viaggio<\/strong> - \u00c8 dotato di una cinghia per bagagli per un trasporto agevole.<\/li>\n<li data-start=\"515\" data-end=\"590\"><strong data-start=\"517\" data-end=\"540\">Dimensioni interne<\/strong> - 38,5 \u00d7 27 \u00d7 2 cm (15,16 \u00d7 10,63 \u00d7 0,79 pollici).<\/li>\n<\/ul>","protected":false},"featured_media":1942,"comment_status":"open","ping_status":"closed","template":"","meta":[],"product_brand":[],"product_cat":[55,62],"product_tag":[],"class_list":{"0":"post-1939","1":"product","2":"type-product","3":"status-publish","4":"has-post-thumbnail","6":"product_cat-gaming-cases-protection","7":"product_cat-gaming-laptop-sleeves","9":"first","10":"instock","11":"shipping-taxable","12":"purchasable","13":"product-type-simple"},"_links":{"self":[{"href":"https:\/\/vavcase.com\/it\/wp-json\/wp\/v2\/product\/1939","targetHints":{"allow":["GET"]}}],"collection":[{"href":"https:\/\/vavcase.com\/it\/wp-json\/wp\/v2\/product"}],"about":[{"href":"https:\/\/vavcase.com\/it\/wp-json\/wp\/v2\/types\/product"}],"replies":[{"embeddable":true,"href":"https:\/\/vavcase.com\/it\/wp-json\/wp\/v2\/comments?post=1939"}],"wp:featuredmedia":[{"embeddable":true,"href":"https:\/\/vavcase.com\/it\/wp-json\/wp\/v2\/media\/1942"}],"wp:attachment":[{"href":"https:\/\/vavcase.com\/it\/wp-json\/wp\/v2\/media?parent=1939"}],"wp:term":[{"taxonomy":"product_brand","embeddable":true,"href":"https:\/\/vavcase.com\/it\/wp-json\/wp\/v2\/product_brand?post=1939"},{"taxonomy":"product_cat","embeddable":true,"href":"https:\/\/vavcase.com\/it\/wp-json\/wp\/v2\/product_cat?post=1939"},{"taxonomy":"product_tag","embeddable":true,"href":"https:\/\/vavcase.com\/it\/wp-json\/wp\/v2\/product_tag?post=1939"}],"curies":[{"name":"wp","href":"https:\/\/api.w.org\/{rel}","templated":true}]}}