{"id":2055,"date":"2025-02-14T13:06:26","date_gmt":"2025-02-14T13:06:26","guid":{"rendered":"https:\/\/vavcase.com\/?post_type=product&#038;p=2055"},"modified":"2025-02-17T10:16:37","modified_gmt":"2025-02-17T10:16:37","slug":"vznek-hard-carrying-case-for-oculus-meta-quest-3-quest-3s-fits-elite-strap-accessories-waterproof-travel-storage-bag","status":"publish","type":"product","link":"https:\/\/vavcase.com\/it\/prodotto\/vznek-custodia-rigida-per-oculus-meta-quest-3-quest-3s-si-adatta-elite-cinghia-accessori-borsa-impermeabile-viaggio-di-stoccaggio\/","title":{"rendered":"VZNEK Custodia rigida per Oculus\/Meta Quest 3\/Quest 3S, adatta al cinturino Elite e agli accessori, impermeabile, borsa da viaggio"},"content":{"rendered":"<ul data-start=\"0\" data-end=\"908\">\n<li data-start=\"0\" data-end=\"218\"><strong data-start=\"2\" data-end=\"25\">Protezione superiore<\/strong>: Realizzata in materiale EVA di alta qualit\u00e0, questa custodia \u00e8 resistente agli urti, alla polvere e all'umidit\u00e0 per proteggere il dispositivo VR da graffi e sporco. La doppia cerniera liscia garantisce una chiusura sicura.<\/li>\n<li data-start=\"219\" data-end=\"435\"><strong data-start=\"221\" data-end=\"245\">Spazioso e organizzato<\/strong>: L'accurata disposizione degli slot consente di alloggiare le cuffie VR, i controller, il caricabatterie, la protezione per le lenti e altro ancora. Una tasca in rete offre spazio extra per piccoli accessori come cavi o schede di memoria.<\/li>\n<li data-start=\"436\" data-end=\"612\"><strong data-start=\"438\" data-end=\"464\">Uso efficiente dello spazio<\/strong>: L'ampio interno \u00e8 adatto al set VR completo e agli accessori di terze parti. Piccoli scomparti aiutano a tenere in ordine gli oggetti essenziali come quaderni o carte.<\/li>\n<li data-start=\"613\" data-end=\"783\"><strong data-start=\"615\" data-end=\"648\">Confortevole e adatto ai viaggi<\/strong>: La tracolla regolabile con design posteriore a nido d'ape traspirante riduce la pressione sulla spalla per un'esperienza di trasporto confortevole.<\/li>\n<li data-start=\"784\" data-end=\"908\"><strong data-start=\"786\" data-end=\"806\">Facile da mantenere<\/strong>: La superficie liscia si pulisce facilmente con un panno umido o un tovagliolo di carta, mantenendo la custodia sempre nuova.<\/li>\n<\/ul>\n<p data-start=\"910\" data-end=\"1028\" data-is-last-node=\"\">Perfetto per la conservazione in casa e per i viaggi, offre la massima protezione e comodit\u00e0 per gli accessori Oculus Quest 3.<\/p>\n<table>\n<thead>\n<tr>\n<th><strong>Attributo<\/strong><\/th>\n<th><strong>Dettagli<\/strong><\/th>\n<\/tr>\n<\/thead>\n<tbody>\n<tr>\n<td><strong>Dimensioni del prodotto<\/strong><\/td>\n<td>9,64 x 1,77 x 11,8 pollici<\/td>\n<\/tr>\n<tr>\n<td><strong>Peso dell'articolo<\/strong><\/td>\n<td>1,17 libbre<\/td>\n<\/tr>\n<tr>\n<td><strong>ASIN<\/strong><\/td>\n<td>B0CJHS8KBQ<\/td>\n<\/tr>\n<tr>\n<td><strong>Numero di modello dell'articolo<\/strong><\/td>\n<td>Q3CE0010<\/td>\n<\/tr>\n<tr>\n<td><strong>Classifica dei migliori venditori<\/strong><\/td>\n<td>#33.892 in Videogiochi<\/td>\n<\/tr>\n<tr>\n<td><\/td>\n<td>#545 in Cuffie VR per PC<\/td>\n<\/tr>\n<tr>\n<td><strong>Data della prima disponibilit\u00e0<\/strong><\/td>\n<td>21 settembre 2023<\/td>\n<\/tr>\n<tr>\n<td><strong>Dipartimento<\/strong><\/td>\n<td>Unisex<\/td>\n<\/tr>\n<tr>\n<td><strong>Produttore<\/strong><\/td>\n<td>VZNEK<\/td>\n<\/tr>\n<tr>\n<td><strong>Paese di origine<\/strong><\/td>\n<td>STATI UNITI D'AMERICA<\/td>\n<\/tr>\n<\/tbody>\n<\/table>","protected":false},"excerpt":{"rendered":"<ul>\n<li data-start=\"0\" data-end=\"97\"><strong data-start=\"2\" data-end=\"19\">Compatibilit\u00e0<\/strong>: Progettato per Oculus Quest, Quest 3 e Quest 3S (dispositivo VR non incluso).<\/li>\n<li data-start=\"98\" data-end=\"231\"><strong data-start=\"100\" data-end=\"124\">Durevole e protettivo<\/strong>: Realizzato in materiale EVA resistente all'acqua, antiurto, antipolvere e antiumidit\u00e0 per la massima protezione.<\/li>\n<li data-start=\"232\" data-end=\"346\"><strong data-start=\"234\" data-end=\"253\">Design spazioso<\/strong>: Alloggia le cuffie VR, i controller, il caricabatterie, la protezione per le lenti e piccoli accessori.<\/li>\n<li data-start=\"347\" data-end=\"478\"><strong data-start=\"349\" data-end=\"373\">Comodo da trasportare<\/strong>: Tracolla regolabile con design a nido d'ape traspirante per un maggiore comfort.<\/li>\n<li data-start=\"479\" data-end=\"569\" data-is-last-node=\"\"><strong data-start=\"481\" data-end=\"498\">Facile da pulire<\/strong>: La superficie liscia si pulisce facilmente con un panno umido o un tovagliolo di carta.<\/li>\n<\/ul>","protected":false},"featured_media":2058,"comment_status":"open","ping_status":"closed","template":"","meta":[],"product_brand":[],"product_cat":[55,63],"product_tag":[],"class_list":{"0":"post-2055","1":"product","2":"type-product","3":"status-publish","4":"has-post-thumbnail","6":"product_cat-gaming-cases-protection","7":"product_cat-vr-headset-cases","9":"first","10":"instock","11":"shipping-taxable","12":"purchasable","13":"product-type-simple"},"_links":{"self":[{"href":"https:\/\/vavcase.com\/it\/wp-json\/wp\/v2\/product\/2055","targetHints":{"allow":["GET"]}}],"collection":[{"href":"https:\/\/vavcase.com\/it\/wp-json\/wp\/v2\/product"}],"about":[{"href":"https:\/\/vavcase.com\/it\/wp-json\/wp\/v2\/types\/product"}],"replies":[{"embeddable":true,"href":"https:\/\/vavcase.com\/it\/wp-json\/wp\/v2\/comments?post=2055"}],"wp:featuredmedia":[{"embeddable":true,"href":"https:\/\/vavcase.com\/it\/wp-json\/wp\/v2\/media\/2058"}],"wp:attachment":[{"href":"https:\/\/vavcase.com\/it\/wp-json\/wp\/v2\/media?parent=2055"}],"wp:term":[{"taxonomy":"product_brand","embeddable":true,"href":"https:\/\/vavcase.com\/it\/wp-json\/wp\/v2\/product_brand?post=2055"},{"taxonomy":"product_cat","embeddable":true,"href":"https:\/\/vavcase.com\/it\/wp-json\/wp\/v2\/product_cat?post=2055"},{"taxonomy":"product_tag","embeddable":true,"href":"https:\/\/vavcase.com\/it\/wp-json\/wp\/v2\/product_tag?post=2055"}],"curies":[{"name":"wp","href":"https:\/\/api.w.org\/{rel}","templated":true}]}}