{"id":2262,"date":"2025-02-17T04:44:03","date_gmt":"2025-02-17T04:44:03","guid":{"rendered":"https:\/\/vavcase.com\/?post_type=product&#038;p=2262"},"modified":"2025-02-17T04:44:03","modified_gmt":"2025-02-17T04:44:03","slug":"travel-backpack-for-ps5-protective-carrying-case-bag-for-17-3-laptop-controllers-game-discs-and-more-gaming-accessories-ps5-carrying-case-with-multiple-pockets","status":"publish","type":"product","link":"https:\/\/vavcase.com\/it\/prodotto\/zaino-da-viaggio-per-ps5-custodia-protettiva-per-17-3-computer-portatili-controller-dischi-di-gioco-e-altri-accessori-di-gioco-ps5-custodia-con-tasche-multiple\/","title":{"rendered":"Zaino da viaggio per PS5, borsa protettiva per laptop da 17,3'', controller, dischi di gioco e altri accessori da gioco, custodia per PS5 con tasche multiple"},"content":{"rendered":"<h2>Informazioni sul prodotto<\/h2>\n<div class=\"a-row a-spacing-top-base\">\n<div class=\"a-column a-span6\">\n<div class=\"a-row a-spacing-base\">\n<div class=\"a-section table-padding\">\n<table id=\"productDetails_detailBullets_sections1\" class=\"a-keyvalue prodDetTable\" role=\"presentation\">\n<tbody>\n<tr>\n<th class=\"a-color-secondary a-size-base prodDetSectionEntry\">Dimensioni del prodotto<\/th>\n<td class=\"a-size-base prodDetAttrValue\">17,3\u2033L x 9\u2033L x 17,3\u2033H<\/td>\n<\/tr>\n<tr>\n<th class=\"a-color-secondary a-size-base prodDetSectionEntry\">Peso dell'articolo<\/th>\n<td class=\"a-size-base prodDetAttrValue\">0,99 chilogrammi<\/td>\n<\/tr>\n<tr>\n<th class=\"a-color-secondary a-size-base prodDetSectionEntry\">Tipo di guscio<\/th>\n<td class=\"a-size-base prodDetAttrValue\">Morbido<\/td>\n<\/tr>\n<tr>\n<th class=\"a-color-secondary a-size-base prodDetSectionEntry\">Tipo di chiusura<\/th>\n<td class=\"a-size-base prodDetAttrValue\">Cerniera<\/td>\n<\/tr>\n<tr>\n<th class=\"a-color-secondary a-size-base prodDetSectionEntry\">Numero di scomparti<\/th>\n<td class=\"a-size-base prodDetAttrValue\">4<\/td>\n<\/tr>\n<tr>\n<th class=\"a-color-secondary a-size-base prodDetSectionEntry\">Descrizione della tasca<\/th>\n<td class=\"a-size-base prodDetAttrValue\">Tasca con cerniera<\/td>\n<\/tr>\n<tr>\n<th class=\"a-color-secondary a-size-base prodDetSectionEntry\">Tipo di cinturino<\/th>\n<td class=\"a-size-base prodDetAttrValue\">Cinghia dello zaino<\/td>\n<\/tr>\n<tr>\n<th class=\"a-color-secondary a-size-base prodDetSectionEntry\">Produttore<\/th>\n<td class=\"a-size-base prodDetAttrValue\">GOTECH<\/td>\n<\/tr>\n<tr>\n<th class=\"a-color-secondary a-size-base prodDetSectionEntry\">ASIN<\/th>\n<td class=\"a-size-base prodDetAttrValue\">B0CJQX1LWD<\/td>\n<\/tr>\n<tr>\n<th class=\"a-color-secondary a-size-base prodDetSectionEntry\">Recensioni dei clienti<\/th>\n<td class=\"a-size-base\">\n<div id=\"averageCustomerReviews\" data-asin=\"B0CJQX1LWD\" data-ref=\"dpx_acr_pop_\"><span class=\"a-declarative\" data-action=\"acrStarsLink-click-metrics\" data-acrstarslink-click-metrics=\"{}\"><span id=\"acrPopover\" class=\"reviewCountTextLinkedHistogram noUnderline\" title=\"4,5 su 5 stelle\"><a class=\"a-popover-trigger a-declarative\" role=\"button\"><span class=\"a-size-base a-color-base\">4.5\u00a0<\/span><i class=\"a-icon a-icon-star a-star-4-5 cm-cr-review-stars-spacing-big\"><span class=\"a-icon-alt\">4,5 su 5 stelle<\/span><\/i>\u00a0<i class=\"a-icon a-icon-popover\"><\/i><\/a>\u00a0\u00a0<\/span><\/span>\u00a0<span class=\"a-declarative\" data-action=\"acrLink-click-metrics\" data-acrlink-click-metrics=\"{}\"><a id=\"acrCustomerReviewLink\" class=\"a-link-normal\" href=\"https:\/\/www.amazon.com\/Backpack-Protective-Controllers-Accessories-playstation-5\/dp\/B0CJQX1LWD\/ref=sr_1_19?dib=eyJ2IjoiMSJ9.2cYb2ixP8aVFF7PEyv0VVraiyRt5rc1CKpNDgs7Bb0JNc3Lecvgau92G9oWn7WE_KRZ-iYFGBktIVhJ6EZGV7N_YLAUjcqLIfj9m1S96qFcarOiayc3ILWICmuJWwiATCz9PaIGktIYf4Jq9jv1RPnHSSnsE1lt0zaygH951ueIvO4DFijj9QwCdFyg-vtkICDwa7i-czG32zoqmQH1WqLijyU2U9fusI2lgCGuQYtg.YWvL05sRuHGz2u153ObQyDOY2YG7Kt-A-C4BlnDqwF8&amp;dib_tag=se&amp;keywords=gaming+backpack&amp;qid=1739765805&amp;sr=8-19#customerReviews\"><span id=\"acrCustomerReviewText\" class=\"a-size-base\">89 valutazioni<\/span><\/a><\/span><\/div>\n<p>4,5 su 5 stelle<\/td>\n<\/tr>\n<tr>\n<th class=\"a-color-secondary a-size-base prodDetSectionEntry\">Classifica dei migliori venditori<\/th>\n<td>#1.386 in Videogiochi (<a href=\"https:\/\/www.amazon.com\/gp\/bestsellers\/videogames\/ref=pd_zg_ts_videogames\">Vedi la Top 100 dei videogiochi<\/a>)<br \/>\n#2 in\u00a0<a href=\"https:\/\/www.amazon.com\/gp\/bestsellers\/videogames\/20972793011\/ref=pd_zg_hrsr_videogames\">Custodie per PlayStation 5<\/a><\/td>\n<\/tr>\n<tr>\n<th class=\"a-color-secondary a-size-base prodDetSectionEntry\">Tipo di articolo<\/th>\n<td class=\"a-size-base prodDetAttrValue\">Bagagli<\/td>\n<\/tr>\n<tr>\n<th class=\"a-color-secondary a-size-base prodDetSectionEntry\">Numero di modello dell'articolo<\/th>\n<td class=\"a-size-base prodDetAttrValue\">011<\/td>\n<\/tr>\n<tr>\n<th class=\"a-color-secondary a-size-base prodDetSectionEntry\">Peso dell'articolo<\/th>\n<td class=\"a-size-base prodDetAttrValue\">2,18 libbre<\/td>\n<\/tr>\n<tr>\n<th class=\"a-color-secondary a-size-base prodDetSectionEntry\">Dipartimento<\/th>\n<td class=\"a-size-base prodDetAttrValue\">Unisex Adulto<\/td>\n<\/tr>\n<tr>\n<th class=\"a-color-secondary a-size-base prodDetSectionEntry\">Data della prima disponibilit\u00e0<\/th>\n<td class=\"a-size-base prodDetAttrValue\">15 dicembre 2023<\/td>\n<\/tr>\n<\/tbody>\n<\/table>\n<\/div>\n<\/div>\n<\/div>\n<\/div>","protected":false},"excerpt":{"rendered":"<p><strong>Design multifunzionale:<\/strong> Lo zaino da trasporto per PlayStation 5 \u00e8 dotato di quattro scomparti principali. I due scomparti separati all'interno possono ospitare una console PlayStation 5 e un computer portatile da 17,3 pollici. La tasca anteriore superiore \u00e8 progettata per contenere i dischi della PS5, mentre la tasca anteriore inferiore di grandi dimensioni pu\u00f2 ospitare due controller PS5, cavi dati e cavi di ricarica. Inoltre, la borsa da viaggio per PS5 \u00e8 dotata di due tasche laterali che possono contenere piccoli oggetti, tra cui chiavi e telefoni.Dimensioni: 13 pollici per 9 pollici per 17,3 pollici.<br \/>\n<strong>Protezione superiore:<\/strong> La borsa per il trasporto della PS5 \u00e8 progettata con una fitta imbottitura presente in tutto il vano, che previene i graffi e assorbe gli urti. La console \u00e8 protetta e protetta da urti e collisioni grazie a un sostanzioso divisorio regolabile nello scomparto principale. Inoltre, gli scomparti per laptop e controller sono dotati di una fodera imbottita per proteggere gli accessori di gioco.<br \/>\n<strong>Resistente all'acqua e facile da pulire<\/strong>: La superficie di questa custodia per PS5 \u00e8 resistente ai graffi, all'acqua e all'usura grazie alla cerniera ad alta densit\u00e0 e al materiale in nylon resistente e antistrappo. Di conseguenza, questo zaino per la custodia dei giochi \u00e8 adatto sia per l'uso quotidiano che per i viaggi.<\/p>\n<p><strong>Pratico zaino da viaggio:<\/strong> Questo zaino \u00e8 adatto anche al trasporto di oggetti essenziali per il viaggio, come vestiti, computer portatili, fotocamere, power bank, cavi e passaporti, grazie alle sue comode cinghie e all'ampia capacit\u00e0 di stoccaggio.<br \/>\nServizio consumatori: Per qualsiasi richiesta di informazioni, non esitate a contattarci. GOTECH si impegna a fornire un servizio di altissima qualit\u00e0. 24 ore su 24!<\/p>\n<p>QUESTO ARTICOLO NON \u00c8 DESTINATO ALL'USO DA PARTE DI BAMBINI DI ET\u00c0 INFERIORE AI 12 ANNI.<\/p>","protected":false},"featured_media":2269,"comment_status":"open","ping_status":"closed","template":"","meta":[],"product_brand":[],"product_cat":[69,57],"product_tag":[],"class_list":{"0":"post-2262","1":"product","2":"type-product","3":"status-publish","4":"has-post-thumbnail","6":"product_cat-gaming-backpacks","7":"product_cat-travel-gears","9":"first","10":"instock","11":"shipping-taxable","12":"purchasable","13":"product-type-simple"},"_links":{"self":[{"href":"https:\/\/vavcase.com\/it\/wp-json\/wp\/v2\/product\/2262","targetHints":{"allow":["GET"]}}],"collection":[{"href":"https:\/\/vavcase.com\/it\/wp-json\/wp\/v2\/product"}],"about":[{"href":"https:\/\/vavcase.com\/it\/wp-json\/wp\/v2\/types\/product"}],"replies":[{"embeddable":true,"href":"https:\/\/vavcase.com\/it\/wp-json\/wp\/v2\/comments?post=2262"}],"wp:featuredmedia":[{"embeddable":true,"href":"https:\/\/vavcase.com\/it\/wp-json\/wp\/v2\/media\/2269"}],"wp:attachment":[{"href":"https:\/\/vavcase.com\/it\/wp-json\/wp\/v2\/media?parent=2262"}],"wp:term":[{"taxonomy":"product_brand","embeddable":true,"href":"https:\/\/vavcase.com\/it\/wp-json\/wp\/v2\/product_brand?post=2262"},{"taxonomy":"product_cat","embeddable":true,"href":"https:\/\/vavcase.com\/it\/wp-json\/wp\/v2\/product_cat?post=2262"},{"taxonomy":"product_tag","embeddable":true,"href":"https:\/\/vavcase.com\/it\/wp-json\/wp\/v2\/product_tag?post=2262"}],"curies":[{"name":"wp","href":"https:\/\/api.w.org\/{rel}","templated":true}]}}