{"id":2270,"date":"2025-02-17T04:48:47","date_gmt":"2025-02-17T04:48:47","guid":{"rendered":"https:\/\/vavcase.com\/?post_type=product&#038;p=2270"},"modified":"2025-02-17T04:48:47","modified_gmt":"2025-02-17T04:48:47","slug":"gaming-backpack-for-ps5-protective-travel-carrying-case-compatible-with-playstation-5-console","status":"publish","type":"product","link":"https:\/\/vavcase.com\/it\/prodotto\/zaino-da-gioco-per-ps5-custodia-protettiva-da-viaggio-compatibile-con-la-console-playstation-5\/","title":{"rendered":"Zaino da gioco per PS5, custodia protettiva da viaggio compatibile con la console Playstation 5"},"content":{"rendered":"<h2>Informazioni sul prodotto<\/h2>\n<div class=\"a-row a-spacing-top-base\">\n<div class=\"a-column a-span6\">\n<div class=\"a-row a-spacing-base\">\n<div class=\"a-section table-padding\">\n<table id=\"productDetails_detailBullets_sections1\" class=\"a-keyvalue prodDetTable\" role=\"presentation\">\n<tbody>\n<tr>\n<th class=\"a-color-secondary a-size-base prodDetSectionEntry\">Dimensioni della confezione<\/th>\n<td class=\"a-size-base prodDetAttrValue\">16,75 x 12,12 x 3 pollici<\/td>\n<\/tr>\n<tr>\n<th class=\"a-color-secondary a-size-base prodDetSectionEntry\">Peso dell'articolo<\/th>\n<td class=\"a-size-base prodDetAttrValue\">2,49 libbre<\/td>\n<\/tr>\n<tr>\n<th class=\"a-color-secondary a-size-base prodDetSectionEntry\">Dipartimento<\/th>\n<td class=\"a-size-base prodDetAttrValue\">unisex-adulto<\/td>\n<\/tr>\n<tr>\n<th class=\"a-color-secondary a-size-base prodDetSectionEntry\">ASIN<\/th>\n<td class=\"a-size-base prodDetAttrValue\">B0D7PXT65S<\/td>\n<\/tr>\n<tr>\n<th class=\"a-color-secondary a-size-base prodDetSectionEntry\">Numero di modello dell'articolo<\/th>\n<td class=\"a-size-base prodDetAttrValue\">GP001<\/td>\n<\/tr>\n<tr>\n<th class=\"a-color-secondary a-size-base prodDetSectionEntry\">Recensioni dei clienti<\/th>\n<td class=\"a-size-base\">\n<div id=\"averageCustomerReviews\" data-asin=\"B0D7PXT65S\" data-ref=\"dpx_acr_pop_\"><span class=\"a-declarative\" data-action=\"acrStarsLink-click-metrics\" data-acrstarslink-click-metrics=\"{}\"><span id=\"acrPopover\" class=\"reviewCountTextLinkedHistogram noUnderline\" title=\"4,5 su 5 stelle\"><a class=\"a-popover-trigger a-declarative\" role=\"button\"><span class=\"a-size-base a-color-base\">4.5\u00a0<\/span><i class=\"a-icon a-icon-star a-star-4-5 cm-cr-review-stars-spacing-big\"><span class=\"a-icon-alt\">4,5 su 5 stelle<\/span><\/i>\u00a0<i class=\"a-icon a-icon-popover\"><\/i><\/a>\u00a0\u00a0<\/span><\/span>\u00a0<span class=\"a-declarative\" data-action=\"acrLink-click-metrics\" data-acrlink-click-metrics=\"{}\"><a id=\"acrCustomerReviewLink\" class=\"a-link-normal\" href=\"https:\/\/www.amazon.com\/GDNasist-Protective-Compatible-Playstation-Accessories\/dp\/B0D7PXT65S\/ref=sr_1_25?dib=eyJ2IjoiMSJ9.U0_eyfkd-nHjDPSuopxFo6MtYovHhLJjN-kLCnl9XfFJfzm3f_PHsrS8CX9vASBTr5b8jhKXrj50ghwQtmoAq77jKph_qKjiXrOvllmreHJGe9Ah8vm4g8rTdmZB5WdGb3hKnUoGZEndkP4c9yePpRurWOnsHDXx4L_B-rXVdwK3EIA2V9JziZtLlizP3HXI_nlklrg0ftkhqU3NtBXQh9mL9lzEMTvVxMvD6nm4Ou4.LIwGl8G3jIYIP6myfvzo2ESpieJCyh0yc6PMbya6i1A&amp;dib_tag=se&amp;keywords=gaming+backpack&amp;qid=1739765928&amp;sr=8-25&amp;xpid=3OdwwBbnjcIfI#customerReviews\"><span id=\"acrCustomerReviewText\" class=\"a-size-base\">30 valutazioni<\/span><\/a><\/span><\/div>\n<p>4,5 su 5 stelle<\/td>\n<\/tr>\n<tr>\n<th class=\"a-color-secondary a-size-base prodDetSectionEntry\">Classifica dei migliori venditori<\/th>\n<td>#17.861 in Videogiochi (<a href=\"https:\/\/www.amazon.com\/gp\/bestsellers\/videogames\/ref=pd_zg_ts_videogames\">Vedi la Top 100 dei videogiochi<\/a>)<br \/>\n#111 in\u00a0<a href=\"https:\/\/www.amazon.com\/gp\/bestsellers\/videogames\/20972793011\/ref=pd_zg_hrsr_videogames\">Custodie per PlayStation 5<\/a><\/td>\n<\/tr>\n<tr>\n<th class=\"a-color-secondary a-size-base prodDetSectionEntry\">Fascia d'et\u00e0 Descrizione<\/th>\n<td class=\"a-size-base prodDetAttrValue\">Adolescenti, adulti<\/td>\n<\/tr>\n<\/tbody>\n<\/table>\n<\/div>\n<\/div>\n<\/div>\n<\/div>","protected":false},"excerpt":{"rendered":"<p><strong>Progettato per il gioco:<\/strong> Il nostro zaino per PS5 \u00e8 dotato di cinque scomparti e di una capacit\u00e0 di stoccaggio molto ampia. La console PS5, il computer portatile da 15,6 pollici e il monitor portatile possono essere riposti nello scomparto principale, mentre le cuffie e i due controller possono essere inseriti nel secondo scomparto. I dischi Nintendo e i giochi possono essere riposti nello scomparto anteriore. Una netta divisione dei compiti \u00e8 evidente nei due scomparti laterali, uno dei quali \u00e8 destinato a contenere cavi dati e altri oggetti. L'altro \u00e8 utilizzato per contenere oggetti di piccole dimensioni, tra cui power bank e caricatori per maniglie.<br \/>\n<strong>Protezione completa:<\/strong> Lo scomparto principale \u00e8 dotato di una protezione completa. La console PS5 \u00e8 fissata saldamente nello scomparto principale da due spugne avvolte in materiale morbido. Sul fondo della console PS5 si trova un cuscinetto protettivo extra-spessore rimovibile per proteggerla da graffi e urti. L'area circostante \u00e8 riempita con un'imbottitura in schiuma extra-spessa.<br \/>\n<strong>Organizzazione sensibile:<\/strong> Ogni scomparto ha uno scopo ben preciso. La console PS5, gli auricolari, il controller PS5 e altri accessori devono essere riposti separatamente per proteggerli da graffi e urti.<\/p>\n<p><strong>Pi\u00f9 di un semplice zaino per PS5:<\/strong> La nostra borsa PS5 \u00e8 progettata con spazio extra e spallacci confortevoli, che la rendono adatta all'uso come zaino da viaggio per abbigliamento, computer portatili, macchine fotografiche, caricabatterie e altri elementi essenziali del viaggio.<br \/>\n<strong>Pratico e comodo da trasportare:<\/strong> La nostra borsa da viaggio per PS5 \u00e8 progettata con una cinghia per il trasporto superiore, una cinghia per i bagagli e spallacci imbottiti spessi e traspiranti, per garantire un trasporto agevole.<\/p>","protected":false},"featured_media":2277,"comment_status":"open","ping_status":"closed","template":"","meta":[],"product_brand":[],"product_cat":[69,57],"product_tag":[],"class_list":{"0":"post-2270","1":"product","2":"type-product","3":"status-publish","4":"has-post-thumbnail","6":"product_cat-gaming-backpacks","7":"product_cat-travel-gears","9":"first","10":"instock","11":"shipping-taxable","12":"purchasable","13":"product-type-simple"},"_links":{"self":[{"href":"https:\/\/vavcase.com\/it\/wp-json\/wp\/v2\/product\/2270","targetHints":{"allow":["GET"]}}],"collection":[{"href":"https:\/\/vavcase.com\/it\/wp-json\/wp\/v2\/product"}],"about":[{"href":"https:\/\/vavcase.com\/it\/wp-json\/wp\/v2\/types\/product"}],"replies":[{"embeddable":true,"href":"https:\/\/vavcase.com\/it\/wp-json\/wp\/v2\/comments?post=2270"}],"wp:featuredmedia":[{"embeddable":true,"href":"https:\/\/vavcase.com\/it\/wp-json\/wp\/v2\/media\/2277"}],"wp:attachment":[{"href":"https:\/\/vavcase.com\/it\/wp-json\/wp\/v2\/media?parent=2270"}],"wp:term":[{"taxonomy":"product_brand","embeddable":true,"href":"https:\/\/vavcase.com\/it\/wp-json\/wp\/v2\/product_brand?post=2270"},{"taxonomy":"product_cat","embeddable":true,"href":"https:\/\/vavcase.com\/it\/wp-json\/wp\/v2\/product_cat?post=2270"},{"taxonomy":"product_tag","embeddable":true,"href":"https:\/\/vavcase.com\/it\/wp-json\/wp\/v2\/product_tag?post=2270"}],"curies":[{"name":"wp","href":"https:\/\/api.w.org\/{rel}","templated":true}]}}