{"id":2294,"date":"2025-02-17T05:28:18","date_gmt":"2025-02-17T05:28:18","guid":{"rendered":"https:\/\/vavcase.com\/?post_type=product&#038;p=2294"},"modified":"2025-02-17T05:28:19","modified_gmt":"2025-02-17T05:28:19","slug":"lacdo-15-6-inch-portable-monitor-case-for-most-15-6-inch-portable-monitor","status":"publish","type":"product","link":"https:\/\/vavcase.com\/it\/prodotto\/lacdo-15-6-pollici-custodia-per-monitor-portatile-per-la-maggior-parte-dei-monitor-portatili-da-15-6-pollici\/","title":{"rendered":"Custodia per monitor portatile Lacdo da 15,6 pollici per la maggior parte dei monitor portatili da 15,6 pollici"},"content":{"rendered":"<h3 class=\"a-size-extra-large a-spacing-base a-text-center\">SULLE DIMENSIONI E SULLA COMPATIBILIT\u00c0<\/h3>\n<div class=\"a-row\">\n<div class=\"a-column a-span12 aplus-tech-spec-hide-loading\">\n<table class=\"a-bordered a-horizontal-stripes aplus-tech-spec-table\">\n<tbody>\n<tr>\n<td class=\"a-text-bold\">Dimensioni interne:<\/td>\n<td>15,94\u2033 x 1,18\u2033 x 11,02\u2033 | 40,5 cm x 3 cm x 28 cm (L x L x A)<\/td>\n<\/tr>\n<tr>\n<td class=\"a-text-bold\"><\/td>\n<td>Questa custodia per monitor portatile \u00e8 compatibile con diversi monitor portatili da 15,6 pollici:<\/td>\n<\/tr>\n<tr>\n<td class=\"a-text-bold\"><\/td>\n<td>ARZOPA \/ KYY \/ ForHelp \/ MNN \/ InnoView \/ VILVA \/ ASUS ZenScreen \/ QQH \/ KOGODA \/ ViewSonic<\/td>\n<\/tr>\n<tr>\n<td class=\"a-text-bold\"><\/td>\n<td>e altri monitor portatili da 15,6 pollici<\/td>\n<\/tr>\n<\/tbody>\n<\/table>\n<\/div>\n<\/div>","protected":false},"excerpt":{"rendered":"<p><strong>Ampia compatibilit\u00e0:<\/strong> Questa custodia per monitor portatile \u00e8 compatibile con diversi monitor portatili da 15,6 pollici, tra cui ARZOPA, KYY, ForHelp, MNN, InnoView, VILVA, ASUS ZenScreen, QQH, KOGODA e ViewSonic. Una custodia per monitor di alta qualit\u00e0 garantisce che i monitor portatili siano conservati e protetti in modo sicuro.<br \/>\nQuesta custodia per monitor da 15,6 pollici \u00e8 dotata di un bordo ispessito e di una fodera morbida antiurto, che offrono al monitor una protezione a 360\u00b0 e un cuscinetto adeguato per ridurre gli urti quotidiani o le cadute accidentali. Questa custodia protettiva per monitor portatile \u00e8 realizzata con un TESSUTO DI TELA ANTI-SCRATCH e presenta un RIVESTIMENTO IMPERMEABILE, che blocca efficacemente gli spruzzi d'acqua o la pioggia. Potete stare certi che il vostro monitor esterno non si bagner\u00e0.<br \/>\n<strong>Capacit\u00e0 di stoccaggio:<\/strong> Oltre allo scomparto principale per il monitor del computer portatile, questa valigetta portatile per monitor \u00e8 dotata di DUE TASCHE EXTRA CON CERNIERA SULLA PARTE ANTERIORE e di UN GRANDE SCOMPARTO SULLA PARTE POSTERIORE per ospitare una serie di oggetti, tra cui un piccolo iPad, un mouse, dispositivi ricaricabili, cavo di alimentazione, cavi, dischi rigidi e un power bank. Le robuste cerniere in metallo possono essere utilizzate per scivolare uniformemente in entrambe le direzioni: Per facilitare e accelerare l'accessibilit\u00e0 del monitor da 15,6 pollici e degli accessori elettronici. La borsa professionale per monitor Lacdo assicura che i vostri oggetti siano al sicuro e ben organizzati.<\/p>\n<p><strong>Comodo da trasportare:<\/strong> La borsa per monitor da 15,6 pollici \u00e8 altamente portatile per l'uso e il trasporto quotidiano di monitor esterni, grazie alla maniglia estensibile sulla parte superiore che consente di passare da una borsa a valigetta per monitor a una borsa con manica per monitor. Questa custodia per monitor da 15,6 pollici con maniglia \u00e8 snella e leggera e pu\u00f2 essere facilmente inserita in una valigetta o in uno zaino. Ci\u00f2 consente un uso comodo e una facile trasportabilit\u00e0. Ideale per le vostre esigenze durante i viaggi di lavoro o le riunioni. Per un viaggio piacevole e senza complicazioni.<br \/>\n<strong>Un eccellente compagno di monitor:<\/strong> La nostra custodia portatile per monitor da 15,6 pollici \u00e8 un prodotto affidabile e duraturo che offre una protezione eccezionale e una qualit\u00e0 durevole. \u00c8 elegante, alla moda e ben costruito. Un'elegante custodia per monitor portatile sar\u00e0 un regalo gradito per i vostri cari; \u00e8 una custodia comoda e portatile per il trasporto del monitor, ideale per il lavoro, la vita quotidiana, i viaggi d'affari, i viaggi o la conservazione a casa. Un compagno affidabile vi accompagna costantemente.<\/p>","protected":false},"featured_media":2301,"comment_status":"open","ping_status":"closed","template":"","meta":[],"product_brand":[],"product_cat":[70,57],"product_tag":[],"class_list":{"0":"post-2294","1":"product","2":"type-product","3":"status-publish","4":"has-post-thumbnail","6":"product_cat-portable-monitor-cases","7":"product_cat-travel-gears","9":"first","10":"instock","11":"shipping-taxable","12":"purchasable","13":"product-type-simple"},"_links":{"self":[{"href":"https:\/\/vavcase.com\/it\/wp-json\/wp\/v2\/product\/2294","targetHints":{"allow":["GET"]}}],"collection":[{"href":"https:\/\/vavcase.com\/it\/wp-json\/wp\/v2\/product"}],"about":[{"href":"https:\/\/vavcase.com\/it\/wp-json\/wp\/v2\/types\/product"}],"replies":[{"embeddable":true,"href":"https:\/\/vavcase.com\/it\/wp-json\/wp\/v2\/comments?post=2294"}],"wp:featuredmedia":[{"embeddable":true,"href":"https:\/\/vavcase.com\/it\/wp-json\/wp\/v2\/media\/2301"}],"wp:attachment":[{"href":"https:\/\/vavcase.com\/it\/wp-json\/wp\/v2\/media?parent=2294"}],"wp:term":[{"taxonomy":"product_brand","embeddable":true,"href":"https:\/\/vavcase.com\/it\/wp-json\/wp\/v2\/product_brand?post=2294"},{"taxonomy":"product_cat","embeddable":true,"href":"https:\/\/vavcase.com\/it\/wp-json\/wp\/v2\/product_cat?post=2294"},{"taxonomy":"product_tag","embeddable":true,"href":"https:\/\/vavcase.com\/it\/wp-json\/wp\/v2\/product_tag?post=2294"}],"curies":[{"name":"wp","href":"https:\/\/api.w.org\/{rel}","templated":true}]}}