{"id":2302,"date":"2025-02-17T05:33:02","date_gmt":"2025-02-17T05:33:02","guid":{"rendered":"https:\/\/vavcase.com\/?post_type=product&#038;p=2302"},"modified":"2025-02-17T05:36:40","modified_gmt":"2025-02-17T05:36:40","slug":"tomtoc-light-a18-slim-15-6-inch-portable-monitor-sleeve-case-with-acessories-storage-light-protective-carrying-sleeve-for-most-15-6-in-portable-monitors-with-eco-friendly-fabric","status":"publish","type":"product","link":"https:\/\/vavcase.com\/it\/prodotto\/tomtoc-light-a18-slim-15-6-pollici-custodia-per-monitor-portatile-con-accessori-custodia-protettiva-leggera-per-la-maggior-parte-dei-monitor-portatili-da-15-6-pollici-con-tessuto-ecologico\/","title":{"rendered":"Tomtoc Light-A18 Custodia sottile per monitor portatile da 15,6 pollici con custodia per accessori, custodia leggera e protettiva per la maggior parte dei monitor portatili da 15,6 pollici con tessuto ecologico"},"content":{"rendered":"<h2>Informazioni sul prodotto<\/h2>\n<div class=\"a-row a-spacing-top-base\">\n<div class=\"a-column a-span6\">\n<div class=\"a-row a-spacing-base\">\n<div class=\"a-section table-padding\">\n<table id=\"productDetails_detailBullets_sections1\" class=\"a-keyvalue prodDetTable\" role=\"presentation\">\n<tbody>\n<tr>\n<th class=\"a-color-secondary a-size-base prodDetSectionEntry\">Dimensioni del prodotto<\/th>\n<td class=\"a-size-base prodDetAttrValue\">0,79 x 15,75 x 10,04 pollici<\/td>\n<\/tr>\n<tr>\n<th class=\"a-color-secondary a-size-base prodDetSectionEntry\">Peso dell'articolo<\/th>\n<td class=\"a-size-base prodDetAttrValue\">7,4 once<\/td>\n<\/tr>\n<tr>\n<th class=\"a-color-secondary a-size-base prodDetSectionEntry\">ASIN<\/th>\n<td class=\"a-size-base prodDetAttrValue\">B0CY4RYV13<\/td>\n<\/tr>\n<tr>\n<th class=\"a-color-secondary a-size-base prodDetSectionEntry\">Numero di modello dell'articolo<\/th>\n<td class=\"a-size-base prodDetAttrValue\">A18E4D1<\/td>\n<\/tr>\n<tr>\n<th class=\"a-color-secondary a-size-base prodDetSectionEntry\">Recensioni dei clienti<\/th>\n<td class=\"a-size-base\">\n<div id=\"averageCustomerReviews\" data-asin=\"B0CY4RYV13\" data-ref=\"dpx_acr_pop_\"><span class=\"a-declarative\" data-action=\"acrStarsLink-click-metrics\" data-acrstarslink-click-metrics=\"{}\"><span id=\"acrPopover\" class=\"reviewCountTextLinkedHistogram noUnderline\" title=\"4,7 su 5 stelle\"><a class=\"a-popover-trigger a-declarative\" role=\"button\"><span class=\"a-size-base a-color-base\">4.7\u00a0<\/span><i class=\"a-icon a-icon-star a-star-4-5 cm-cr-review-stars-spacing-big\"><span class=\"a-icon-alt\">4,7 su 5 stelle<\/span><\/i>\u00a0<i class=\"a-icon a-icon-popover\"><\/i><\/a>\u00a0\u00a0<\/span><\/span>\u00a0<span class=\"a-declarative\" data-action=\"acrLink-click-metrics\" data-acrlink-click-metrics=\"{}\"><a id=\"acrCustomerReviewLink\" class=\"a-link-normal\" href=\"https:\/\/www.amazon.com\/tomtoc-Light-A18-Acessories-Protective-Eco-Friendly\/dp\/B0CY4RYV13\/ref=sr_1_15?crid=3KMYEBCYJYUP4&amp;dib=eyJ2IjoiMSJ9.IAwYEw1Asn9foZq95cSg95Fywhy9aUSmFtcnh1V8LJH1HdVPxxmAG6-acTtGwwnzdsFUq6MTenw60UZ4EjLTbTxVJZUgOnRgCVUJcqIVxfd0D8qwrCZ48tLAvclD9sb57JAi2Kt4sFdIamm7rAYFae3W9ovBLW0eFBn5ITqeUkY9Ew9fFHXG36HV9LdAAeigpV5XgILGAoixe2ecbxV01Gndc-IHJNVh1lAg7g2NMj0.5KFx8jc-pIKTGHQQDTDOK3EFGoOqE3_W-e1H2Z_EkdQ&amp;dib_tag=se&amp;keywords=%E2%80%A2+Portable+Monitor+Cases&amp;qid=1739769273&amp;sprefix=portable+monitor+cases+%2Caps%2C767&amp;sr=8-15#customerReviews\"><span id=\"acrCustomerReviewText\" class=\"a-size-base\">61 valutazioni<\/span><\/a><\/span><\/div>\n<p>4,7 su 5 stelle<\/td>\n<\/tr>\n<tr>\n<th class=\"a-color-secondary a-size-base prodDetSectionEntry\">Classifica dei migliori venditori<\/th>\n<td>#387 in\u00a0<a href=\"https:\/\/www.amazon.com\/gp\/bestsellers\/pc\/335609011\/ref=pd_zg_hrsr_pc\">Manicotti per laptop<\/a><\/td>\n<\/tr>\n<tr>\n<th class=\"a-color-secondary a-size-base prodDetSectionEntry\">Caratteristiche speciali<\/th>\n<td class=\"a-size-base prodDetAttrValue\">Vestibilit\u00e0 slim, tessuti riciclati innovativi, leggerezza, protezione dello schermo<\/td>\n<\/tr>\n<tr>\n<th class=\"a-color-secondary a-size-base prodDetSectionEntry\">Altre caratteristiche del display<\/th>\n<td class=\"a-size-base prodDetAttrValue\">Personal Computer<\/td>\n<\/tr>\n<tr>\n<th class=\"a-color-secondary a-size-base prodDetSectionEntry\">Fattore di forma<\/th>\n<td class=\"a-size-base prodDetAttrValue\">Custodia, custodia, astuccio, borsa<\/td>\n<\/tr>\n<tr>\n<th class=\"a-color-secondary a-size-base prodDetSectionEntry\">Colore<\/th>\n<td class=\"a-size-base prodDetAttrValue\">Nero<\/td>\n<\/tr>\n<tr>\n<th class=\"a-color-secondary a-size-base prodDetSectionEntry\">Cosa contiene la confezione<\/th>\n<td class=\"a-size-base prodDetAttrValue\">Custodia per lo schermo del computer portatile<\/td>\n<\/tr>\n<tr>\n<th class=\"a-color-secondary a-size-base prodDetSectionEntry\">Dipartimento<\/th>\n<td class=\"a-size-base prodDetAttrValue\">Unisex Adulto<\/td>\n<\/tr>\n<tr>\n<th class=\"a-color-secondary a-size-base prodDetSectionEntry\">Produttore<\/th>\n<td class=\"a-size-base prodDetAttrValue\">tomtoc<\/td>\n<\/tr>\n<tr>\n<th class=\"a-color-secondary a-size-base prodDetSectionEntry\">Data della prima disponibilit\u00e0<\/th>\n<td class=\"a-size-base prodDetAttrValue\">15 marzo 2024<\/td>\n<\/tr>\n<\/tbody>\n<\/table>\n<\/div>\n<\/div>\n<\/div>\n<\/div>","protected":false},"excerpt":{"rendered":"<p><strong>Compatibilit\u00e0:<\/strong> Dimensioni interne di 14,57\u2033 x 9,06\u2033 x 0,47\u2033 (NON adatto alla maggior parte dei computer portatili da 15,6 pollici; progettato specificamente per i monitor portatili). Compatibile con la maggior parte dei monitor portatili da 15,6 pollici, tra cui Lenovo, AOC, ASUS, ARZOPA, MNN, KYY, ForHelp, VILVA, InnoView, FANGOR, KOORUI e ViewSonic Lepow.<br \/>\n<strong>Protezione di alta qualit\u00e0 e organizzazione efficace:<\/strong> Offre la protezione pi\u00f9 efficace contro graffi, sporcizia e pioggia grazie all'imbottitura che assorbe gli urti e all'esterno resistente all'acqua. Dotato di uno scomparto aggiuntivo per oggetti personali, caricabatterie, cavi, penne e auricolari.<br \/>\n<strong>Sottile e compatto:<\/strong> La custodia portatile per monitor tomtoc Light-A18 Slim \u00e8 caratterizzata da un design minimalista e conciso, leggero e sottile. \u00c8 in grado di trasportare il dispositivo senza alcun ingombro eccessivo e pu\u00f2 essere facilmente riposta in un'altra borsa, zaino o valigia.<\/p>\n<p><strong>Attenzione all'ambiente:<\/strong> Questa resistente custodia testimonia il nostro impegno nei confronti del pianeta, poich\u00e9 \u00e8 realizzata con tessuti sostenibili e rinnovabili. Integra perfettamente materiali eco-consapevoli con una qualit\u00e0 di lunga durata.<br \/>\nCosa si riceve: Una custodia sottile per monitor portatile da 15,6 pollici, la nostra garanzia gratuita di 12 mesi e un servizio clienti cortese sono inclusi (schede, adattatori, cavi, penne e il monitor portatile non sono inclusi).<\/p>","protected":false},"featured_media":2310,"comment_status":"open","ping_status":"closed","template":"","meta":[],"product_brand":[],"product_cat":[70,57],"product_tag":[],"class_list":{"0":"post-2302","1":"product","2":"type-product","3":"status-publish","4":"has-post-thumbnail","6":"product_cat-portable-monitor-cases","7":"product_cat-travel-gears","9":"first","10":"instock","11":"shipping-taxable","12":"purchasable","13":"product-type-simple"},"_links":{"self":[{"href":"https:\/\/vavcase.com\/it\/wp-json\/wp\/v2\/product\/2302","targetHints":{"allow":["GET"]}}],"collection":[{"href":"https:\/\/vavcase.com\/it\/wp-json\/wp\/v2\/product"}],"about":[{"href":"https:\/\/vavcase.com\/it\/wp-json\/wp\/v2\/types\/product"}],"replies":[{"embeddable":true,"href":"https:\/\/vavcase.com\/it\/wp-json\/wp\/v2\/comments?post=2302"}],"wp:featuredmedia":[{"embeddable":true,"href":"https:\/\/vavcase.com\/it\/wp-json\/wp\/v2\/media\/2310"}],"wp:attachment":[{"href":"https:\/\/vavcase.com\/it\/wp-json\/wp\/v2\/media?parent=2302"}],"wp:term":[{"taxonomy":"product_brand","embeddable":true,"href":"https:\/\/vavcase.com\/it\/wp-json\/wp\/v2\/product_brand?post=2302"},{"taxonomy":"product_cat","embeddable":true,"href":"https:\/\/vavcase.com\/it\/wp-json\/wp\/v2\/product_cat?post=2302"},{"taxonomy":"product_tag","embeddable":true,"href":"https:\/\/vavcase.com\/it\/wp-json\/wp\/v2\/product_tag?post=2302"}],"curies":[{"name":"wp","href":"https:\/\/api.w.org\/{rel}","templated":true}]}}