{"id":2312,"date":"2025-02-17T05:41:22","date_gmt":"2025-02-17T05:41:22","guid":{"rendered":"https:\/\/vavcase.com\/?post_type=product&#038;p=2312"},"modified":"2025-02-17T05:41:23","modified_gmt":"2025-02-17T05:41:23","slug":"asus-zenscreen-acer-laptop-external-display-travel-carrying-bag","status":"publish","type":"product","link":"https:\/\/vavcase.com\/it\/prodotto\/asus-zenscreen-acer-laptop-display-esterno-borsa-da-trasporto-da-viaggio\/","title":{"rendered":"ASUS ZenScreen ACER Laptop Display esterno Borsa da trasporto da viaggio"},"content":{"rendered":"<h2>Informazioni sul prodotto<\/h2>\n<div class=\"a-row a-spacing-top-base\">\n<div class=\"a-column a-span6\">\n<div class=\"a-row a-spacing-base\">\n<div class=\"a-section table-padding\">\n<table id=\"productDetails_detailBullets_sections1\" class=\"a-keyvalue prodDetTable\" role=\"presentation\">\n<tbody>\n<tr>\n<th class=\"a-color-secondary a-size-base prodDetSectionEntry\">Dimensioni della confezione<\/th>\n<td class=\"a-size-base prodDetAttrValue\">15,51 x 10,91 x 1,34 pollici<\/td>\n<\/tr>\n<tr>\n<th class=\"a-color-secondary a-size-base prodDetSectionEntry\">Peso dell'articolo<\/th>\n<td class=\"a-size-base prodDetAttrValue\">8,4 once<\/td>\n<\/tr>\n<tr>\n<th class=\"a-color-secondary a-size-base prodDetSectionEntry\">ASIN<\/th>\n<td class=\"a-size-base prodDetAttrValue\">B0CQR6YZLG<\/td>\n<\/tr>\n<tr>\n<th class=\"a-color-secondary a-size-base prodDetSectionEntry\">Recensioni dei clienti<\/th>\n<td class=\"a-size-base\">\n<div id=\"averageCustomerReviews\" data-asin=\"B0CQR6YZLG\" data-ref=\"dpx_acr_pop_\"><span class=\"a-declarative\" data-action=\"acrStarsLink-click-metrics\" data-acrstarslink-click-metrics=\"{}\"><span id=\"acrPopover\" class=\"reviewCountTextLinkedHistogram noUnderline\" title=\"4,5 su 5 stelle\"><a class=\"a-popover-trigger a-declarative\" role=\"button\"><span class=\"a-size-base a-color-base\">4.5\u00a0<\/span><i class=\"a-icon a-icon-star a-star-4-5 cm-cr-review-stars-spacing-big\"><span class=\"a-icon-alt\">4,5 su 5 stelle<\/span><\/i>\u00a0<i class=\"a-icon a-icon-popover\"><\/i><\/a>\u00a0\u00a0<\/span><\/span>\u00a0<span class=\"a-declarative\" data-action=\"acrLink-click-metrics\" data-acrlink-click-metrics=\"{}\"><a id=\"acrCustomerReviewLink\" class=\"a-link-normal\" href=\"https:\/\/www.amazon.com\/15-6-16-1-Portable-CAPERAVE-ViewSonic-ZenScreen\/dp\/B0CQR6YZLG\/ref=sr_1_31?crid=3KMYEBCYJYUP4&amp;dib=eyJ2IjoiMSJ9.o2YPdwddOu6g1n1SnJ-U7c8goFwE6VYFSH_uS3jlrS6de8NtNBmDeWcbKlJeIhvP4Cu5uzO3_Y44oNk2WEBRFKf2zeYF90EtNaJhCzSuWG1DFHhdpLFJbDt4XGg3wKJqLo__djQxC9uGi3TE9EEqdn98hy0ZwJvmzJOnYlJqMlDUWd5ZhVxqfidoojrsvF8ANMJVAJW1_h0t2d3ZaCAz2dRwrfgeXwOHwdNkiiXKCIE.FpqWyfQS4ZBSqRvlgDpDkcSnGQsLLyKOXi8y016YwR0&amp;dib_tag=se&amp;keywords=%E2%80%A2%2BPortable%2BMonitor%2BCases&amp;qid=1739770626&amp;sprefix=portable%2Bmonitor%2Bcases%2B%2Caps%2C767&amp;sr=8-31&amp;xpid=fkTEufsvs_5Np&amp;th=1#customerReviews\"><span id=\"acrCustomerReviewText\" class=\"a-size-base\">43 valutazioni<\/span><\/a><\/span><\/div>\n<p>4,5 su 5 stelle<\/td>\n<\/tr>\n<tr>\n<th class=\"a-color-secondary a-size-base prodDetSectionEntry\">Classifica dei migliori venditori<\/th>\n<td>#1.445 in\u00a0<a href=\"https:\/\/www.amazon.com\/gp\/bestsellers\/pc\/335609011\/ref=pd_zg_hrsr_pc\">Manicotti per laptop<\/a><\/td>\n<\/tr>\n<tr>\n<th class=\"a-color-secondary a-size-base prodDetSectionEntry\">Tecnologie di comunicazione wireless<\/th>\n<td class=\"a-size-base prodDetAttrValue\">tessuto in poliestere<\/td>\n<\/tr>\n<tr>\n<th class=\"a-color-secondary a-size-base prodDetSectionEntry\">Tecnologie di connettivit\u00e0<\/th>\n<td class=\"a-size-base prodDetAttrValue\">tessuto in poliestere<\/td>\n<\/tr>\n<tr>\n<th class=\"a-color-secondary a-size-base prodDetSectionEntry\">Caratteristiche speciali<\/th>\n<td class=\"a-size-base prodDetAttrValue\">Slim Fit, da viaggio, universale, protezione dello schermo<\/td>\n<\/tr>\n<tr>\n<th class=\"a-color-secondary a-size-base prodDetSectionEntry\">Risoluzione del display<\/th>\n<td class=\"a-size-base prodDetAttrValue\">tessuto in poliestere<\/td>\n<\/tr>\n<tr>\n<th class=\"a-color-secondary a-size-base prodDetSectionEntry\">Altre caratteristiche del display<\/th>\n<td class=\"a-size-base prodDetAttrValue\">Personal Computer<\/td>\n<\/tr>\n<tr>\n<th class=\"a-color-secondary a-size-base prodDetSectionEntry\">Fattore di forma<\/th>\n<td class=\"a-size-base prodDetAttrValue\">Caso<\/td>\n<\/tr>\n<tr>\n<th class=\"a-color-secondary a-size-base prodDetSectionEntry\">Colore<\/th>\n<td class=\"a-size-base prodDetAttrValue\">Nero<\/td>\n<\/tr>\n<tr>\n<th class=\"a-color-secondary a-size-base prodDetSectionEntry\">Cosa contiene la confezione<\/th>\n<td class=\"a-size-base prodDetAttrValue\">tessuto in poliestere<\/td>\n<\/tr>\n<tr>\n<th class=\"a-color-secondary a-size-base prodDetSectionEntry\">Produttore<\/th>\n<td class=\"a-size-base prodDetAttrValue\">NBOXUMG<\/td>\n<\/tr>\n<tr>\n<th class=\"a-color-secondary a-size-base prodDetSectionEntry\">Data della prima disponibilit\u00e0<\/th>\n<td class=\"a-size-base prodDetAttrValue\">21 dicembre 2023<\/td>\n<\/tr>\n<\/tbody>\n<\/table>\n<\/div>\n<\/div>\n<\/div>\n<\/div>","protected":false},"excerpt":{"rendered":"<p><strong>Compatibilit\u00e0 ad ampio raggio:<\/strong> La custodia per monitor portatile \u00e8 compatibile con la maggior parte dei monitor portatili da 15,6 pollici, compresi quelli prodotti da KYY, ZSCMALLS, ForHelp, Lepow, MNN, InnoView, HONGO, FANGOR, VisionOwl, WUAWE, Scnsuptp, VILVA, AOC, ASUS ZenScreen, QQH, KOGODA, ViewSonic, EleDuino, GeoYEAO, Feiasia, Newsoul, Cocopar, GKDY e altri produttori.<br \/>\n<strong>Protezione completa:<\/strong>\u00a0 La custodia portatile per monitor \u00e8 realizzata in tessuto poliestere impermeabile di alta qualit\u00e0 e con una fodera spessa e felpata. \u00c8 antiurto, impermeabile e antigraffio, per garantire la protezione del display da ogni angolazione.<br \/>\nAmpio spazio di archiviazione e organizzazione razionale - Lo scomparto principale con cerniera offre un ampio spazio di archiviazione per il monitor del computer portatile, mentre la tasca anteriore assicura che gli oggetti pi\u00f9 piccoli, come mouse, penne, supporto scalabile, caricabatterie, telefoni cellulari, carte e power bank, siano ben organizzati. In questo modo \u00e8 possibile cercare e accedere rapidamente agli accessori del computer portatile.<\/p>\n<p><strong>Comodo per l'uso quotidiano:<\/strong> Questa custodia portatile per monitor \u00e8 dotata di una comoda maniglia che ne facilita il trasporto.DIMENSIONE: 14,56 x 10,23 x 0,78 pollici, questo articolo leggero e sottile \u00e8 facilmente trasportabile e comodo da usare. Pu\u00f2 essere facilmente riposto in un bagagliaio, in uno zaino o in una valigetta.<br \/>\n<strong>Garanzie a vita:<\/strong> Offriamo la possibilit\u00e0 di restituire gratuitamente i prodotti. Se non siete completamente soddisfatti dei prodotti ricevuti, non esitate a contattarci. Nota: per garantire una corrispondenza adeguata, confrontare le dimensioni interne della custodia con quelle del monitor portatile. In caso di dubbi sull'opzione da selezionare, non esitate a contattarci.<\/p>","protected":false},"featured_media":2318,"comment_status":"open","ping_status":"closed","template":"","meta":[],"product_brand":[],"product_cat":[70,57],"product_tag":[],"class_list":{"0":"post-2312","1":"product","2":"type-product","3":"status-publish","4":"has-post-thumbnail","6":"product_cat-portable-monitor-cases","7":"product_cat-travel-gears","9":"first","10":"instock","11":"shipping-taxable","12":"purchasable","13":"product-type-simple"},"_links":{"self":[{"href":"https:\/\/vavcase.com\/it\/wp-json\/wp\/v2\/product\/2312","targetHints":{"allow":["GET"]}}],"collection":[{"href":"https:\/\/vavcase.com\/it\/wp-json\/wp\/v2\/product"}],"about":[{"href":"https:\/\/vavcase.com\/it\/wp-json\/wp\/v2\/types\/product"}],"replies":[{"embeddable":true,"href":"https:\/\/vavcase.com\/it\/wp-json\/wp\/v2\/comments?post=2312"}],"wp:featuredmedia":[{"embeddable":true,"href":"https:\/\/vavcase.com\/it\/wp-json\/wp\/v2\/media\/2318"}],"wp:attachment":[{"href":"https:\/\/vavcase.com\/it\/wp-json\/wp\/v2\/media?parent=2312"}],"wp:term":[{"taxonomy":"product_brand","embeddable":true,"href":"https:\/\/vavcase.com\/it\/wp-json\/wp\/v2\/product_brand?post=2312"},{"taxonomy":"product_cat","embeddable":true,"href":"https:\/\/vavcase.com\/it\/wp-json\/wp\/v2\/product_cat?post=2312"},{"taxonomy":"product_tag","embeddable":true,"href":"https:\/\/vavcase.com\/it\/wp-json\/wp\/v2\/product_tag?post=2312"}],"curies":[{"name":"wp","href":"https:\/\/api.w.org\/{rel}","templated":true}]}}