{"id":2332,"date":"2025-02-17T06:05:09","date_gmt":"2025-02-17T06:05:09","guid":{"rendered":"https:\/\/vavcase.com\/?post_type=product&#038;p=2332"},"modified":"2025-02-17T06:05:22","modified_gmt":"2025-02-17T06:05:22","slug":"faceplate-with-rgb-light-strip-for-ps5-digital-edition","status":"publish","type":"product","link":"https:\/\/vavcase.com\/it\/prodotto\/mascherina-con-striscia-luminosa-rgb-per-ps5-digital-edition\/","title":{"rendered":"Mascherina con striscia luminosa RGB per PS5 Digital Edition"},"content":{"rendered":"<h2>Informazioni sul prodotto<\/h2>\n<div class=\"a-row a-spacing-top-base\">\n<div class=\"a-column a-span6\">\n<div class=\"a-row a-spacing-base\">\n<div class=\"a-section table-padding\">\n<table id=\"productDetails_detailBullets_sections1\" class=\"a-keyvalue prodDetTable\" role=\"presentation\">\n<tbody>\n<tr>\n<th class=\"a-color-secondary a-size-base prodDetSectionEntry\">Dimensioni del prodotto<\/th>\n<td class=\"a-size-base prodDetAttrValue\">11\u2033L x 2,2\u2033H<\/td>\n<\/tr>\n<tr>\n<th class=\"a-color-secondary a-size-base prodDetSectionEntry\">Produttore<\/th>\n<td class=\"a-size-base prodDetAttrValue\">DOBEWINGDELOU<\/td>\n<\/tr>\n<tr>\n<th class=\"a-color-secondary a-size-base prodDetSectionEntry\">Peso dell'articolo<\/th>\n<td class=\"a-size-base prodDetAttrValue\">2,2 libbre<\/td>\n<\/tr>\n<tr>\n<th class=\"a-color-secondary a-size-base prodDetSectionEntry\">ASIN<\/th>\n<td class=\"a-size-base prodDetAttrValue\">B0BYTDSR9L<\/td>\n<\/tr>\n<tr>\n<th class=\"a-color-secondary a-size-base prodDetSectionEntry\">Recensioni dei clienti<\/th>\n<td class=\"a-size-base\">\n<div id=\"averageCustomerReviews\" data-asin=\"B0BYTDSR9L\" data-ref=\"dpx_acr_pop_\"><span class=\"a-declarative\" data-action=\"acrStarsLink-click-metrics\" data-acrstarslink-click-metrics=\"{}\"><span id=\"acrPopover\" class=\"reviewCountTextLinkedHistogram noUnderline\" title=\"4,4 su 5 stelle\"><a class=\"a-popover-trigger a-declarative\" role=\"button\"><span class=\"a-size-base a-color-base\">4.4\u00a0<\/span><i class=\"a-icon a-icon-star a-star-4-5 cm-cr-review-stars-spacing-big\"><span class=\"a-icon-alt\">4,4 su 5 stelle<\/span><\/i>\u00a0<i class=\"a-icon a-icon-popover\"><\/i><\/a>\u00a0\u00a0<\/span><\/span>\u00a0<span class=\"a-declarative\" data-action=\"acrLink-click-metrics\" data-acrlink-click-metrics=\"{}\"><a id=\"acrCustomerReviewLink\" class=\"a-link-normal\" href=\"https:\/\/www.amazon.com\/Faceplate-DOBEWINGDELOU-PlayStation-Decoration-Accessories-5\/dp\/B0BYTDSR9L\/ref=sr_1_10_sspa?crid=1198GW7TPR6CL&amp;dib=eyJ2IjoiMSJ9.oxn3i-7QADowtaFWAvJ5hXA4D24Pl4gEckdLsppjUlgq3QaH9KTwPTG1mL_fw-TgwwKLwGGGXL1Ugr5lcYGdIdku5UDKbJUTpZ1sZFsC3PE.4gHoHkfxWdDWYpDfrtlo116I0sPqub2tOu1zxn4GuTo&amp;dib_tag=se&amp;keywords=Swappable%2Bfaceplates%2Bfor%2BPS5&amp;qid=1739771541&amp;sprefix=swappable%2Bfaceplates%2Bfor%2Bps5%2C%2Bxbox%2Bseries%2Bx%2Fs%2Caps%2C377&amp;sr=8-10-spons&amp;sp_csd=d2lkZ2V0TmFtZT1zcF9tdGY&amp;th=1#customerReviews\"><span id=\"acrCustomerReviewText\" class=\"a-size-base\">54 valutazioni<\/span><\/a><\/span><\/div>\n<p>4,4 su 5 stelle<\/td>\n<\/tr>\n<tr>\n<th class=\"a-color-secondary a-size-base prodDetSectionEntry\">Classifica dei migliori venditori<\/th>\n<td>#14.375 in Videogiochi (<a href=\"https:\/\/www.amazon.com\/gp\/bestsellers\/videogames\/ref=pd_zg_ts_videogames\">Vedi la Top 100 dei videogiochi<\/a>)<br \/>\n#194 in\u00a0<a href=\"https:\/\/www.amazon.com\/gp\/bestsellers\/videogames\/23568181011\/ref=pd_zg_hrsr_videogames\">Kit di accessori per Playstation 5<\/a><\/td>\n<\/tr>\n<tr>\n<th class=\"a-color-secondary a-size-base prodDetSectionEntry\">Data della prima disponibilit\u00e0<\/th>\n<td class=\"a-size-base prodDetAttrValue\">18 marzo 2023<\/td>\n<\/tr>\n<\/tbody>\n<\/table>\n<\/div>\n<\/div>\n<\/div>\n<\/div>","protected":false},"excerpt":{"rendered":"<p><strong>Design delle bocchette di raffreddamento e del filtro antipolvere:<\/strong> I frontalini sono dotati di ventilazione che pu\u00f2 contribuire a raffreddare la console durante il funzionamento, favorire la circolazione dell'aria e ridurre il surriscaldamento. Il filtro antipolvere per la ventilazione pu\u00f2 contribuire a mantenere la pulizia della console e a ridurre la quantit\u00e0 di polvere della ventola, prolungando cos\u00ec la durata della console e offrendo un'esperienza di gioco pi\u00f9 confortevole.<br \/>\n<strong>Appositamente progettato per la versione digitale PS5:<\/strong> le mascherine e l'illuminazione LED RGB sono state realizzate su misura. Il design dell'anello luminoso a LED consente di incollare il nuovo involucro direttamente sul telaio della ventola di raffreddamento e di sostituire il coperchio originale. Nel frattempo, il caratteristico design a finestra dei frontalini pu\u00f2 migliorare l'intuitivit\u00e0 dell'illuminazione della striscia luminosa, distinguendo cos\u00ec la console dalla concorrenza.<br \/>\n<strong>Oltre 400 effetti di illuminazione a LED:<\/strong> Modificando il colore, la velocit\u00e0 della luce e la luminosit\u00e0, \u00e8 possibile selezionare la modalit\u00e0 di illuminazione pi\u00f9 adatta al gioco. Inoltre, \u00e8 dotato di una modalit\u00e0 audio intelligente. Il colore delle luci fluttua in base alla cadenza della musica e del suono quando la modalit\u00e0 musicale \u00e8 attivata. L'utente potr\u00e0 apprezzare meglio l'ambiente di gioco e vivere un'esperienza di gioco pi\u00f9 felice. Indipendentemente dal tipo di gioco, c'\u00e8 sempre una configurazione LED RGB adatta a voi.<\/p>\n<p><strong>LED 5050 RGB di alta qualit\u00e0:<\/strong> I diodi LED costituiscono il materiale di prima qualit\u00e0 della luce LED. L'involucro esterno \u00e8 realizzato in materiale ABS rigido, resistente ai graffi e durevole, e migliora l'estetica della console di gioco combinando l'effetto della luce LED RGB con la sua superficie smerigliata.<br \/>\n<strong>Facile installazione:<\/strong> rimuovere la fibbia circolare sollevando l'angolo posteriore del coperchio protettivo, dove si trova il logo. Il coperchio scivoler\u00e0 via spingendolo verso la parte inferiore della console. Applicare l'autoadesivo configurato sul retro dell'anello luminoso a LED e fissarlo successivamente alla presa d'aria della console P5. Allineare il nuovo coperchio con il foro sull'unit\u00e0 principale, spingerlo verso la parte superiore della console e la fibbia completer\u00e0 il fissaggio.<\/p>","protected":false},"featured_media":2340,"comment_status":"open","ping_status":"closed","template":"","meta":[],"product_brand":[],"product_cat":[71,56],"product_tag":[],"class_list":{"0":"post-2332","1":"product","2":"type-product","3":"status-publish","4":"has-post-thumbnail","6":"product_cat-custom-console-covers","7":"product_cat-custom-shells-skins","9":"first","10":"instock","11":"shipping-taxable","12":"purchasable","13":"product-type-simple"},"_links":{"self":[{"href":"https:\/\/vavcase.com\/it\/wp-json\/wp\/v2\/product\/2332","targetHints":{"allow":["GET"]}}],"collection":[{"href":"https:\/\/vavcase.com\/it\/wp-json\/wp\/v2\/product"}],"about":[{"href":"https:\/\/vavcase.com\/it\/wp-json\/wp\/v2\/types\/product"}],"replies":[{"embeddable":true,"href":"https:\/\/vavcase.com\/it\/wp-json\/wp\/v2\/comments?post=2332"}],"wp:featuredmedia":[{"embeddable":true,"href":"https:\/\/vavcase.com\/it\/wp-json\/wp\/v2\/media\/2340"}],"wp:attachment":[{"href":"https:\/\/vavcase.com\/it\/wp-json\/wp\/v2\/media?parent=2332"}],"wp:term":[{"taxonomy":"product_brand","embeddable":true,"href":"https:\/\/vavcase.com\/it\/wp-json\/wp\/v2\/product_brand?post=2332"},{"taxonomy":"product_cat","embeddable":true,"href":"https:\/\/vavcase.com\/it\/wp-json\/wp\/v2\/product_cat?post=2332"},{"taxonomy":"product_tag","embeddable":true,"href":"https:\/\/vavcase.com\/it\/wp-json\/wp\/v2\/product_tag?post=2332"}],"curies":[{"name":"wp","href":"https:\/\/api.w.org\/{rel}","templated":true}]}}