{"id":2341,"date":"2025-02-17T06:09:10","date_gmt":"2025-02-17T06:09:10","guid":{"rendered":"https:\/\/vavcase.com\/?post_type=product&#038;p=2341"},"modified":"2026-03-18T13:24:34","modified_gmt":"2026-03-18T13:24:34","slug":"faceplate-for-ps5-slim-disc-edition-faceplate-for-ps5-slim-cd-version-4-piece-set-black","status":"publish","type":"product","link":"https:\/\/vavcase.com\/it\/prodotto\/mascherina-per-ps5-slim-edizione-disco-mascherina-per-ps5-slim-versione-cd-set-di-4-pezzi-nero\/","title":{"rendered":"Mascherina per Ps5 Slim Disc Edition, Mascherina per Ps5 Slim Cd Version Set di 4 pezzi nero"},"content":{"rendered":"<h2>specifiche<\/h2>\n<div class=\"details-card\">\n<div class=\"details-card-body\">\n<ul class=\"specification-list\">\n<li class=\"row\">\n<div class=\"col-12 col-sm-12 col-md-6 col-lg-5 col-xl-5 mb-3 mb-sm-3 mb-md-0 mb-lg-0 mb-xl-0\">\n<h3>Piattaforma hardware:<\/h3>\n<\/div>\n<div class=\"col-12 col-sm-12 col-md-6 col-lg-7 col-xl-7\">\n<p>PlayStation 5 Slim<\/p>\n<\/div>\n<\/li>\n<li class=\"row\">\n<div class=\"col-12 col-sm-12 col-md-6 col-lg-5 col-xl-5 mb-3 mb-sm-3 mb-md-0 mb-lg-0 mb-xl-0\">\n<h3>Marchio:<\/h3>\n<\/div>\n<div class=\"col-12 col-sm-12 col-md-6 col-lg-7 col-xl-7\">\n<p>IMPORTATO<\/p>\n<\/div>\n<\/li>\n<li class=\"row\">\n<div class=\"col-12 col-sm-12 col-md-6 col-lg-5 col-xl-5 mb-3 mb-sm-3 mb-md-0 mb-lg-0 mb-xl-0\">\n<h3>Colore:<\/h3>\n<\/div>\n<div class=\"col-12 col-sm-12 col-md-6 col-lg-7 col-xl-7\">\n<p>Nero<\/p>\n<\/div>\n<\/li>\n<li class=\"row\">\n<div class=\"col-12 col-sm-12 col-md-6 col-lg-5 col-xl-5 mb-3 mb-sm-3 mb-md-0 mb-lg-0 mb-xl-0\">\n<h3>Materiale:<\/h3>\n<\/div>\n<div class=\"col-12 col-sm-12 col-md-6 col-lg-7 col-xl-7\">\n<p>Acrilonitrile Butadiene Stirene (ABS)<\/p>\n<\/div>\n<\/li>\n<li class=\"row ng-star-inserted\">\n<div class=\"col-12 col-sm-12 col-md-6 col-lg-5 col-xl-5 mb-3 mb-sm-3 mb-md-0 mb-lg-0 mb-xl-0\">\n<h3>Tipo di finitura:<\/h3>\n<\/div>\n<div class=\"col-12 col-sm-12 col-md-6 col-lg-7 col-xl-7\">\n<p>Opaco<\/p>\n<\/div>\n<\/li>\n<\/ul>\n<\/div>\n<\/div>","protected":false},"excerpt":{"rendered":"<p>Materiale e qualit\u00e0: Le piastre nere PS5 Slim sono realizzate con materiali ABS di alta qualit\u00e0, che ne garantiscono la durata e la longevit\u00e0. La PS5 Slim Shell Cover \u00e8 stata meticolosamente progettata per adattarsi con precisione alle dimensioni e alla forma della console PS5 Slim, garantendo un'installazione sicura e senza sforzo.<br \/>\nMiglioramento del flusso d'aria: Il case PS5 slim \u00e8 dotato di condotti di raffreddamento circolari su entrambi i lati, che facilitano la ventilazione e la dissipazione del calore della macchina, migliorando le prestazioni. Un design migliorato che incorpora una ventilazione aggiuntiva attenuer\u00e0 il problema del surriscaldamento della console dovuto all'uso prolungato e offrir\u00e0 un'esperienza di gioco pi\u00f9 fluida.<br \/>\nVestibilit\u00e0 garantita: Il guscio protettivo PS5 Slim \u00e8 stato progettato specificamente per adattarsi alla macchina PS5 Slim, garantendo una vestibilit\u00e0 perfetta. Mantiene le prestazioni e le funzionalit\u00e0 della console, pur conservando le dimensioni e la forma dell'alloggiamento originale. Si prega di notare che i frontalini sono compatibili esclusivamente con l'edizione disco di PS5 Slim.<\/p>\n<p>Stile personalizzato: La PS5 Slim Cover nera migliora l'aspetto e il design della vostra PS5 Slim. Il nero \u00e8 un colore senza tempo e alla moda che infonde alla vostra console un senso di modernit\u00e0 e raffinatezza. \u00c8 un riflesso della vostra personalit\u00e0 e delle vostre preferenze, indipendentemente dal fatto che sia esposta in una sala giochi o in un salotto.<br \/>\nFacile installazione: La procedura di sostituzione del guscio della PS5 Slim \u00e8 semplice. Le istruzioni in dotazione con il rivestimento della console PS5 Slim vi guideranno attraverso i semplici passaggi necessari per l'installazione. La console PlayStation 5 Slim pu\u00f2 essere personalizzata da chiunque, senza bisogno di attrezzature o competenze specifiche.<br \/>\nFunzione protettiva: Le placche nere per PS5 Slim non solo migliorano l'aspetto della vostra PS5 Slim, ma offrono anche una protezione affidabile. Proteggono la console da graffi, sporcizia e dalla normale usura dell'uso quotidiano, prolungandone la durata.<\/p>","protected":false},"featured_media":2349,"comment_status":"open","ping_status":"closed","template":"","meta":[],"product_brand":[],"product_cat":[71,56],"product_tag":[],"class_list":{"0":"post-2341","1":"product","2":"type-product","3":"status-publish","4":"has-post-thumbnail","6":"product_cat-custom-console-covers","7":"product_cat-custom-shells-skins","9":"first","10":"instock","11":"shipping-taxable","12":"purchasable","13":"product-type-simple"},"_links":{"self":[{"href":"https:\/\/vavcase.com\/it\/wp-json\/wp\/v2\/product\/2341","targetHints":{"allow":["GET"]}}],"collection":[{"href":"https:\/\/vavcase.com\/it\/wp-json\/wp\/v2\/product"}],"about":[{"href":"https:\/\/vavcase.com\/it\/wp-json\/wp\/v2\/types\/product"}],"replies":[{"embeddable":true,"href":"https:\/\/vavcase.com\/it\/wp-json\/wp\/v2\/comments?post=2341"}],"wp:featuredmedia":[{"embeddable":true,"href":"https:\/\/vavcase.com\/it\/wp-json\/wp\/v2\/media\/2349"}],"wp:attachment":[{"href":"https:\/\/vavcase.com\/it\/wp-json\/wp\/v2\/media?parent=2341"}],"wp:term":[{"taxonomy":"product_brand","embeddable":true,"href":"https:\/\/vavcase.com\/it\/wp-json\/wp\/v2\/product_brand?post=2341"},{"taxonomy":"product_cat","embeddable":true,"href":"https:\/\/vavcase.com\/it\/wp-json\/wp\/v2\/product_cat?post=2341"},{"taxonomy":"product_tag","embeddable":true,"href":"https:\/\/vavcase.com\/it\/wp-json\/wp\/v2\/product_tag?post=2341"}],"curies":[{"name":"wp","href":"https:\/\/api.w.org\/{rel}","templated":true}]}}