{"id":2350,"date":"2025-02-17T06:14:53","date_gmt":"2025-02-17T06:14:53","guid":{"rendered":"https:\/\/vavcase.com\/?post_type=product&#038;p=2350"},"modified":"2026-04-01T17:55:14","modified_gmt":"2026-04-01T17:55:14","slug":"wolibear-magnetic-smart-wraps-for-xbox-series-x-console","status":"publish","type":"product","link":"https:\/\/vavcase.com\/it\/prodotto\/wolibear-smart-wraps-magnetici-per-console-xbox-serie-x\/","title":{"rendered":"WOLIBEAR Custodie magnetiche intelligenti per console Xbox Serie X"},"content":{"rendered":"<h2 class=\"default\">Descrizione del prodotto<\/h2>\n<div id=\"productDescription\" class=\"a-section a-spacing-small\">\n<p><span class=\"a-text-bold\">WOLIBEAR Console Wraps for Xbox Series X \u00e8 l'accessorio perfetto per elevare la vostra esperienza di gioco e proteggere la vostra console.<\/span><\/p>\n<p>Realizzati con precisione, i nostri involucri protettivi sono realizzati con materiali di alta qualit\u00e0 che garantiscono durata e protezione. Il sistema di chiusura magnetica assicura una vestibilit\u00e0 sicura, mantenendo la console sempre protetta.<\/p>\n<p>Potenziate la vostra configurazione di gioco con la nostra cover per Xbox Series X. Elevate la vostra esperienza di gioco assicurandovi che la vostra console rimanga in condizioni immacolate.<\/p>\n<p><span class=\"a-text-bold\">Caratteristiche:<\/span><br \/>\nAppositamente progettato per la console Xbox Series X<br \/>\nChiusura magnetica<br \/>\nFacile da installare e rimuovere<br \/>\nImpermeabile e antipolvere<br \/>\nAntigraffio e antiurto<br \/>\nRealizzato in pelle PU e fodera in morbida microfibra<\/p>\n<h2>Informazioni sul prodotto<\/h2>\n<div class=\"a-row a-spacing-top-base\">\n<div class=\"a-column a-span6\">\n<div class=\"a-row a-spacing-base\">\n<div class=\"a-row a-expander-container a-expander-extend-container\">\n<div class=\"a-row\">\n<div class=\"a-column a-span6\">\n<h3 class=\"a-size-medium a-spacing-small\">Dettagli tecnici<\/h3>\n<\/div>\n<\/div>\n<div class=\"a-expander-content a-expander-extend-content\" data-expanded=\"true\">\n<div class=\"a-row a-expander-container a-expander-inline-container\">\n<div class=\"a-expander-content a-expander-section-content a-section-expander-inner\" data-expanded=\"true\">\n<table id=\"productDetails_techSpec_section_1\" class=\"a-keyvalue prodDetTable\" role=\"presentation\">\n<tbody>\n<tr>\n<th class=\"a-color-secondary a-size-base prodDetSectionEntry\">Marchio<\/th>\n<td class=\"a-size-base prodDetAttrValue\">VOLPE<\/td>\n<\/tr>\n<tr>\n<th class=\"a-color-secondary a-size-base prodDetSectionEntry\">Produttore<\/th>\n<td class=\"a-size-base prodDetAttrValue\">VOLPE<\/td>\n<\/tr>\n<tr>\n<th class=\"a-color-secondary a-size-base prodDetSectionEntry\">Modello<\/th>\n<td class=\"a-size-base prodDetAttrValue\">XSX46MB-US<\/td>\n<\/tr>\n<tr>\n<th class=\"a-color-secondary a-size-base prodDetSectionEntry\">Nome del modello<\/th>\n<td class=\"a-size-base prodDetAttrValue\">XSX46MB-US<\/td>\n<\/tr>\n<tr>\n<th class=\"a-color-secondary a-size-base prodDetSectionEntry\">Dimensioni della confezione<\/th>\n<td class=\"a-size-base prodDetAttrValue\">32,21 x 17,7 x 1,6 cm; 390 g<\/td>\n<\/tr>\n<tr>\n<th class=\"a-color-secondary a-size-base prodDetSectionEntry\">Numero di modello dell'articolo<\/th>\n<td class=\"a-size-base prodDetAttrValue\">XSX46MB-US<\/td>\n<\/tr>\n<tr>\n<th class=\"a-color-secondary a-size-base prodDetSectionEntry\">Piattaforma hardware<\/th>\n<td class=\"a-size-base prodDetAttrValue\">xbox 360<\/td>\n<\/tr>\n<tr>\n<th class=\"a-color-secondary a-size-base prodDetSectionEntry\">Dispositivi compatibili<\/th>\n<td class=\"a-size-base prodDetAttrValue\">Xbox Serie X<\/td>\n<\/tr>\n<tr>\n<th class=\"a-color-secondary a-size-base prodDetSectionEntry\">Caratteristiche speciali<\/th>\n<td class=\"a-size-base prodDetAttrValue\">Chiusura magnetica, interno morbido, protezione completa, pelle PU premium<\/td>\n<\/tr>\n<tr>\n<th class=\"a-color-secondary a-size-base prodDetSectionEntry\">Hardware di montaggio<\/th>\n<td class=\"a-size-base prodDetAttrValue\">1 X involucri magnetici intelligenti per Xbox Series X<\/td>\n<\/tr>\n<tr>\n<th class=\"a-color-secondary a-size-base prodDetSectionEntry\">Batterie incluse<\/th>\n<td class=\"a-size-base prodDetAttrValue\">No<\/td>\n<\/tr>\n<tr>\n<th class=\"a-color-secondary a-size-base prodDetSectionEntry\">Batterie necessarie<\/th>\n<td class=\"a-size-base prodDetAttrValue\">No<\/td>\n<\/tr>\n<tr>\n<th class=\"a-color-secondary a-size-base prodDetSectionEntry\">Materiale<\/th>\n<td class=\"a-size-base prodDetAttrValue\">PU Premium<\/td>\n<\/tr>\n<tr>\n<th class=\"a-color-secondary a-size-base prodDetSectionEntry\">Fattore di forma<\/th>\n<td class=\"a-size-base prodDetAttrValue\">Copertina<\/td>\n<\/tr>\n<tr>\n<th class=\"a-color-secondary a-size-base prodDetSectionEntry\">Produttore<\/th>\n<td class=\"a-size-base prodDetAttrValue\">VOLPE<\/td>\n<\/tr>\n<tr>\n<th class=\"a-color-secondary a-size-base prodDetSectionEntry\">Peso dell'articolo<\/th>\n<td class=\"a-size-base prodDetAttrValue\">390 g<\/td>\n<\/tr>\n<\/tbody>\n<\/table>\n<\/div>\n<\/div>\n<\/div>\n<\/div>\n<\/div>\n<\/div>\n<\/div>\n<\/div>","protected":false},"excerpt":{"rendered":"<p>Personalizzate la vostra XSX con un nuovo look: La console Xbox Series X \u00e8 progettata specificamente per ospitare le smart cover magnetiche. La custodia protettiva Xbox Series X Blue Camo \u00e8 caratterizzata da un design essenziale e da texture di qualit\u00e0 superiore, che conferiscono alla console un aspetto pi\u00f9 distintivo e personalizzato.Trasformate la vostra console Xbox Series X con le cover per console e lanciatevi in una nuova avventura.Vi informiamo che questo prodotto \u00e8 compatibile esclusivamente con la console Xbox Series X (la console XSX non \u00e8 inclusa).<br \/>\nPelle PU premium e fodera morbida: La cover per Xbox Series X \u00e8 realizzata con un esterno in pelle PU premium e una morbida fodera interna e offre una protezione a 360\u00b0 per la console. L'interno in morbida microfibra della XSX \u00e8 in grado di disperdere efficacemente l'impatto di urti o collisioni interne e di prevenire i graffi. Le cover per Xbox sono un regalo ideale per i giocatori di Xbox in occasione di compleanni e Natali.<br \/>\nAdattamento di precisione XSX: Aggiungete un design audace alla vostra console Xbox Series X con le coperture per console, progettate appositamente per avvolgere la console XSX. La porta di dissipazione del calore e l'interfaccia USB non sono incluse. Impermeabili e antipolvere, le coperture per console proteggono efficacemente la console da urti, polvere, graffi e impronte digitali. Nota: il supporto per il carbone non \u00e8 adatto a causa dello spessore delle coperture.<\/p>\n<p>Design a chiusura magnetica: La cover Xbox Series X \u00e8 dotata di potenti magneti che garantiscono un collegamento sicuro tra la custodia e la console. \u00c8 facile da installare e rimuovere, non richiede adesivi o strumenti e non danneggia la console XSX. Questa caratteristica offre un'esperienza facile e conveniente per gli appassionati di Xbox.<br \/>\nGaranzia e imballaggio: Il nostro obiettivo \u00e8 offrire accessori Xbox Series X di qualit\u00e0 eccezionale. Riceverete una copertura per Xbox Series X. Questo articolo \u00e8 un ottimo regalo per i vostri amici o familiari in occasione del loro compleanno o di una festa. Forniamo una garanzia di 18 mesi senza preoccupazioni e un servizio clienti amichevole per qualsiasi dubbio.<\/p>","protected":false},"featured_media":2357,"comment_status":"open","ping_status":"closed","template":"","meta":[],"product_brand":[],"product_cat":[71,56],"product_tag":[],"class_list":{"0":"post-2350","1":"product","2":"type-product","3":"status-publish","4":"has-post-thumbnail","6":"product_cat-custom-console-covers","7":"product_cat-custom-shells-skins","9":"first","10":"instock","11":"shipping-taxable","12":"purchasable","13":"product-type-simple"},"_links":{"self":[{"href":"https:\/\/vavcase.com\/it\/wp-json\/wp\/v2\/product\/2350","targetHints":{"allow":["GET"]}}],"collection":[{"href":"https:\/\/vavcase.com\/it\/wp-json\/wp\/v2\/product"}],"about":[{"href":"https:\/\/vavcase.com\/it\/wp-json\/wp\/v2\/types\/product"}],"replies":[{"embeddable":true,"href":"https:\/\/vavcase.com\/it\/wp-json\/wp\/v2\/comments?post=2350"}],"wp:featuredmedia":[{"embeddable":true,"href":"https:\/\/vavcase.com\/it\/wp-json\/wp\/v2\/media\/2357"}],"wp:attachment":[{"href":"https:\/\/vavcase.com\/it\/wp-json\/wp\/v2\/media?parent=2350"}],"wp:term":[{"taxonomy":"product_brand","embeddable":true,"href":"https:\/\/vavcase.com\/it\/wp-json\/wp\/v2\/product_brand?post=2350"},{"taxonomy":"product_cat","embeddable":true,"href":"https:\/\/vavcase.com\/it\/wp-json\/wp\/v2\/product_cat?post=2350"},{"taxonomy":"product_tag","embeddable":true,"href":"https:\/\/vavcase.com\/it\/wp-json\/wp\/v2\/product_tag?post=2350"}],"curies":[{"name":"wp","href":"https:\/\/api.w.org\/{rel}","templated":true}]}}