{"id":2358,"date":"2025-02-17T06:20:16","date_gmt":"2025-02-17T06:20:16","guid":{"rendered":"https:\/\/vavcase.com\/?post_type=product&#038;p=2358"},"modified":"2025-12-15T08:52:43","modified_gmt":"2025-12-15T08:52:43","slug":"cool-x-box-series-x-skin-set%ef%bc%8cfashion-protector-wrap-cover-protective-faceplate-full-set-compatible-with-x-box-series-x-console","status":"publish","type":"product","link":"https:\/\/vavcase.com\/it\/prodotto\/cool-x-box-series-x-skin-set\uff0cfashion-protector-wrap-cover-protective-faceplate-full-set-compatibile-con-x-box-series-x-console\/","title":{"rendered":"Cool X-Box Series X Skin Set\uff0cFashion Protector Wrap Cover Facciata protettiva Set completo compatibile con X-Box Series X Console"},"content":{"rendered":"<h2>Informazioni sul prodotto<\/h2>\n<div class=\"a-row a-spacing-top-base\">\n<div class=\"a-column a-span6\">\n<div class=\"a-row a-spacing-base\">\n<div class=\"a-row a-expander-container a-expander-extend-container\">\n<div class=\"a-row\">\n<div class=\"a-column a-span6\">\n<h3 class=\"a-size-medium a-spacing-small\">Dettagli tecnici<\/h3>\n<\/div>\n<\/div>\n<div class=\"a-expander-content a-expander-extend-content\" data-expanded=\"true\">\n<div class=\"a-row a-expander-container a-expander-inline-container\">\n<div class=\"a-expander-content a-expander-section-content a-section-expander-inner\" data-expanded=\"true\">\n<table id=\"productDetails_techSpec_section_1\" class=\"a-keyvalue prodDetTable\" role=\"presentation\">\n<tbody>\n<tr>\n<th class=\"a-color-secondary a-size-base prodDetSectionEntry\">Marchio<\/th>\n<td class=\"a-size-base prodDetAttrValue\">BOZTYRI<\/td>\n<\/tr>\n<tr>\n<th class=\"a-color-secondary a-size-base prodDetSectionEntry\">Produttore<\/th>\n<td class=\"a-size-base prodDetAttrValue\">xbox<\/td>\n<\/tr>\n<tr>\n<th class=\"a-color-secondary a-size-base prodDetSectionEntry\">Modello<\/th>\n<td class=\"a-size-base prodDetAttrValue\">Xbox Serie X<\/td>\n<\/tr>\n<tr>\n<th class=\"a-color-secondary a-size-base prodDetSectionEntry\">Dimensioni della confezione<\/th>\n<td class=\"a-size-base prodDetAttrValue\">31,5 x 17,81 x 0,79 cm; 91 g<\/td>\n<\/tr>\n<tr>\n<th class=\"a-color-secondary a-size-base prodDetSectionEntry\">Numero di modello dell'articolo<\/th>\n<td class=\"a-size-base prodDetAttrValue\">Xbox Serie X<\/td>\n<\/tr>\n<tr>\n<th class=\"a-color-secondary a-size-base prodDetSectionEntry\">Piattaforma hardware<\/th>\n<td class=\"a-size-base prodDetAttrValue\">xbox<\/td>\n<\/tr>\n<tr>\n<th class=\"a-color-secondary a-size-base prodDetSectionEntry\">Dispositivi compatibili<\/th>\n<td class=\"a-size-base prodDetAttrValue\">Console di gioco<\/td>\n<\/tr>\n<tr>\n<th class=\"a-color-secondary a-size-base prodDetSectionEntry\">Caratteristiche speciali<\/th>\n<td class=\"a-size-base prodDetAttrValue\">resistente ai graffi<\/td>\n<\/tr>\n<tr>\n<th class=\"a-color-secondary a-size-base prodDetSectionEntry\">Tecnologia di stabilizzazione dell'immagine<\/th>\n<td class=\"a-size-base prodDetAttrValue\">digitale<\/td>\n<\/tr>\n<tr>\n<th class=\"a-color-secondary a-size-base prodDetSectionEntry\">Batterie incluse<\/th>\n<td class=\"a-size-base prodDetAttrValue\">No<\/td>\n<\/tr>\n<tr>\n<th class=\"a-color-secondary a-size-base prodDetSectionEntry\">Batterie necessarie<\/th>\n<td class=\"a-size-base prodDetAttrValue\">No<\/td>\n<\/tr>\n<tr>\n<th class=\"a-color-secondary a-size-base prodDetSectionEntry\">Materiale<\/th>\n<td class=\"a-size-base prodDetAttrValue\">In vinile<\/td>\n<\/tr>\n<tr>\n<th class=\"a-color-secondary a-size-base prodDetSectionEntry\">Fattore di forma<\/th>\n<td class=\"a-size-base prodDetAttrValue\">copertura<\/td>\n<\/tr>\n<tr>\n<th class=\"a-color-secondary a-size-base prodDetSectionEntry\">Tipo di lente<\/th>\n<td class=\"a-size-base prodDetAttrValue\">standard<\/td>\n<\/tr>\n<tr>\n<th class=\"a-color-secondary a-size-base prodDetSectionEntry\">Produttore<\/th>\n<td class=\"a-size-base prodDetAttrValue\">xbox<\/td>\n<\/tr>\n<tr>\n<th class=\"a-color-secondary a-size-base prodDetSectionEntry\">Paese di origine<\/th>\n<td class=\"a-size-base prodDetAttrValue\">Cina<\/td>\n<\/tr>\n<tr>\n<th class=\"a-color-secondary a-size-base prodDetSectionEntry\">Peso dell'articolo<\/th>\n<td class=\"a-size-base prodDetAttrValue\">91 g<\/td>\n<\/tr>\n<\/tbody>\n<\/table>\n<\/div>\n<\/div>\n<\/div>\n<\/div>\n<\/div>\n<\/div>\n<\/div>","protected":false},"excerpt":{"rendered":"<p><strong>Contenuto della confezione:<\/strong> Due rivestimenti per controller Xbox Series X.1 skin per console Xbox Series X. \ud83d\ude80 La compatibilit\u00e0 \u00e8 limitata alle console Xbox Series <strong>X. Materiali di qualit\u00e0 superiore:<\/strong>Il nostro materiale Skin \u00e8 un materiale vinilico di prima qualit\u00e0, semplice da applicare e da rimuovere. \u00c8 resistente ai graffi, non lascia residui e si adatta con precisione senza interferire con i pulsanti o i sensori.<\/p>\n<p><strong>Protezione contro l'usura:<\/strong> Previene i graffi e la polvere causati dall'uso quotidiano. Offre la protezione fondamentale pi\u00f9 efficace mantenendo un aspetto alla moda.<br \/>\n<strong>Migliorare la visibilit\u00e0 della vostra Xbox:<\/strong> Esplorate la nostra vasta selezione di design per individuare quello che meglio si adatta alle vostre preferenze.<\/p>","protected":false},"featured_media":2366,"comment_status":"open","ping_status":"closed","template":"","meta":[],"product_brand":[],"product_cat":[71,56],"product_tag":[],"class_list":{"0":"post-2358","1":"product","2":"type-product","3":"status-publish","4":"has-post-thumbnail","6":"product_cat-custom-console-covers","7":"product_cat-custom-shells-skins","9":"first","10":"instock","11":"shipping-taxable","12":"purchasable","13":"product-type-simple"},"_links":{"self":[{"href":"https:\/\/vavcase.com\/it\/wp-json\/wp\/v2\/product\/2358","targetHints":{"allow":["GET"]}}],"collection":[{"href":"https:\/\/vavcase.com\/it\/wp-json\/wp\/v2\/product"}],"about":[{"href":"https:\/\/vavcase.com\/it\/wp-json\/wp\/v2\/types\/product"}],"replies":[{"embeddable":true,"href":"https:\/\/vavcase.com\/it\/wp-json\/wp\/v2\/comments?post=2358"}],"wp:featuredmedia":[{"embeddable":true,"href":"https:\/\/vavcase.com\/it\/wp-json\/wp\/v2\/media\/2366"}],"wp:attachment":[{"href":"https:\/\/vavcase.com\/it\/wp-json\/wp\/v2\/media?parent=2358"}],"wp:term":[{"taxonomy":"product_brand","embeddable":true,"href":"https:\/\/vavcase.com\/it\/wp-json\/wp\/v2\/product_brand?post=2358"},{"taxonomy":"product_cat","embeddable":true,"href":"https:\/\/vavcase.com\/it\/wp-json\/wp\/v2\/product_cat?post=2358"},{"taxonomy":"product_tag","embeddable":true,"href":"https:\/\/vavcase.com\/it\/wp-json\/wp\/v2\/product_tag?post=2358"}],"curies":[{"name":"wp","href":"https:\/\/api.w.org\/{rel}","templated":true}]}}