{"id":2367,"date":"2025-02-17T06:24:16","date_gmt":"2025-02-17T06:24:16","guid":{"rendered":"https:\/\/vavcase.com\/?post_type=product&#038;p=2367"},"modified":"2025-12-15T05:42:35","modified_gmt":"2025-12-15T05:42:35","slug":"pss-faceplate-for-ps5-slim-disc-edition-ps5-slim-faceplate-replacement-hard-case-shell-cover-side-plates-for-ps5","status":"publish","type":"product","link":"https:\/\/vavcase.com\/it\/prodotto\/mascherina-pss-per-ps5-slim-disc-edition-ps5-slim-mascherina-di-ricambio-custodia-rigida-cover-piastre-laterali-per-ps5\/","title":{"rendered":"PSS Faceplate per PS5 Slim Disc Edition, PS5 Slim Faceplate, sostituzione delle piastre laterali di copertura della custodia rigida per PS5"},"content":{"rendered":"<h2>Informazioni sul prodotto<\/h2>\n<div class=\"a-row a-spacing-top-base\">\n<div class=\"a-column a-span6\">\n<div class=\"a-row a-spacing-base\">\n<div class=\"a-row a-expander-container a-expander-extend-container\">\n<div class=\"a-row\">\n<div class=\"a-column a-span6\">\n<h3 class=\"a-size-medium a-spacing-small\">Dettagli tecnici<\/h3>\n<\/div>\n<\/div>\n<div class=\"a-expander-content a-expander-extend-content\" data-expanded=\"true\">\n<div class=\"a-row a-expander-container a-expander-inline-container\">\n<div class=\"a-expander-content a-expander-section-content a-section-expander-inner\" data-expanded=\"true\">\n<table id=\"productDetails_techSpec_section_1\" class=\"a-keyvalue prodDetTable\" role=\"presentation\">\n<tbody>\n<tr>\n<th class=\"a-color-secondary a-size-base prodDetSectionEntry\">Marchio<\/th>\n<td class=\"a-size-base prodDetAttrValue\">PSS<\/td>\n<\/tr>\n<tr>\n<th class=\"a-color-secondary a-size-base prodDetSectionEntry\">Produttore<\/th>\n<td class=\"a-size-base prodDetAttrValue\">PSS, pssales1984@gmail.com, PSS<\/td>\n<\/tr>\n<tr>\n<th class=\"a-color-secondary a-size-base prodDetSectionEntry\">Nome del modello<\/th>\n<td class=\"a-size-base prodDetAttrValue\">Mascherina per PS5 Slim Spidy Edition<\/td>\n<\/tr>\n<tr>\n<th class=\"a-color-secondary a-size-base prodDetSectionEntry\">Dimensioni della confezione<\/th>\n<td class=\"a-size-base prodDetAttrValue\">28 x 25 x 9 cm; 700 g<\/td>\n<\/tr>\n<tr>\n<th class=\"a-color-secondary a-size-base prodDetSectionEntry\">Piattaforma hardware<\/th>\n<td class=\"a-size-base prodDetAttrValue\">PS5 Slim<\/td>\n<\/tr>\n<tr>\n<th class=\"a-color-secondary a-size-base prodDetSectionEntry\">Batterie necessarie<\/th>\n<td class=\"a-size-base prodDetAttrValue\">No<\/td>\n<\/tr>\n<tr>\n<th class=\"a-color-secondary a-size-base prodDetSectionEntry\">Materiale<\/th>\n<td class=\"a-size-base prodDetAttrValue\">Plastica<\/td>\n<\/tr>\n<tr>\n<th class=\"a-color-secondary a-size-base prodDetSectionEntry\">Produttore<\/th>\n<td class=\"a-size-base prodDetAttrValue\">PSS, pssales1984@gmail.com<\/td>\n<\/tr>\n<tr>\n<th class=\"a-color-secondary a-size-base prodDetSectionEntry\">Peso dell'articolo<\/th>\n<td class=\"a-size-base prodDetAttrValue\">700 g<\/td>\n<\/tr>\n<\/tbody>\n<\/table>\n<\/div>\n<\/div>\n<\/div>\n<\/div>\n<\/div>\n<\/div>\n<\/div>","protected":false},"excerpt":{"rendered":"<p><strong>ASPETTO NUOVO ED ELEGANTE:<\/strong> Il frontalino PStation 5 Slim per Disc Edition \u00e8 un complemento elegante e raffinato che migliorer\u00e0 la vostra esperienza di gioco. Queste piastre sono state progettate per integrarsi perfettamente con la console PS5 Slim, offrendo un aspetto di alto livello che eleva l'aspetto della vostra configurazione di gioco.<br \/>\n<strong>DESIGN MIGLIORATO:<\/strong>\u00a0 Queste piastre sottili per PS5 sono dotate di un guscio resistente che protegger\u00e0 la console da graffi e scalfitture, fornendo al contempo un tocco di personalizzazione al dispositivo. Sono realizzate con materiali di alta qualit\u00e0. La mascherina PSS ps5 slim \u00e8 una scelta eccellente per i giocatori che desiderano esibire il proprio stile, in quanto aggiunge una misura di raffinatezza e classe.<br \/>\n<strong>AGGIORNAMENTO DELLA QUALIT\u00c0:<\/strong> Migliorate la vostra esperienza di gioco con la mascherina PS 5 Slim, l'opzione principale per i giocatori che desiderano personalizzare la propria console con un esterno di alta qualit\u00e0 che offre protezione e stile.<\/p>\n<p><strong>FACILE INSTALLAZIONE E RIMOZIONE:<\/strong> Le coperture PS5 Slim per Disc Edition sono incredibilmente semplici da installare e rimuovere, consentendo di cambiare facilmente il proprio aspetto ogni volta che lo si desidera. Queste piastre sono la soluzione ideale per coloro che desiderano abbinarsi ad altri colori o che hanno voglia di creare un design unico.<br \/>\nQuesto frontalino \u00e8 compatibile esclusivamente con la variante PS5 Slim e non \u00e8 compatibile con il modello PS5 normale. Si prega di notare che la console PS5 non \u00e8 inclusa.<\/p>","protected":false},"featured_media":2372,"comment_status":"open","ping_status":"closed","template":"","meta":[],"product_brand":[],"product_cat":[71,56],"product_tag":[],"class_list":{"0":"post-2367","1":"product","2":"type-product","3":"status-publish","4":"has-post-thumbnail","6":"product_cat-custom-console-covers","7":"product_cat-custom-shells-skins","9":"first","10":"instock","11":"featured","12":"shipping-taxable","13":"purchasable","14":"product-type-simple"},"_links":{"self":[{"href":"https:\/\/vavcase.com\/it\/wp-json\/wp\/v2\/product\/2367","targetHints":{"allow":["GET"]}}],"collection":[{"href":"https:\/\/vavcase.com\/it\/wp-json\/wp\/v2\/product"}],"about":[{"href":"https:\/\/vavcase.com\/it\/wp-json\/wp\/v2\/types\/product"}],"replies":[{"embeddable":true,"href":"https:\/\/vavcase.com\/it\/wp-json\/wp\/v2\/comments?post=2367"}],"wp:featuredmedia":[{"embeddable":true,"href":"https:\/\/vavcase.com\/it\/wp-json\/wp\/v2\/media\/2372"}],"wp:attachment":[{"href":"https:\/\/vavcase.com\/it\/wp-json\/wp\/v2\/media?parent=2367"}],"wp:term":[{"taxonomy":"product_brand","embeddable":true,"href":"https:\/\/vavcase.com\/it\/wp-json\/wp\/v2\/product_brand?post=2367"},{"taxonomy":"product_cat","embeddable":true,"href":"https:\/\/vavcase.com\/it\/wp-json\/wp\/v2\/product_cat?post=2367"},{"taxonomy":"product_tag","embeddable":true,"href":"https:\/\/vavcase.com\/it\/wp-json\/wp\/v2\/product_tag?post=2367"}],"curies":[{"name":"wp","href":"https:\/\/api.w.org\/{rel}","templated":true}]}}