{"id":2375,"date":"2025-02-17T06:31:44","date_gmt":"2025-02-17T06:31:44","guid":{"rendered":"https:\/\/vavcase.com\/?post_type=product&#038;p=2375"},"modified":"2025-02-17T06:31:44","modified_gmt":"2025-02-17T06:31:44","slug":"extremerate-the-great-wave-touchpad-front-top-shell-compatible-with-ps5-controller","status":"publish","type":"product","link":"https:\/\/vavcase.com\/it\/prodotto\/estendere-la-grande-onda-touchpad-anteriore-superiore-shell-compatibile-con-ps5-controller\/","title":{"rendered":"eXtremeRate La Grande Onda Touchpad Guscio anteriore superiore compatibile con il controller ps5"},"content":{"rendered":"<p><span class=\"a-text-bold\">Caratteristiche del prodotto:<\/span><\/p>\n<ul class=\"a-unordered-list a-vertical\">\n<li><span class=\"a-list-item\"><span class=\"a-text-bold\">Realizzato in resistente plastica ABS atossica.<\/span>\u00a0Senza odore.<\/span><\/li>\n<li><span class=\"a-list-item\">Si inserisce completamente a filo su tutti i lati; si posiziona correttamente su tutte le clip.<\/span><\/li>\n<li><span class=\"a-list-item\">Personalizzate il vostro controller.<\/span><\/li>\n<li><span class=\"a-list-item\">Si tratta di un bel cambiamento rispetto a un noioso bianco normale senza spendere una fortuna.<\/span><\/li>\n<\/ul>\n<h3 class=\"a-spacing-mini\">La confezione include:<\/h3>\n<ul class=\"a-unordered-list a-vertical\">\n<li><span class=\"a-list-item\">1* Guscio della piastra frontale<\/span><\/li>\n<li><span class=\"a-list-item\">1* Guscio del touch pad<\/span><\/li>\n<li><span class=\"a-list-item\">1* Set di supporti per touch pad<\/span><\/li>\n<li><span class=\"a-list-item\">1* Strumento a conchiglia aperta<\/span><\/li>\n<li><span class=\"a-list-item\">1* Cacciavite<\/span><\/li>\n<li><span class=\"a-list-item\">13* Viti<\/span><\/li>\n<li><span class=\"a-list-item\"><span class=\"a-text-bold\">Nota: il controller e le altre parti non sono incluse!<\/span><\/span><\/li>\n<\/ul>\n<h2>Informazioni sul prodotto<\/h2>\n<div class=\"a-row a-spacing-top-base\">\n<div class=\"a-column a-span6\">\n<div class=\"a-row a-spacing-base\">\n<div class=\"a-section table-padding\">\n<table id=\"productDetails_detailBullets_sections1\" class=\"a-keyvalue prodDetTable\" role=\"presentation\">\n<tbody>\n<tr>\n<th class=\"a-color-secondary a-size-base prodDetSectionEntry\">UPC<\/th>\n<td class=\"a-size-base prodDetAttrValue\">656942056980<\/td>\n<\/tr>\n<tr>\n<th class=\"a-color-secondary a-size-base prodDetSectionEntry\">Produttore<\/th>\n<td class=\"a-size-base prodDetAttrValue\">Estremizzare<\/td>\n<\/tr>\n<tr>\n<th class=\"a-color-secondary a-size-base prodDetSectionEntry\">Dimensioni del prodotto<\/th>\n<td class=\"a-size-base prodDetAttrValue\">6,5 x 4,53 x 1,97 pollici<\/td>\n<\/tr>\n<tr>\n<th class=\"a-color-secondary a-size-base prodDetSectionEntry\">Peso dell'articolo<\/th>\n<td class=\"a-size-base prodDetAttrValue\">1,06 once<\/td>\n<\/tr>\n<tr>\n<th class=\"a-color-secondary a-size-base prodDetSectionEntry\">ASIN<\/th>\n<td class=\"a-size-base prodDetAttrValue\">B092JGKHZC<\/td>\n<\/tr>\n<tr>\n<th class=\"a-color-secondary a-size-base prodDetSectionEntry\">Numero di modello dell'articolo<\/th>\n<td class=\"a-size-base prodDetAttrValue\">ZPFT1006<\/td>\n<\/tr>\n<tr>\n<th class=\"a-color-secondary a-size-base prodDetSectionEntry\">Recensioni dei clienti<\/th>\n<td class=\"a-size-base\">\n<div id=\"averageCustomerReviews\" data-asin=\"B092JGKHZC\" data-ref=\"dpx_acr_pop_\"><span class=\"a-declarative\" data-action=\"acrStarsLink-click-metrics\" data-acrstarslink-click-metrics=\"{}\"><span id=\"acrPopover\" class=\"reviewCountTextLinkedHistogram noUnderline\" title=\"4,4 su 5 stelle\"><a class=\"a-popover-trigger a-declarative\" role=\"button\"><span class=\"a-size-base a-color-base\">4.4\u00a0<\/span><i class=\"a-icon a-icon-star a-star-4-5 cm-cr-review-stars-spacing-big\"><span class=\"a-icon-alt\">4,4 su 5 stelle<\/span><\/i>\u00a0<i class=\"a-icon a-icon-popover\"><\/i><\/a>\u00a0\u00a0<\/span><\/span>\u00a0<span class=\"a-declarative\" data-action=\"acrLink-click-metrics\" data-acrlink-click-metrics=\"{}\"><a id=\"acrCustomerReviewLink\" class=\"a-link-normal\" href=\"https:\/\/www.amazon.com\/eXtremeRate-Controller-Replacement-Faceplate-Playstation\/dp\/B092JGKHZC\/ref=sr_1_7_sspa?crid=EUP4YHA2D3KA&amp;dib=eyJ2IjoiMSJ9.jEXY5_0G06Nl6-QL1wVlh5I3v0AZh0oirXGzOZiX_nVnghQsTi9tXAUMEFRcxTP7BG9ZsqKfjXoZEEqNnzTSvzJfGJRkViFMDNTtNYZ-ByKp19Sz_6p96XcTlXSIxD7SL1KcrO8LS5PSr-QXAehMp4tcnYYifpfnb5HXclho_Dx-VVdGkbaXjlYYLkKXMRkrJO89p3FZOymB0RMGAh1ZW15arsmrQ9jo4OylX-NMMd8.7TaPg7fg50ejGNXgg8h5LcrgWpL4nmf-ITa3389G1ik&amp;dib_tag=se&amp;keywords=%E2%80%A2%2BController%2BShells&amp;qid=1739773506&amp;sprefix=controller%2Bshells%2B%2Caps%2C1031&amp;sr=8-7-spons&amp;sp_csd=d2lkZ2V0TmFtZT1zcF9tdGY&amp;th=1#customerReviews\"><span id=\"acrCustomerReviewText\" class=\"a-size-base\">461 valutazioni<\/span><\/a><\/span><\/div>\n<p>4,4 su 5 stelle<\/td>\n<\/tr>\n<tr>\n<th class=\"a-color-secondary a-size-base prodDetSectionEntry\">Classifica dei migliori venditori<\/th>\n<td>#25.807 in Videogiochi (<a href=\"https:\/\/www.amazon.com\/gp\/bestsellers\/videogames\/ref=pd_zg_ts_videogames\">Vedi la Top 100 dei videogiochi<\/a>)<br \/>\n#1,975 in\u00a0<a href=\"https:\/\/www.amazon.com\/gp\/bestsellers\/videogames\/20972782011\/ref=pd_zg_hrsr_videogames\">Accessori per PlayStation 5<\/a><\/td>\n<\/tr>\n<tr>\n<th class=\"a-color-secondary a-size-base prodDetSectionEntry\">Data della prima disponibilit\u00e0<\/th>\n<td class=\"a-size-base prodDetAttrValue\">14 aprile 2021<\/td>\n<\/tr>\n<\/tbody>\n<\/table>\n<\/div>\n<\/div>\n<\/div>\n<\/div>","protected":false},"excerpt":{"rendered":"<p><strong>Compatibilit\u00e0:<\/strong> Il guscio superiore anteriore di ricambio personalizzato e il coperchio del touchpad sono compatibili con i controller PS5 modello BDM-010, BDM-020, BDM-030, BDM-040 e BDM-050. Non sono compatibili con altri modelli di controller. Fare riferimento alla seconda immagine dell'inserzione prima di effettuare l'acquisto. Tagliati con precisione per funzionare in modo identico al guscio originale<br \/>\n<strong>Si adatta perfettamente:<\/strong> \u00c8 di gran lunga il migliore; si posiziona in modo appropriato su tutte le clip; si inserisce completamente a filo su tutti i lati. L'esclusivo touchpad esterno \u00e8 stato progettato per esaltare la personalit\u00e0 del controller, assicurando che si distingua da tutti gli altri.<br \/>\nCaratteristica personalizzata: \u00c8 possibile accedere a una vasta gamma di disegni e modelli. Il motivo a onde \u00e8 visivamente accattivante; sarebbe ancora pi\u00f9 impressionante se fosse abbinato ai nostri comandi sostitutivi del controller.<\/p>\n<p><strong>Installazione semplice:<\/strong> L'attrezzo in dotazione pu\u00f2 aiutare a rimuovere senza fatica la copertura originale del controller e a sostituire questi accessori. Cercare \"eXtremeRate front shell compatible with ps5 BDM 010 020 030\" o \"GI9s7Ejhs44\" su YouTube per ottenere la video guida all'installazione.<br \/>\n<strong>Contenuto della confezione:<\/strong> 1* guscio del frontalino; 1* guscio del touch pad; 1* set di supporti per touch pad; 1* strumento per aprire il guscio; 1* cacciavite e elementi di fissaggio di ricambio. Nota: In assenza del controller e di qualsiasi altro componente<\/p>","protected":false},"featured_media":2376,"comment_status":"open","ping_status":"closed","template":"","meta":[],"product_brand":[],"product_cat":[72,56],"product_tag":[],"class_list":{"0":"post-2375","1":"product","2":"type-product","3":"status-publish","4":"has-post-thumbnail","6":"product_cat-controller-shells","7":"product_cat-custom-shells-skins","9":"first","10":"instock","11":"shipping-taxable","12":"purchasable","13":"product-type-simple"},"_links":{"self":[{"href":"https:\/\/vavcase.com\/it\/wp-json\/wp\/v2\/product\/2375","targetHints":{"allow":["GET"]}}],"collection":[{"href":"https:\/\/vavcase.com\/it\/wp-json\/wp\/v2\/product"}],"about":[{"href":"https:\/\/vavcase.com\/it\/wp-json\/wp\/v2\/types\/product"}],"replies":[{"embeddable":true,"href":"https:\/\/vavcase.com\/it\/wp-json\/wp\/v2\/comments?post=2375"}],"wp:featuredmedia":[{"embeddable":true,"href":"https:\/\/vavcase.com\/it\/wp-json\/wp\/v2\/media\/2376"}],"wp:attachment":[{"href":"https:\/\/vavcase.com\/it\/wp-json\/wp\/v2\/media?parent=2375"}],"wp:term":[{"taxonomy":"product_brand","embeddable":true,"href":"https:\/\/vavcase.com\/it\/wp-json\/wp\/v2\/product_brand?post=2375"},{"taxonomy":"product_cat","embeddable":true,"href":"https:\/\/vavcase.com\/it\/wp-json\/wp\/v2\/product_cat?post=2375"},{"taxonomy":"product_tag","embeddable":true,"href":"https:\/\/vavcase.com\/it\/wp-json\/wp\/v2\/product_tag?post=2375"}],"curies":[{"name":"wp","href":"https:\/\/api.w.org\/{rel}","templated":true}]}}