{"id":2380,"date":"2025-02-17T06:36:37","date_gmt":"2025-02-17T06:36:37","guid":{"rendered":"https:\/\/vavcase.com\/?post_type=product&#038;p=2380"},"modified":"2025-02-17T06:36:37","modified_gmt":"2025-02-17T06:36:37","slug":"extremerate-full-set-shell-buttons-for-xbox-series-x-s-controller","status":"publish","type":"product","link":"https:\/\/vavcase.com\/it\/prodotto\/set-completo-di-pulsanti-a-conchiglia-per-il-controller-della-xbox-serie-x-s\/","title":{"rendered":"Set completo di pulsanti a conchiglia per il controller Xbox Series X e S di eXtremeRate"},"content":{"rendered":"<h2>Informazioni sul prodotto<\/h2>\n<div class=\"a-row a-spacing-top-base\">\n<div class=\"a-column a-span6\">\n<div class=\"a-row a-spacing-base\">\n<div class=\"a-section table-padding\">\n<table id=\"productDetails_detailBullets_sections1\" class=\"a-keyvalue prodDetTable\" role=\"presentation\">\n<tbody>\n<tr>\n<th class=\"a-color-secondary a-size-base prodDetSectionEntry\">Dimensioni del prodotto<\/th>\n<td class=\"a-size-base prodDetAttrValue\">2,76\u2033L x 0,59\u2033H<\/td>\n<\/tr>\n<tr>\n<th class=\"a-color-secondary a-size-base prodDetSectionEntry\">Produttore<\/th>\n<td class=\"a-size-base prodDetAttrValue\">Estremizzare<\/td>\n<\/tr>\n<tr>\n<th class=\"a-color-secondary a-size-base prodDetSectionEntry\">ASIN<\/th>\n<td class=\"a-size-base prodDetAttrValue\">B08RYJL53F<\/td>\n<\/tr>\n<tr>\n<th class=\"a-color-secondary a-size-base prodDetSectionEntry\">Recensioni dei clienti<\/th>\n<td class=\"a-size-base\">\n<div id=\"averageCustomerReviews\" data-asin=\"B08RYJL53F\" data-ref=\"dpx_acr_pop_\"><span class=\"a-declarative\" data-action=\"acrStarsLink-click-metrics\" data-acrstarslink-click-metrics=\"{}\"><span id=\"acrPopover\" class=\"reviewCountTextLinkedHistogram noUnderline\" title=\"4,5 su 5 stelle\"><a class=\"a-popover-trigger a-declarative\" role=\"button\"><span class=\"a-size-base a-color-base\">4.5\u00a0<\/span><i class=\"a-icon a-icon-star a-star-4-5 cm-cr-review-stars-spacing-big\"><span class=\"a-icon-alt\">4,5 su 5 stelle<\/span><\/i>\u00a0<i class=\"a-icon a-icon-popover\"><\/i><\/a>\u00a0\u00a0<\/span><\/span>\u00a0<span class=\"a-declarative\" data-action=\"acrLink-click-metrics\" data-acrlink-click-metrics=\"{}\"><a id=\"acrCustomerReviewLink\" class=\"a-link-normal\" href=\"https:\/\/www.amazon.com\/eXtremeRate-Transparent-Controller-Housing-Replacement\/dp\/B08RYJL53F\/ref=sr_1_9?crid=EUP4YHA2D3KA&amp;dib=eyJ2IjoiMSJ9.jEXY5_0G06Nl6-QL1wVlh5I3v0AZh0oirXGzOZiX_nVnghQsTi9tXAUMEFRcxTP7BG9ZsqKfjXoZEEqNnzTSvzJfGJRkViFMDNTtNYZ-ByKp19Sz_6p96XcTlXSIxD7SL1KcrO8LS5PSr-QXAehMp4tcnYYifpfnb5HXclho_Dx-VVdGkbaXjlYYLkKXMRkrJO89p3FZOymB0RMGAh1ZW15arsmrQ9jo4OylX-NMMd8.7TaPg7fg50ejGNXgg8h5LcrgWpL4nmf-ITa3389G1ik&amp;dib_tag=se&amp;keywords=%E2%80%A2%2BController%2BShells&amp;qid=1739773506&amp;sprefix=controller%2Bshells%2B%2Caps%2C1031&amp;sr=8-9&amp;th=1#customerReviews\"><span id=\"acrCustomerReviewText\" class=\"a-size-base\">708 valutazioni<\/span><\/a><\/span><\/div>\n<p>4,5 su 5 stelle<\/td>\n<\/tr>\n<tr>\n<th class=\"a-color-secondary a-size-base prodDetSectionEntry\">Classifica dei migliori venditori<\/th>\n<td>#10.394 in Videogiochi (<a href=\"https:\/\/www.amazon.com\/gp\/bestsellers\/videogames\/ref=pd_zg_ts_videogames\">Vedi la Top 100 dei videogiochi<\/a>)<br \/>\n#49 in\u00a0<a href=\"https:\/\/www.amazon.com\/gp\/bestsellers\/videogames\/23568180011\/ref=pd_zg_hrsr_videogames\">Kit di accessori per Xbox Serie X e S<\/a><\/td>\n<\/tr>\n<tr>\n<th class=\"a-color-secondary a-size-base prodDetSectionEntry\">Tipo di articolo<\/th>\n<td class=\"a-size-base prodDetAttrValue\">Elettronica<\/td>\n<\/tr>\n<tr>\n<th class=\"a-color-secondary a-size-base prodDetSectionEntry\">Numero di modello dell'articolo<\/th>\n<td class=\"a-size-base prodDetAttrValue\">QX3M505<\/td>\n<\/tr>\n<tr>\n<th class=\"a-color-secondary a-size-base prodDetSectionEntry\">Peso dell'articolo<\/th>\n<td class=\"a-size-base prodDetAttrValue\">1,76 once<\/td>\n<\/tr>\n<\/tbody>\n<\/table>\n<\/div>\n<\/div>\n<\/div>\n<\/div>","protected":false},"excerpt":{"rendered":"<p><strong>Modello di compatibilit\u00e0:<\/strong> L'Ultra \u00e8 compatibile con i controller Xbox Series X e Xbox Series S; tuttavia, non \u00e8 compatibile con altri controller Xbox One. Prima di effettuare l'acquisto, controllare la seconda immagine dell'inserzione.<br \/>\n<strong>Vestibilit\u00e0 ottimale:<\/strong> L'opzione di gran lunga pi\u00f9 adatta; si adatta a filo su tutti i lati; si posiziona saldamente su tutti gli elementi di fissaggio.<br \/>\nLa confezione include i seguenti elementi: 1 piastra anteriore, 1 piastra posteriore, 1 guida laterale sinistra, 1 guida laterale destra, 2 thumbstick, 1 set completo di pulsanti, 1 strumento per aprire il guscio, 2 cacciaviti e 17 viti (importante: il controller e gli altri componenti non sono inclusi).<\/p>\n<p><strong>Facile da installare:<\/strong> Smontare il frontalino originale del controller e sostituirlo con quello esterno di eXtremeRate. Per ottenere una guida video all'installazione, cercate su YouTube \"eXtremeRate Full Set Shell for Xbox Series X\/S\" o \"_n2UYBeixl8\".<br \/>\n<strong>Personalizzazione:<\/strong> Realizzato in materiale ABS di prima qualit\u00e0, questo articolo \u00e8 pratico e resistente. Il colore viola atomico traslucido \u00e8 davvero straordinario.<\/p>","protected":false},"featured_media":2382,"comment_status":"open","ping_status":"closed","template":"","meta":[],"product_brand":[],"product_cat":[72,56],"product_tag":[],"class_list":{"0":"post-2380","1":"product","2":"type-product","3":"status-publish","4":"has-post-thumbnail","6":"product_cat-controller-shells","7":"product_cat-custom-shells-skins","9":"first","10":"instock","11":"shipping-taxable","12":"purchasable","13":"product-type-simple"},"_links":{"self":[{"href":"https:\/\/vavcase.com\/it\/wp-json\/wp\/v2\/product\/2380","targetHints":{"allow":["GET"]}}],"collection":[{"href":"https:\/\/vavcase.com\/it\/wp-json\/wp\/v2\/product"}],"about":[{"href":"https:\/\/vavcase.com\/it\/wp-json\/wp\/v2\/types\/product"}],"replies":[{"embeddable":true,"href":"https:\/\/vavcase.com\/it\/wp-json\/wp\/v2\/comments?post=2380"}],"wp:featuredmedia":[{"embeddable":true,"href":"https:\/\/vavcase.com\/it\/wp-json\/wp\/v2\/media\/2382"}],"wp:attachment":[{"href":"https:\/\/vavcase.com\/it\/wp-json\/wp\/v2\/media?parent=2380"}],"wp:term":[{"taxonomy":"product_brand","embeddable":true,"href":"https:\/\/vavcase.com\/it\/wp-json\/wp\/v2\/product_brand?post=2380"},{"taxonomy":"product_cat","embeddable":true,"href":"https:\/\/vavcase.com\/it\/wp-json\/wp\/v2\/product_cat?post=2380"},{"taxonomy":"product_tag","embeddable":true,"href":"https:\/\/vavcase.com\/it\/wp-json\/wp\/v2\/product_tag?post=2380"}],"curies":[{"name":"wp","href":"https:\/\/api.w.org\/{rel}","templated":true}]}}