{"id":2426,"date":"2025-02-17T07:11:02","date_gmt":"2025-02-17T07:11:02","guid":{"rendered":"https:\/\/vavcase.com\/?post_type=product&#038;p=2426"},"modified":"2025-02-17T07:11:02","modified_gmt":"2025-02-17T07:11:02","slug":"womier-pbt-keycaps-60-65-75-100-percent-moa-keycaps-dye-sublimation","status":"publish","type":"product","link":"https:\/\/vavcase.com\/it\/prodotto\/womier-pbt-keycaps-60-65-75-100-per-cento-moa-keycaps-dye-sublimation\/","title":{"rendered":"Womier PBT Keycaps 60 65 75 100 Percent, MOA Keycaps Dye-Sublimation"},"content":{"rendered":"<h2>Informazioni sul prodotto<\/h2>\n<div class=\"a-row a-spacing-top-base\">\n<div class=\"a-column a-span6\">\n<div class=\"a-row a-spacing-base\">\n<div class=\"a-row a-expander-container a-expander-extend-container\">\n<div class=\"a-row\">\n<div class=\"a-column a-span6\">\n<h1 class=\"a-size-medium a-spacing-small\">Dettagli tecnici<\/h1>\n<\/div>\n<p><i class=\"a-icon a-icon-extender-collapse\"><\/i><\/div>\n<div class=\"a-expander-content a-expander-extend-content\" data-expanded=\"true\">\n<div class=\"a-row a-expander-container a-expander-inline-container\">\n<div class=\"a-expander-content a-expander-section-content a-section-expander-inner\" data-expanded=\"true\">\n<table id=\"productDetails_techSpec_section_1\" class=\"a-keyvalue prodDetTable\" role=\"presentation\">\n<tbody>\n<tr>\n<th class=\"a-color-secondary a-size-base prodDetSectionEntry\">Marchio<\/th>\n<td class=\"a-size-base prodDetAttrValue\">Womier<\/td>\n<\/tr>\n<tr>\n<th class=\"a-color-secondary a-size-base prodDetSectionEntry\">Peso dell'articolo<\/th>\n<td class=\"a-size-base prodDetAttrValue\">15,2 once<\/td>\n<\/tr>\n<tr>\n<th class=\"a-color-secondary a-size-base prodDetSectionEntry\">Dimensioni della confezione<\/th>\n<td class=\"a-size-base prodDetAttrValue\">10,04 x 5,94 x 1,65 pollici<\/td>\n<\/tr>\n<tr>\n<th class=\"a-color-secondary a-size-base prodDetSectionEntry\">Colore<\/th>\n<td class=\"a-size-base prodDetAttrValue\">Nero1<\/td>\n<\/tr>\n<tr>\n<th class=\"a-color-secondary a-size-base prodDetSectionEntry\">Fonte di alimentazione<\/th>\n<td class=\"a-size-base prodDetAttrValue\">Wired<\/td>\n<\/tr>\n<tr>\n<th class=\"a-color-secondary a-size-base prodDetSectionEntry\">Produttore<\/th>\n<td class=\"a-size-base prodDetAttrValue\">Womier<\/td>\n<\/tr>\n<tr>\n<th class=\"a-color-secondary a-size-base prodDetSectionEntry\">ASIN<\/th>\n<td class=\"a-size-base prodDetAttrValue\">B0D598CMF3<\/td>\n<\/tr>\n<\/tbody>\n<\/table>\n<\/div>\n<\/div>\n<\/div>\n<\/div>\n<\/div>\n<\/div>\n<\/div>","protected":false},"excerpt":{"rendered":"<p><strong>Kanagawa PBT Japanese Keycaps:<\/strong> I copritasti MOA sono completati dal motivo classico kanagawa, che offre un'estetica rinfrescante. La copertura dei tasti ha una lunga durata, \u00e8 resistente alle macchie d'olio e si adatta meglio ai caratteri giapponesi grazie all'avanzato processo di tintura su cinque lati.<br \/>\nI keycap MOA sono inclusi. Il keycap con profilo MOA migliorato \u00e8 esteticamente pi\u00f9 gradevole del keycap XDA. Un'esperienza senza stress \u00e8 facilitata dal comfort ergonomico del layout Arc, che presenta un arco concavo, un'area pi\u00f9 ampia in cui i polpastrelli entrano in contatto con il keycap e un tocco pi\u00f9 setoso. Offre il massimo comfort durante l'uso.<br \/>\n<strong>Tastiere con tecnologia a sublimazione:\u00a0<\/strong> La texture opaca e la resistenza all'usura di questo keycap sono il risultato della sua costruzione in materiale PBT di alta qualit\u00e0. I keycap pi\u00f9 spessi offrono agli utenti un'esperienza pi\u00f9 tattile. La tecnologia di sublimazione utilizzata per creare il motivo sul keycap garantisce che non si riduca mai.<\/p>\n<p><strong>Compatibilit\u00e0 del set di tasti:<\/strong> Questa tastiera meccanica \u00e8 compatibile con il layout ASIN US e UK. Inoltre, \u00e8 compatibile con le tastiere 60%, 65%, 75%, 80% o 100%. I copritasti sono compatibili con qualsiasi interruttore a croce. \u00c8 una decisione saggia costruire la propria tastiera meccanica in modo indipendente.<br \/>\n<strong>Suggerimenti per i copritasti personalizzati:<\/strong> Questo articolo include un estrattore di keycap e keycap a grandezza naturale, ma non una tastiera. La tastiera nelle immagini di accompagnamento ha uno scopo illustrativo. Non esitate a contattarci in caso di problemi con il prodotto ricevuto. Saremo presenti fino alla risoluzione del problema.<\/p>","protected":false},"featured_media":2432,"comment_status":"open","ping_status":"closed","template":"","meta":[],"product_brand":[],"product_cat":[56,73],"product_tag":[],"class_list":{"0":"post-2426","1":"product","2":"type-product","3":"status-publish","4":"has-post-thumbnail","6":"product_cat-custom-shells-skins","7":"product_cat-keyboard-keycaps","9":"first","10":"instock","11":"shipping-taxable","12":"purchasable","13":"product-type-simple"},"_links":{"self":[{"href":"https:\/\/vavcase.com\/it\/wp-json\/wp\/v2\/product\/2426","targetHints":{"allow":["GET"]}}],"collection":[{"href":"https:\/\/vavcase.com\/it\/wp-json\/wp\/v2\/product"}],"about":[{"href":"https:\/\/vavcase.com\/it\/wp-json\/wp\/v2\/types\/product"}],"replies":[{"embeddable":true,"href":"https:\/\/vavcase.com\/it\/wp-json\/wp\/v2\/comments?post=2426"}],"wp:featuredmedia":[{"embeddable":true,"href":"https:\/\/vavcase.com\/it\/wp-json\/wp\/v2\/media\/2432"}],"wp:attachment":[{"href":"https:\/\/vavcase.com\/it\/wp-json\/wp\/v2\/media?parent=2426"}],"wp:term":[{"taxonomy":"product_brand","embeddable":true,"href":"https:\/\/vavcase.com\/it\/wp-json\/wp\/v2\/product_brand?post=2426"},{"taxonomy":"product_cat","embeddable":true,"href":"https:\/\/vavcase.com\/it\/wp-json\/wp\/v2\/product_cat?post=2426"},{"taxonomy":"product_tag","embeddable":true,"href":"https:\/\/vavcase.com\/it\/wp-json\/wp\/v2\/product_tag?post=2426"}],"curies":[{"name":"wp","href":"https:\/\/api.w.org\/{rel}","templated":true}]}}