{"id":2433,"date":"2025-02-17T07:16:06","date_gmt":"2025-02-17T07:16:06","guid":{"rendered":"https:\/\/vavcase.com\/?post_type=product&#038;p=2433"},"modified":"2025-02-17T07:16:27","modified_gmt":"2025-02-17T07:16:27","slug":"dagaladoo-pbt-keycaps-60-75-percentshine-through-custom-key-capdouble-shot-keyboard-caps","status":"publish","type":"product","link":"https:\/\/vavcase.com\/it\/prodotto\/dagaladoo-pbt-keycaps-60-75-percentshine-through-custom-key-capdouble-shot-keyboard-caps\/","title":{"rendered":"Dagaladoo PBT keycaps 60 75 Percent, Shine Through Custom Key Cap, tappi per tastiera a doppio scatto"},"content":{"rendered":"<h2>Informazioni sul prodotto<\/h2>\n<div class=\"a-row a-spacing-top-base\">\n<div class=\"a-column a-span6\">\n<div class=\"a-row a-spacing-base\">\n<div class=\"a-section table-padding\">\n<table id=\"productDetails_detailBullets_sections1\" class=\"a-keyvalue prodDetTable\" role=\"presentation\">\n<tbody>\n<tr>\n<th class=\"a-color-secondary a-size-base prodDetSectionEntry\">Dimensioni del prodotto<\/th>\n<td class=\"a-size-base prodDetAttrValue\">10 x 6 x 1 pollici<\/td>\n<\/tr>\n<tr>\n<th class=\"a-color-secondary a-size-base prodDetSectionEntry\">Peso dell'articolo<\/th>\n<td class=\"a-size-base prodDetAttrValue\">13,4 once<\/td>\n<\/tr>\n<tr>\n<th class=\"a-color-secondary a-size-base prodDetSectionEntry\">Produttore<\/th>\n<td class=\"a-size-base prodDetAttrValue\">dagaladoo<\/td>\n<\/tr>\n<tr>\n<th class=\"a-color-secondary a-size-base prodDetSectionEntry\">ASIN<\/th>\n<td class=\"a-size-base prodDetAttrValue\">B0CP7NZCQY<\/td>\n<\/tr>\n<tr>\n<th class=\"a-color-secondary a-size-base prodDetSectionEntry\">Numero di modello dell'articolo<\/th>\n<td class=\"a-size-base prodDetAttrValue\">luoriyuhui<\/td>\n<\/tr>\n<tr>\n<th class=\"a-color-secondary a-size-base prodDetSectionEntry\">Recensioni dei clienti<\/th>\n<td class=\"a-size-base\">\n<div id=\"averageCustomerReviews\" data-asin=\"B0CP7NZCQY\" data-ref=\"dpx_acr_pop_\"><span class=\"a-declarative\" data-action=\"acrStarsLink-click-metrics\" data-acrstarslink-click-metrics=\"{}\"><span id=\"acrPopover\" class=\"reviewCountTextLinkedHistogram noUnderline\" title=\"4,3 su 5 stelle\"><a class=\"a-popover-trigger a-declarative\" role=\"button\"><span class=\"a-size-base a-color-base\">4.3\u00a0<\/span><i class=\"a-icon a-icon-star a-star-4-5 cm-cr-review-stars-spacing-big\"><span class=\"a-icon-alt\">4,3 su 5 stelle<\/span><\/i>\u00a0<i class=\"a-icon a-icon-popover\"><\/i><\/a>\u00a0\u00a0<\/span><\/span>\u00a0<span class=\"a-declarative\" data-action=\"acrLink-click-metrics\" data-acrlink-click-metrics=\"{}\"><a id=\"acrCustomerReviewLink\" class=\"a-link-normal\" href=\"https:\/\/www.amazon.com\/Printed-Keyboard-Kanagawa-Switches-Mechanical\/dp\/B0CP7NZCQY\/ref=sr_1_18?crid=1MXURFH0JMT6N&amp;dib=eyJ2IjoiMSJ9.bk_LRRkkgoeKRqxB4hALWI4llGS3niUWJ1wzrGcDu7SRCsOoilxTc-ubSQ0cYGXYHlGhnc5Ab1kYAp7-EFwRdBCL0IeuWz5jjJGzu6MSDcP1bHrqK1mdbiyKZoJX8DS9Fbbh-xENG5Hhv0ECYBd9x5r6FGzILK57Og2t0KouIcvRH-vVB4F36qXK-DzuL_DFqWZyQ0RJbVPpDnb-xgl4anKLBw7TUnOszKaremjiKXo.aP8qAnJX6wN62Wn6KjL8X2AOoygl5_2qG3uW8MhgwJM&amp;dib_tag=se&amp;keywords=Keyboard%2BKeycaps%2B%E2%80%93%2BGaming-themed%2BRGB%2Bkeycaps%2Bwith%2Bunique%2Bdesigns&amp;qid=1739775146&amp;sprefix=keyboard%2Bkeycaps%2Bgaming-themed%2Brgb%2Bkeycaps%2Bwith%2Bunique%2Bdesigns%2Caps%2C529&amp;sr=8-18&amp;th=1#customerReviews\"><span id=\"acrCustomerReviewText\" class=\"a-size-base\">124 valutazioni<\/span><\/a><\/span><\/div>\n<p>4,3 su 5 stelle<\/td>\n<\/tr>\n<tr>\n<th class=\"a-color-secondary a-size-base prodDetSectionEntry\">Classifica dei migliori venditori<\/th>\n<td>#53 in\u00a0<a href=\"https:\/\/www.amazon.com\/gp\/bestsellers\/pc\/36818458011\/ref=pd_zg_hrsr_pc\">Tastiere<\/a><\/td>\n<\/tr>\n<\/tbody>\n<\/table>\n<\/div>\n<\/div>\n<\/div>\n<\/div>","protected":false},"excerpt":{"rendered":"<p><strong>Design innovativo 3-in-1:<\/strong> Questo copritastiera \u00e8 il primo a integrare Double Shot Craft e la sublimazione termica, ottenendo un design unico che non solo mantiene il disegno raffinato, ma trasmette anche la luce. Per evitare che la luce diretta del sole si diffonda verso l'alto, viene utilizzata una scritta laterale, una soluzione ideale che offre numerosi vantaggi: riflette l'eleganza della tastiera, ma non ostruisce la vista.<br \/>\n<strong>Coprichiavi in PBT a doppio colpo:<\/strong> Il set di tasti dagaladoo \u00e8 una prova della qualit\u00e0 dei tasti PBT, la cui leggenda non svanisce mai. Rispetto al materiale ABS, i tasti PBT hanno una sensazione pi\u00f9 tattile e possono essere utilizzati per un lungo periodo. \u00c8 difficile che si ungano grazie alla loro secchezza.<br \/>\n<strong>Ampiamente compatibile:<\/strong> Questo set di tasti personalizzati contiene 130 tasti. \u00c8 compatibile con la maggior parte delle tastiere, comprese quelle 60%, 65%, 75%, 80%, 96% e 100% (61\/64, 68, 84, 75, 87, 96, 98, 104 e 108).Si prega di consultare il commerciante prima di acquistare alcuni tasti spaziali della tastiera, poich\u00e9 sono unici. Verificare l'idoneit\u00e0 della nostra barra spaziatrice da 6,25U prima di effettuare l'acquisto.<\/p>\n<p><strong>Tappo con profilo in ciliegio:<\/strong> Il design \u00e8 classico. Dal punto di vista ergonomico, non si affatica dopo un uso prolungato. Design ergonomico ad altezza ciliegia, adatto a tastiere meccaniche retroilluminate o non retroilluminate.<br \/>\n<strong>Garanzia di qualit\u00e0:<\/strong> Si prega di contattarci via e-mail se il prodotto ricevuto \u00e8 assente o danneggiato. (I copritasti sono l'unico articolo; la tastiera \u00e8 solo a scopo visivo).<\/p>","protected":false},"featured_media":2434,"comment_status":"open","ping_status":"closed","template":"","meta":[],"product_brand":[],"product_cat":[56,73],"product_tag":[],"class_list":{"0":"post-2433","1":"product","2":"type-product","3":"status-publish","4":"has-post-thumbnail","6":"product_cat-custom-shells-skins","7":"product_cat-keyboard-keycaps","9":"first","10":"instock","11":"shipping-taxable","12":"purchasable","13":"product-type-simple"},"_links":{"self":[{"href":"https:\/\/vavcase.com\/it\/wp-json\/wp\/v2\/product\/2433","targetHints":{"allow":["GET"]}}],"collection":[{"href":"https:\/\/vavcase.com\/it\/wp-json\/wp\/v2\/product"}],"about":[{"href":"https:\/\/vavcase.com\/it\/wp-json\/wp\/v2\/types\/product"}],"replies":[{"embeddable":true,"href":"https:\/\/vavcase.com\/it\/wp-json\/wp\/v2\/comments?post=2433"}],"wp:featuredmedia":[{"embeddable":true,"href":"https:\/\/vavcase.com\/it\/wp-json\/wp\/v2\/media\/2434"}],"wp:attachment":[{"href":"https:\/\/vavcase.com\/it\/wp-json\/wp\/v2\/media?parent=2433"}],"wp:term":[{"taxonomy":"product_brand","embeddable":true,"href":"https:\/\/vavcase.com\/it\/wp-json\/wp\/v2\/product_brand?post=2433"},{"taxonomy":"product_cat","embeddable":true,"href":"https:\/\/vavcase.com\/it\/wp-json\/wp\/v2\/product_cat?post=2433"},{"taxonomy":"product_tag","embeddable":true,"href":"https:\/\/vavcase.com\/it\/wp-json\/wp\/v2\/product_tag?post=2433"}],"curies":[{"name":"wp","href":"https:\/\/api.w.org\/{rel}","templated":true}]}}