{"id":2478,"date":"2025-02-17T08:59:15","date_gmt":"2025-02-17T08:59:15","guid":{"rendered":"https:\/\/vavcase.com\/?post_type=product&#038;p=2478"},"modified":"2025-02-17T09:03:38","modified_gmt":"2025-02-17T09:03:38","slug":"caturix-mouse-mat-case-protective-cover-for-xxl-gaming-mouse-pads-with-soft-inner-lining-protects-against-scratches","status":"publish","type":"product","link":"https:\/\/vavcase.com\/it\/prodotto\/caturix-tappetino-per-mouse-custodia-protettiva-per-tappetini-per-mouse-da-gioco-xxl-con-rivestimento-interno-morbido-protegge-dai-graffi\/","title":{"rendered":"CATURIX Custodia per tappetino per mouse - Copertura protettiva per tappetini per mouse da gioco XXL con morbida fodera interna, protegge dai graffi"},"content":{"rendered":"<div id=\"dp_productDescription_container_div\" class=\"celwidget pd_rd_w-ttTag pd_rd_r-NZ903FC3K87WZT45QJCH pd_rd_wg-R7ct8\" data-feature-name=\"productDescription\" data-csa-c-type=\"widget\" data-csa-c-content-id=\"productDescription\" data-csa-c-slot-id=\"dp_productDescription_container_div\" data-csa-c-asin=\"\" data-csa-c-is-in-initial-active-row=\"false\" data-csa-c-id=\"1lynjg-bkeg3y-pd88b7-35quby\" data-cel-widget=\"dp_productDescription_container_div\">\n<div>\n<div id=\"productDescription_feature_div\" class=\"a-row feature\" data-feature-name=\"productDescription\" data-template-name=\"productDescription\" data-cel-widget=\"productDescription_feature_div\">\n<h2 class=\"softlines\">Descrizione del prodotto<\/h2>\n<div id=\"productDescription\" class=\"a-section a-spacing-small\">\n<p>CATURIX Custodia per tappetino per mouse - Copertura protettiva per tappetini per mouse da gioco XXL con rivestimento interno morbido che protegge dai graffi Nero<\/p>\n<\/div>\n<\/div>\n<\/div>\n<\/div>\n<div id=\"detailBulletsProductFactsDesktopT3\" class=\"celwidget pd_rd_w-PtL8d pd_rd_r-NZ903FC3K87WZT45QJCH pd_rd_wg-R7ct8\" data-feature-name=\"detailBulletsProductFactsDesktopT3\" data-csa-c-type=\"widget\" data-csa-c-content-id=\"detailBulletsProductFactsDesktopT3\" data-csa-c-slot-id=\"detailBulletsProductFactsDesktopT3\" data-csa-c-asin=\"\" data-csa-c-is-in-initial-active-row=\"false\" data-csa-c-id=\"65hrim-tn7d2o-g238ng-1zh9re\" data-cel-widget=\"detailBulletsProductFactsDesktopT3\">\n<div id=\"detailBulletsWrapper_feature_div\" class=\"a-section feature detail-bullets-wrapper bucket\" data-feature-name=\"detailBullets\" data-template-name=\"detailBullets\" data-cel-widget=\"detailBulletsWrapper_feature_div\">\n<h2>Dettagli del prodotto<\/h2>\n<div id=\"detailBullets_feature_div\">\n<ul class=\"a-unordered-list a-nostyle a-vertical a-spacing-none detail-bullet-list\">\n<li><span class=\"a-list-item\"><span class=\"a-text-bold\">Dimensioni della confezione .\u00a0<\/span>18,9 x 4,25 x 3,66 pollici; 9,52 once<\/span><\/li>\n<li><span class=\"a-list-item\"><span class=\"a-text-bold\">Numero di modello dell'articolo .\u00a0<\/span>CTRX-18<\/span><\/li>\n<li><span class=\"a-list-item\"><span class=\"a-text-bold\">Data della prima disponibilit\u00e0 .\u00a0<\/span>29 maggio 2024<\/span><\/li>\n<li><span class=\"a-list-item\"><span class=\"a-text-bold\">Produttore .\u00a0<\/span>Caturix<\/span><\/li>\n<\/ul>\n<\/div>\n<\/div>\n<\/div>","protected":false},"excerpt":{"rendered":"<p>Grazie all'inserto in PE, la custodia per tappetino per mouse CATURIX offre al vostro tappetino per mouse da gioco XXL uno strato protettivo ben imbottito.<br \/>\nLa morbida imbottitura interna della custodia protegge il tappetino del mouse da sporcizia, graffi e altri danni che ne compromettono l'utilizzo.<br \/>\n\u00c8 possibile fissare la custodia del mouse pad allo zaino o utilizzare l'anello portachiavi per posizionare le chiavi.<\/p>\n<p>Distinguetevi dalla massa e personalizzate il vostro tappetino per mouse con la chiusura in velcro per le patch.<br \/>\nSiamo molto attenti alla sostenibilit\u00e0: La copertura protettiva \u00e8 realizzata in materiale PET riciclato, resistente all'acqua, elastico e di qualit\u00e0 superiore.<\/p>","protected":false},"featured_media":2485,"comment_status":"open","ping_status":"closed","template":"","meta":[],"product_brand":[],"product_cat":[66,58],"product_tag":[],"class_list":{"0":"post-2478","1":"product","2":"type-product","3":"status-publish","4":"has-post-thumbnail","6":"product_cat-mousepad-cases","7":"product_cat-setup-accessories","9":"first","10":"instock","11":"shipping-taxable","12":"purchasable","13":"product-type-simple"},"_links":{"self":[{"href":"https:\/\/vavcase.com\/it\/wp-json\/wp\/v2\/product\/2478","targetHints":{"allow":["GET"]}}],"collection":[{"href":"https:\/\/vavcase.com\/it\/wp-json\/wp\/v2\/product"}],"about":[{"href":"https:\/\/vavcase.com\/it\/wp-json\/wp\/v2\/types\/product"}],"replies":[{"embeddable":true,"href":"https:\/\/vavcase.com\/it\/wp-json\/wp\/v2\/comments?post=2478"}],"wp:featuredmedia":[{"embeddable":true,"href":"https:\/\/vavcase.com\/it\/wp-json\/wp\/v2\/media\/2485"}],"wp:attachment":[{"href":"https:\/\/vavcase.com\/it\/wp-json\/wp\/v2\/media?parent=2478"}],"wp:term":[{"taxonomy":"product_brand","embeddable":true,"href":"https:\/\/vavcase.com\/it\/wp-json\/wp\/v2\/product_brand?post=2478"},{"taxonomy":"product_cat","embeddable":true,"href":"https:\/\/vavcase.com\/it\/wp-json\/wp\/v2\/product_cat?post=2478"},{"taxonomy":"product_tag","embeddable":true,"href":"https:\/\/vavcase.com\/it\/wp-json\/wp\/v2\/product_tag?post=2478"}],"curies":[{"name":"wp","href":"https:\/\/api.w.org\/{rel}","templated":true}]}}