{"id":2495,"date":"2025-02-17T09:18:27","date_gmt":"2025-02-17T09:18:27","guid":{"rendered":"https:\/\/vavcase.com\/?post_type=product&#038;p=2495"},"modified":"2025-02-17T09:18:45","modified_gmt":"2025-02-17T09:18:45","slug":"under-desk-cable-management-tray-15-7-no-drill-steel-desk-cable-organizers-wire-management-tray-cable-management-rack","status":"publish","type":"product","link":"https:\/\/vavcase.com\/it\/prodotto\/vassoio-per-la-gestione-dei-cavi-sotto-la-scrivania-15-7-senza-trapano-organizzatori-di-cavi-per-scrivania-vassoio-per-la-gestione-dei-cavi-rack-per-la-gestione-dei-cavi\/","title":{"rendered":"Vassoio di gestione dei cavi sotto la scrivania, organizzatori di cavi da scrivania in acciaio senza trapano da 15,7\", vassoio di gestione dei cavi Rack di gestione dei cavi"},"content":{"rendered":"<h2>Informazioni sul prodotto<\/h2>\n<div class=\"a-row a-spacing-top-base\">\n<div class=\"a-column a-span6\">\n<div class=\"a-row a-spacing-base\">\n<div class=\"a-section table-padding\">\n<table id=\"productDetails_detailBullets_sections1\" class=\"a-keyvalue prodDetTable\" role=\"presentation\">\n<tbody>\n<tr>\n<th class=\"a-color-secondary a-size-base prodDetSectionEntry\">Dimensioni del prodotto<\/th>\n<td class=\"a-size-base prodDetAttrValue\">15,7 x 4,7 x 0,04 pollici<\/td>\n<\/tr>\n<tr>\n<th class=\"a-color-secondary a-size-base prodDetSectionEntry\">Peso dell'articolo<\/th>\n<td class=\"a-size-base prodDetAttrValue\">1,54 libbre<\/td>\n<\/tr>\n<tr>\n<th class=\"a-color-secondary a-size-base prodDetSectionEntry\">ASIN<\/th>\n<td class=\"a-size-base prodDetAttrValue\">B09L62NFJ2<\/td>\n<\/tr>\n<tr>\n<th class=\"a-color-secondary a-size-base prodDetSectionEntry\">Recensioni dei clienti<\/th>\n<td class=\"a-size-base\">\n<div id=\"averageCustomerReviews\" data-asin=\"B09L62NFJ2\" data-ref=\"dpx_acr_pop_\"><span class=\"a-declarative\" data-action=\"acrStarsLink-click-metrics\" data-acrstarslink-click-metrics=\"{}\"><span id=\"acrPopover\" class=\"reviewCountTextLinkedHistogram noUnderline\" title=\"4,7 su 5 stelle\"><a class=\"a-popover-trigger a-declarative\" role=\"button\"><span class=\"a-size-base a-color-base\">4.7\u00a0<\/span><i class=\"a-icon a-icon-star a-star-4-5 cm-cr-review-stars-spacing-big\"><span class=\"a-icon-alt\">4,7 su 5 stelle<\/span><\/i>\u00a0<i class=\"a-icon a-icon-popover\"><\/i><\/a>\u00a0\u00a0<\/span><\/span>\u00a0<span class=\"a-declarative\" data-action=\"acrLink-click-metrics\" data-acrlink-click-metrics=\"{}\"><a id=\"acrCustomerReviewLink\" class=\"a-link-normal\" href=\"https:\/\/www.amazon.com\/Under-Cable-Management-Organizers-Organizer\/dp\/B09L62NFJ2\/ref=sr_1_4?crid=O7NJBDSK332Z&amp;dib=eyJ2IjoiMSJ9.LQCsa3NDOpKGJ-O1OuSYJ_IEz2CGVwWOSlQCEqU8aBzODSdsjHqym7Im5gFgkbYIHP-WifHfI14_BhPg0jXffgvOh2nFKQorNpwup4m5_jfbTHNyLZp2TYAUAwB1AtZ-VQOjssrAOGolk6b75o4zp0wFaDWIF1_EcmCSocySeHQKP71K4wRU4sYzWbvIDVNNLs47UMXSHy0ZHyk2Qy-Qa-PLpxeOII3iWu1W7hCj4TE.ZIUZOM-P77AjSCz5levdJyhvFwqhTpbB8PkxDS2RW-I&amp;dib_tag=se&amp;keywords=%E2%80%A2%2BCable%2BManagement%2BCases%2B%E2%80%93%2BOrganizers%2Bfor%2Bgaming%2Bcables%2Band%2Badapters.&amp;qid=1739783655&amp;sprefix=cable%2Bmanagement%2Bcases%2Borganizers%2Bfor%2Bgaming%2Bcables%2Band%2Badapters.%2Caps%2C1107&amp;sr=8-4&amp;th=1#customerReviews\"><span id=\"acrCustomerReviewText\" class=\"a-size-base\">3.417 valutazioni<\/span><\/a><\/span><\/div>\n<p>4,7 su 5 stelle<\/td>\n<\/tr>\n<tr>\n<th class=\"a-color-secondary a-size-base prodDetSectionEntry\">Classifica dei migliori venditori<\/th>\n<td>#1.425 in Elettronica (<a href=\"https:\/\/www.amazon.com\/gp\/bestsellers\/electronics\/ref=pd_zg_ts_electronics\">Vedi Top 100 in Elettronica<\/a>)<br \/>\n#20 in\u00a0<a href=\"https:\/\/www.amazon.com\/gp\/bestsellers\/electronics\/6577543011\/ref=pd_zg_hrsr_electronics\">Canalizzazioni per cavi<\/a><\/td>\n<\/tr>\n<tr>\n<th class=\"a-color-secondary a-size-base prodDetSectionEntry\">Data della prima disponibilit\u00e0<\/th>\n<td class=\"a-size-base prodDetAttrValue\">8 novembre 2021<\/td>\n<\/tr>\n<tr>\n<th class=\"a-color-secondary a-size-base prodDetSectionEntry\">Produttore<\/th>\n<td class=\"a-size-base prodDetAttrValue\">RIFLESSIONE<\/td>\n<\/tr>\n<\/tbody>\n<\/table>\n<\/div>\n<\/div>\n<\/div>\n<\/div>","protected":false},"excerpt":{"rendered":"<p>\"Installazione senza trapano: Questo vassoio per la gestione dei cavi \u00e8 privo di viti ed \u00e8 progettato per la vostra postazione di lavoro a casa. Forniamo le istruzioni. I tavoli in legno, vetro, metallo e marmo sono tutti adatti all'uso e si smontano facilmente, senza danni o segni sul tavolo.<br \/>\nDESIGN E VANTAGGI DEL SILICONE: La postazione di lavoro o il tavolo sono protetti da graffi grazie a morbidi cuscinetti in gomma situati su morsetti regolabili e rimovibili. Anti-surriscaldamento, nessun accumulo di polvere Capacit\u00e0 extra-large, cavo regolabile.<br \/>\nFORTE E ROBUSTO: questo nuovo passacavo \u00e8 realizzato in acciaio al carbonio verniciato a polvere per una lunga durata. \u00c8 silenzioso e stabile. Il design cavo e curvo del vassoio per la gestione dei cavi sotto la scrivania consente di riporre facilmente una ciabatta elettrica e facilita l'organizzazione dei fili dei cavi.<\/p>\n<p>PACCHETTO INCLUSO: La confezione comprende cinque organizzatori di cavi sotto la scrivania e due organizzatori di cavi per computer. Le dimensioni del vassoio per cavi sotto la scrivania sono L15,7 x L4,7 x H6,3 pollici. In presenza di numerosi cavi sotto il vassoio per cavi della scrivania, gli organizer per cavi possono essere particolarmente utili, facilitando la gestione dei cavi della scrivania.<br \/>\nSPAZIO DESCRITTO ORDINATO E PULITO: APERTO Questo raccoglitore per cavi da scrivania si distingue dai tradizionali organizer per cavi sotto la scrivania perch\u00e9 \u00e8 pi\u00f9 resistente, funzionale e vantaggioso. Elimina la necessit\u00e0 di una ciabatta e di un cablaggio disordinato, rendendo l'area di lavoro pi\u00f9 organizzata.<\/p>","protected":false},"featured_media":2503,"comment_status":"open","ping_status":"closed","template":"","meta":[],"product_brand":[],"product_cat":[67,58],"product_tag":[],"class_list":{"0":"post-2495","1":"product","2":"type-product","3":"status-publish","4":"has-post-thumbnail","6":"product_cat-cable-management-cases","7":"product_cat-setup-accessories","9":"first","10":"instock","11":"shipping-taxable","12":"purchasable","13":"product-type-simple"},"_links":{"self":[{"href":"https:\/\/vavcase.com\/it\/wp-json\/wp\/v2\/product\/2495","targetHints":{"allow":["GET"]}}],"collection":[{"href":"https:\/\/vavcase.com\/it\/wp-json\/wp\/v2\/product"}],"about":[{"href":"https:\/\/vavcase.com\/it\/wp-json\/wp\/v2\/types\/product"}],"replies":[{"embeddable":true,"href":"https:\/\/vavcase.com\/it\/wp-json\/wp\/v2\/comments?post=2495"}],"wp:featuredmedia":[{"embeddable":true,"href":"https:\/\/vavcase.com\/it\/wp-json\/wp\/v2\/media\/2503"}],"wp:attachment":[{"href":"https:\/\/vavcase.com\/it\/wp-json\/wp\/v2\/media?parent=2495"}],"wp:term":[{"taxonomy":"product_brand","embeddable":true,"href":"https:\/\/vavcase.com\/it\/wp-json\/wp\/v2\/product_brand?post=2495"},{"taxonomy":"product_cat","embeddable":true,"href":"https:\/\/vavcase.com\/it\/wp-json\/wp\/v2\/product_cat?post=2495"},{"taxonomy":"product_tag","embeddable":true,"href":"https:\/\/vavcase.com\/it\/wp-json\/wp\/v2\/product_tag?post=2495"}],"curies":[{"name":"wp","href":"https:\/\/api.w.org\/{rel}","templated":true}]}}