{"id":2504,"date":"2025-02-17T09:22:32","date_gmt":"2025-02-17T09:22:32","guid":{"rendered":"https:\/\/vavcase.com\/?post_type=product&#038;p=2504"},"modified":"2026-04-08T14:19:56","modified_gmt":"2026-04-08T14:19:56","slug":"yecaye-2-pack-cable-management-under-desk-31-5-in-under-desk-cable-management-tray","status":"publish","type":"product","link":"https:\/\/vavcase.com\/it\/prodotto\/yecaye-2-pack-gestione-cavi-sotto-la-scrivania-31-5-in-vassoio-gestione-cavi-sotto-la-scrivania\/","title":{"rendered":"Yecaye 2 Pack Gestione dei cavi sotto la scrivania, vassoio per la gestione dei cavi sotto la scrivania da 31,5 pollici"},"content":{"rendered":"<h2>Informazioni sul prodotto<\/h2>\n<div class=\"a-row a-spacing-top-base\">\n<div class=\"a-column a-span6\">\n<div class=\"a-row a-spacing-base\">\n<div class=\"a-section table-padding\">\n<table id=\"productDetails_detailBullets_sections1\" class=\"a-keyvalue prodDetTable\" role=\"presentation\">\n<tbody>\n<tr>\n<th class=\"a-color-secondary a-size-base prodDetSectionEntry\">Dimensioni del prodotto<\/th>\n<td class=\"a-size-base prodDetAttrValue\">31,4 x 3,9 x 3,5 pollici<\/td>\n<\/tr>\n<tr>\n<th class=\"a-color-secondary a-size-base prodDetSectionEntry\">Peso dell'articolo<\/th>\n<td class=\"a-size-base prodDetAttrValue\">1,92 libbre<\/td>\n<\/tr>\n<tr>\n<th class=\"a-color-secondary a-size-base prodDetSectionEntry\">ASIN<\/th>\n<td class=\"a-size-base prodDetAttrValue\">B08J4173VD<\/td>\n<\/tr>\n<tr>\n<th class=\"a-color-secondary a-size-base prodDetSectionEntry\">Numero di modello dell'articolo<\/th>\n<td class=\"a-size-base prodDetAttrValue\">Gestione dei cavi sotto la scrivania Canale a U<\/td>\n<\/tr>\n<tr>\n<th class=\"a-color-secondary a-size-base prodDetSectionEntry\">Recensioni dei clienti<\/th>\n<td class=\"a-size-base\">\n<div id=\"averageCustomerReviews\" data-asin=\"B08J4173VD\" data-ref=\"dpx_acr_pop_\"><span class=\"a-declarative\" data-action=\"acrStarsLink-click-metrics\" data-acrstarslink-click-metrics=\"{}\"><span id=\"acrPopover\" class=\"reviewCountTextLinkedHistogram noUnderline\" title=\"4,3 su 5 stelle\"><a class=\"a-popover-trigger a-declarative\" role=\"button\"><span class=\"a-size-base a-color-base\">4.3\u00a0<\/span><i class=\"a-icon a-icon-star a-star-4-5 cm-cr-review-stars-spacing-big\"><span class=\"a-icon-alt\">4,3 su 5 stelle<\/span><\/i>\u00a0<i class=\"a-icon a-icon-popover\"><\/i><\/a>\u00a0\u00a0<\/span><\/span>\u00a0<span class=\"a-declarative\" data-action=\"acrLink-click-metrics\" data-acrlink-click-metrics=\"{}\"><a id=\"acrCustomerReviewLink\" class=\"a-link-normal\" href=\"https:\/\/www.amazon.com\/Yecaye-Cable-Management-Organizer-Office\/dp\/B08J4173VD\/ref=sr_1_18?crid=O7NJBDSK332Z&amp;dib=eyJ2IjoiMSJ9.JWbvtaFXB5ENBry_y8QN_cppk5vwDg27FLmB5z9A0Glgzmg0obxHvYyODl2c1op6dOqUMqQ2VxAZUVtjZn4AKnauO3-TuYzmMG1d_rae9KmHXAIEbeTEvCfO_0OpcmDb2pTgkNwmsmVSG6o5CAPPq1M71wmZlQWs5X2D6DRA1WYZh1EUVMY6A4mb-6a_rWeU3gzaQv6oPexHNq2Cn5DySwPlaMsadvfGsWvMN030VLc.d50GkUEU7METsYzHbCO_7ZbwMXUQLdDLieCJ4NIeoGg&amp;dib_tag=se&amp;keywords=%E2%80%A2%2BCable%2BManagement%2BCases%2B%E2%80%93%2BOrganizers%2Bfor%2Bgaming%2Bcables%2Band%2Badapters.&amp;qid=1739783950&amp;sprefix=cable%2Bmanagement%2Bcases%2Borganizers%2Bfor%2Bgaming%2Bcables%2Band%2Badapters.%2Caps%2C1107&amp;sr=8-18&amp;xpid=Budc5jspIi1w2&amp;th=1#customerReviews\"><span id=\"acrCustomerReviewText\" class=\"a-size-base\">1.759 valutazioni<\/span><\/a><\/span><\/div>\n<p>4,3 su 5 stelle<\/td>\n<\/tr>\n<tr>\n<th class=\"a-color-secondary a-size-base prodDetSectionEntry\">Classifica dei migliori venditori<\/th>\n<td>#2.785 in Elettronica (<a href=\"https:\/\/www.amazon.com\/gp\/bestsellers\/electronics\/ref=pd_zg_ts_electronics\">Vedi Top 100 in Elettronica<\/a>)<br \/>\n#43 in\u00a0<a href=\"https:\/\/www.amazon.com\/gp\/bestsellers\/electronics\/6577543011\/ref=pd_zg_hrsr_electronics\">Canalizzazioni per cavi<\/a><\/td>\n<\/tr>\n<\/tbody>\n<\/table>\n<\/div>\n<\/div>\n<\/div>\n<\/div>","protected":false},"excerpt":{"rendered":"<p>Gestione dei cavi di grande capacit\u00e0: L'organizer per cavi di grandi dimensioni di Yecaye pu\u00f2 aiutare a nascondere in modo ordinato tutti gli oggetti e a organizzare lo spazio di lavoro in ufficio o la scrivania di gioco. \u00c8 una scelta eccezionale per le ciabatte, le protezioni da sovratensione, i mattoni di alimentazione, i dischi rigidi esterni, i cavi o le connessioni. Le strisce di alimentazione e i cavi possono essere inseriti nel sistema di gestione dei cavi situato sotto la scrivania, senza bisogno di un coperchio a cerniera o di un coperchio mobile.<br \/>\nInstallazione semplice con nastro adesivo resistente: La gestione dei cavi sotto la scrivania si installa facilmente applicando il nastro adesivo alla superficie. \u00c8 necessario attendere almeno 24 ore prima di installare cavi o cavi di alimentazione. La capacit\u00e0 di carico sar\u00e0 di ben 6 libbre e sar\u00e0 saldamente fissata per evitare che cada.<br \/>\nInstallazione adattabile: Il nostro sistema di gestione dei cavi sotto la scrivania \u00e8 realizzato in plastica rigida in PVC da 2 mm ed \u00e8 adatto all'uso su qualsiasi superficie liscia, ad eccezione delle pareti strutturate. Pu\u00f2 essere posizionato sotto la scrivania, verso l'interno o l'esterno, dietro la scrivania o contro la parete.<\/p>\n<p>Spazio sufficiente per l'uso: la lunghezza totale del cavo \u00e8 di 31,5 pollici e l'apertura superiore e i ritagli laterali sono progettati per consentire ai cavi del computer di passare liberamente sulla scrivania, evitando che si aggroviglino, soprattutto quando si sposta la scrivania su e gi\u00f9. Oltre a evitare il rischio di inciampare, nascondere le prese di corrente e i cavi non fissati libera spazio sulla scrivania e sul pavimento.<br \/>\n\u00c8 inclusa un'ampia gamma di accessori: La confezione comprende due fascette resistenti (L15,7in W3,9in H3,5in), quattro prese per cavi e sei fascette. La parete laterale e il fondo di ogni canalina per cavi sono preforati con cinque aperture, ciascuna delle quali misura 1,2 x 1,2 pollici. Questo semplifica il passaggio dei cavi. I singoli cavi possono essere facilmente separati e infilati nelle aperture.<\/p>","protected":false},"featured_media":2511,"comment_status":"open","ping_status":"closed","template":"","meta":[],"product_brand":[],"product_cat":[67,58],"product_tag":[],"class_list":{"0":"post-2504","1":"product","2":"type-product","3":"status-publish","4":"has-post-thumbnail","6":"product_cat-cable-management-cases","7":"product_cat-setup-accessories","9":"first","10":"instock","11":"shipping-taxable","12":"purchasable","13":"product-type-simple"},"_links":{"self":[{"href":"https:\/\/vavcase.com\/it\/wp-json\/wp\/v2\/product\/2504","targetHints":{"allow":["GET"]}}],"collection":[{"href":"https:\/\/vavcase.com\/it\/wp-json\/wp\/v2\/product"}],"about":[{"href":"https:\/\/vavcase.com\/it\/wp-json\/wp\/v2\/types\/product"}],"replies":[{"embeddable":true,"href":"https:\/\/vavcase.com\/it\/wp-json\/wp\/v2\/comments?post=2504"}],"wp:featuredmedia":[{"embeddable":true,"href":"https:\/\/vavcase.com\/it\/wp-json\/wp\/v2\/media\/2511"}],"wp:attachment":[{"href":"https:\/\/vavcase.com\/it\/wp-json\/wp\/v2\/media?parent=2504"}],"wp:term":[{"taxonomy":"product_brand","embeddable":true,"href":"https:\/\/vavcase.com\/it\/wp-json\/wp\/v2\/product_brand?post=2504"},{"taxonomy":"product_cat","embeddable":true,"href":"https:\/\/vavcase.com\/it\/wp-json\/wp\/v2\/product_cat?post=2504"},{"taxonomy":"product_tag","embeddable":true,"href":"https:\/\/vavcase.com\/it\/wp-json\/wp\/v2\/product_tag?post=2504"}],"curies":[{"name":"wp","href":"https:\/\/api.w.org\/{rel}","templated":true}]}}