{"id":2512,"date":"2025-02-17T09:27:21","date_gmt":"2025-02-17T09:27:21","guid":{"rendered":"https:\/\/vavcase.com\/?post_type=product&#038;p=2512"},"modified":"2025-11-10T10:26:54","modified_gmt":"2025-11-10T10:26:54","slug":"fyy-electronic-organizer-travel-cable-organizer-bag-pouch-electronic-accessories-carry-case-portable-waterproof-double-layers-storage-case","status":"publish","type":"product","link":"https:\/\/vavcase.com\/it\/prodotto\/fyy-organizzatore-elettronico-da-viaggio-borsa-organizzatore-di-cavi-sacchetto-accessori-elettronici-trasportare-caso-portatile-impermeabile-doppio-strato-di-archiviazione\/","title":{"rendered":"Organizzatore elettronico FYY, borsa organizzatrice per cavi da viaggio, borsa per accessori elettronici, custodia portatile impermeabile a doppio strato, custodia di stoccaggio"},"content":{"rendered":"<h2>Informazioni sul prodotto<\/h2>\n<div class=\"a-row a-spacing-top-base\">\n<div class=\"a-column a-span6\">\n<div class=\"a-row a-spacing-base\">\n<div class=\"a-section table-padding\">\n<table id=\"productDetails_detailBullets_sections1\" class=\"a-keyvalue prodDetTable\" role=\"presentation\">\n<tbody>\n<tr>\n<th class=\"a-color-secondary a-size-base prodDetSectionEntry\">Dimensioni del prodotto<\/th>\n<td class=\"a-size-base prodDetAttrValue\">8,3 x 5 x 2,6 pollici<\/td>\n<\/tr>\n<tr>\n<th class=\"a-color-secondary a-size-base prodDetSectionEntry\">Peso dell'articolo<\/th>\n<td class=\"a-size-base prodDetAttrValue\">3,84 once<\/td>\n<\/tr>\n<tr>\n<th class=\"a-color-secondary a-size-base prodDetSectionEntry\">ASIN<\/th>\n<td class=\"a-size-base prodDetAttrValue\">B09DGDDK1C<\/td>\n<\/tr>\n<tr>\n<th class=\"a-color-secondary a-size-base prodDetSectionEntry\">Numero di modello dell'articolo<\/th>\n<td class=\"a-size-base prodDetAttrValue\">FYY-BR-C-002-Cable-Organizer-DL-BK<\/td>\n<\/tr>\n<tr>\n<th class=\"a-color-secondary a-size-base prodDetSectionEntry\">Recensioni dei clienti<\/th>\n<td class=\"a-size-base\">\n<div id=\"averageCustomerReviews\" data-asin=\"B09DGDDK1C\" data-ref=\"dpx_acr_pop_\"><span class=\"a-declarative\" data-action=\"acrStarsLink-click-metrics\" data-acrstarslink-click-metrics=\"{}\"><span id=\"acrPopover\" class=\"reviewCountTextLinkedHistogram noUnderline\" title=\"4,5 su 5 stelle\"><a class=\"a-popover-trigger a-declarative\" role=\"button\"><span class=\"a-size-base a-color-base\">4.5\u00a0<\/span><i class=\"a-icon a-icon-star a-star-4-5 cm-cr-review-stars-spacing-big\"><span class=\"a-icon-alt\">4,5 su 5 stelle<\/span><\/i>\u00a0<i class=\"a-icon a-icon-popover\"><\/i><\/a>\u00a0\u00a0<\/span><\/span>\u00a0<span class=\"a-declarative\" data-action=\"acrLink-click-metrics\" data-acrlink-click-metrics=\"{}\"><a id=\"acrCustomerReviewLink\" class=\"a-link-normal\" href=\"https:\/\/www.amazon.com\/FYY-Electronic-Organizer-Accessories-Waterproof\/dp\/B09DGDDK1C\/ref=sr_1_12_sspa?crid=3HXWMF2A83JZZ&amp;dib=eyJ2IjoiMSJ9.wEk3Ax8K7Grzd_c2xXzNXdN2UM6xDZWFDxvtqKIpqEsEL62FwsNCDPuekS074scihVQ1YJI2WKouieU40PSM61BxIXy42HgkxqaMhc8UNtjCFskov22rxoNghphv35VM2dpYiT0bbLD3_u0plNogqvqKpxRro-J3BShX4DyWpT2OTF2MZskNbn7E9OGYWwttlXaOfpcQouC_XlbLf2VvumTRfSEXa2Osk0apLEj70yE.rZ-C8XBpZuZzK1eNCfD897WI1VhNBd-8kqx7-HETPj4&amp;dib_tag=se&amp;keywords=Cable%2BManagement%2BCases%2B%E2%80%93%2BOrganizers%2Bfor%2Bgaming%2Bcables%2Band%2Badapters&amp;qid=1739783057&amp;sprefix=cable%2Bmanagement%2Bcases%2Borganizers%2Bfor%2Bgaming%2Bcables%2Band%2Badapters%2Caps%2C730&amp;sr=8-12-spons&amp;sp_csd=d2lkZ2V0TmFtZT1zcF9tdGY&amp;th=1#customerReviews\"><span id=\"acrCustomerReviewText\" class=\"a-size-base\">28.719 valutazioni<\/span><\/a><\/span><\/div>\n<p>4,5 su 5 stelle<\/td>\n<\/tr>\n<tr>\n<th class=\"a-color-secondary a-size-base prodDetSectionEntry\">Classifica dei migliori venditori<\/th>\n<td>#2 in\u00a0<a href=\"https:\/\/www.amazon.com\/gp\/bestsellers\/electronics\/290458\/ref=pd_zg_hrsr_electronics\">Borse e custodie per l'organizzazione dei cavi<\/a><\/td>\n<\/tr>\n<\/tbody>\n<\/table>\n<\/div>\n<\/div>\n<\/div>\n<\/div>","protected":false},"excerpt":{"rendered":"<p>Dimensioni: La custodia da viaggio per la conservazione dei cavi misura 8,3\u2033 x 5\u2033 x 2,6\u2033. Grazie alle sue dimensioni compatte e al design leggero, \u00e8 facile da trasportare e riporre nello zaino, nella borsa o nella borsa del computer portatile. Adatto all'organizzazione quotidiana e all'uso familiare.<br \/>\nMateriale di qualit\u00e0: Questa custodia elettronica da viaggio \u00e8 realizzata in oxford impermeabile di alta qualit\u00e0 e resistente e con un interno in morbida spugna per garantire che i vostri gadget siano saldamente in posizione e che possiate accedervi rapidamente in qualsiasi momento. \u00c8 una custodia ideale per proteggere gli accessori elettronici.<br \/>\nDesign a doppio strato: La borsa per l'elettronica \u00e8 dotata di uno scomparto interno a due strati che offre ampio spazio per cavi, fili, unit\u00e0 USB, cellulari, caricabatterie, mouse, unit\u00e0 flash e altri accessori.<\/p>\n<p>Pratico e conveniente: Dotata di una comoda imbracatura per il trasporto senza sforzo, pu\u00f2 essere portata in mano quando si parte. La custodia \u00e8 stata progettata per consentire un rapido accesso agli oggetti contenuti all'interno e la chiusura a cerniera, resistente e scorrevole, assicura che il vostro amato dispositivo sia conservato in modo sicuro.<br \/>\nPortatile e leggero: Questa resistente borsa organizer per cavi \u00e8 la scelta ideale per l'uso durante i viaggi, i viaggi di lavoro, le vacanze o in ufficio, grazie alle sue dimensioni compatte e al design leggero. Questo articolo \u00e8 un ottimo regalo per se stessi e anche un regalo premuroso per amici e familiari. (Gli accessori elettronici e i cavi non sono inclusi).<\/p>","protected":false},"featured_media":2519,"comment_status":"open","ping_status":"closed","template":"","meta":[],"product_brand":[],"product_cat":[67,58],"product_tag":[],"class_list":{"0":"post-2512","1":"product","2":"type-product","3":"status-publish","4":"has-post-thumbnail","6":"product_cat-cable-management-cases","7":"product_cat-setup-accessories","9":"first","10":"instock","11":"shipping-taxable","12":"purchasable","13":"product-type-simple"},"_links":{"self":[{"href":"https:\/\/vavcase.com\/it\/wp-json\/wp\/v2\/product\/2512","targetHints":{"allow":["GET"]}}],"collection":[{"href":"https:\/\/vavcase.com\/it\/wp-json\/wp\/v2\/product"}],"about":[{"href":"https:\/\/vavcase.com\/it\/wp-json\/wp\/v2\/types\/product"}],"replies":[{"embeddable":true,"href":"https:\/\/vavcase.com\/it\/wp-json\/wp\/v2\/comments?post=2512"}],"wp:featuredmedia":[{"embeddable":true,"href":"https:\/\/vavcase.com\/it\/wp-json\/wp\/v2\/media\/2519"}],"wp:attachment":[{"href":"https:\/\/vavcase.com\/it\/wp-json\/wp\/v2\/media?parent=2512"}],"wp:term":[{"taxonomy":"product_brand","embeddable":true,"href":"https:\/\/vavcase.com\/it\/wp-json\/wp\/v2\/product_brand?post=2512"},{"taxonomy":"product_cat","embeddable":true,"href":"https:\/\/vavcase.com\/it\/wp-json\/wp\/v2\/product_cat?post=2512"},{"taxonomy":"product_tag","embeddable":true,"href":"https:\/\/vavcase.com\/it\/wp-json\/wp\/v2\/product_tag?post=2512"}],"curies":[{"name":"wp","href":"https:\/\/api.w.org\/{rel}","templated":true}]}}