{"id":2521,"date":"2025-02-17T09:32:50","date_gmt":"2025-02-17T09:32:50","guid":{"rendered":"https:\/\/vavcase.com\/?post_type=product&#038;p=2521"},"modified":"2026-04-08T14:19:14","modified_gmt":"2026-04-08T14:19:14","slug":"shikha-cable-management-under-desk-15-7-31-retractable-cable-management-tray","status":"publish","type":"product","link":"https:\/\/vavcase.com\/it\/prodotto\/shikha-gestione-dei-cavi-sotto-la-scrivania-15-7-31-vassoio-a-scomparsa-per-la-gestione-dei-cavi\/","title":{"rendered":"Shikha Gestione dei cavi sotto la scrivania, vassoio retrattile da 15,7\u2033-31\u2033 per la gestione dei cavi"},"content":{"rendered":"<h2>Informazioni sul prodotto<\/h2>\n<div class=\"a-row a-spacing-top-base\">\n<div class=\"a-column a-span6\">\n<div class=\"a-row a-spacing-base\">\n<div class=\"a-section table-padding\">\n<table id=\"productDetails_detailBullets_sections1\" class=\"a-keyvalue prodDetTable\" role=\"presentation\">\n<tbody>\n<tr>\n<th class=\"a-color-secondary a-size-base prodDetSectionEntry\">Dimensioni del prodotto<\/th>\n<td class=\"a-size-base prodDetAttrValue\">29,5 x 4,7 x 0,1 pollici<\/td>\n<\/tr>\n<tr>\n<th class=\"a-color-secondary a-size-base prodDetSectionEntry\">Peso dell'articolo<\/th>\n<td class=\"a-size-base prodDetAttrValue\">3,69 libbre<\/td>\n<\/tr>\n<tr>\n<th class=\"a-color-secondary a-size-base prodDetSectionEntry\">ASIN<\/th>\n<td class=\"a-size-base prodDetAttrValue\">B0C5QYSKNJ<\/td>\n<\/tr>\n<tr>\n<th class=\"a-color-secondary a-size-base prodDetSectionEntry\">Recensioni dei clienti<\/th>\n<td class=\"a-size-base\">\n<div id=\"averageCustomerReviews\" data-asin=\"B0C5QYSKNJ\" data-ref=\"dpx_acr_pop_\"><span class=\"a-declarative\" data-action=\"acrStarsLink-click-metrics\" data-acrstarslink-click-metrics=\"{}\"><span id=\"acrPopover\" class=\"reviewCountTextLinkedHistogram noUnderline\" title=\"4,5 su 5 stelle\"><a class=\"a-popover-trigger a-declarative\" role=\"button\"><span class=\"a-size-base a-color-base\">4.5\u00a0<\/span><i class=\"a-icon a-icon-star a-star-4-5 cm-cr-review-stars-spacing-big\"><span class=\"a-icon-alt\">4,5 su 5 stelle<\/span><\/i>\u00a0<i class=\"a-icon a-icon-popover\"><\/i><\/a>\u00a0\u00a0<\/span><\/span>\u00a0<span class=\"a-declarative\" data-action=\"acrLink-click-metrics\" data-acrlink-click-metrics=\"{}\"><a id=\"acrCustomerReviewLink\" class=\"a-link-normal\" href=\"https:\/\/www.amazon.com\/Shikha-Management-Retractable-Drilling-Organizer\/dp\/B0C5QYSKNJ\/ref=sr_1_34_sspa?crid=O7NJBDSK332Z&amp;dib=eyJ2IjoiMSJ9.Zy_NWatJHS3MY4dxWbKWAsCuGZaEd9uESOwohTsNJ3nGjHj071QN20LucGBJIEps.s2K4De6CpZXHf9RimD8QXFw4RBYeSi3-9LnfXndUjjk&amp;dib_tag=se&amp;keywords=%E2%80%A2%2BCable%2BManagement%2BCases%2B%E2%80%93%2BOrganizers%2Bfor%2Bgaming%2Bcables%2Band%2Badapters.&amp;qid=1739784488&amp;sprefix=cable%2Bmanagement%2Bcases%2Borganizers%2Bfor%2Bgaming%2Bcables%2Band%2Badapters.%2Caps%2C1107&amp;sr=8-34-spons&amp;xpid=Budc5jspIi1w2&amp;sp_csd=d2lkZ2V0TmFtZT1zcF9hdGZfbmV4dA&amp;th=1#customerReviews\"><span id=\"acrCustomerReviewText\" class=\"a-size-base\">272 valutazioni<\/span><\/a><\/span><\/div>\n<p>4,5 su 5 stelle<\/td>\n<\/tr>\n<tr>\n<th class=\"a-color-secondary a-size-base prodDetSectionEntry\">Classifica dei migliori venditori<\/th>\n<td>#74,167 in Elettronica (<a href=\"https:\/\/www.amazon.com\/gp\/bestsellers\/electronics\/ref=pd_zg_ts_electronics\">Vedi Top 100 in Elettronica<\/a>)<br \/>\n#711 in\u00a0<a href=\"https:\/\/www.amazon.com\/gp\/bestsellers\/electronics\/6577543011\/ref=pd_zg_hrsr_electronics\">Canalizzazioni per cavi<\/a><\/td>\n<\/tr>\n<\/tbody>\n<\/table>\n<\/div>\n<\/div>\n<\/div>\n<\/div>","protected":false},"excerpt":{"rendered":"<p><strong>Risparmio di spazio:<\/strong> Non riuscite ancora a mantenere una scrivania ordinata e difficile da pulire? Questo sistema di gestione dei cavi sotto la scrivania \u00e8 regolabile, non richiede forature ed \u00e8 facile da installare e rimuovere, migliorando cos\u00ec le attuali circostanze indesiderate. Per fissarlo in posizione si utilizzano morsetti a C con cuscinetti adesivi antifrizione, evitando cos\u00ec di danneggiare la scrivania ed eliminando la necessit\u00e0 di forare.<br \/>\n<strong>Il design non richiede perforazioni :<\/strong> Il vassoio di organizzazione dei cavi \u00e8 largo 4,7\u2033 e pu\u00f2 essere regolato in lunghezza da 15,7\u2033 a 31\u2033. \u00c8 in grado di ospitare pi\u00f9 prese di corrente, caricabatterie per iPhone\/PC e pu\u00f2 essere organizzato in modo pi\u00f9 preciso con l'uso di fascette. L'installazione non richiede l'uso di trapani o adesivi ed \u00e8 estremamente semplice da installare e rimuovere.<br \/>\n<strong>Design innovativo:<\/strong> Realizzata in metallo ad alta resistenza, la struttura cava \u00e8 durevole ed efficiente nel dissipare il calore. Ogni apertura ha uno scopo ben preciso. L'installazione sotto il tavolo previene i danni causati dagli animali domestici e garantisce che il terreno non venga colpito durante la pulizia.<\/p>\n<p><strong>Organizzatore di cavi multiuso:<\/strong> Include clip portacavi per facilitare l'organizzazione del caricabatterie. Le clip sono dotate di nastro adesivo 3M sul retro, eliminando la necessit\u00e0 di ulteriori adesivi per l'installazione. La superficie del tavolo \u00e8 salvaguardata da cuscinetti antifrizione che agiscono sulla posizione di contatto con la scrivania e da clip a forma di C. Tutte le viti e i dadi sono universali, per cui non \u00e8 necessario acquistarne di diversi tipi nel caso in cui uno sia assente o danneggiato.<br \/>\n<strong>Servizio clienti eccellente:<\/strong> Non esitate a contattarci se riscontrate problemi durante l'uso del prodotto o se scoprite parti mancanti dopo aver ricevuto la spedizione. Risponderemo tempestivamente.<\/p>","protected":false},"featured_media":2529,"comment_status":"open","ping_status":"closed","template":"","meta":[],"product_brand":[],"product_cat":[67,58],"product_tag":[],"class_list":{"0":"post-2521","1":"product","2":"type-product","3":"status-publish","4":"has-post-thumbnail","6":"product_cat-cable-management-cases","7":"product_cat-setup-accessories","9":"first","10":"instock","11":"shipping-taxable","12":"purchasable","13":"product-type-simple"},"_links":{"self":[{"href":"https:\/\/vavcase.com\/it\/wp-json\/wp\/v2\/product\/2521","targetHints":{"allow":["GET"]}}],"collection":[{"href":"https:\/\/vavcase.com\/it\/wp-json\/wp\/v2\/product"}],"about":[{"href":"https:\/\/vavcase.com\/it\/wp-json\/wp\/v2\/types\/product"}],"replies":[{"embeddable":true,"href":"https:\/\/vavcase.com\/it\/wp-json\/wp\/v2\/comments?post=2521"}],"wp:featuredmedia":[{"embeddable":true,"href":"https:\/\/vavcase.com\/it\/wp-json\/wp\/v2\/media\/2529"}],"wp:attachment":[{"href":"https:\/\/vavcase.com\/it\/wp-json\/wp\/v2\/media?parent=2521"}],"wp:term":[{"taxonomy":"product_brand","embeddable":true,"href":"https:\/\/vavcase.com\/it\/wp-json\/wp\/v2\/product_brand?post=2521"},{"taxonomy":"product_cat","embeddable":true,"href":"https:\/\/vavcase.com\/it\/wp-json\/wp\/v2\/product_cat?post=2521"},{"taxonomy":"product_tag","embeddable":true,"href":"https:\/\/vavcase.com\/it\/wp-json\/wp\/v2\/product_tag?post=2521"}],"curies":[{"name":"wp","href":"https:\/\/api.w.org\/{rel}","templated":true}]}}