{"id":2531,"date":"2025-02-17T09:44:08","date_gmt":"2025-02-17T09:44:08","guid":{"rendered":"https:\/\/vavcase.com\/?post_type=product&#038;p=2531"},"modified":"2026-04-11T13:59:40","modified_gmt":"2026-04-11T13:59:40","slug":"2-in-1-aluminum-headphone-stand-phone-holder-rack-sleek-sturdy-ergonomic-design-gaming-headset-stand-for-desk-organization","status":"publish","type":"product","link":"https:\/\/vavcase.com\/it\/prodotto\/2-in-1-supporto-per-cuffie-in-alluminio-porta-telefono-rack-elegante-e-robusto-design-ergonomico-supporto-per-cuffie-da-gioco-per-lorganizzazione-della-scrivania\/","title":{"rendered":"Supporto per cuffie e portacellulare in alluminio 2 in 1 - Supporto per cuffie da gioco dal design elegante, robusto ed ergonomico per l'organizzazione della scrivania"},"content":{"rendered":"<h2>Informazioni sul prodotto<\/h2>\n<div class=\"a-row a-spacing-top-base\">\n<div class=\"a-column a-span6\">\n<div class=\"a-row a-spacing-base\">\n<div class=\"a-section table-padding\">\n<table id=\"productDetails_detailBullets_sections1\" class=\"a-keyvalue prodDetTable\" role=\"presentation\">\n<tbody>\n<tr>\n<th class=\"a-color-secondary a-size-base prodDetSectionEntry\">Dimensioni del prodotto<\/th>\n<td class=\"a-size-base prodDetAttrValue\">4,1 x 4,09 x 9,25 pollici<\/td>\n<\/tr>\n<tr>\n<th class=\"a-color-secondary a-size-base prodDetSectionEntry\">Peso dell'articolo<\/th>\n<td class=\"a-size-base prodDetAttrValue\">3,2 once<\/td>\n<\/tr>\n<tr>\n<th class=\"a-color-secondary a-size-base prodDetSectionEntry\">ASIN<\/th>\n<td class=\"a-size-base prodDetAttrValue\">B0CRTDMYHD<\/td>\n<\/tr>\n<tr>\n<th class=\"a-color-secondary a-size-base prodDetSectionEntry\">Numero di modello dell'articolo<\/th>\n<td class=\"a-size-base prodDetAttrValue\">supporto per cuffie<\/td>\n<\/tr>\n<tr>\n<th class=\"a-color-secondary a-size-base prodDetSectionEntry\">Recensioni dei clienti<\/th>\n<td class=\"a-size-base\">\n<div id=\"averageCustomerReviews\" data-asin=\"B0CRTDMYHD\" data-ref=\"dpx_acr_pop_\"><span class=\"a-declarative\" data-action=\"acrStarsLink-click-metrics\" data-acrstarslink-click-metrics=\"{}\"><span id=\"acrPopover\" class=\"reviewCountTextLinkedHistogram noUnderline\" title=\"4,4 su 5 stelle\"><a class=\"a-popover-trigger a-declarative\" role=\"button\"><span class=\"a-size-base a-color-base\">4.4\u00a0<\/span><i class=\"a-icon a-icon-star a-star-4-5 cm-cr-review-stars-spacing-big\"><span class=\"a-icon-alt\">4,4 su 5 stelle<\/span><\/i>\u00a0<i class=\"a-icon a-icon-popover\"><\/i><\/a>\u00a0\u00a0<\/span><\/span>\u00a0<span class=\"a-declarative\" data-action=\"acrLink-click-metrics\" data-acrlink-click-metrics=\"{}\"><a id=\"acrCustomerReviewLink\" class=\"a-link-normal\" href=\"https:\/\/www.amazon.com\/XMANA-Aluminum-Headphone-Stand-Holder\/dp\/B0CRTDMYHD\/ref=sr_1_15?crid=2E1D1X94YOD6J&amp;dib=eyJ2IjoiMSJ9.lfWIQ9Fyq1SLL2jZOkD6FldwIwyeeGhgak5fQgWZ90SEz5Qrts3gQ9_mdktZ5WHfvEdK2npZfgZR1Zxlsxa2BL5ZA1UyEwbkdGFdPbTz2AAJAhaZCqQi5vNFbOCYG0xGfwVTWHD_0fhQtUIN4OLmhMihhDBssCPHm0sXwUue8u70UILj1ziW-Iky3sdegtag9sRTzCOaoXJH0KQr7vHC56UxEET9LrJbojTJvyvR7-o.3DAqE5cPMmswDOzujncxLOE81PC5HE62SxrGEMkj-_M&amp;dib_tag=se&amp;keywords=Headset%2BStands&amp;qid=1739785103&amp;sprefix=headset%2Bstands%2B%2Caps%2C378&amp;sr=8-15&amp;th=1#customerReviews\"><span id=\"acrCustomerReviewText\" class=\"a-size-base\">135 valutazioni<\/span><\/a><\/span><\/div>\n<p>4,4 su 5 stelle<\/td>\n<\/tr>\n<tr>\n<th class=\"a-color-secondary a-size-base prodDetSectionEntry\">Classifica dei migliori venditori<\/th>\n<td>#3.428 in Elettronica (<a href=\"https:\/\/www.amazon.com\/gp\/bestsellers\/electronics\/ref=pd_zg_ts_electronics\">Vedi Top 100 in Elettronica<\/a>)<br \/>\n#7,118 in\u00a0<a href=\"https:\/\/www.amazon.com\/gp\/bestsellers\/electronics\/281407\/ref=pd_zg_hrsr_electronics\">Accessori e forniture per l'elettronica<\/a><\/td>\n<\/tr>\n<tr>\n<th class=\"a-color-secondary a-size-base prodDetSectionEntry\">Caratteristiche speciali<\/th>\n<td class=\"a-size-base prodDetAttrValue\">Portatile, ergonomico, sottile, senza mani, tascabile<\/td>\n<\/tr>\n<tr>\n<th class=\"a-color-secondary a-size-base prodDetSectionEntry\">Altre caratteristiche del display<\/th>\n<td class=\"a-size-base prodDetAttrValue\">CE<\/td>\n<\/tr>\n<tr>\n<th class=\"a-color-secondary a-size-base prodDetSectionEntry\">Fattore di forma<\/th>\n<td class=\"a-size-base prodDetAttrValue\">Torre<\/td>\n<\/tr>\n<tr>\n<th class=\"a-color-secondary a-size-base prodDetSectionEntry\">Colore<\/th>\n<td class=\"a-size-base prodDetAttrValue\">Nero<\/td>\n<\/tr>\n<tr>\n<th class=\"a-color-secondary a-size-base prodDetSectionEntry\">Cosa contiene la confezione<\/th>\n<td class=\"a-size-base prodDetAttrValue\">Nastro adesivo da 3 m, supporto per cuffie<\/td>\n<\/tr>\n<tr>\n<th class=\"a-color-secondary a-size-base prodDetSectionEntry\">Produttore<\/th>\n<td class=\"a-size-base prodDetAttrValue\">XMANA<\/td>\n<\/tr>\n<\/tbody>\n<\/table>\n<\/div>\n<\/div>\n<\/div>\n<\/div>","protected":false},"excerpt":{"rendered":"<p><strong>Doppia funzionalit\u00e0:<\/strong> Assicura che i vostri oggetti essenziali siano sempre a portata di mano, sostenendo senza sforzo sia le cuffie che i telefoni.<\/p>\n<p><strong> Costruzione resistente:<\/strong> Costruito con materiali di prima qualit\u00e0 e dotato di una presa per cuffie in alluminio per garantire longevit\u00e0 e stabilit\u00e0.<\/p>\n<p><strong>Design compatto:<\/strong> Il supporto per cuffie \u00e8 la scelta ideale per una postazione o uno spazio di lavoro e misura 9,25\u2033 in altezza e 4,1\u2033 in larghezza.<\/p>\n<p><strong>Comodo montaggio:<\/strong> Il vostro supporto per cuffie sar\u00e0 pronto in pochi secondi con un'installazione senza problemi.<\/p>\n<p><strong>Compatibilit\u00e0 universale:<\/strong> Progettato per adattarsi a una vasta gamma di dimensioni di cuffie e telefoni, tra cui AirPods Max, XBox e PS5, nonch\u00e9 a tutti gli auricolari da gioco wireless e collegati.<br \/>\n<strong>Regali ideali per i giocatori:<\/strong> Un accessorio di gioco essenziale per ogni appassionato, in quanto migliora la configurazione e l'esperienza di gioco. Aspetto elegante: Un design moderno e minimalista, compatibile con l'arredamento di qualsiasi stanza.<\/p>","protected":false},"featured_media":2536,"comment_status":"open","ping_status":"closed","template":"","meta":[],"product_brand":[],"product_cat":[68,58],"product_tag":[],"class_list":{"0":"post-2531","1":"product","2":"type-product","3":"status-publish","4":"has-post-thumbnail","6":"product_cat-headset-stands","7":"product_cat-setup-accessories","9":"first","10":"instock","11":"shipping-taxable","12":"purchasable","13":"product-type-simple"},"_links":{"self":[{"href":"https:\/\/vavcase.com\/it\/wp-json\/wp\/v2\/product\/2531","targetHints":{"allow":["GET"]}}],"collection":[{"href":"https:\/\/vavcase.com\/it\/wp-json\/wp\/v2\/product"}],"about":[{"href":"https:\/\/vavcase.com\/it\/wp-json\/wp\/v2\/types\/product"}],"replies":[{"embeddable":true,"href":"https:\/\/vavcase.com\/it\/wp-json\/wp\/v2\/comments?post=2531"}],"wp:featuredmedia":[{"embeddable":true,"href":"https:\/\/vavcase.com\/it\/wp-json\/wp\/v2\/media\/2536"}],"wp:attachment":[{"href":"https:\/\/vavcase.com\/it\/wp-json\/wp\/v2\/media?parent=2531"}],"wp:term":[{"taxonomy":"product_brand","embeddable":true,"href":"https:\/\/vavcase.com\/it\/wp-json\/wp\/v2\/product_brand?post=2531"},{"taxonomy":"product_cat","embeddable":true,"href":"https:\/\/vavcase.com\/it\/wp-json\/wp\/v2\/product_cat?post=2531"},{"taxonomy":"product_tag","embeddable":true,"href":"https:\/\/vavcase.com\/it\/wp-json\/wp\/v2\/product_tag?post=2531"}],"curies":[{"name":"wp","href":"https:\/\/api.w.org\/{rel}","templated":true}]}}