{"id":2549,"date":"2025-02-17T09:55:55","date_gmt":"2025-02-17T09:55:55","guid":{"rendered":"https:\/\/vavcase.com\/?post_type=product&#038;p=2549"},"modified":"2026-03-20T15:45:35","modified_gmt":"2026-03-20T15:45:35","slug":"usb-rgb-headphone-stand-with-3-usb-3-0-ports-rgb-lights-the-portal-ultimate-gaming-accessories","status":"publish","type":"product","link":"https:\/\/vavcase.com\/it\/prodotto\/supporto-per-cuffie-usb-rgb-con-3-porte-usb-3-0-e-luci-rgb-il-portale-degli-accessori-di-gioco-per-eccellenza\/","title":{"rendered":"Supporto per cuffie USB RGB con 3 porte USB 3.0 e luci RGB Il portale degli accessori di gioco pi\u00f9 avanzati"},"content":{"rendered":"<h3 class=\"a-spacing-mini\">Il suo supporto per cuffie RGB valorizzer\u00e0 la vostra scrivania da gioco con uno stile unico e pratico.<\/h3>\n<p class=\"a-spacing-base\">Size:156mm*161mm*261mm<\/p>\n<p class=\"a-spacing-base\">Luce RGB: 12 modelli<\/p>\n<p class=\"a-spacing-base\">EQ:3 modelli<\/p>\n<p class=\"a-spacing-base\">Porta: 3 USB 3.0<\/p>\n<p class=\"a-spacing-base\">Impostazione:<\/p>\n<p class=\"a-spacing-base\">1. Trovare il cavo USB in dotazione e inserirlo nella parte posteriore del supporto delle cuffie. Inserire l'altra estremit\u00e0 nella porta USB del computer.<\/p>\n<p class=\"a-spacing-base\">2. La luce RGB si accende.<\/p>\n<p class=\"a-spacing-base\">3. Ora \u00e8 possibile collegare altre connessioni USB e le cuffie e il microfono ai rispettivi jack.<\/p>\n<p class=\"a-spacing-base\">4. Consultare l'imballaggio esterno per vedere le immagini di dove collegare i dispositivi, se si \u00e8 confusi.<\/p>\n<h2>Informazioni sul prodotto<\/h2>\n<div class=\"a-row a-spacing-top-base\">\n<div class=\"a-column a-span6\">\n<div class=\"a-row a-spacing-base\">\n<div class=\"a-section table-padding\">\n<table id=\"productDetails_detailBullets_sections1\" class=\"a-keyvalue prodDetTable\" role=\"presentation\">\n<tbody>\n<tr>\n<th class=\"a-color-secondary a-size-base prodDetSectionEntry\">Dimensioni della confezione<\/th>\n<td class=\"a-size-base prodDetAttrValue\">10,4 x 6,6 x 6,6 pollici<\/td>\n<\/tr>\n<tr>\n<th class=\"a-color-secondary a-size-base prodDetSectionEntry\">Peso dell'articolo<\/th>\n<td class=\"a-size-base prodDetAttrValue\">1,5 libbre<\/td>\n<\/tr>\n<tr>\n<th class=\"a-color-secondary a-size-base prodDetSectionEntry\">ASIN<\/th>\n<td class=\"a-size-base prodDetAttrValue\">B08VDZPRKC<\/td>\n<\/tr>\n<tr>\n<th class=\"a-color-secondary a-size-base prodDetSectionEntry\">Numero di modello dell'articolo<\/th>\n<td class=\"a-size-base prodDetAttrValue\">502<\/td>\n<\/tr>\n<tr>\n<th class=\"a-color-secondary a-size-base prodDetSectionEntry\">Recensioni dei clienti<\/th>\n<td class=\"a-size-base\">\n<div id=\"averageCustomerReviews\" data-asin=\"B08VDZPRKC\" data-ref=\"dpx_acr_pop_\"><span class=\"a-declarative\" data-action=\"acrStarsLink-click-metrics\" data-acrstarslink-click-metrics=\"{}\"><span id=\"acrPopover\" class=\"reviewCountTextLinkedHistogram noUnderline\" title=\"4,6 su 5 stelle\"><a class=\"a-popover-trigger a-declarative\" role=\"button\"><span class=\"a-size-base a-color-base\">4.6\u00a0<\/span><i class=\"a-icon a-icon-star a-star-4-5 cm-cr-review-stars-spacing-big\"><span class=\"a-icon-alt\">4,6 su 5 stelle<\/span><\/i>\u00a0<i class=\"a-icon a-icon-popover\"><\/i><\/a>\u00a0\u00a0<\/span><\/span>\u00a0<span class=\"a-declarative\" data-action=\"acrLink-click-metrics\" data-acrlink-click-metrics=\"{}\"><a id=\"acrCustomerReviewLink\" class=\"a-link-normal\" href=\"https:\/\/www.amazon.com\/Headphone-Lights-Trusyo-Ultimate-Accessories\/dp\/B08VDZPRKC\/ref=sr_1_2_sspa?crid=36HLINIDF3N3J&amp;keywords=%E2%80%A2+Headset+Stands+with+Protectionection.&amp;qid=1739784941&amp;sprefix=headset+stands+with+protectionection.%2Caps%2C348&amp;sr=8-2-spons&amp;sp_csd=d2lkZ2V0TmFtZT1zcF9hdGY&amp;psc=1#customerReviews\"><span id=\"acrCustomerReviewText\" class=\"a-size-base\">325 valutazioni<\/span><\/a><\/span><\/div>\n<p>4,6 su 5 stelle<\/td>\n<\/tr>\n<tr>\n<th class=\"a-color-secondary a-size-base prodDetSectionEntry\">Classifica dei migliori venditori<\/th>\n<td>#45.054 in Videogiochi (<a href=\"https:\/\/www.amazon.com\/gp\/bestsellers\/videogames\/ref=pd_zg_ts_videogames\">Vedi la Top 100 dei videogiochi<\/a>)<br \/>\n#1.343 in\u00a0<a href=\"https:\/\/www.amazon.com\/gp\/bestsellers\/videogames\/402053011\/ref=pd_zg_hrsr_videogames\">Cuffie per giochi per PC<\/a><\/td>\n<\/tr>\n<\/tbody>\n<\/table>\n<\/div>\n<\/div>\n<\/div>\n<\/div>","protected":false},"excerpt":{"rendered":"<p><strong>Hub USB con porte 3.0:<\/strong> offre un'interfaccia di ricarica USB ad alta velocit\u00e0 per tutti gli accessori di gioco. La rapidit\u00e0 \u00e8 fondamentale, sia che si tratti di HD esterni, mouse, tastiere o qualsiasi altro dispositivo.<br \/>\n<strong>Porta microfonica da 3,5 mm:<\/strong> consente di collegare un microfono esterno per lo streaming live o la comunicazione con gli alleati durante il gioco.<br \/>\n<strong>Porta per cuffie da 3,5 mm:<\/strong> consente agli utenti di ascoltare l'audio dal computer collegandoli direttamente al supporto per le cuffie.<\/p>\n<p>Dispositivo audio incorporato che consente agli utenti di regolare l'equalizzazione con la semplice pressione di un pulsante e di determinare l'impostazione pi\u00f9 adatta al proprio gioco.<br \/>\n\u00c8 stato aggiornato alla modalit\u00e0 12*. L'accessorio per PC \u00e8 dotato di illuminazione RGB completa, che gli conferisce il colore necessario. L'RGB conferisce alla vostra configurazione di gioco una vibrante luminosit\u00e0 al buio, assicurandovi di rimanere affascinati dal gioco.<\/p>","protected":false},"featured_media":2553,"comment_status":"open","ping_status":"closed","template":"","meta":[],"product_brand":[],"product_cat":[68,58],"product_tag":[],"class_list":{"0":"post-2549","1":"product","2":"type-product","3":"status-publish","4":"has-post-thumbnail","6":"product_cat-headset-stands","7":"product_cat-setup-accessories","9":"first","10":"instock","11":"shipping-taxable","12":"purchasable","13":"product-type-simple"},"_links":{"self":[{"href":"https:\/\/vavcase.com\/it\/wp-json\/wp\/v2\/product\/2549","targetHints":{"allow":["GET"]}}],"collection":[{"href":"https:\/\/vavcase.com\/it\/wp-json\/wp\/v2\/product"}],"about":[{"href":"https:\/\/vavcase.com\/it\/wp-json\/wp\/v2\/types\/product"}],"replies":[{"embeddable":true,"href":"https:\/\/vavcase.com\/it\/wp-json\/wp\/v2\/comments?post=2549"}],"wp:featuredmedia":[{"embeddable":true,"href":"https:\/\/vavcase.com\/it\/wp-json\/wp\/v2\/media\/2553"}],"wp:attachment":[{"href":"https:\/\/vavcase.com\/it\/wp-json\/wp\/v2\/media?parent=2549"}],"wp:term":[{"taxonomy":"product_brand","embeddable":true,"href":"https:\/\/vavcase.com\/it\/wp-json\/wp\/v2\/product_brand?post=2549"},{"taxonomy":"product_cat","embeddable":true,"href":"https:\/\/vavcase.com\/it\/wp-json\/wp\/v2\/product_cat?post=2549"},{"taxonomy":"product_tag","embeddable":true,"href":"https:\/\/vavcase.com\/it\/wp-json\/wp\/v2\/product_tag?post=2549"}],"curies":[{"name":"wp","href":"https:\/\/api.w.org\/{rel}","templated":true}]}}