{"id":2558,"date":"2025-02-17T10:03:05","date_gmt":"2025-02-17T10:03:05","guid":{"rendered":"https:\/\/vavcase.com\/?post_type=product&#038;p=2558"},"modified":"2026-04-01T17:54:55","modified_gmt":"2026-04-01T17:54:55","slug":"lamicall-headphone-stand-desktop-headset-holder-desk-earphone-stand-for-all-headsets","status":"publish","type":"product","link":"https:\/\/vavcase.com\/it\/prodotto\/supporto-per-cuffie-lamicall-supporto-per-cuffie-da-tavolo-supporto-per-cuffie-da-tavolo-per-tutte-le-cuffie\/","title":{"rendered":"Supporto per cuffie Lamicall, supporto per cuffie da tavolo - Supporto per cuffie da scrivania, per tutte le cuffie"},"content":{"rendered":"<h2>Informazioni sul prodotto<\/h2>\n<div class=\"a-row a-spacing-top-base\">\n<div class=\"a-column a-span6\">\n<div class=\"a-row a-spacing-base\">\n<div class=\"a-section table-padding\">\n<table id=\"productDetails_detailBullets_sections1\" class=\"a-keyvalue prodDetTable\" role=\"presentation\">\n<tbody>\n<tr>\n<th class=\"a-color-secondary a-size-base prodDetSectionEntry\">Dimensioni del prodotto<\/th>\n<td class=\"a-size-base prodDetAttrValue\">5,12 x 5,12 x 11,42 pollici<\/td>\n<\/tr>\n<tr>\n<th class=\"a-color-secondary a-size-base prodDetSectionEntry\">Peso dell'articolo<\/th>\n<td class=\"a-size-base prodDetAttrValue\">9,9 once<\/td>\n<\/tr>\n<tr>\n<th class=\"a-color-secondary a-size-base prodDetSectionEntry\">ASIN<\/th>\n<td class=\"a-size-base prodDetAttrValue\">B07ZYTS86X<\/td>\n<\/tr>\n<tr>\n<th class=\"a-color-secondary a-size-base prodDetSectionEntry\">Numero di modello dell'articolo<\/th>\n<td class=\"a-size-base prodDetAttrValue\">H1-CA-B<\/td>\n<\/tr>\n<tr>\n<th class=\"a-color-secondary a-size-base prodDetSectionEntry\">Recensioni dei clienti<\/th>\n<td class=\"a-size-base\">\n<div id=\"averageCustomerReviews\" data-asin=\"B07ZYTS86X\" data-ref=\"dpx_acr_pop_\"><span class=\"a-declarative\" data-action=\"acrStarsLink-click-metrics\" data-acrstarslink-click-metrics=\"{}\"><span id=\"acrPopover\" class=\"reviewCountTextLinkedHistogram noUnderline\" title=\"4,8 su 5 stelle\"><a class=\"a-popover-trigger a-declarative\" role=\"button\"><span class=\"a-size-base a-color-base\">4.8\u00a0<\/span><i class=\"a-icon a-icon-star a-star-5 cm-cr-review-stars-spacing-big\"><span class=\"a-icon-alt\">4,8 su 5 stelle<\/span><\/i>\u00a0<i class=\"a-icon a-icon-popover\"><\/i><\/a>\u00a0\u00a0<\/span><\/span>\u00a0<span class=\"a-declarative\" data-action=\"acrLink-click-metrics\" data-acrlink-click-metrics=\"{}\"><a id=\"acrCustomerReviewLink\" class=\"a-link-normal\" href=\"https:\/\/www.amazon.com\/Headphone-Desktop-Stand-Headset-Holder\/dp\/B07ZYTS86X\/ref=sr_1_21?crid=2E1D1X94YOD6J&amp;dib=eyJ2IjoiMSJ9.lfWIQ9Fyq1SLL2jZOkD6FldwIwyeeGhgak5fQgWZ90SEz5Qrts3gQ9_mdktZ5WHfvEdK2npZfgZR1Zxlsxa2BL5ZA1UyEwbkdGFdPbTz2AAJAhaZCqQi5vNFbOCYG0xGfwVTWHD_0fhQtUIN4OLmhMihhDBssCPHm0sXwUue8u70UILj1ziW-Iky3sdegtag9sRTzCOaoXJH0KQr7vHC56UxEET9LrJbojTJvyvR7-o.3DAqE5cPMmswDOzujncxLOE81PC5HE62SxrGEMkj-_M&amp;dib_tag=se&amp;keywords=Headset%2BStands&amp;qid=1739786243&amp;sprefix=headset%2Bstands%2B%2Caps%2C378&amp;sr=8-21&amp;th=1#customerReviews\"><span id=\"acrCustomerReviewText\" class=\"a-size-base\">7.941 valutazioni<\/span><\/a><\/span><\/div>\n<p>4,8 su 5 stelle<\/td>\n<\/tr>\n<tr>\n<th class=\"a-color-secondary a-size-base prodDetSectionEntry\">Classifica dei migliori venditori<\/th>\n<td>#6.523 in Elettronica (<a href=\"https:\/\/www.amazon.com\/gp\/bestsellers\/electronics\/ref=pd_zg_ts_electronics\">Vedi Top 100 in Elettronica<\/a>)<br \/>\n#1.800 in\u00a0<a href=\"https:\/\/www.amazon.com\/gp\/bestsellers\/electronics\/24046923011\/ref=pd_zg_hrsr_electronics\">Cuffie, auricolari e accessori<\/a><\/td>\n<\/tr>\n<\/tbody>\n<\/table>\n<\/div>\n<\/div>\n<\/div>\n<\/div>","protected":false},"excerpt":{"rendered":"<p><strong>Robusto ed elegante:<\/strong> Il design leggero e smontabile di questo supporto per cuffie \u00e8 ottenuto grazie all'uso di plastica ABS e alluminio di prima qualit\u00e0. Per garantire la sicurezza e la stabilit\u00e0 delle cuffie, il design \u00e8 caratterizzato da un basso centro di gravit\u00e0.<br \/>\n<strong>Applicazione multiscenario:<\/strong> Questo supporto da tavolo per cuffie \u00e8 adatto all'uso in casa, in ufficio, in studio di registrazione, in camera da letto o accanto al computer. \u00c8 disponibile sia in versione cablata che wireless.<br \/>\n<strong>Proteggere le cuffie:<\/strong> La parte di questo attacco per cuffie che accoglie le cuffie \u00e8 realizzata in plastica ABS di prima qualit\u00e0 e presenta un design a superficie curva. Previene il rischio di danni alla spugna del fascio di cuffie.<\/p>\n<p><strong>Design dall'aspetto unico:<\/strong> Questo supporto di montaggio per cuffie \u00e8 un prodotto di ricerca e design completo, ispirato all'aspetto dell'uccello pettirosso. Un compagno pratico ed elegante per le cuffie da gioco\/musica\/monitor.<br \/>\n<strong>Compatibile con un'ampia gamma di cuffie:\u00a0<\/strong> Questo supporto per cuffie da tavolo \u00e8 compatibile con un'ampia gamma di cuffie, tra cui AirPods Max, Sennheiser, Philips, AKG, Beyerdynamic, B&amp;W, HyperX, Razer Gaming Headphones, Logitech, Audio Technica e R OG Gaming.<\/p>","protected":false},"featured_media":2566,"comment_status":"open","ping_status":"closed","template":"","meta":[],"product_brand":[],"product_cat":[68,58],"product_tag":[],"class_list":{"0":"post-2558","1":"product","2":"type-product","3":"status-publish","4":"has-post-thumbnail","6":"product_cat-headset-stands","7":"product_cat-setup-accessories","9":"first","10":"instock","11":"shipping-taxable","12":"purchasable","13":"product-type-simple"},"_links":{"self":[{"href":"https:\/\/vavcase.com\/it\/wp-json\/wp\/v2\/product\/2558","targetHints":{"allow":["GET"]}}],"collection":[{"href":"https:\/\/vavcase.com\/it\/wp-json\/wp\/v2\/product"}],"about":[{"href":"https:\/\/vavcase.com\/it\/wp-json\/wp\/v2\/types\/product"}],"replies":[{"embeddable":true,"href":"https:\/\/vavcase.com\/it\/wp-json\/wp\/v2\/comments?post=2558"}],"wp:featuredmedia":[{"embeddable":true,"href":"https:\/\/vavcase.com\/it\/wp-json\/wp\/v2\/media\/2566"}],"wp:attachment":[{"href":"https:\/\/vavcase.com\/it\/wp-json\/wp\/v2\/media?parent=2558"}],"wp:term":[{"taxonomy":"product_brand","embeddable":true,"href":"https:\/\/vavcase.com\/it\/wp-json\/wp\/v2\/product_brand?post=2558"},{"taxonomy":"product_cat","embeddable":true,"href":"https:\/\/vavcase.com\/it\/wp-json\/wp\/v2\/product_cat?post=2558"},{"taxonomy":"product_tag","embeddable":true,"href":"https:\/\/vavcase.com\/it\/wp-json\/wp\/v2\/product_tag?post=2558"}],"curies":[{"name":"wp","href":"https:\/\/api.w.org\/{rel}","templated":true}]}}