{"id":1788,"date":"2025-02-14T07:36:51","date_gmt":"2025-02-14T07:36:51","guid":{"rendered":"https:\/\/vavcase.com\/?post_type=product&#038;p=1788"},"modified":"2025-02-17T06:00:37","modified_gmt":"2025-02-17T06:00:37","slug":"asnomy-hard-shell-travel-case-for-ps5-slim-console-dual-controllers-protective-carry-bag-with-organizer","status":"publish","type":"product","link":"https:\/\/vavcase.com\/sv\/produkt\/asnomy-resvaska-med-hart-skal-for-ps5-slim-konsol-dubbla-kontroller-skyddande-barvaska-med-organisator\/","title":{"rendered":"ASNOMY Resv\u00e4ska med h\u00e5rt skal f\u00f6r PS5 Slim-konsol och dubbla handkontroller - skyddande b\u00e4rv\u00e4ska med organisat\u00f6r"},"content":{"rendered":"<p><strong>Kompakt och skyddande resefodral f\u00f6r PS5 Slim<\/strong><\/p>\n<ul>\n<li>Utformad speciellt f\u00f6r\u00a0<strong>PS5 Slim-konsol<\/strong>\u00a0(2023 \u00e5rs modell).<\/li>\n<li>H\u00e5llbar\u00a0<strong>h\u00e5rt skal<\/strong>\u00a0utsida f\u00f6r maximalt skydd under resan.<\/li>\n<li>Passar till\u00a0<strong>PS5 Slim-konsol<\/strong>,\u00a0<strong>2 DualSense-styrenheter<\/strong>och viktiga tillbeh\u00f6r.<\/li>\n<li>Inbyggd\u00a0<strong>Organiseringsfack<\/strong>\u00a0f\u00f6r kablar, spel och mycket mer.<\/li>\n<li>L\u00e4tt och b\u00e4rbar, perfekt f\u00f6r spelare p\u00e5 spr\u00e5ng.<\/li>\n<li>Snygg design med s\u00e4ker blixtl\u00e5sst\u00e4ngning f\u00f6r \u00f6kad s\u00e4kerhet.<\/li>\n<\/ul>\n<p>Idealisk f\u00f6r spelare som vill ha ett p\u00e5litligt och organiserat s\u00e4tt att transportera sin PS5 Slim och sina tillbeh\u00f6r!<\/p>\n<p>&nbsp;<\/p>\n<table>\n<thead>\n<tr>\n<th><strong>Attribut<\/strong><\/th>\n<th><strong>Detaljer<\/strong><\/th>\n<\/tr>\n<\/thead>\n<tbody>\n<tr>\n<td><strong>Produktens m\u00e5tt<\/strong><\/td>\n<td>15,35\u2033L x 9,45\u2033W x 19\u2033H<\/td>\n<\/tr>\n<tr>\n<td><strong>Typ av skal<\/strong><\/td>\n<td>H\u00e5rd<\/td>\n<\/tr>\n<tr>\n<td><strong>Typ av f\u00f6rslutning<\/strong><\/td>\n<td>Dragkedja<\/td>\n<\/tr>\n<tr>\n<td><strong>Handtagstyp<\/strong><\/td>\n<td>L\u00e4der<\/td>\n<\/tr>\n<tr>\n<td><strong>Antal fack<\/strong><\/td>\n<td>3<\/td>\n<\/tr>\n<tr>\n<td><strong>Typ av rem<\/strong><\/td>\n<td>Justerbar axelrem<\/td>\n<\/tr>\n<tr>\n<td><strong>Tillverkare<\/strong><\/td>\n<td>ASNOMY<\/td>\n<\/tr>\n<tr>\n<td><strong>ASIN<\/strong><\/td>\n<td>B0D7B6P81L<\/td>\n<\/tr>\n<tr>\n<td><strong>B\u00e4sts\u00e4ljare Rank<\/strong><\/td>\n<td>#5,884 i Videospel<\/td>\n<\/tr>\n<tr>\n<td><\/td>\n<td>#32 i Fodral till PlayStation 5<\/td>\n<\/tr>\n<tr>\n<td><strong>Artikelmodellnummer<\/strong><\/td>\n<td>AS0118-PSS-2024<\/td>\n<\/tr>\n<tr>\n<td><strong>Artikel Vikt<\/strong><\/td>\n<td>2,81 pund<\/td>\n<\/tr>\n<tr>\n<td><strong>Avdelning<\/strong><\/td>\n<td>Unisex-Vuxen<\/td>\n<\/tr>\n<tr>\n<td><strong>Ursprungsland<\/strong><\/td>\n<td>Kina<\/td>\n<\/tr>\n<tr>\n<td><strong>Datum F\u00f6rsta tillg\u00e4ngliga<\/strong><\/td>\n<td>18 juni 2024<\/td>\n<\/tr>\n<\/tbody>\n<\/table>","protected":false},"excerpt":{"rendered":"<ul>\n<li data-start=\"0\" data-end=\"68\">F\u00f6rvarar PS5 Slim (2023), 2 handkontroller och tillbeh\u00f6r p\u00e5 ett s\u00e4kert s\u00e4tt.<\/li>\n<li data-start=\"69\" data-end=\"132\">Maximalt skydd med t\u00e5ligt h\u00e5rt skal f\u00f6r s\u00e4ker resa.<\/li>\n<li data-start=\"133\" data-end=\"181\">S\u00e4rskilda fack f\u00f6r kablar och spel.<\/li>\n<li data-start=\"182\" data-end=\"241\">L\u00e4tt och b\u00e4rbar, perfekt f\u00f6r spel p\u00e5 spr\u00e5ng.<\/li>\n<li data-start=\"242\" data-end=\"300\" data-is-last-node=\"\">S\u00e4ker dragkedjef\u00f6rslutning h\u00e5ller allt s\u00e4kert och snyggt.<\/li>\n<\/ul>","protected":false},"featured_media":1794,"comment_status":"open","ping_status":"closed","template":"","meta":[],"product_brand":[],"product_cat":[60,55],"product_tag":[59],"class_list":{"0":"post-1788","1":"product","2":"type-product","3":"status-publish","4":"has-post-thumbnail","6":"product_cat-console-cases","7":"product_cat-gaming-cases-protection","8":"product_tag-console-cases","10":"first","11":"instock","12":"shipping-taxable","13":"purchasable","14":"product-type-simple"},"_links":{"self":[{"href":"https:\/\/vavcase.com\/sv\/wp-json\/wp\/v2\/product\/1788","targetHints":{"allow":["GET"]}}],"collection":[{"href":"https:\/\/vavcase.com\/sv\/wp-json\/wp\/v2\/product"}],"about":[{"href":"https:\/\/vavcase.com\/sv\/wp-json\/wp\/v2\/types\/product"}],"replies":[{"embeddable":true,"href":"https:\/\/vavcase.com\/sv\/wp-json\/wp\/v2\/comments?post=1788"}],"wp:featuredmedia":[{"embeddable":true,"href":"https:\/\/vavcase.com\/sv\/wp-json\/wp\/v2\/media\/1794"}],"wp:attachment":[{"href":"https:\/\/vavcase.com\/sv\/wp-json\/wp\/v2\/media?parent=1788"}],"wp:term":[{"taxonomy":"product_brand","embeddable":true,"href":"https:\/\/vavcase.com\/sv\/wp-json\/wp\/v2\/product_brand?post=1788"},{"taxonomy":"product_cat","embeddable":true,"href":"https:\/\/vavcase.com\/sv\/wp-json\/wp\/v2\/product_cat?post=1788"},{"taxonomy":"product_tag","embeddable":true,"href":"https:\/\/vavcase.com\/sv\/wp-json\/wp\/v2\/product_tag?post=1788"}],"curies":[{"name":"wp","href":"https:\/\/api.w.org\/{rel}","templated":true}]}}