{"id":1812,"date":"2025-02-14T08:56:08","date_gmt":"2025-02-14T08:56:08","guid":{"rendered":"https:\/\/vavcase.com\/?post_type=product&#038;p=1812"},"modified":"2025-02-17T05:59:02","modified_gmt":"2025-02-17T05:59:02","slug":"yodooltly-hard-shell-travel-case-for-ps5-console-compatible-with-disc-digital-edition-includes-storage-for-controllers-pulse-3d-headset-cords-accessories","status":"publish","type":"product","link":"https:\/\/vavcase.com\/sv\/produkt\/yodooltly-resefodral-med-hart-skal-for-ps5-konsol-kompatibel-med-disc-digital-edition-inkluderar-forvaring-for-kontroller-puls-3d-headset-sladdar-tillbehor\/","title":{"rendered":"YODOOLTLY PS5-resv\u00e4ska med h\u00e5rt skal - rymmer Disc &amp; Digital Edition, butikskontroller, Pulse 3D-headset, sladdar och tillbeh\u00f6r"},"content":{"rendered":"<p data-start=\"0\" data-end=\"69\"><strong data-start=\"0\" data-end=\"67\">YODOOLTLY PS5 b\u00e4rv\u00e4ska - ultimat skydd och bekv\u00e4mlighet<\/strong><\/p>\n<ul data-start=\"71\" data-end=\"946\" data-is-last-node=\"\">\n<li data-start=\"71\" data-end=\"482\">\n<p data-start=\"73\" data-end=\"482\"><strong data-start=\"73\" data-end=\"121\">H\u00f6gkvalitativa material och \u00f6verl\u00e4gset skydd<\/strong> - Denna b\u00e4rv\u00e4ska f\u00f6r PS5 \u00e4r utformad f\u00f6r s\u00e4ker f\u00f6rvaring och har ett slitstarkt, vattent\u00e4tt och rept\u00e5ligt nylonh\u00f6lje som g\u00f6r att den ser ut som ny. Det h\u00e5rda EVA-skalet ger viktigt strukturellt st\u00f6d och skyddar konsolen fr\u00e5n yttre p\u00e5verkan, medan den mjuka sammetsfodrade insidan med Lycra-d\u00e4mpning minimerar inre r\u00f6relse och f\u00f6rhindrar repor.<\/p>\n<\/li>\n<li data-start=\"484\" data-end=\"946\" data-is-last-node=\"\">\n<p data-start=\"486\" data-end=\"946\" data-is-last-node=\"\"><strong data-start=\"486\" data-end=\"528\">Smart f\u00f6rvaring och resv\u00e4nlig design<\/strong> - V\u00e4skan har s\u00e4rskilda fack f\u00f6r PS5-konsolen, handkontroller, 3D-h\u00f6rlurar, kablar och en konsolbas, s\u00e5 att allt h\u00e5lls p\u00e5 plats under transport. En mittdel med n\u00e4tficka g\u00f6r det m\u00f6jligt att f\u00f6rvara sm\u00e5 tillbeh\u00f6r som skivor och kablar. Med b\u00e5de ett robust handtag och en justerbar axelrem erbjuder denna v\u00e4ska tv\u00e5 b\u00e4ralternativ, vilket minskar belastningen och garanterar en bekv\u00e4m resa.<\/p>\n<\/li>\n<\/ul>\n<table>\n<thead>\n<tr>\n<th><strong>Attribut<\/strong><\/th>\n<th><strong>Detaljer<\/strong><\/th>\n<\/tr>\n<\/thead>\n<tbody>\n<tr>\n<td><strong>Produktens m\u00e5tt<\/strong><\/td>\n<td>17,32\u2033L x 7,87\u2033W x 3,74\u2033H<\/td>\n<\/tr>\n<tr>\n<td><strong>Artikel Vikt<\/strong><\/td>\n<td>3,77 pund<\/td>\n<\/tr>\n<tr>\n<td><strong>Typ av skal<\/strong><\/td>\n<td>H\u00e5rd<\/td>\n<\/tr>\n<tr>\n<td><strong>Kapacitet<\/strong><\/td>\n<td>4,5 kilo<\/td>\n<\/tr>\n<tr>\n<td><strong>Typ av f\u00f6rslutning<\/strong><\/td>\n<td>Dragkedja<\/td>\n<\/tr>\n<tr>\n<td><strong>Antal fack<\/strong><\/td>\n<td>1<\/td>\n<\/tr>\n<tr>\n<td><strong>Beskrivning av fickan<\/strong><\/td>\n<td>Ficka med dragkedja<\/td>\n<\/tr>\n<tr>\n<td><strong>Typ av rem<\/strong><\/td>\n<td>Justerbar<\/td>\n<\/tr>\n<tr>\n<td><strong>Tillverkare<\/strong><\/td>\n<td>fitoogo<\/td>\n<\/tr>\n<tr>\n<td><strong>UPC<\/strong><\/td>\n<td>749877707185<\/td>\n<\/tr>\n<tr>\n<td><strong>ASIN<\/strong><\/td>\n<td>B0BXPBJD7Y<\/td>\n<\/tr>\n<tr>\n<td><strong>Artikelmodellnummer<\/strong><\/td>\n<td>B\u00e4rv\u00e4ska f\u00f6r ps5 001<\/td>\n<\/tr>\n<tr>\n<td><strong>Kundrecensioner<\/strong><\/td>\n<td>4,7 av 5 stj\u00e4rnor (175 betyg)<\/td>\n<\/tr>\n<tr>\n<td><strong>B\u00e4sts\u00e4ljare Rank<\/strong><\/td>\n<td>#3,000 i Videospel<\/td>\n<\/tr>\n<tr>\n<td><\/td>\n<td>#10 i Fodral till PlayStation 5<\/td>\n<\/tr>\n<tr>\n<td><strong>Datum F\u00f6rsta tillg\u00e4ngliga<\/strong><\/td>\n<td>7 mars 2023<\/td>\n<\/tr>\n<tr>\n<td><strong>Avdelning<\/strong><\/td>\n<td>Unisex-Vuxen<\/td>\n<\/tr>\n<tr>\n<td><strong>Ursprungsland<\/strong><\/td>\n<td>Kina<\/td>\n<\/tr>\n<\/tbody>\n<\/table>","protected":false},"excerpt":{"rendered":"<ul>\n<li data-start=\"0\" data-end=\"93\">Vattent\u00e4t och rept\u00e5lig nylonyttersida med EVA-hartskal f\u00f6r slagt\u00e5lighet.<\/li>\n<li data-start=\"94\" data-end=\"195\">Mjuk sammetsfodrad interi\u00f6r med Lycra-kuddar f\u00f6rhindrar repor och h\u00e5ller konsolen s\u00e4ker.<\/li>\n<li data-start=\"196\" data-end=\"285\">S\u00e4rskilda fack f\u00f6r PS5-konsol, handkontroller, 3D-h\u00f6rlurar, kablar och bas.<\/li>\n<li data-start=\"286\" data-end=\"370\">Mittsektion med n\u00e4tficka f\u00f6r sm\u00e5 tillbeh\u00f6r som skivor och kablar.<\/li>\n<li data-start=\"371\" data-end=\"450\">Robust handtag och justerbar axelrem f\u00f6r m\u00e5ngsidiga b\u00e4ralternativ.<\/li>\n<li data-start=\"451\" data-end=\"526\" data-is-last-node=\"\">Utformad f\u00f6r spelare p\u00e5 spr\u00e5ng och ger ett snyggt och tillf\u00f6rlitligt skydd.<\/li>\n<\/ul>","protected":false},"featured_media":1839,"comment_status":"open","ping_status":"closed","template":"","meta":[],"product_brand":[],"product_cat":[60,55],"product_tag":[],"class_list":{"0":"post-1812","1":"product","2":"type-product","3":"status-publish","4":"has-post-thumbnail","6":"product_cat-console-cases","7":"product_cat-gaming-cases-protection","9":"first","10":"instock","11":"shipping-taxable","12":"purchasable","13":"product-type-simple"},"_links":{"self":[{"href":"https:\/\/vavcase.com\/sv\/wp-json\/wp\/v2\/product\/1812","targetHints":{"allow":["GET"]}}],"collection":[{"href":"https:\/\/vavcase.com\/sv\/wp-json\/wp\/v2\/product"}],"about":[{"href":"https:\/\/vavcase.com\/sv\/wp-json\/wp\/v2\/types\/product"}],"replies":[{"embeddable":true,"href":"https:\/\/vavcase.com\/sv\/wp-json\/wp\/v2\/comments?post=1812"}],"wp:featuredmedia":[{"embeddable":true,"href":"https:\/\/vavcase.com\/sv\/wp-json\/wp\/v2\/media\/1839"}],"wp:attachment":[{"href":"https:\/\/vavcase.com\/sv\/wp-json\/wp\/v2\/media?parent=1812"}],"wp:term":[{"taxonomy":"product_brand","embeddable":true,"href":"https:\/\/vavcase.com\/sv\/wp-json\/wp\/v2\/product_brand?post=1812"},{"taxonomy":"product_cat","embeddable":true,"href":"https:\/\/vavcase.com\/sv\/wp-json\/wp\/v2\/product_cat?post=1812"},{"taxonomy":"product_tag","embeddable":true,"href":"https:\/\/vavcase.com\/sv\/wp-json\/wp\/v2\/product_tag?post=1812"}],"curies":[{"name":"wp","href":"https:\/\/api.w.org\/{rel}","templated":true}]}}