{"id":1855,"date":"2025-02-14T09:29:16","date_gmt":"2025-02-14T09:29:16","guid":{"rendered":"https:\/\/vavcase.com\/?post_type=product&#038;p=1855"},"modified":"2025-02-17T10:13:50","modified_gmt":"2025-02-17T10:13:50","slug":"diocall-hard-case-for-ps5-slim-2023-protective-travel-case-for-console-dualsense-controllers-accessories","status":"publish","type":"product","link":"https:\/\/vavcase.com\/sv\/produkt\/diocall-hart-fodral-for-ps5-slim-2023-skyddande-resefodral-for-konsol-dualsense-kontroller-tillbehor\/","title":{"rendered":"Diocall h\u00e5rt fodral f\u00f6r PS5 Slim (2023) - skyddande resefodral f\u00f6r konsol, DualSense-kontroller och tillbeh\u00f6r"},"content":{"rendered":"<ul>\n<li data-start=\"86\" data-end=\"336\">\n<p data-start=\"88\" data-end=\"125\"><strong data-start=\"88\" data-end=\"123\">Perfekt passform f\u00f6r PS5 Slim (2023)<\/strong><\/p>\n<ul data-start=\"128\" data-end=\"336\">\n<li data-start=\"128\" data-end=\"194\">S\u00e4rskilt utformad f\u00f6r PS5 Slim Disc &amp; Digital Edition.<\/li>\n<li data-start=\"197\" data-end=\"275\">S\u00e4kerst\u00e4ller en \u00e5tsittande och s\u00e4ker passform (ej kompatibel med original PS5 2020).<\/li>\n<li data-start=\"278\" data-end=\"336\">Ger ett tillf\u00f6rlitligt skydd f\u00f6r resor och transporter.<\/li>\n<\/ul>\n<\/li>\n<li data-start=\"338\" data-end=\"551\">\n<p data-start=\"340\" data-end=\"374\"><strong data-start=\"340\" data-end=\"372\">Rymlig och organiserad f\u00f6rvaring<\/strong><\/p>\n<ul data-start=\"377\" data-end=\"551\">\n<li data-start=\"377\" data-end=\"461\">Stor kapacitet f\u00f6r f\u00f6rvaring av PS5 Slim, tv\u00e5 DualSense-kontroller och spelskivor.<\/li>\n<li data-start=\"464\" data-end=\"551\">Extra f\u00f6rvaringsutrymme f\u00f6r ett vertikalt stativ, laddningskablar och andra tillbeh\u00f6r.<\/li>\n<\/ul>\n<\/li>\n<li data-start=\"553\" data-end=\"791\">\n<p data-start=\"555\" data-end=\"601\"><strong data-start=\"555\" data-end=\"599\">H\u00e5rt skalskydd f\u00f6r maximal s\u00e4kerhet<\/strong><\/p>\n<ul data-start=\"604\" data-end=\"791\">\n<li data-start=\"604\" data-end=\"669\">Slitstark hardshell-yttersida med anpassade innerfack.<\/li>\n<li data-start=\"672\" data-end=\"730\">Skyddar konsolen mot st\u00f6tar, repor och damm.<\/li>\n<li data-start=\"733\" data-end=\"791\">Fast struktur h\u00e5ller tillbeh\u00f6ren s\u00e4kra under resan.<\/li>\n<\/ul>\n<\/li>\n<li data-start=\"793\" data-end=\"970\">\n<p data-start=\"795\" data-end=\"835\"><strong data-start=\"795\" data-end=\"833\">L\u00e4tt att b\u00e4ra, bekv\u00e4m att h\u00e5lla i<\/strong><\/p>\n<ul data-start=\"838\" data-end=\"970\">\n<li data-start=\"838\" data-end=\"906\">Justerbar, vadderad axelrem f\u00f6r flera olika b\u00e4ralternativ.<\/li>\n<li data-start=\"909\" data-end=\"970\">Mjuk och bekv\u00e4m rem f\u00f6r enkel transport.<\/li>\n<\/ul>\n<\/li>\n<li data-start=\"972\" data-end=\"1121\">\n<p data-start=\"974\" data-end=\"1006\"><strong data-start=\"974\" data-end=\"1004\">Perfekt f\u00f6r spelare p\u00e5 resande fot<\/strong><\/p>\n<ul data-start=\"1009\" data-end=\"1121\">\n<li data-start=\"1009\" data-end=\"1067\">L\u00e4tt men \u00e4nd\u00e5 h\u00e5llbar design f\u00f6r resor och f\u00f6rvaring.<\/li>\n<li data-start=\"1070\" data-end=\"1121\">Perfekt f\u00f6r spelevenemang eller s\u00e4ker f\u00f6rvaring i hemmet.<\/li>\n<\/ul>\n<\/li>\n<\/ul>\n<table>\n<thead>\n<tr>\n<th><strong>Attribut<\/strong><\/th>\n<th><strong>Detaljer<\/strong><\/th>\n<\/tr>\n<\/thead>\n<tbody>\n<tr>\n<td><strong>Produktens m\u00e5tt<\/strong><\/td>\n<td>15\u2033L x 6,7\u2033W x 11\u2033H<\/td>\n<\/tr>\n<tr>\n<td><strong>Artikel Vikt<\/strong><\/td>\n<td>1,1 kilogram (2,42 pund)<\/td>\n<\/tr>\n<tr>\n<td><strong>Typ av skal<\/strong><\/td>\n<td>H\u00e5rd<\/td>\n<\/tr>\n<tr>\n<td><strong>Typ av f\u00f6rslutning<\/strong><\/td>\n<td>Dragkedja<\/td>\n<\/tr>\n<tr>\n<td><strong>Handtagstyp<\/strong><\/td>\n<td>Mjuk<\/td>\n<\/tr>\n<tr>\n<td><strong>Antal fack<\/strong><\/td>\n<td>3<\/td>\n<\/tr>\n<tr>\n<td><strong>Beskrivning av fickan<\/strong><\/td>\n<td>Allm\u00e4n ficka<\/td>\n<\/tr>\n<tr>\n<td><strong>Typ av rem<\/strong><\/td>\n<td>Nylon<\/td>\n<\/tr>\n<tr>\n<td><strong>Tillverkare<\/strong><\/td>\n<td>Diocall<\/td>\n<\/tr>\n<tr>\n<td><strong>ASIN<\/strong><\/td>\n<td>B0CPWF5MSQ<\/td>\n<\/tr>\n<tr>\n<td><strong>Kundrecensioner<\/strong><\/td>\n<td>4,7 av 5 stj\u00e4rnor (25 betyg)<\/td>\n<\/tr>\n<tr>\n<td><strong>B\u00e4sts\u00e4ljare Rank<\/strong><\/td>\n<td>#8,530 i Videospel<\/td>\n<\/tr>\n<tr>\n<td><\/td>\n<td>#40 i Fodral till PlayStation 5<\/td>\n<\/tr>\n<tr>\n<td><strong>Typ av artikel<\/strong><\/td>\n<td>Ok\u00e4nd bindning<\/td>\n<\/tr>\n<tr>\n<td><strong>Artikelmodellnummer<\/strong><\/td>\n<td>FallP5 7723<\/td>\n<\/tr>\n<tr>\n<td><strong>Avdelning<\/strong><\/td>\n<td>Unisex-Vuxen<\/td>\n<\/tr>\n<tr>\n<td><strong>Ursprungsland<\/strong><\/td>\n<td>Kina<\/td>\n<\/tr>\n<tr>\n<td><strong>Datum F\u00f6rsta tillg\u00e4ngliga<\/strong><\/td>\n<td>10 december 2023<\/td>\n<\/tr>\n<\/tbody>\n<\/table>\n<p data-start=\"1386\" data-end=\"1639\" data-is-last-node=\"\">","protected":false},"excerpt":{"rendered":"<ul>\n<li data-start=\"49\" data-end=\"154\"><strong data-start=\"51\" data-end=\"66\">Perfekt passform<\/strong> - Utformad f\u00f6r PS5 Slim (2023) Disc &amp; Digital Edition (ej kompatibel med PS5 2020).<\/li>\n<li data-start=\"155\" data-end=\"247\"><strong data-start=\"157\" data-end=\"181\">Rymlig och organiserad<\/strong> - Rymmer PS5 Slim, tv\u00e5 handkontroller, spelskivor och tillbeh\u00f6r.<\/li>\n<li data-start=\"248\" data-end=\"325\"><strong data-start=\"250\" data-end=\"275\">Skydd av h\u00e5rt skal<\/strong> - Skyddar mot st\u00f6tar, repor och damm.<\/li>\n<li data-start=\"326\" data-end=\"399\"><strong data-start=\"328\" data-end=\"345\">L\u00e4tt att b\u00e4ra<\/strong> - Mjukt handtag och justerbar vadderad axelrem.<\/li>\n<li data-start=\"400\" data-end=\"480\"><strong data-start=\"402\" data-end=\"426\">F\u00f6r spelare p\u00e5 resande fot<\/strong> - L\u00e4tt men \u00e4nd\u00e5 t\u00e5lig f\u00f6r s\u00e4ker transport \u00f6verallt.<\/li>\n<\/ul>","protected":false},"featured_media":1861,"comment_status":"open","ping_status":"closed","template":"","meta":[],"product_brand":[],"product_cat":[60,55],"product_tag":[],"class_list":{"0":"post-1855","1":"product","2":"type-product","3":"status-publish","4":"has-post-thumbnail","6":"product_cat-console-cases","7":"product_cat-gaming-cases-protection","9":"first","10":"instock","11":"shipping-taxable","12":"purchasable","13":"product-type-simple"},"_links":{"self":[{"href":"https:\/\/vavcase.com\/sv\/wp-json\/wp\/v2\/product\/1855","targetHints":{"allow":["GET"]}}],"collection":[{"href":"https:\/\/vavcase.com\/sv\/wp-json\/wp\/v2\/product"}],"about":[{"href":"https:\/\/vavcase.com\/sv\/wp-json\/wp\/v2\/types\/product"}],"replies":[{"embeddable":true,"href":"https:\/\/vavcase.com\/sv\/wp-json\/wp\/v2\/comments?post=1855"}],"wp:featuredmedia":[{"embeddable":true,"href":"https:\/\/vavcase.com\/sv\/wp-json\/wp\/v2\/media\/1861"}],"wp:attachment":[{"href":"https:\/\/vavcase.com\/sv\/wp-json\/wp\/v2\/media?parent=1855"}],"wp:term":[{"taxonomy":"product_brand","embeddable":true,"href":"https:\/\/vavcase.com\/sv\/wp-json\/wp\/v2\/product_brand?post=1855"},{"taxonomy":"product_cat","embeddable":true,"href":"https:\/\/vavcase.com\/sv\/wp-json\/wp\/v2\/product_cat?post=1855"},{"taxonomy":"product_tag","embeddable":true,"href":"https:\/\/vavcase.com\/sv\/wp-json\/wp\/v2\/product_tag?post=1855"}],"curies":[{"name":"wp","href":"https:\/\/api.w.org\/{rel}","templated":true}]}}