{"id":1893,"date":"2025-02-14T09:59:06","date_gmt":"2025-02-14T09:59:06","guid":{"rendered":"https:\/\/vavcase.com\/?post_type=product&#038;p=1893"},"modified":"2025-02-17T10:13:38","modified_gmt":"2025-02-17T10:13:38","slug":"sisma-hard-shell-carry-case-for-xbox-series-x-s-core-wireless-controller-protective-travel-bag","status":"publish","type":"product","link":"https:\/\/vavcase.com\/sv\/produkt\/sisma-hart-skal-barvaska-for-xbox-series-x-s-core-tradlos-controller-skyddande-resvaska\/","title":{"rendered":"Sisma h\u00e5rdskalig b\u00e4rv\u00e4ska f\u00f6r Xbox Series X\/S &amp; Core tr\u00e5dl\u00f6s handkontroll - skyddande resv\u00e4ska"},"content":{"rendered":"<h3 data-start=\"0\" data-end=\"115\"><strong data-start=\"4\" data-end=\"113\">Sisma Xbox Controller Case - skyddande f\u00f6rvaring i h\u00e5rt skal f\u00f6r Xbox Series X\/S &amp; Core Wireless Controller<\/strong><\/h3>\n<ul>\n<li data-start=\"0\" data-end=\"180\"><strong data-start=\"2\" data-end=\"30\">Perfekt passform och skydd<\/strong> - Utformad speciellt f\u00f6r tr\u00e5dl\u00f6sa Xbox Series X\/S &amp; Core-kontroller, vilket ger en \u00e5tsittande passform som skyddar mot st\u00f6tar, damm och joystickavdrift.<\/li>\n<li data-start=\"181\" data-end=\"322\"><strong data-start=\"183\" data-end=\"207\">H\u00e5llbar och st\u00f6ts\u00e4ker<\/strong> - Tillverkad av kraftig EVA och 1680D Oxford-tyg som ger fallskydd och motst\u00e5ndskraft mot vardagligt slitage.<\/li>\n<li data-start=\"323\" data-end=\"445\"><strong data-start=\"325\" data-end=\"351\">Resv\u00e4nlig design<\/strong> - Kompakt storlek som enkelt ryms i ryggs\u00e4ckar eller bagage, vilket g\u00f6r den perfekt f\u00f6r spel p\u00e5 resande fot.<\/li>\n<li data-start=\"446\" data-end=\"556\"><strong data-start=\"448\" data-end=\"466\">S\u00e4ker lagring<\/strong> - Dragkedjef\u00f6rsett h\u00f6lje h\u00e5ller styrenheterna skyddade utan att knappar eller joysticks beh\u00f6ver tryckas in.<\/li>\n<li data-start=\"557\" data-end=\"629\"><strong data-start=\"559\" data-end=\"582\">Bekv\u00e4m b\u00e4rning<\/strong> - Avtagbar handrem f\u00f6r enkel b\u00e4rning p\u00e5 handleden.<\/li>\n<li data-start=\"630\" data-end=\"748\"><strong data-start=\"632\" data-end=\"650\">Dubbla blixtl\u00e5s<\/strong> - Tv\u00e5v\u00e4gs metalldragkedjor \u00e4r smidiga och slitstarka, vilket g\u00f6r att de kan \u00f6ppnas och st\u00e4ngas utan anstr\u00e4ngning.<\/li>\n<li data-start=\"749\" data-end=\"823\" data-is-last-node=\"\"><strong data-start=\"751\" data-end=\"771\">Paketet inneh\u00e5ller<\/strong>: 1x Xbox Controller Case (Controller ing\u00e5r ej).<\/li>\n<\/ul>\n<table>\n<thead>\n<tr>\n<th><strong>Attribut<\/strong><\/th>\n<th><strong>Detaljer<\/strong><\/th>\n<\/tr>\n<\/thead>\n<tbody>\n<tr>\n<td><strong>Produktens m\u00e5tt<\/strong><\/td>\n<td>7,3\u2033L x 6,3\u2033B x 3,1\u2033H<\/td>\n<\/tr>\n<tr>\n<td><strong>Artikel Vikt<\/strong><\/td>\n<td>180 gram (6,3 ounces)<\/td>\n<\/tr>\n<tr>\n<td><strong>Typ av skal<\/strong><\/td>\n<td>H\u00e5rd<\/td>\n<\/tr>\n<tr>\n<td><strong>Kapacitet<\/strong><\/td>\n<td>1,5 liter<\/td>\n<\/tr>\n<tr>\n<td><strong>Typ av f\u00f6rslutning<\/strong><\/td>\n<td>Dragkedja<\/td>\n<\/tr>\n<tr>\n<td><strong>Beskrivning av fickan<\/strong><\/td>\n<td>Ficka med dragkedja<\/td>\n<\/tr>\n<tr>\n<td><strong>Typ av rem<\/strong><\/td>\n<td>Grundl\u00e4ggande<\/td>\n<\/tr>\n<tr>\n<td><strong>Tillverkare<\/strong><\/td>\n<td>sisma<\/td>\n<\/tr>\n<tr>\n<td><strong>ASIN<\/strong><\/td>\n<td>B08SLST7TJ<\/td>\n<\/tr>\n<tr>\n<td><strong>Kundrecensioner<\/strong><\/td>\n<td>4,8 av 5 stj\u00e4rnor (1.335 betyg)<\/td>\n<\/tr>\n<tr>\n<td><strong>B\u00e4sts\u00e4ljare Rank<\/strong><\/td>\n<td>#2,636 i Videospel<\/td>\n<\/tr>\n<tr>\n<td><\/td>\n<td>#2 i Xbox Series X-fodral<\/td>\n<\/tr>\n<tr>\n<td><strong>Typ av artikel<\/strong><\/td>\n<td>Bagage<\/td>\n<\/tr>\n<tr>\n<td><strong>Artikelmodellnummer<\/strong><\/td>\n<td>SVG2021XB6C<\/td>\n<\/tr>\n<tr>\n<td><strong>Avdelning<\/strong><\/td>\n<td>Unisex Vuxen<\/td>\n<\/tr>\n<tr>\n<td><strong>Ursprungsland<\/strong><\/td>\n<td>Kina<\/td>\n<\/tr>\n<tr>\n<td><strong>Datum F\u00f6rsta tillg\u00e4ngliga<\/strong><\/td>\n<td>11 januari 2021<\/td>\n<\/tr>\n<\/tbody>\n<\/table>","protected":false},"excerpt":{"rendered":"<ul data-start=\"0\" data-end=\"663\">\n<li data-start=\"0\" data-end=\"142\"><strong data-start=\"2\" data-end=\"30\">Perfekt passform och skydd<\/strong> - Specialdesignad f\u00f6r Xbox Series X\/S &amp; Core-kontroller, skyddar mot st\u00f6tar, damm och joystickavdrift.<\/li>\n<li data-start=\"143\" data-end=\"281\"><strong data-start=\"145\" data-end=\"169\">H\u00e5llbar och st\u00f6ts\u00e4ker<\/strong> - Tillverkad med kraftig EVA och 1680D Oxford-tyg f\u00f6r tillf\u00f6rlitligt fallskydd och l\u00e5ngvarig h\u00e5llbarhet.<\/li>\n<li data-start=\"282\" data-end=\"393\"><strong data-start=\"284\" data-end=\"310\">Resv\u00e4nlig design<\/strong> - Kompakt och l\u00e4tt att f\u00e5 plats med i ryggs\u00e4cken eller bagaget, perfekt f\u00f6r spel p\u00e5 resande fot.<\/li>\n<li data-start=\"394\" data-end=\"494\"><strong data-start=\"396\" data-end=\"414\">S\u00e4ker lagring<\/strong> - Dragkedjef\u00f6rsett h\u00f6lje h\u00e5ller din controller s\u00e4ker utan att du beh\u00f6ver trycka p\u00e5 n\u00e5gra knappar.<\/li>\n<li data-start=\"495\" data-end=\"570\"><strong data-start=\"497\" data-end=\"520\">Bekv\u00e4m b\u00e4rning<\/strong> - Avtagbar handrem f\u00f6r enkel b\u00e4rning p\u00e5 handleden.<\/li>\n<li data-start=\"571\" data-end=\"663\"><strong data-start=\"573\" data-end=\"591\">Dubbla blixtl\u00e5s<\/strong> - Smidiga, slitstarka tv\u00e5v\u00e4gsdragkedjor i metall f\u00f6r enkel \u00e5tkomst.<\/li>\n<\/ul>\n<p data-start=\"665\" data-end=\"729\" data-is-last-node=\"\"><strong data-start=\"665\" data-end=\"677\">Inkluderar<\/strong>: 1x Xbox Controller Case (Controller ing\u00e5r ej).<\/p>","protected":false},"featured_media":1897,"comment_status":"open","ping_status":"closed","template":"","meta":[],"product_brand":[],"product_cat":[61,55],"product_tag":[],"class_list":{"0":"post-1893","1":"product","2":"type-product","3":"status-publish","4":"has-post-thumbnail","6":"product_cat-controller-cases","7":"product_cat-gaming-cases-protection","9":"first","10":"instock","11":"shipping-taxable","12":"purchasable","13":"product-type-simple"},"_links":{"self":[{"href":"https:\/\/vavcase.com\/sv\/wp-json\/wp\/v2\/product\/1893","targetHints":{"allow":["GET"]}}],"collection":[{"href":"https:\/\/vavcase.com\/sv\/wp-json\/wp\/v2\/product"}],"about":[{"href":"https:\/\/vavcase.com\/sv\/wp-json\/wp\/v2\/types\/product"}],"replies":[{"embeddable":true,"href":"https:\/\/vavcase.com\/sv\/wp-json\/wp\/v2\/comments?post=1893"}],"wp:featuredmedia":[{"embeddable":true,"href":"https:\/\/vavcase.com\/sv\/wp-json\/wp\/v2\/media\/1897"}],"wp:attachment":[{"href":"https:\/\/vavcase.com\/sv\/wp-json\/wp\/v2\/media?parent=1893"}],"wp:term":[{"taxonomy":"product_brand","embeddable":true,"href":"https:\/\/vavcase.com\/sv\/wp-json\/wp\/v2\/product_brand?post=1893"},{"taxonomy":"product_cat","embeddable":true,"href":"https:\/\/vavcase.com\/sv\/wp-json\/wp\/v2\/product_cat?post=1893"},{"taxonomy":"product_tag","embeddable":true,"href":"https:\/\/vavcase.com\/sv\/wp-json\/wp\/v2\/product_tag?post=1893"}],"curies":[{"name":"wp","href":"https:\/\/api.w.org\/{rel}","templated":true}]}}