{"id":1903,"date":"2025-02-14T10:14:33","date_gmt":"2025-02-14T10:14:33","guid":{"rendered":"https:\/\/vavcase.com\/?post_type=product&#038;p=1903"},"modified":"2025-02-17T06:06:03","modified_gmt":"2025-02-17T06:06:03","slug":"hawksbill-ps5-dualsense-controller-case-hard-shell-travel-bag-for-2-controllers-accessories-gray","status":"publish","type":"product","link":"https:\/\/vavcase.com\/sv\/produkt\/hawksbill-ps5-dualsense-controller-case-hart-skal-resvaska-for-2-kontroller-tillbehor-gra\/","title":{"rendered":"Hawksbill PS5 DualSense Controller Case - Resv\u00e4ska med h\u00e5rt skal f\u00f6r 2 handkontroller och tillbeh\u00f6r (gr\u00e5)"},"content":{"rendered":"<ul data-start=\"0\" data-end=\"690\">\n<li data-start=\"0\" data-end=\"171\"><strong data-start=\"2\" data-end=\"24\">Premium-skydd<\/strong> - Tillverkad av h\u00f6gkvalitativt EVA-material f\u00f6r krossbest\u00e4ndighet, st\u00f6td\u00e4mpning och vattent\u00e5lighet, vilket skyddar dina PS5 DualSense-kontroller.<\/li>\n<li data-start=\"172\" data-end=\"325\"><strong data-start=\"174\" data-end=\"205\">Perfekt passform och extra f\u00f6rvaring<\/strong> - Specialdesignad f\u00f6r Sony PS5 DualSense Wireless Controllers, med inv\u00e4ndiga n\u00e4tfickor f\u00f6r kablar och tillbeh\u00f6r.<\/li>\n<li data-start=\"326\" data-end=\"448\"><strong data-start=\"328\" data-end=\"351\">St\u00f6ts\u00e4ker och s\u00e4ker<\/strong> - Mjukt innerfoder och vadderade fack skyddar dina kontroller fr\u00e5n st\u00f6tar och repor.<\/li>\n<li data-start=\"449\" data-end=\"568\"><strong data-start=\"451\" data-end=\"481\">B\u00e4rbar och resev\u00e4nlig<\/strong> - Kompakt och l\u00e4tt, perfekt f\u00f6r att b\u00e4ra i ryggs\u00e4ckar, bagage eller resv\u00e4skor.<\/li>\n<li data-start=\"569\" data-end=\"690\"><strong data-start=\"571\" data-end=\"598\">Garanterad tillfredsst\u00e4llelse<\/strong> - Inkluderar en 30-dagars pengarna-tillbaka-garanti och en extra 6-m\u00e5naders garanti f\u00f6r sinnesfrid.<\/li>\n<\/ul>\n<p data-start=\"692\" data-end=\"760\" data-is-last-node=\"\"><strong data-start=\"692\" data-end=\"712\">Paketet inneh\u00e5ller<\/strong>: 1x Controller Case (Controllers ing\u00e5r ej).<\/p>\n<table>\n<thead>\n<tr>\n<th><strong>Attribut<\/strong><\/th>\n<th><strong>Detaljer<\/strong><\/th>\n<\/tr>\n<\/thead>\n<tbody>\n<tr>\n<td><strong>M\u00f6nster<\/strong><\/td>\n<td>Solid<\/td>\n<\/tr>\n<tr>\n<td><strong>Artikel Vikt<\/strong><\/td>\n<td>0,33 kilogram (11,7 uns)<\/td>\n<\/tr>\n<tr>\n<td><strong>Typ av skal<\/strong><\/td>\n<td>H\u00e5rd<\/td>\n<\/tr>\n<tr>\n<td><strong>Typ av f\u00f6rslutning<\/strong><\/td>\n<td>Dragkedja<\/td>\n<\/tr>\n<tr>\n<td><strong>Handtagstyp<\/strong><\/td>\n<td>Handtag f\u00f6r webb<\/td>\n<\/tr>\n<tr>\n<td><strong>Antal fack<\/strong><\/td>\n<td>2<\/td>\n<\/tr>\n<tr>\n<td><strong>Beskrivning av fickan<\/strong><\/td>\n<td>Ficka med dragkedja<\/td>\n<\/tr>\n<tr>\n<td><strong>Tillverkare<\/strong><\/td>\n<td>Hawksbill-spel<\/td>\n<\/tr>\n<tr>\n<td><strong>UPC<\/strong><\/td>\n<td>850033704006<\/td>\n<\/tr>\n<tr>\n<td><strong>ASIN<\/strong><\/td>\n<td>B09M98HXYQ<\/td>\n<\/tr>\n<tr>\n<td><strong>Kundrecensioner<\/strong><\/td>\n<td>4,7 av 5 stj\u00e4rnor (119 betyg)<\/td>\n<\/tr>\n<tr>\n<td><strong>B\u00e4sts\u00e4ljare Rank<\/strong><\/td>\n<td>#22,312 i Videospel<\/td>\n<\/tr>\n<tr>\n<td><\/td>\n<td>#133 i Fodral till PlayStation 5<\/td>\n<\/tr>\n<tr>\n<td><strong>M\u00e5tt p\u00e5 paketet<\/strong><\/td>\n<td>10,59 x 9,96 x 3,62 tum<\/td>\n<\/tr>\n<tr>\n<td><strong>Artikelmodellnummer<\/strong><\/td>\n<td>HB-PS5-2CM<\/td>\n<\/tr>\n<tr>\n<td><strong>Avdelning<\/strong><\/td>\n<td>Unisex-Vuxen<\/td>\n<\/tr>\n<tr>\n<td><strong>Ursprungsland<\/strong><\/td>\n<td>Kina<\/td>\n<\/tr>\n<tr>\n<td><strong>Datum F\u00f6rsta tillg\u00e4ngliga<\/strong><\/td>\n<td>19 november 2021<\/td>\n<\/tr>\n<\/tbody>\n<\/table>","protected":false},"excerpt":{"rendered":"<ul data-start=\"0\" data-end=\"507\">\n<li data-start=\"0\" data-end=\"123\"><strong data-start=\"2\" data-end=\"25\">\u00d6verl\u00e4gset skydd<\/strong> - Kross\u00e4kert, st\u00f6td\u00e4mpande och vattenavvisande EVA-material f\u00f6r ultimat skydd.<\/li>\n<li data-start=\"124\" data-end=\"232\"><strong data-start=\"126\" data-end=\"157\">Perfekt passform och extra f\u00f6rvaring<\/strong> - Rymmer DualSense-styrenheter med n\u00e4tfickor f\u00f6r f\u00f6rvaring av tillbeh\u00f6r.<\/li>\n<li data-start=\"233\" data-end=\"320\"><strong data-start=\"235\" data-end=\"258\">St\u00f6ts\u00e4ker och s\u00e4ker<\/strong> - Mjukt innerfoder f\u00f6r att skydda mot st\u00f6tar och repor.<\/li>\n<li data-start=\"321\" data-end=\"418\"><strong data-start=\"323\" data-end=\"353\">B\u00e4rbar och resev\u00e4nlig<\/strong> - L\u00e4tt och kompakt, ryms enkelt i v\u00e4skor och bagage.<\/li>\n<li data-start=\"419\" data-end=\"507\"><strong data-start=\"421\" data-end=\"445\">Bekymmersfri garanti<\/strong> - 30 dagars pengarna-tillbaka och 6 m\u00e5naders garanti f\u00f6r sinnesfrid.<\/li>\n<\/ul>\n<p data-start=\"509\" data-end=\"569\" data-is-last-node=\"\"><strong data-start=\"509\" data-end=\"521\">Inkluderar<\/strong>: 1x Controller Case (Controllers ing\u00e5r ej).<\/p>","protected":false},"featured_media":1907,"comment_status":"open","ping_status":"closed","template":"","meta":[],"product_brand":[],"product_cat":[61,55],"product_tag":[],"class_list":{"0":"post-1903","1":"product","2":"type-product","3":"status-publish","4":"has-post-thumbnail","6":"product_cat-controller-cases","7":"product_cat-gaming-cases-protection","9":"first","10":"instock","11":"shipping-taxable","12":"purchasable","13":"product-type-simple"},"_links":{"self":[{"href":"https:\/\/vavcase.com\/sv\/wp-json\/wp\/v2\/product\/1903","targetHints":{"allow":["GET"]}}],"collection":[{"href":"https:\/\/vavcase.com\/sv\/wp-json\/wp\/v2\/product"}],"about":[{"href":"https:\/\/vavcase.com\/sv\/wp-json\/wp\/v2\/types\/product"}],"replies":[{"embeddable":true,"href":"https:\/\/vavcase.com\/sv\/wp-json\/wp\/v2\/comments?post=1903"}],"wp:featuredmedia":[{"embeddable":true,"href":"https:\/\/vavcase.com\/sv\/wp-json\/wp\/v2\/media\/1907"}],"wp:attachment":[{"href":"https:\/\/vavcase.com\/sv\/wp-json\/wp\/v2\/media?parent=1903"}],"wp:term":[{"taxonomy":"product_brand","embeddable":true,"href":"https:\/\/vavcase.com\/sv\/wp-json\/wp\/v2\/product_brand?post=1903"},{"taxonomy":"product_cat","embeddable":true,"href":"https:\/\/vavcase.com\/sv\/wp-json\/wp\/v2\/product_cat?post=1903"},{"taxonomy":"product_tag","embeddable":true,"href":"https:\/\/vavcase.com\/sv\/wp-json\/wp\/v2\/product_tag?post=1903"}],"curies":[{"name":"wp","href":"https:\/\/api.w.org\/{rel}","templated":true}]}}