{"id":1923,"date":"2025-02-14T10:31:33","date_gmt":"2025-02-14T10:31:33","guid":{"rendered":"https:\/\/vavcase.com\/?post_type=product&#038;p=1923"},"modified":"2025-02-17T10:13:23","modified_gmt":"2025-02-17T10:13:23","slug":"tiswell-hard-controller-case-for-xbox-one-series-x-s-elite-2-eva-protective-travel-storage-case-black","status":"publish","type":"product","link":"https:\/\/vavcase.com\/sv\/produkt\/tiswell-hart-handkontrollfodral-for-xbox-one-series-x-s-elite-2-eva-skyddande-reseforvaringsfodral-svart\/","title":{"rendered":"Tiswell h\u00e5rt handkontrollfodral f\u00f6r Xbox One\/Series X\/S\/Elite 2 - EVA skyddande resef\u00f6rvaringsfodral (svart)"},"content":{"rendered":"<p data-start=\"0\" data-end=\"100\"><strong data-start=\"0\" data-end=\"100\">Tiswell h\u00e5rt handkontrollfodral f\u00f6r Xbox One\/Series X\/S\/Elite 2 - EVA skyddande resef\u00f6rvaringsv\u00e4ska<\/strong><\/p>\n<ul data-start=\"102\" data-end=\"629\">\n<li data-start=\"102\" data-end=\"240\"><strong data-start=\"104\" data-end=\"132\">Perfekt passform och skydd<\/strong> - Specialdesignad f\u00f6r Xbox One, Series X\/S och Elite Series 2 Core-kontroller (endast officiella versioner).<\/li>\n<li data-start=\"241\" data-end=\"370\"><strong data-start=\"243\" data-end=\"267\">Slitstarkt EVA-material<\/strong> - St\u00f6ts\u00e4ker, dammt\u00e4t och vattent\u00e4t f\u00f6r att skydda din handkontroll fr\u00e5n fall, st\u00f6tar och repor.<\/li>\n<li data-start=\"371\" data-end=\"463\"><strong data-start=\"373\" data-end=\"391\">Mjuk innerkudde<\/strong> - Anti-chock bubbel design h\u00e5ller din controller s\u00e4ker och p\u00e5 plats.<\/li>\n<li data-start=\"464\" data-end=\"539\"><strong data-start=\"466\" data-end=\"488\">Premium YKK-dragkedja<\/strong> - Sl\u00e4t och robust f\u00f6r l\u00e5ng livsl\u00e4ngd.<\/li>\n<li data-start=\"540\" data-end=\"629\"><strong data-start=\"542\" data-end=\"568\">B\u00e4rbar och l\u00e4ttviktig<\/strong> - V\u00e4ger bara 150 g, l\u00e4tt att b\u00e4ra med sig i ryggs\u00e4cken eller v\u00e4skan.<\/li>\n<\/ul>\n<p data-start=\"631\" data-end=\"692\" data-is-last-node=\"\">Ta med dig din Xbox-kontroll vart som helst med sj\u00e4lvf\u00f6rtroende och stil!<\/p>\n<table>\n<thead>\n<tr>\n<th><strong>Attribut<\/strong><\/th>\n<th><strong>Detaljer<\/strong><\/th>\n<\/tr>\n<\/thead>\n<tbody>\n<tr>\n<td><strong>M\u00f6nster<\/strong><\/td>\n<td>Hj\u00e4rta<\/td>\n<\/tr>\n<tr>\n<td><strong>Typ av skal<\/strong><\/td>\n<td>H\u00e5rd<\/td>\n<\/tr>\n<tr>\n<td><strong>Typ av f\u00f6rslutning<\/strong><\/td>\n<td>Dragkedja<\/td>\n<\/tr>\n<tr>\n<td><strong>Handtagstyp<\/strong><\/td>\n<td>Dragkedja<\/td>\n<\/tr>\n<tr>\n<td><strong>Antal fack<\/strong><\/td>\n<td>1<\/td>\n<\/tr>\n<tr>\n<td><strong>Beskrivning av fickan<\/strong><\/td>\n<td>Ficka med sp\u00e4nne<\/td>\n<\/tr>\n<tr>\n<td><strong>Tillverkare<\/strong><\/td>\n<td>Tiswell<\/td>\n<\/tr>\n<tr>\n<td><strong>ASIN<\/strong><\/td>\n<td>B0D7MSXLC8<\/td>\n<\/tr>\n<tr>\n<td><strong>B\u00e4sts\u00e4ljare Rank<\/strong><\/td>\n<td>#9,158 i Videospel<\/td>\n<\/tr>\n<tr>\n<td><\/td>\n<td>#23 i Xbox Series X-fodral<\/td>\n<\/tr>\n<tr>\n<td><strong>M\u00e5tt p\u00e5 paketet<\/strong><\/td>\n<td>7,4 x 5,51 x 2,68 tum<\/td>\n<\/tr>\n<tr>\n<td><strong>Artikel Vikt<\/strong><\/td>\n<td>6,4 gram<\/td>\n<\/tr>\n<tr>\n<td><strong>Artikelmodellnummer<\/strong><\/td>\n<td>H\u00e5rt fodral f\u00f6r XBox One<\/td>\n<\/tr>\n<tr>\n<td><strong>Avdelning<\/strong><\/td>\n<td>Unisex<\/td>\n<\/tr>\n<tr>\n<td><strong>Ursprungsland<\/strong><\/td>\n<td>Kina<\/td>\n<\/tr>\n<tr>\n<td><strong>Datum F\u00f6rsta tillg\u00e4ngliga<\/strong><\/td>\n<td>20 juni 2024<\/td>\n<\/tr>\n<tr>\n<td><strong>Garanti och support<\/strong><\/td>\n<td>Klicka f\u00f6r garantiinformation<\/td>\n<\/tr>\n<\/tbody>\n<\/table>\n<p data-start=\"657\" data-end=\"728\" data-is-last-node=\"\">","protected":false},"excerpt":{"rendered":"<p data-start=\"0\" data-end=\"100\"><strong data-start=\"0\" data-end=\"100\">Tiswell h\u00e5rt handkontrollfodral f\u00f6r Xbox One\/Series X\/S\/Elite 2 - EVA skyddande resef\u00f6rvaringsv\u00e4ska<\/strong><\/p>\n<ul data-start=\"102\" data-end=\"625\">\n<li data-start=\"102\" data-end=\"236\"><strong data-start=\"104\" data-end=\"132\">Perfekt passform och skydd<\/strong> - Kompatibel med Xbox One, Series X\/S och Elite Series 2 Core-kontroller (endast officiella versioner).<\/li>\n<li data-start=\"237\" data-end=\"360\"><strong data-start=\"239\" data-end=\"263\">Slitstarkt EVA-material<\/strong> - St\u00f6ts\u00e4ker, dammt\u00e4t och vattent\u00e4t, vilket garanterar skydd mot fall, st\u00f6tar och repor.<\/li>\n<li data-start=\"361\" data-end=\"451\"><strong data-start=\"363\" data-end=\"381\">Mjuk innerkudde<\/strong> - Anti-chock bubbeldesign h\u00e5ller din controller s\u00e4kert p\u00e5 plats.<\/li>\n<li data-start=\"452\" data-end=\"535\"><strong data-start=\"454\" data-end=\"476\">Premium YKK-dragkedja<\/strong> - Smidig, robust och byggd f\u00f6r l\u00e5ng livsl\u00e4ngd.<\/li>\n<li data-start=\"536\" data-end=\"625\"><strong data-start=\"538\" data-end=\"564\">B\u00e4rbar och l\u00e4ttviktig<\/strong> - V\u00e4ger endast 150 g, l\u00e4tt att b\u00e4ra med sig i ryggs\u00e4cken eller v\u00e4skan.<\/li>\n<\/ul>\n<p data-start=\"627\" data-end=\"695\" data-is-last-node=\"\"><strong data-start=\"627\" data-end=\"659\">Tiswell fodral f\u00f6r h\u00e5rda styrenheter<\/strong> - Res med sj\u00e4lvf\u00f6rtroende och stil!<\/p>","protected":false},"featured_media":1928,"comment_status":"open","ping_status":"closed","template":"","meta":[],"product_brand":[],"product_cat":[61,55],"product_tag":[],"class_list":{"0":"post-1923","1":"product","2":"type-product","3":"status-publish","4":"has-post-thumbnail","6":"product_cat-controller-cases","7":"product_cat-gaming-cases-protection","9":"first","10":"instock","11":"shipping-taxable","12":"product-type-simple"},"_links":{"self":[{"href":"https:\/\/vavcase.com\/sv\/wp-json\/wp\/v2\/product\/1923","targetHints":{"allow":["GET"]}}],"collection":[{"href":"https:\/\/vavcase.com\/sv\/wp-json\/wp\/v2\/product"}],"about":[{"href":"https:\/\/vavcase.com\/sv\/wp-json\/wp\/v2\/types\/product"}],"replies":[{"embeddable":true,"href":"https:\/\/vavcase.com\/sv\/wp-json\/wp\/v2\/comments?post=1923"}],"wp:featuredmedia":[{"embeddable":true,"href":"https:\/\/vavcase.com\/sv\/wp-json\/wp\/v2\/media\/1928"}],"wp:attachment":[{"href":"https:\/\/vavcase.com\/sv\/wp-json\/wp\/v2\/media?parent=1923"}],"wp:term":[{"taxonomy":"product_brand","embeddable":true,"href":"https:\/\/vavcase.com\/sv\/wp-json\/wp\/v2\/product_brand?post=1923"},{"taxonomy":"product_cat","embeddable":true,"href":"https:\/\/vavcase.com\/sv\/wp-json\/wp\/v2\/product_cat?post=1923"},{"taxonomy":"product_tag","embeddable":true,"href":"https:\/\/vavcase.com\/sv\/wp-json\/wp\/v2\/product_tag?post=1923"}],"curies":[{"name":"wp","href":"https:\/\/api.w.org\/{rel}","templated":true}]}}