{"id":1939,"date":"2025-02-14T10:49:16","date_gmt":"2025-02-14T10:49:16","guid":{"rendered":"https:\/\/vavcase.com\/?post_type=product&#038;p=1939"},"modified":"2025-02-17T10:06:27","modified_gmt":"2025-02-17T10:06:27","slug":"smatree-15-6-anti-shock-laptop-sleeve-waterproof-protective-slim-case-for-msi-gaming-laptops","status":"publish","type":"product","link":"https:\/\/vavcase.com\/sv\/produkt\/smatree-15-6-anti-shock-laptop-sleeve-vattentatt-skyddande-slimmat-fodral-for-msi-gaming-laptops\/","title":{"rendered":"Smatree 15,6\u2033 Anti-Shock Laptop Sleeve - vattent\u00e4tt och skyddande slimmat fodral f\u00f6r MSI b\u00e4rbara speldatorer"},"content":{"rendered":"<ul data-start=\"0\" data-end=\"565\">\n<li data-start=\"0\" data-end=\"111\"><strong data-start=\"2\" data-end=\"46\">Patenterat \"Super Corner\"-st\u00f6tskydd<\/strong> - Avancerad design som absorberar st\u00f6tar och samtidigt h\u00e5ller en smal profil.<\/li>\n<li data-start=\"112\" data-end=\"221\"><strong data-start=\"114\" data-end=\"129\">Perfekt passform<\/strong> - Utformad f\u00f6r MSI Sword 15, Katana GF66\/Katana 15, Crosshair 15 och Pulse GL66 (15,6\u2033).<\/li>\n<li data-start=\"222\" data-end=\"316\"><strong data-start=\"224\" data-end=\"253\">Vattenavvisande och slitstark<\/strong> - 300D polyester skyddar mot l\u00e4tt spill och st\u00e4nk.<\/li>\n<li data-start=\"317\" data-end=\"411\"><strong data-start=\"319\" data-end=\"339\">Multifunktionell<\/strong> - Inkluderar en avtagbar tillbeh\u00f6rsv\u00e4ska f\u00f6r kablar, laddare och mycket mer.<\/li>\n<li data-start=\"412\" data-end=\"487\"><strong data-start=\"414\" data-end=\"430\">F\u00e4rdig f\u00f6r resa<\/strong> - Har en bagagerem f\u00f6r enkel portabilitet.<\/li>\n<li data-start=\"488\" data-end=\"565\"><strong data-start=\"490\" data-end=\"513\">Inv\u00e4ndiga m\u00e5tt<\/strong> - 38,5 \u00d7 27 \u00d7 2 cm (15,16 \u00d7 10,63 \u00d7 0,79 tum).<\/li>\n<\/ul>\n<p data-start=\"567\" data-end=\"638\" data-is-last-node=\"\"><strong data-start=\"567\" data-end=\"638\" data-is-last-node=\"\">Snygg, stark och byggd f\u00f6r resor - h\u00e5ll din MSI-laptop skyddad!<\/strong><\/p>\n<table>\n<thead>\n<tr>\n<th><strong>Attribut<\/strong><\/th>\n<th><strong>Detaljer<\/strong><\/th>\n<\/tr>\n<\/thead>\n<tbody>\n<tr>\n<td><strong>M\u00e5tt p\u00e5 paketet<\/strong><\/td>\n<td>16,89 x 12,05 x 1,42 tum<\/td>\n<\/tr>\n<tr>\n<td><strong>Artikel Vikt<\/strong><\/td>\n<td>1,72 kilo<\/td>\n<\/tr>\n<tr>\n<td><strong>ASIN<\/strong><\/td>\n<td>B0DHZMPC48<\/td>\n<\/tr>\n<tr>\n<td><strong>B\u00e4sts\u00e4ljare Rank<\/strong><\/td>\n<td>#20,308 i Fodral f\u00f6r b\u00e4rbara datorer<\/td>\n<\/tr>\n<tr>\n<td><strong>S\u00e4rskilda egenskaper<\/strong><\/td>\n<td>Professionellt st\u00f6tskydd (Super Corner-teknik)<\/td>\n<\/tr>\n<tr>\n<td><strong>Formfaktor<\/strong><\/td>\n<td>Fallet<\/td>\n<\/tr>\n<tr>\n<td><strong>F\u00e4rg<\/strong><\/td>\n<td>Elit-Svart<\/td>\n<\/tr>\n<tr>\n<td><strong>Tillverkare<\/strong><\/td>\n<td>Smatree<\/td>\n<\/tr>\n<tr>\n<td><strong>Ursprungsland<\/strong><\/td>\n<td>Kina<\/td>\n<\/tr>\n<tr>\n<td><strong>Datum F\u00f6rsta tillg\u00e4ngliga<\/strong><\/td>\n<td>26 september 2024<\/td>\n<\/tr>\n<\/tbody>\n<\/table>","protected":false},"excerpt":{"rendered":"<ul>\n<li data-start=\"0\" data-end=\"111\"><strong data-start=\"2\" data-end=\"46\">Patenterat \"Super Corner\"-st\u00f6tskydd<\/strong> - Skyddar mot st\u00f6tar och fall samtidigt som den beh\u00e5ller en smal profil.<\/li>\n<li data-start=\"112\" data-end=\"228\"><strong data-start=\"114\" data-end=\"129\">Perfekt passform<\/strong> - Speciellt utformad f\u00f6r MSI Sword 15, Katana GF66\/Katana 15, Crosshair 15, Pulse GL66 (15,6\u2033).<\/li>\n<li data-start=\"229\" data-end=\"341\"><strong data-start=\"231\" data-end=\"260\">Vattenavvisande och slitstark<\/strong> - Tillverkad av 300D polyester som ger skydd mot l\u00e4tt spill och st\u00e4nk.<\/li>\n<li data-start=\"342\" data-end=\"443\"><strong data-start=\"344\" data-end=\"371\">Multifunktionell design<\/strong> - Levereras med en avtagbar tillbeh\u00f6rsv\u00e4ska f\u00f6r kablar, laddare med mera.<\/li>\n<li data-start=\"444\" data-end=\"514\"><strong data-start=\"446\" data-end=\"462\">F\u00e4rdig f\u00f6r resa<\/strong> - Har en bagagerem f\u00f6r enkel transport.<\/li>\n<li data-start=\"515\" data-end=\"590\"><strong data-start=\"517\" data-end=\"540\">Inv\u00e4ndiga m\u00e5tt<\/strong> - 38,5 \u00d7 27 \u00d7 2 cm (15,16 \u00d7 10,63 \u00d7 0,79 tum).<\/li>\n<\/ul>","protected":false},"featured_media":1942,"comment_status":"open","ping_status":"closed","template":"","meta":[],"product_brand":[],"product_cat":[55,62],"product_tag":[],"class_list":{"0":"post-1939","1":"product","2":"type-product","3":"status-publish","4":"has-post-thumbnail","6":"product_cat-gaming-cases-protection","7":"product_cat-gaming-laptop-sleeves","9":"first","10":"instock","11":"shipping-taxable","12":"purchasable","13":"product-type-simple"},"_links":{"self":[{"href":"https:\/\/vavcase.com\/sv\/wp-json\/wp\/v2\/product\/1939","targetHints":{"allow":["GET"]}}],"collection":[{"href":"https:\/\/vavcase.com\/sv\/wp-json\/wp\/v2\/product"}],"about":[{"href":"https:\/\/vavcase.com\/sv\/wp-json\/wp\/v2\/types\/product"}],"replies":[{"embeddable":true,"href":"https:\/\/vavcase.com\/sv\/wp-json\/wp\/v2\/comments?post=1939"}],"wp:featuredmedia":[{"embeddable":true,"href":"https:\/\/vavcase.com\/sv\/wp-json\/wp\/v2\/media\/1942"}],"wp:attachment":[{"href":"https:\/\/vavcase.com\/sv\/wp-json\/wp\/v2\/media?parent=1939"}],"wp:term":[{"taxonomy":"product_brand","embeddable":true,"href":"https:\/\/vavcase.com\/sv\/wp-json\/wp\/v2\/product_brand?post=1939"},{"taxonomy":"product_cat","embeddable":true,"href":"https:\/\/vavcase.com\/sv\/wp-json\/wp\/v2\/product_cat?post=1939"},{"taxonomy":"product_tag","embeddable":true,"href":"https:\/\/vavcase.com\/sv\/wp-json\/wp\/v2\/product_tag?post=1939"}],"curies":[{"name":"wp","href":"https:\/\/api.w.org\/{rel}","templated":true}]}}