{"id":1968,"date":"2025-02-14T12:01:38","date_gmt":"2025-02-14T12:01:38","guid":{"rendered":"https:\/\/vavcase.com\/?post_type=product&#038;p=1968"},"modified":"2025-02-17T10:03:18","modified_gmt":"2025-02-17T10:03:18","slug":"canvaslife-rainbow-peacock-pattern-13-inch-laptop-sleeve","status":"publish","type":"product","link":"https:\/\/vavcase.com\/sv\/produkt\/canvaslife-regnbage-pafagelmonster-13-tums-fodral-for-barbar-dator\/","title":{"rendered":"Canvaslife Rainbow Peacock Pattern 13-tums fodral f\u00f6r b\u00e4rbar dator"},"content":{"rendered":"<ul>\n<li data-start=\"0\" data-end=\"88\"><strong data-start=\"2\" data-end=\"29\">Slitstarkt canvasmaterial<\/strong> - Mjuk men \u00e4nd\u00e5 skyddande, vilket garanterar l\u00e5ng h\u00e5llbarhet.<\/li>\n<li data-start=\"89\" data-end=\"191\"><strong data-start=\"91\" data-end=\"116\">Rymlig framficka<\/strong> - F\u00f6rvara pennor, telefon, glas\u00f6gon, mus, n\u00e4tsladd och tillbeh\u00f6r p\u00e5 ett enkelt s\u00e4tt.<\/li>\n<li data-start=\"192\" data-end=\"287\"><strong data-start=\"194\" data-end=\"221\">Smidig och s\u00e4ker st\u00e4ngning<\/strong> - U-formad blixtl\u00e5sdesign f\u00f6r enkel \u00e5tkomst och tillf\u00f6rlitlighet.<\/li>\n<li data-start=\"288\" data-end=\"405\"><strong data-start=\"290\" data-end=\"327\">Perfekt passform f\u00f6r b\u00e4rbara datorer p\u00e5 13,3 tum<\/strong> - Kompatibel med <strong data-start=\"346\" data-end=\"392\">MacBook Air\/Pro 13, HP, Dell, Lenovo, ASUS<\/strong>och mycket mer.<\/li>\n<li data-start=\"406\" data-end=\"505\"><strong data-start=\"408\" data-end=\"441\">L\u00e4ttvikt och resv\u00e4nlig<\/strong> - V\u00e4ger bara <strong data-start=\"456\" data-end=\"470\">6,7 gram<\/strong>Perfekt att ha med sig n\u00e4r man \u00e4r p\u00e5 spr\u00e5ng.<\/li>\n<\/ul>\n<table>\n<thead>\n<tr>\n<th><strong>Attribut<\/strong><\/th>\n<th><strong>Detaljer<\/strong><\/th>\n<\/tr>\n<\/thead>\n<tbody>\n<tr>\n<td><strong>Varum\u00e4rke<\/strong><\/td>\n<td>canvasliv<\/td>\n<\/tr>\n<tr>\n<td><strong>Artikel Vikt<\/strong><\/td>\n<td>6,7 gram<\/td>\n<\/tr>\n<tr>\n<td><strong>Produktens m\u00e5tt<\/strong><\/td>\n<td>13 x 1 x 10 tum<\/td>\n<\/tr>\n<tr>\n<td><strong>Artikelmodellnummer<\/strong><\/td>\n<td>VC-a4-41455<\/td>\n<\/tr>\n<tr>\n<td><strong>F\u00e4rg<\/strong><\/td>\n<td>Regnb\u00e5ge<\/td>\n<\/tr>\n<tr>\n<td><strong>F\u00f6rslutning<\/strong><\/td>\n<td>Dragkedja<\/td>\n<\/tr>\n<tr>\n<td><strong>Materialtyp<\/strong><\/td>\n<td>Canvas<\/td>\n<\/tr>\n<tr>\n<td><strong>Storlek<\/strong><\/td>\n<td>13 tum \/ 13,3 tum<\/td>\n<\/tr>\n<\/tbody>\n<\/table>","protected":false},"excerpt":{"rendered":"<div class=\"flex max-w-full flex-col flex-grow\">\n<div class=\"min-h-8 text-message flex w-full flex-col items-end gap-2 whitespace-normal break-words text-start [.text-message+&amp;]:mt-5\" dir=\"auto\" data-message-author-role=\"assistant\" data-message-id=\"b69a5813-74ec-4231-80a4-3e3acef3bb26\" data-message-model-slug=\"gpt-4o\">\n<div class=\"flex w-full flex-col gap-1 empty:hidden first:pt-[3px]\">\n<div class=\"markdown prose w-full break-words dark:prose-invert dark\">\n<ul data-start=\"0\" data-end=\"452\">\n<li data-start=\"0\" data-end=\"113\"><strong data-start=\"2\" data-end=\"31\">Smart design p\u00e5 framfickan<\/strong> - F\u00f6rvara viktiga saker som penna, telefon, glas\u00f6gon, mus och n\u00e4tsladd p\u00e5 ett enkelt s\u00e4tt.<\/li>\n<li data-start=\"114\" data-end=\"205\"><strong data-start=\"116\" data-end=\"143\">Premium Canvas-material<\/strong> - Slitstark och snygg, ger tillf\u00f6rlitligt skydd f\u00f6r b\u00e4rbara datorer.<\/li>\n<li data-start=\"206\" data-end=\"288\"><strong data-start=\"208\" data-end=\"234\">Smidig U-formad dragkedja<\/strong> - H\u00f6gkvalitativ dragkedja f\u00f6r enkel \u00e5tkomst.<\/li>\n<li data-start=\"289\" data-end=\"452\"><strong data-start=\"291\" data-end=\"306\">Perfekt passform<\/strong> - 350 mm (L) x 235 mm (B) x 20 mm (H), perfekt f\u00f6r de flesta 13,3-tums b\u00e4rbara datorer, inklusive MacBook Air 13 och MacBook Pro 13 (passar \u00e4ven med ett h\u00e5rt fodral).<\/li>\n<\/ul>\n<\/div>\n<\/div>\n<\/div>\n<\/div>","protected":false},"featured_media":1978,"comment_status":"open","ping_status":"closed","template":"","meta":[],"product_brand":[],"product_cat":[55,62],"product_tag":[],"class_list":{"0":"post-1968","1":"product","2":"type-product","3":"status-publish","4":"has-post-thumbnail","6":"product_cat-gaming-cases-protection","7":"product_cat-gaming-laptop-sleeves","9":"first","10":"instock","11":"shipping-taxable","12":"purchasable","13":"product-type-simple"},"_links":{"self":[{"href":"https:\/\/vavcase.com\/sv\/wp-json\/wp\/v2\/product\/1968","targetHints":{"allow":["GET"]}}],"collection":[{"href":"https:\/\/vavcase.com\/sv\/wp-json\/wp\/v2\/product"}],"about":[{"href":"https:\/\/vavcase.com\/sv\/wp-json\/wp\/v2\/types\/product"}],"replies":[{"embeddable":true,"href":"https:\/\/vavcase.com\/sv\/wp-json\/wp\/v2\/comments?post=1968"}],"wp:featuredmedia":[{"embeddable":true,"href":"https:\/\/vavcase.com\/sv\/wp-json\/wp\/v2\/media\/1978"}],"wp:attachment":[{"href":"https:\/\/vavcase.com\/sv\/wp-json\/wp\/v2\/media?parent=1968"}],"wp:term":[{"taxonomy":"product_brand","embeddable":true,"href":"https:\/\/vavcase.com\/sv\/wp-json\/wp\/v2\/product_brand?post=1968"},{"taxonomy":"product_cat","embeddable":true,"href":"https:\/\/vavcase.com\/sv\/wp-json\/wp\/v2\/product_cat?post=1968"},{"taxonomy":"product_tag","embeddable":true,"href":"https:\/\/vavcase.com\/sv\/wp-json\/wp\/v2\/product_tag?post=1968"}],"curies":[{"name":"wp","href":"https:\/\/api.w.org\/{rel}","templated":true}]}}