{"id":2007,"date":"2025-02-14T12:25:18","date_gmt":"2025-02-14T12:25:18","guid":{"rendered":"https:\/\/vavcase.com\/?post_type=product&#038;p=2007"},"modified":"2025-02-17T09:57:12","modified_gmt":"2025-02-17T09:57:12","slug":"lapac-abstract-design-laptop-sleeve-bag-13-14-inch-neoprene-light-weight-computer-skin-bag-notebook-carrying-case-cover-bags-for-13-13-3-inch","status":"publish","type":"product","link":"https:\/\/vavcase.com\/sv\/produkt\/lapac-abstrakt-design-laptop-sleeve-vaska-13-14-tum-neopren-lattvikts-dator-hud-vaska-barbar-dator-fodral-omslag-vaskor-for-13-13-3-tum\/","title":{"rendered":"Lapac Abstrakt Design Fodral f\u00f6r b\u00e4rbar dator 13-14 tum, Neopren l\u00e4ttviktsv\u00e4ska f\u00f6r dator, b\u00e4rv\u00e4ska f\u00f6r b\u00e4rbar dator Fodral f\u00f6r 13\/13,3 tum"},"content":{"rendered":"<p data-start=\"0\" data-end=\"81\"><strong data-start=\"0\" data-end=\"79\">Slimmat och snyggt 13-14 tums fodral f\u00f6r b\u00e4rbar dator - trendigt skydd f\u00f6r din enhet<\/strong><\/p>\n<ul data-start=\"83\" data-end=\"939\" data-is-last-node=\"\">\n<li data-start=\"83\" data-end=\"235\"><strong data-start=\"85\" data-end=\"115\">M\u00e5tt och kompatibilitet<\/strong> - \u00c5tg\u00e4rder <strong data-start=\"127\" data-end=\"153\">14 x 0,7 x 9,64 tum<\/strong>, passar de flesta <strong data-start=\"168\" data-end=\"190\">B\u00e4rbara datorer p\u00e5 13-14 tum<\/strong>. Kontrollera din enhets storlek innan du k\u00f6per.<\/li>\n<li data-start=\"236\" data-end=\"438\"><strong data-start=\"238\" data-end=\"265\">Snygg och trendig design<\/strong> - Funktioner a <strong data-start=\"279\" data-end=\"315\">naturinspirerat abstrakt m\u00f6nster<\/strong>Perfekt f\u00f6r studenter, yrkesverksamma och resen\u00e4rer. En bra present till kvinnor och flickor som \u00e4lskar snygga tekniska tillbeh\u00f6r.<\/li>\n<li data-start=\"439\" data-end=\"569\"><strong data-start=\"441\" data-end=\"463\">Premium-skydd<\/strong> - Tillverkad med <strong data-start=\"476\" data-end=\"504\">st\u00f6td\u00e4mpande material<\/strong> f\u00f6r att skydda din b\u00e4rbara dator fr\u00e5n <strong data-start=\"535\" data-end=\"566\">st\u00f6tar, fall och repor<\/strong>.<\/li>\n<li data-start=\"570\" data-end=\"721\"><strong data-start=\"572\" data-end=\"594\">Smal och l\u00e4ttviktig<\/strong> - Utformad f\u00f6r <strong data-start=\"610\" data-end=\"630\">enkel b\u00e4rbarhet<\/strong> utan att vara skrymmande, vilket g\u00f6r den idealisk att b\u00e4ra i ryggs\u00e4ckar, portf\u00f6ljer eller handv\u00e4skor.<\/li>\n<li data-start=\"722\" data-end=\"829\"><strong data-start=\"724\" data-end=\"749\">Smidiga dubbla blixtl\u00e5s<\/strong> - S\u00e4kerst\u00e4ller <strong data-start=\"760\" data-end=\"778\">s\u00e4ker st\u00e4ngning<\/strong> och snabb \u00e5tkomst till din b\u00e4rbara dator n\u00e4r du beh\u00f6ver det.<\/li>\n<li data-start=\"830\" data-end=\"939\" data-is-last-node=\"\"><strong data-start=\"832\" data-end=\"855\">Perfekt att ge bort som g\u00e5va<\/strong> - A <strong data-start=\"860\" data-end=\"886\">snygg och funktionell<\/strong> val f\u00f6r studenter, yrkesverksamma och teknik\u00e4lskare!<\/li>\n<\/ul>\n<table>\n<thead>\n<tr>\n<th><strong>Attribut<\/strong><\/th>\n<th><strong>Detaljer<\/strong><\/th>\n<\/tr>\n<\/thead>\n<tbody>\n<tr>\n<td><strong>Produktens m\u00e5tt<\/strong><\/td>\n<td>14,22 x 8,89 x 8,64 cm<\/td>\n<\/tr>\n<tr>\n<td><strong>Artikel Vikt<\/strong><\/td>\n<td>231 g<\/td>\n<\/tr>\n<tr>\n<td><strong>S\u00e4rskilda egenskaper<\/strong><\/td>\n<td>L\u00e4tt vikt<\/td>\n<\/tr>\n<tr>\n<td><strong>Andra displayfunktioner<\/strong><\/td>\n<td>CE<\/td>\n<\/tr>\n<tr>\n<td><strong>Formfaktor<\/strong><\/td>\n<td>Fallet<\/td>\n<\/tr>\n<tr>\n<td><strong>F\u00e4rg<\/strong><\/td>\n<td>Sammanfattning<\/td>\n<\/tr>\n<tr>\n<td><strong>Tillverkare<\/strong><\/td>\n<td>Lapac<\/td>\n<\/tr>\n<tr>\n<td><strong>Ursprungsland<\/strong><\/td>\n<td>USA<\/td>\n<\/tr>\n<tr>\n<td><strong>ASIN<\/strong><\/td>\n<td>B09TZT9Q9V<\/td>\n<\/tr>\n<tr>\n<td><strong>Datum F\u00f6rsta tillg\u00e4ngliga<\/strong><\/td>\n<td>12 april 2022<\/td>\n<\/tr>\n<tr>\n<td><strong>Artikel M\u00e5tt LxBxH<\/strong><\/td>\n<td>14,2 x 8,9 x 8,6 centimeter<\/td>\n<\/tr>\n<tr>\n<td><strong>Generiskt namn<\/strong><\/td>\n<td>\u00c4rm<\/td>\n<\/tr>\n<\/tbody>\n<\/table>","protected":false},"excerpt":{"rendered":"<ul data-start=\"80\" data-end=\"514\">\n<li data-start=\"80\" data-end=\"170\"><strong data-start=\"82\" data-end=\"97\">Perfekt passform<\/strong> - Utformad f\u00f6r <strong data-start=\"113\" data-end=\"135\">B\u00e4rbara datorer p\u00e5 13-14 tum<\/strong>vilket ger en \u00e5tsittande och s\u00e4ker passform.<\/li>\n<li data-start=\"171\" data-end=\"278\"><strong data-start=\"173\" data-end=\"200\">Snygg abstrakt design<\/strong> - Funktioner a <strong data-start=\"214\" data-end=\"248\">unikt naturinspirerat m\u00f6nster<\/strong>vilket g\u00f6r den till ett trendigt val.<\/li>\n<li data-start=\"279\" data-end=\"367\"><strong data-start=\"281\" data-end=\"301\">St\u00f6td\u00e4mpning<\/strong> - Skyddar din b\u00e4rbara dator fr\u00e5n <strong data-start=\"330\" data-end=\"364\">oavsiktliga st\u00f6tar och repor<\/strong>.<\/li>\n<li data-start=\"368\" data-end=\"445\"><strong data-start=\"370\" data-end=\"392\">Smal och l\u00e4ttviktig<\/strong> - L\u00e4tt och enkelt <strong data-start=\"402\" data-end=\"422\">glider in i p\u00e5sar<\/strong> utan att bli f\u00f6r stor.<\/li>\n<li data-start=\"446\" data-end=\"514\"><strong data-start=\"448\" data-end=\"473\">Smidiga dubbla blixtl\u00e5s<\/strong> - Tillhandah\u00e5ller <strong data-start=\"485\" data-end=\"511\">enkel och s\u00e4ker \u00e5tkomst<\/strong>.<\/li>\n<\/ul>\n<p data-start=\"516\" data-end=\"591\" data-is-last-node=\"\">Ett snyggt och funktionellt fodral f\u00f6r studenter, yrkesverksamma och resen\u00e4rer!<\/p>","protected":false},"featured_media":2010,"comment_status":"open","ping_status":"closed","template":"","meta":[],"product_brand":[],"product_cat":[55,62],"product_tag":[],"class_list":{"0":"post-2007","1":"product","2":"type-product","3":"status-publish","4":"has-post-thumbnail","6":"product_cat-gaming-cases-protection","7":"product_cat-gaming-laptop-sleeves","9":"first","10":"instock","11":"shipping-taxable","12":"purchasable","13":"product-type-simple"},"_links":{"self":[{"href":"https:\/\/vavcase.com\/sv\/wp-json\/wp\/v2\/product\/2007","targetHints":{"allow":["GET"]}}],"collection":[{"href":"https:\/\/vavcase.com\/sv\/wp-json\/wp\/v2\/product"}],"about":[{"href":"https:\/\/vavcase.com\/sv\/wp-json\/wp\/v2\/types\/product"}],"replies":[{"embeddable":true,"href":"https:\/\/vavcase.com\/sv\/wp-json\/wp\/v2\/comments?post=2007"}],"wp:featuredmedia":[{"embeddable":true,"href":"https:\/\/vavcase.com\/sv\/wp-json\/wp\/v2\/media\/2010"}],"wp:attachment":[{"href":"https:\/\/vavcase.com\/sv\/wp-json\/wp\/v2\/media?parent=2007"}],"wp:term":[{"taxonomy":"product_brand","embeddable":true,"href":"https:\/\/vavcase.com\/sv\/wp-json\/wp\/v2\/product_brand?post=2007"},{"taxonomy":"product_cat","embeddable":true,"href":"https:\/\/vavcase.com\/sv\/wp-json\/wp\/v2\/product_cat?post=2007"},{"taxonomy":"product_tag","embeddable":true,"href":"https:\/\/vavcase.com\/sv\/wp-json\/wp\/v2\/product_tag?post=2007"}],"curies":[{"name":"wp","href":"https:\/\/api.w.org\/{rel}","templated":true}]}}