{"id":2025,"date":"2025-02-14T12:40:41","date_gmt":"2025-02-14T12:40:41","guid":{"rendered":"https:\/\/vavcase.com\/?post_type=product&#038;p=2025"},"modified":"2025-02-17T10:19:51","modified_gmt":"2025-02-17T10:19:51","slug":"travel-carry-case-for-meta-quest-2-quest-3-quest-3s-protective-vr-bag-with-ample-storage-for-controllers-accessories-patent-design","status":"publish","type":"product","link":"https:\/\/vavcase.com\/sv\/produkt\/resvaska-for-meta-quest-2-quest-3-quest-3s-skyddande-vr-vaska-med-gott-om-plats-for-kontroller-tillbehor-patentdesign\/","title":{"rendered":"Resv\u00e4ska f\u00f6r Meta Quest 2\/Quest 3\/Quest 3S - Skyddande VR-v\u00e4ska med gott om f\u00f6rvaring f\u00f6r kontroller och tillbeh\u00f6r (patentdesign)"},"content":{"rendered":"<div class=\"flex-1 overflow-hidden @container\/thread translate-y-[2rem] -mt-[2rem] pb-[1.5rem]\">\n<div class=\"flex h-full flex-col overflow-y-auto\">\n<div class=\"flex flex-col text-sm md:pb-9\">\n<article class=\"w-full text-token-text-primary focus-visible:outline-2 focus-visible:outline-offset-[-4px]\" dir=\"auto\" data-testid=\"conversation-turn-67\" data-scroll-anchor=\"true\">\n<div class=\"m-auto text-base py-[18px] px-6\">\n<div class=\"mx-auto flex flex-1 text-base gap-4 md:gap-5 lg:gap-6 md:max-w-3xl lg:max-w-[40rem] xl:max-w-[48rem]\">\n<div class=\"group\/conversation-turn relative flex w-full min-w-0 flex-col agent-turn @xs\/thread:px-0 @sm\/thread:px-1.5 @md\/thread:px-4\">\n<div class=\"flex-col gap-1 md:gap-3\">\n<div class=\"flex max-w-full flex-col flex-grow\">\n<div class=\"min-h-8 text-message flex w-full flex-col items-end gap-2 whitespace-normal break-words text-start [.text-message+&amp;]:mt-5\" dir=\"auto\" data-message-author-role=\"assistant\" data-message-id=\"9f460597-e627-4157-bb97-5f183bf9256f\" data-message-model-slug=\"gpt-4o\">\n<div class=\"flex w-full flex-col gap-1 empty:hidden first:pt-[3px]\">\n<div class=\"markdown prose w-full break-words dark:prose-invert dark\">\n<ul>\n<li data-start=\"0\" data-end=\"226\"><strong data-start=\"2\" data-end=\"29\">Kompatibel och s\u00e4ker passform<\/strong> - Speciellt utformad f\u00f6r Meta Quest 2, Quest 3, Quest 3S och Quest Pro. Vadderad f\u00e4strem ger en bra passform och f\u00f6rhindrar f\u00f6rskjutning. Hel\u00f6ppnande design med dubbla blixtl\u00e5s f\u00f6r enkel \u00e5tkomst.<\/li>\n<li data-start=\"227\" data-end=\"396\"><strong data-start=\"229\" data-end=\"268\">Premiumskydd f\u00f6r din VR Gear<\/strong> - T\u00e5lig utsida i nylon och tjock vadderad insida ger ett helt\u00e4ckande skydd mot repor, st\u00f6tar och oavsiktliga slag.<\/li>\n<li data-start=\"397\" data-end=\"725\"><strong data-start=\"399\" data-end=\"435\">Rymlig f\u00f6rvaring f\u00f6r tillbeh\u00f6r<\/strong> - Flera fack f\u00f6r att h\u00e5lla ordning p\u00e5 din VR-installation:\n<ul data-start=\"497\" data-end=\"725\">\n<li data-start=\"497\" data-end=\"527\">Toppficka f\u00f6r handkontroller<\/li>\n<li data-start=\"530\" data-end=\"566\">Vadderat innerfodral f\u00f6r surfplatta<\/li>\n<li data-start=\"569\" data-end=\"600\">Tv\u00e5 n\u00e4tfickor f\u00f6r kablar<\/li>\n<li data-start=\"603\" data-end=\"677\">N\u00e4tfickor p\u00e5 sidorna och framficka f\u00f6r powerbanks, pl\u00e5nb\u00f6cker och flaskor<\/li>\n<li data-start=\"680\" data-end=\"725\">MOLLE-band f\u00f6r att f\u00e4sta extra tillbeh\u00f6r<\/li>\n<\/ul>\n<\/li>\n<li data-start=\"726\" data-end=\"913\"><strong data-start=\"728\" data-end=\"759\">L\u00e4tt och bekv\u00e4m att b\u00e4ra<\/strong> - Justerbara vadderade axelremmar och ventilerande midjekudde minskar belastningen under resan. Laddningsport p\u00e5 sidan g\u00f6r det m\u00f6jligt att ladda utan att packa upp v\u00e4skan.<\/li>\n<li data-start=\"914\" data-end=\"1146\" data-is-last-node=\"\"><strong data-start=\"916\" data-end=\"944\">Perfekt reses\u00e4llskap<\/strong> - Genomt\u00e4nkt utformade fickor f\u00f6r organiserade tillbeh\u00f6r. Anpassningsbar frontpanel med lappar f\u00f6r ett unikt utseende. Den ultimata f\u00f6rvaringsl\u00f6sningen f\u00f6r din VR-spelinstallation, oavsett om du \u00e4r hemma eller p\u00e5 spr\u00e5ng.<\/li>\n<\/ul>\n<p data-start=\"1757\" data-end=\"2056\" data-is-last-node=\"\">\n<\/div>\n<\/div>\n<\/div>\n<\/div>\n<\/div>\n<\/div>\n<\/div>\n<\/div>\n<\/article>\n<\/div>\n<\/div>\n<\/div>\n<table id=\"productDetails_detailBullets_sections1\" class=\"a-keyvalue prodDetTable\" role=\"presentation\">\n<tbody>\n<tr>\n<th class=\"a-color-secondary a-size-base prodDetSectionEntry\">ackage M\u00e5tt<\/th>\n<td class=\"a-size-base prodDetAttrValue\">15,75 x 10,59 x 3,62 tum<\/td>\n<\/tr>\n<tr>\n<th class=\"a-color-secondary a-size-base prodDetSectionEntry\">Artikel Vikt<\/th>\n<td class=\"a-size-base prodDetAttrValue\">1,69 pund<\/td>\n<\/tr>\n<tr>\n<th class=\"a-color-secondary a-size-base prodDetSectionEntry\">Avdelning<\/th>\n<td class=\"a-size-base prodDetAttrValue\">unisex-vuxen<\/td>\n<\/tr>\n<tr>\n<th class=\"a-color-secondary a-size-base prodDetSectionEntry\">Tillverkare<\/th>\n<td class=\"a-size-base prodDetAttrValue\">PGmoon<\/td>\n<\/tr>\n<tr>\n<th class=\"a-color-secondary a-size-base prodDetSectionEntry\">ASIN<\/th>\n<td class=\"a-size-base prodDetAttrValue\">B0D5CDBDWT<\/td>\n<\/tr>\n<tr>\n<th class=\"a-color-secondary a-size-base prodDetSectionEntry\">Ursprungsland<\/th>\n<td class=\"a-size-base prodDetAttrValue\">Kina<\/td>\n<\/tr>\n<tr>\n<th class=\"a-color-secondary a-size-base prodDetSectionEntry\">Artikelns modellnummer<\/th>\n<td class=\"a-size-base prodDetAttrValue\">CAPG02501<\/td>\n<\/tr>\n<\/tbody>\n<\/table>","protected":false},"excerpt":{"rendered":"<ul>\n<li data-start=\"0\" data-end=\"135\"><strong data-start=\"2\" data-end=\"29\">Universell kompatibilitet<\/strong> - Utformad f\u00f6r Meta Quest 2, Quest 3, Quest 3S och Quest Pro (utan anknytning till de n\u00e4mnda varum\u00e4rkena).<\/li>\n<li data-start=\"136\" data-end=\"256\"><strong data-start=\"138\" data-end=\"161\">\u00d6verl\u00e4gset skydd<\/strong> - Slitstark nylon p\u00e5 utsidan med tjock vaddering som skyddar din VR-utrustning fr\u00e5n st\u00f6tar och repor.<\/li>\n<li data-start=\"257\" data-end=\"369\"><strong data-start=\"259\" data-end=\"276\">Gott om f\u00f6rvaringsutrymme<\/strong> - Inneh\u00e5ller s\u00e4rskilda fack f\u00f6r kontroller, kablar, surfplattor, powerbanks och mycket mer.<\/li>\n<li data-start=\"370\" data-end=\"462\"><strong data-start=\"372\" data-end=\"400\">Bekv\u00e4m laddningsport<\/strong> - Ladda enkelt ditt VR-headset utan att packa upp fodralet.<\/li>\n<li data-start=\"463\" data-end=\"579\" data-is-last-node=\"\"><strong data-start=\"465\" data-end=\"495\">Bekv\u00e4m och resklar<\/strong> - Justerbara vadderade axelremmar och ventilerande midjevaddering f\u00f6r enkel b\u00e4rning.<\/li>\n<\/ul>","protected":false},"featured_media":2034,"comment_status":"open","ping_status":"closed","template":"","meta":[],"product_brand":[],"product_cat":[55,63],"product_tag":[],"class_list":{"0":"post-2025","1":"product","2":"type-product","3":"status-publish","4":"has-post-thumbnail","6":"product_cat-gaming-cases-protection","7":"product_cat-vr-headset-cases","9":"first","10":"instock","11":"shipping-taxable","12":"purchasable","13":"product-type-simple"},"_links":{"self":[{"href":"https:\/\/vavcase.com\/sv\/wp-json\/wp\/v2\/product\/2025","targetHints":{"allow":["GET"]}}],"collection":[{"href":"https:\/\/vavcase.com\/sv\/wp-json\/wp\/v2\/product"}],"about":[{"href":"https:\/\/vavcase.com\/sv\/wp-json\/wp\/v2\/types\/product"}],"replies":[{"embeddable":true,"href":"https:\/\/vavcase.com\/sv\/wp-json\/wp\/v2\/comments?post=2025"}],"wp:featuredmedia":[{"embeddable":true,"href":"https:\/\/vavcase.com\/sv\/wp-json\/wp\/v2\/media\/2034"}],"wp:attachment":[{"href":"https:\/\/vavcase.com\/sv\/wp-json\/wp\/v2\/media?parent=2025"}],"wp:term":[{"taxonomy":"product_brand","embeddable":true,"href":"https:\/\/vavcase.com\/sv\/wp-json\/wp\/v2\/product_brand?post=2025"},{"taxonomy":"product_cat","embeddable":true,"href":"https:\/\/vavcase.com\/sv\/wp-json\/wp\/v2\/product_cat?post=2025"},{"taxonomy":"product_tag","embeddable":true,"href":"https:\/\/vavcase.com\/sv\/wp-json\/wp\/v2\/product_tag?post=2025"}],"curies":[{"name":"wp","href":"https:\/\/api.w.org\/{rel}","templated":true}]}}