{"id":2040,"date":"2025-02-14T12:54:58","date_gmt":"2025-02-14T12:54:58","guid":{"rendered":"https:\/\/vavcase.com\/?post_type=product&#038;p=2040"},"modified":"2025-02-17T10:18:00","modified_gmt":"2025-02-17T10:18:00","slug":"devaso-hard-carrying-case-for-meta-quest-3s-quest-3-vision-pro-compact-travel-storage-case-for-vr-headset-accessories-transparent-design","status":"publish","type":"product","link":"https:\/\/vavcase.com\/sv\/produkt\/devaso-hart-transportfodral-for-meta-quest-3s-quest-3-vision-pro-kompakt-reseforvaringsfodral-for-vr-headset-tillbehor-transparent-design\/","title":{"rendered":"DEVASO h\u00e5rt b\u00e4rfodral f\u00f6r Meta Quest 3S\/Quest 3\/Vision Pro - kompakt resef\u00f6rvaringsfodral f\u00f6r VR-headset och tillbeh\u00f6r, transparent design"},"content":{"rendered":"<ul>\n<li data-start=\"0\" data-end=\"241\"><strong data-start=\"2\" data-end=\"31\">B\u00e4rbar VR-b\u00e4rv\u00e4ska<\/strong> - Utformad f\u00f6r Meta Quest 3S, Quest 3 och Vision Pro VR-headset, vilket s\u00e4kerst\u00e4ller att din enhet och dina tillbeh\u00f6r h\u00e5lls s\u00e4kra och organiserade (ej kompatibel med Elite-remmar eller huvudremmar fr\u00e5n tredje part med batterier).<\/li>\n<li data-start=\"242\" data-end=\"439\"><strong data-start=\"244\" data-end=\"271\">Smart utnyttjande av utrymmen<\/strong> - F\u00f6rvarar effektivt VR-headset, originalhuvudband i tyg, kontroller, laddare och kablar i en kompakt men rymlig design (endast fodral; tillbeh\u00f6r ing\u00e5r ej).<\/li>\n<li data-start=\"440\" data-end=\"663\"><strong data-start=\"442\" data-end=\"472\">Starkt och s\u00e4kert skydd<\/strong> - Detta fodral med h\u00e5rt skal \u00e4r tillverkat av h\u00f6gkvalitativa, h\u00e5llbara material och skyddar din VR-utrustning fr\u00e5n st\u00f6tar och repor, med en inbyggd elastisk rem som h\u00e5ller headsetet p\u00e5 plats under resan.<\/li>\n<li data-start=\"664\" data-end=\"836\"><strong data-start=\"666\" data-end=\"698\">Resv\u00e4nligt och bekv\u00e4mt<\/strong> - Utrustad med ett bekv\u00e4mt, halkfritt silikonhandtag f\u00f6r enkel transport och en utrymmesbesparande design som passar perfekt i en resv\u00e4ska.<\/li>\n<li data-start=\"837\" data-end=\"1020\" data-is-last-node=\"\"><strong data-start=\"839\" data-end=\"869\">En snygg och praktisk present<\/strong> - Den har ett snyggt transparent h\u00f6lje som kombinerar funktionalitet med estetik, vilket g\u00f6r den till en utm\u00e4rkt present till VR-entusiaster vid alla speciella tillf\u00e4llen.<\/li>\n<\/ul>\n<table>\n<thead>\n<tr>\n<th><strong>Attribut<\/strong><\/th>\n<th><strong>Detaljer<\/strong><\/th>\n<\/tr>\n<\/thead>\n<tbody>\n<tr>\n<td><strong>M\u00e5tt p\u00e5 paketet<\/strong><\/td>\n<td>9,45 x 9,33 x 5,35 tum<\/td>\n<\/tr>\n<tr>\n<td><strong>Artikel Vikt<\/strong><\/td>\n<td>1,06 pund<\/td>\n<\/tr>\n<tr>\n<td><strong>ASIN<\/strong><\/td>\n<td>B0DH1XZ98H<\/td>\n<\/tr>\n<tr>\n<td><strong>B\u00e4sts\u00e4ljare Rank<\/strong><\/td>\n<td>#44,079 i Videospel<\/td>\n<\/tr>\n<tr>\n<td><\/td>\n<td>#593 i Frist\u00e5ende VR-tillbeh\u00f6r<\/td>\n<\/tr>\n<tr>\n<td><strong>Datum F\u00f6rsta tillg\u00e4ngliga<\/strong><\/td>\n<td>24 september 2024<\/td>\n<\/tr>\n<tr>\n<td><strong>Avdelning<\/strong><\/td>\n<td>Unisex<\/td>\n<\/tr>\n<tr>\n<td><strong>Tillverkare<\/strong><\/td>\n<td>DEVASO<\/td>\n<\/tr>\n<tr>\n<td><strong>Spr\u00e5k<\/strong><\/td>\n<td>Engelska<\/td>\n<\/tr>\n<tr>\n<td><strong>Ursprungsland<\/strong><\/td>\n<td>Kina<\/td>\n<\/tr>\n<\/tbody>\n<\/table>","protected":false},"excerpt":{"rendered":"<ul>\n<li data-start=\"0\" data-end=\"142\"><strong data-start=\"2\" data-end=\"30\">Utformad f\u00f6r VR-headset<\/strong> - Kompatibel med Meta Quest 3S, Quest 3 och Vision Pro (g\u00e4ller inte Elite Strap eller batteriband fr\u00e5n tredje part).<\/li>\n<li data-start=\"143\" data-end=\"256\"><strong data-start=\"145\" data-end=\"169\">Kompakt men \u00e4nd\u00e5 rymlig<\/strong> - Rymmer VR-headset, originalhuvudband i tyg, kontroller, laddare och kablar.<\/li>\n<li data-start=\"257\" data-end=\"378\"><strong data-start=\"259\" data-end=\"283\">H\u00e5llbar och skyddande<\/strong> - H\u00e5rt skal med elastiska remmar f\u00f6r stabilitet och ett mjukt innerfoder f\u00f6r att f\u00f6rhindra repor.<\/li>\n<li data-start=\"379\" data-end=\"479\"><strong data-start=\"381\" data-end=\"411\">B\u00e4rbar och resev\u00e4nlig<\/strong> - Halkfritt silikonhandtag f\u00f6r komfort; ryms l\u00e4tt i resv\u00e4skor.<\/li>\n<li data-start=\"480\" data-end=\"590\" data-is-last-node=\"\"><strong data-start=\"482\" data-end=\"505\">Perfekt val av present<\/strong> - Transparent, elegant design - perfekt f\u00f6r VR-spelare som v\u00e4rdes\u00e4tter s\u00e4kerhet och estetik.<\/li>\n<\/ul>","protected":false},"featured_media":2045,"comment_status":"open","ping_status":"closed","template":"","meta":[],"product_brand":[],"product_cat":[55,63],"product_tag":[],"class_list":{"0":"post-2040","1":"product","2":"type-product","3":"status-publish","4":"has-post-thumbnail","6":"product_cat-gaming-cases-protection","7":"product_cat-vr-headset-cases","9":"first","10":"instock","11":"shipping-taxable","12":"purchasable","13":"product-type-simple"},"_links":{"self":[{"href":"https:\/\/vavcase.com\/sv\/wp-json\/wp\/v2\/product\/2040","targetHints":{"allow":["GET"]}}],"collection":[{"href":"https:\/\/vavcase.com\/sv\/wp-json\/wp\/v2\/product"}],"about":[{"href":"https:\/\/vavcase.com\/sv\/wp-json\/wp\/v2\/types\/product"}],"replies":[{"embeddable":true,"href":"https:\/\/vavcase.com\/sv\/wp-json\/wp\/v2\/comments?post=2040"}],"wp:featuredmedia":[{"embeddable":true,"href":"https:\/\/vavcase.com\/sv\/wp-json\/wp\/v2\/media\/2045"}],"wp:attachment":[{"href":"https:\/\/vavcase.com\/sv\/wp-json\/wp\/v2\/media?parent=2040"}],"wp:term":[{"taxonomy":"product_brand","embeddable":true,"href":"https:\/\/vavcase.com\/sv\/wp-json\/wp\/v2\/product_brand?post=2040"},{"taxonomy":"product_cat","embeddable":true,"href":"https:\/\/vavcase.com\/sv\/wp-json\/wp\/v2\/product_cat?post=2040"},{"taxonomy":"product_tag","embeddable":true,"href":"https:\/\/vavcase.com\/sv\/wp-json\/wp\/v2\/product_tag?post=2040"}],"curies":[{"name":"wp","href":"https:\/\/api.w.org\/{rel}","templated":true}]}}