{"id":2055,"date":"2025-02-14T13:06:26","date_gmt":"2025-02-14T13:06:26","guid":{"rendered":"https:\/\/vavcase.com\/?post_type=product&#038;p=2055"},"modified":"2025-02-17T10:16:37","modified_gmt":"2025-02-17T10:16:37","slug":"vznek-hard-carrying-case-for-oculus-meta-quest-3-quest-3s-fits-elite-strap-accessories-waterproof-travel-storage-bag","status":"publish","type":"product","link":"https:\/\/vavcase.com\/sv\/produkt\/vznek-hard-barvaska-for-oculus-meta-quest-3-quest-3s-passar-elite-rem-tillbehor-vattentat-reseforvaringsvaska\/","title":{"rendered":"VZNEK H\u00e5rd b\u00e4rv\u00e4ska f\u00f6r Oculus\/Meta Quest 3\/Quest 3S, passar Elite-rem och tillbeh\u00f6r, vattent\u00e4t, resef\u00f6rvaringsv\u00e4ska"},"content":{"rendered":"<ul data-start=\"0\" data-end=\"908\">\n<li data-start=\"0\" data-end=\"218\"><strong data-start=\"2\" data-end=\"25\">\u00d6verl\u00e4gset skydd<\/strong>: Detta fodral \u00e4r tillverkat av h\u00f6gkvalitativt EVA-material och \u00e4r st\u00f6ts\u00e4kert, dammt\u00e4tt och fukts\u00e4kert f\u00f6r att skydda din VR-utrustning fr\u00e5n repor och smuts. Den smidiga dubbla dragkedjan garanterar s\u00e4ker st\u00e4ngning.<\/li>\n<li data-start=\"219\" data-end=\"435\"><strong data-start=\"221\" data-end=\"245\">Rymlig och organiserad<\/strong>: Genomt\u00e4nkt layout f\u00f6r fack som rymmer VR-headset, kontroller, laddare, linsskydd med mera. En n\u00e4tficka ger extra utrymme f\u00f6r sm\u00e5 tillbeh\u00f6r som kablar eller minneskort.<\/li>\n<li data-start=\"436\" data-end=\"612\"><strong data-start=\"438\" data-end=\"464\">Effektivt utnyttjande av utrymme<\/strong>: Den stora interi\u00f6ren rymmer hela VR-upps\u00e4ttningen och tillbeh\u00f6r fr\u00e5n tredje part. Sm\u00e5 fack hj\u00e4lper till att h\u00e5lla viktiga f\u00f6rem\u00e5l som anteckningsb\u00f6cker eller kort organiserade.<\/li>\n<li data-start=\"613\" data-end=\"783\"><strong data-start=\"615\" data-end=\"648\">Bekv\u00e4mt och resv\u00e4nligt<\/strong>: Justerbar crossbody-rem med andningsbar bikakedesign minskar trycket p\u00e5 axlarna f\u00f6r en bekv\u00e4m b\u00e4rupplevelse.<\/li>\n<li data-start=\"784\" data-end=\"908\"><strong data-start=\"786\" data-end=\"806\">L\u00e4tt att underh\u00e5lla<\/strong>: Den sl\u00e4ta ytan torkas l\u00e4tt av med en fuktig trasa eller pappershandduk, s\u00e5 att fodralet ser ut som nytt.<\/li>\n<\/ul>\n<p data-start=\"910\" data-end=\"1028\" data-is-last-node=\"\">Perfekt f\u00f6r f\u00f6rvaring hemma och p\u00e5 resan, ger maximalt skydd och bekv\u00e4mlighet f\u00f6r dina Oculus Quest 3-tillbeh\u00f6r.<\/p>\n<table>\n<thead>\n<tr>\n<th><strong>Attribut<\/strong><\/th>\n<th><strong>Detaljer<\/strong><\/th>\n<\/tr>\n<\/thead>\n<tbody>\n<tr>\n<td><strong>Produktens m\u00e5tt<\/strong><\/td>\n<td>9,64 x 1,77 x 11,8 tum<\/td>\n<\/tr>\n<tr>\n<td><strong>Artikel Vikt<\/strong><\/td>\n<td>1,17 pund<\/td>\n<\/tr>\n<tr>\n<td><strong>ASIN<\/strong><\/td>\n<td>B0CJHS8KBQ<\/td>\n<\/tr>\n<tr>\n<td><strong>Artikelmodellnummer<\/strong><\/td>\n<td>Q3CE0010<\/td>\n<\/tr>\n<tr>\n<td><strong>B\u00e4sts\u00e4ljare Rank<\/strong><\/td>\n<td>#33,892 i Videospel<\/td>\n<\/tr>\n<tr>\n<td><\/td>\n<td>#545 i VR-headset f\u00f6r PC<\/td>\n<\/tr>\n<tr>\n<td><strong>Datum F\u00f6rsta tillg\u00e4ngliga<\/strong><\/td>\n<td>21 september 2023<\/td>\n<\/tr>\n<tr>\n<td><strong>Avdelning<\/strong><\/td>\n<td>Unisex<\/td>\n<\/tr>\n<tr>\n<td><strong>Tillverkare<\/strong><\/td>\n<td>VZNEK<\/td>\n<\/tr>\n<tr>\n<td><strong>Ursprungsland<\/strong><\/td>\n<td>USA<\/td>\n<\/tr>\n<\/tbody>\n<\/table>","protected":false},"excerpt":{"rendered":"<ul>\n<li data-start=\"0\" data-end=\"97\"><strong data-start=\"2\" data-end=\"19\">Kompatibilitet<\/strong>: Utformad f\u00f6r Oculus Quest, Quest 3 och Quest 3S (VR-enhet ing\u00e5r ej).<\/li>\n<li data-start=\"98\" data-end=\"231\"><strong data-start=\"100\" data-end=\"124\">H\u00e5llbar och skyddande<\/strong>: Tillverkad av vattenbest\u00e4ndigt EVA-material, st\u00f6ts\u00e4kert, dammt\u00e4tt och fukts\u00e4kert f\u00f6r maximalt skydd.<\/li>\n<li data-start=\"232\" data-end=\"346\"><strong data-start=\"234\" data-end=\"253\">Rymlig design<\/strong>: Rymmer VR-headset, kontroller, laddare, linsskydd och sm\u00e5 tillbeh\u00f6r.<\/li>\n<li data-start=\"347\" data-end=\"478\"><strong data-start=\"349\" data-end=\"373\">Bekv\u00e4m att b\u00e4ra<\/strong>: Har en justerbar axelrem som g\u00e5r \u00f6ver axeln och en bikakedesign som andas f\u00f6r \u00f6kad komfort.<\/li>\n<li data-start=\"479\" data-end=\"569\" data-is-last-node=\"\"><strong data-start=\"481\" data-end=\"498\">L\u00e4tt att reng\u00f6ra<\/strong>: Den sl\u00e4ta ytan torkas l\u00e4tt av med en fuktig trasa eller pappershandduk.<\/li>\n<\/ul>","protected":false},"featured_media":2058,"comment_status":"open","ping_status":"closed","template":"","meta":[],"product_brand":[],"product_cat":[55,63],"product_tag":[],"class_list":{"0":"post-2055","1":"product","2":"type-product","3":"status-publish","4":"has-post-thumbnail","6":"product_cat-gaming-cases-protection","7":"product_cat-vr-headset-cases","9":"first","10":"instock","11":"shipping-taxable","12":"purchasable","13":"product-type-simple"},"_links":{"self":[{"href":"https:\/\/vavcase.com\/sv\/wp-json\/wp\/v2\/product\/2055","targetHints":{"allow":["GET"]}}],"collection":[{"href":"https:\/\/vavcase.com\/sv\/wp-json\/wp\/v2\/product"}],"about":[{"href":"https:\/\/vavcase.com\/sv\/wp-json\/wp\/v2\/types\/product"}],"replies":[{"embeddable":true,"href":"https:\/\/vavcase.com\/sv\/wp-json\/wp\/v2\/comments?post=2055"}],"wp:featuredmedia":[{"embeddable":true,"href":"https:\/\/vavcase.com\/sv\/wp-json\/wp\/v2\/media\/2058"}],"wp:attachment":[{"href":"https:\/\/vavcase.com\/sv\/wp-json\/wp\/v2\/media?parent=2055"}],"wp:term":[{"taxonomy":"product_brand","embeddable":true,"href":"https:\/\/vavcase.com\/sv\/wp-json\/wp\/v2\/product_brand?post=2055"},{"taxonomy":"product_cat","embeddable":true,"href":"https:\/\/vavcase.com\/sv\/wp-json\/wp\/v2\/product_cat?post=2055"},{"taxonomy":"product_tag","embeddable":true,"href":"https:\/\/vavcase.com\/sv\/wp-json\/wp\/v2\/product_tag?post=2055"}],"curies":[{"name":"wp","href":"https:\/\/api.w.org\/{rel}","templated":true}]}}