{"id":2064,"date":"2025-02-14T13:15:22","date_gmt":"2025-02-14T13:15:22","guid":{"rendered":"https:\/\/vavcase.com\/?post_type=product&#038;p=2064"},"modified":"2025-02-17T10:14:43","modified_gmt":"2025-02-17T10:14:43","slug":"carrying-case-for-oculus-meta-quest-2-3-3s-pro-fits-vr-elite-strap-controllers-accessories-travel-storage-bag","status":"publish","type":"product","link":"https:\/\/vavcase.com\/sv\/produkt\/barvaska-for-oculus-meta-quest-2-3-3s-pro-passar-vr-elite-rem-kontroller-tillbehor-reseforvaringsvaska\/","title":{"rendered":"B\u00e4rv\u00e4ska f\u00f6r Oculus Meta Quest 2\/3\/3S\/Pro, passar VR Elite-rem, handkontroller och tillbeh\u00f6r, resef\u00f6rvaringsv\u00e4ska"},"content":{"rendered":"<ul>\n<li data-start=\"0\" data-end=\"153\">Designad f\u00f6r VR-headset, passar s\u00e4kert Oculus Quest 2\/3\/3S\/Pro med vadderad innerrem och inkluderar ett fodral f\u00f6r surfplattor och n\u00e4tficka f\u00f6r kablar.<\/li>\n<li data-start=\"154\" data-end=\"321\">Robust nylon p\u00e5 utsidan motst\u00e5r slitage, mjuk sammet p\u00e5 insidan skyddar mot repor och st\u00f6tar, och en U-formad stor \u00f6ppning ger enkel \u00e5tkomst.<\/li>\n<li data-start=\"322\" data-end=\"465\">Smart f\u00f6rvaring med ett toppfack f\u00f6r kontroller, tv\u00e5 sidofickor och en bakficka med blixtl\u00e5s f\u00f6r powerbank, kablar och telefon.<\/li>\n<li data-start=\"466\" data-end=\"605\">L\u00e4tt att b\u00e4ra med ett vadderat handtag, avtagbar axelrem och en ryggrem f\u00f6r att f\u00e4sta v\u00e4skan p\u00e5 en resv\u00e4ska f\u00f6r handsfree-resa.<\/li>\n<li data-start=\"606\" data-end=\"702\" data-is-last-node=\"\">L\u00e4tt och kompakt, idealisk f\u00f6r b\u00e5de resor och f\u00f6rvaring i hemmet, perfekt f\u00f6r VR-entusiaster.<\/li>\n<\/ul>\n<table id=\"productDetails_detailBullets_sections1\" class=\"a-keyvalue prodDetTable\" role=\"presentation\">\n<tbody>\n<tr>\n<th class=\"a-color-secondary a-size-base prodDetSectionEntry\">M\u00e5tt p\u00e5 paketet<\/th>\n<td class=\"a-size-base prodDetAttrValue\">13,43 x 11,89 x 3,74 tum<\/td>\n<\/tr>\n<tr>\n<th class=\"a-color-secondary a-size-base prodDetSectionEntry\">Artikel Vikt<\/th>\n<td class=\"a-size-base prodDetAttrValue\">1,39 pund<\/td>\n<\/tr>\n<tr>\n<th class=\"a-color-secondary a-size-base prodDetSectionEntry\">Avdelning<\/th>\n<td class=\"a-size-base prodDetAttrValue\">unisex-vuxen<\/td>\n<\/tr>\n<tr>\n<th class=\"a-color-secondary a-size-base prodDetSectionEntry\">Tillverkare<\/th>\n<td class=\"a-size-base prodDetAttrValue\">PGmoon<\/td>\n<\/tr>\n<tr>\n<th class=\"a-color-secondary a-size-base prodDetSectionEntry\">ASIN<\/th>\n<td class=\"a-size-base prodDetAttrValue\">B0DGX5MLXM<\/td>\n<\/tr>\n<tr>\n<th class=\"a-color-secondary a-size-base prodDetSectionEntry\">Ursprungsland<\/th>\n<td class=\"a-size-base prodDetAttrValue\">Kina<\/td>\n<\/tr>\n<tr>\n<th class=\"a-color-secondary a-size-base prodDetSectionEntry\">Artikelns modellnummer<\/th>\n<td class=\"a-size-base prodDetAttrValue\">CAPG03301<\/td>\n<\/tr>\n<\/tbody>\n<\/table>","protected":false},"excerpt":{"rendered":"<ul>\n<li data-start=\"0\" data-end=\"93\">VR-b\u00e4rv\u00e4ska - kompatibel med Oculus Meta Quest 2, Quest 3, Quest 3S och Quest Pro.<\/li>\n<li data-start=\"94\" data-end=\"195\">Fullt skydd - Slitstark nylon p\u00e5 utsidan med mjuk sammetstoppning f\u00f6r effektiv st\u00f6td\u00e4mpning.<\/li>\n<li data-start=\"196\" data-end=\"290\">Rymlig f\u00f6rvaring - Separata fack f\u00f6r styrenheter, kablar, surfplatta och tillbeh\u00f6r.<\/li>\n<li data-start=\"291\" data-end=\"399\">L\u00e4tt att b\u00e4ra - har ett vadderat handtag, avtagbar axelrem och resv\u00e4skrem f\u00f6r bekv\u00e4mlighet.<\/li>\n<li data-start=\"400\" data-end=\"479\" data-is-last-node=\"\">Resev\u00e4nlig - Kompakt men \u00e4nd\u00e5 rymlig design, perfekt f\u00f6r f\u00f6rvaring hemma eller p\u00e5 resan.<\/li>\n<\/ul>","protected":false},"featured_media":2066,"comment_status":"open","ping_status":"closed","template":"","meta":[],"product_brand":[],"product_cat":[55,63],"product_tag":[],"class_list":{"0":"post-2064","1":"product","2":"type-product","3":"status-publish","4":"has-post-thumbnail","6":"product_cat-gaming-cases-protection","7":"product_cat-vr-headset-cases","9":"first","10":"instock","11":"shipping-taxable","12":"purchasable","13":"product-type-simple"},"_links":{"self":[{"href":"https:\/\/vavcase.com\/sv\/wp-json\/wp\/v2\/product\/2064","targetHints":{"allow":["GET"]}}],"collection":[{"href":"https:\/\/vavcase.com\/sv\/wp-json\/wp\/v2\/product"}],"about":[{"href":"https:\/\/vavcase.com\/sv\/wp-json\/wp\/v2\/types\/product"}],"replies":[{"embeddable":true,"href":"https:\/\/vavcase.com\/sv\/wp-json\/wp\/v2\/comments?post=2064"}],"wp:featuredmedia":[{"embeddable":true,"href":"https:\/\/vavcase.com\/sv\/wp-json\/wp\/v2\/media\/2066"}],"wp:attachment":[{"href":"https:\/\/vavcase.com\/sv\/wp-json\/wp\/v2\/media?parent=2064"}],"wp:term":[{"taxonomy":"product_brand","embeddable":true,"href":"https:\/\/vavcase.com\/sv\/wp-json\/wp\/v2\/product_brand?post=2064"},{"taxonomy":"product_cat","embeddable":true,"href":"https:\/\/vavcase.com\/sv\/wp-json\/wp\/v2\/product_cat?post=2064"},{"taxonomy":"product_tag","embeddable":true,"href":"https:\/\/vavcase.com\/sv\/wp-json\/wp\/v2\/product_tag?post=2064"}],"curies":[{"name":"wp","href":"https:\/\/api.w.org\/{rel}","templated":true}]}}