{"id":2072,"date":"2025-02-14T13:23:53","date_gmt":"2025-02-14T13:23:53","guid":{"rendered":"https:\/\/vavcase.com\/?post_type=product&#038;p=2072"},"modified":"2025-02-17T10:11:03","modified_gmt":"2025-02-17T10:11:03","slug":"large-hard-carrying-case-for-meta-quest-3-compatible-with-kiwi-design-bobovr-battery-head-strap-accessories-travel-friendly","status":"publish","type":"product","link":"https:\/\/vavcase.com\/sv\/produkt\/stor-hard-barvaska-for-meta-quest-3-kompatibel-med-kiwi-design-bobovr-batteri-huvudrem-tillbehor-resevanlig\/","title":{"rendered":"Stor h\u00e5rd b\u00e4rv\u00e4ska f\u00f6r Meta Quest 3, kompatibel med Kiwi Design\/BOBOVR batterihuvudrem och tillbeh\u00f6r, resev\u00e4nlig"},"content":{"rendered":"<div class=\"flex max-w-full flex-col flex-grow\">\n<div class=\"min-h-8 text-message flex w-full flex-col items-end gap-2 whitespace-normal break-words text-start [.text-message+&amp;]:mt-5\" dir=\"auto\" data-message-author-role=\"assistant\" data-message-id=\"67f46488-2141-46ad-8e00-fb4b20a68c04\" data-message-model-slug=\"gpt-4o\">\n<div class=\"flex w-full flex-col gap-1 empty:hidden first:pt-[3px]\">\n<div class=\"markdown prose w-full break-words dark:prose-invert dark\">\n<ul>\n<li data-start=\"0\" data-end=\"276\">\n<p data-start=\"2\" data-end=\"276\"><strong data-start=\"2\" data-end=\"37\">Stor b\u00e4rv\u00e4ska f\u00f6r Quest 3<\/strong> - STARTRC GAMES resefodral \u00e4r utformat f\u00f6r Meta Quest 3 VR-headset och touchkontroller. Kompatibel med den officiella Elite Strap med batterier, Kiwi Design och BOBOVR M3 batterihuvudrem (ej kompatibel med BOBOVR S3 Pro).<\/p>\n<\/li>\n<li data-start=\"278\" data-end=\"434\">\n<p data-start=\"280\" data-end=\"434\"><strong data-start=\"280\" data-end=\"303\">Stor kompatibilitet<\/strong> - Passar perfekt till Quest 3 headset, Elite Strap, handkontroller, laddare, kablar och andra tillbeh\u00f6r (tillbeh\u00f6r ing\u00e5r ej).<\/p>\n<\/li>\n<li data-start=\"436\" data-end=\"674\">\n<p data-start=\"438\" data-end=\"674\"><strong data-start=\"438\" data-end=\"468\">Robust och s\u00e4kert skydd<\/strong> - Tillverkad av h\u00f6gkvalitativa material f\u00f6r l\u00e5ng livsl\u00e4ngd. Har en inbyggd kortplats, design med elastiskt band och mjukt foder f\u00f6r att s\u00e4kert stabilisera ditt VR-headset och tillbeh\u00f6r och f\u00f6rhindra repor eller skador.<\/p>\n<\/li>\n<li data-start=\"676\" data-end=\"892\">\n<p data-start=\"678\" data-end=\"892\"><strong data-start=\"678\" data-end=\"704\">L\u00e4tt att ta med sig \u00f6verallt<\/strong> - Med en justerbar och avtagbar axelrem och ett bekv\u00e4mt silikonhandtag. Den avtagbara designen g\u00f6r att den kan anv\u00e4ndas som handv\u00e4ska, vilket g\u00f6r den idealisk f\u00f6r resor och f\u00f6rvaring.<\/p>\n<\/li>\n<li data-start=\"894\" data-end=\"1059\">\n<p data-start=\"896\" data-end=\"1059\"><strong data-start=\"896\" data-end=\"925\">P\u00e5litlig kundsupport<\/strong> - Njut av en 30-dagars ovillkorlig returpolicy och 24\/7 online kundservice. Vi finns h\u00e4r f\u00f6r att ge dig premiumsupport n\u00e4r du beh\u00f6ver det.<\/p>\n<\/li>\n<li data-start=\"1061\" data-end=\"1156\" data-is-last-node=\"\">\n<p data-start=\"1063\" data-end=\"1156\" data-is-last-node=\"\"><strong data-start=\"1063\" data-end=\"1088\">Perfekt f\u00f6r VR-spelare<\/strong> - Erbjuder bekv\u00e4mlighet, skydd och stil f\u00f6r all din VR-utrustning.<\/p>\n<\/li>\n<\/ul>\n<\/div>\n<\/div>\n<\/div>\n<\/div>\n<div class=\"flex max-w-full flex-col flex-grow\">\n<table>\n<thead>\n<tr>\n<th><strong>Attribut<\/strong><\/th>\n<th><strong>Detaljer<\/strong><\/th>\n<\/tr>\n<\/thead>\n<tbody>\n<tr>\n<td><strong>M\u00e5tt p\u00e5 paketet<\/strong><\/td>\n<td>12,6 x 10,24 x 6,81 tum<\/td>\n<\/tr>\n<tr>\n<td><strong>Artikel Vikt<\/strong><\/td>\n<td>1,79 pund<\/td>\n<\/tr>\n<tr>\n<td><strong>ASIN<\/strong><\/td>\n<td>B0CSS77FF2<\/td>\n<\/tr>\n<tr>\n<td><strong>B\u00e4sts\u00e4ljare Rank<\/strong><\/td>\n<td>#12,269 i Videospel<\/td>\n<\/tr>\n<tr>\n<td><\/td>\n<td>#89 i Frist\u00e5ende VR-headset<\/td>\n<\/tr>\n<tr>\n<td><strong>Andra displayfunktioner<\/strong><\/td>\n<td>Tr\u00e5dl\u00f6s<\/td>\n<\/tr>\n<tr>\n<td><strong>F\u00e4rg<\/strong><\/td>\n<td>Gr\u00e5<\/td>\n<\/tr>\n<tr>\n<td><strong>Vad finns i l\u00e5dan<\/strong><\/td>\n<td>Styrenhet, rem, kabel, huvudband<\/td>\n<\/tr>\n<tr>\n<td><strong>Tillverkare<\/strong><\/td>\n<td>STARTRC SPEL<\/td>\n<\/tr>\n<tr>\n<td><strong>Datum F\u00f6rsta tillg\u00e4ngliga<\/strong><\/td>\n<td>19 januari 2024<\/td>\n<\/tr>\n<\/tbody>\n<\/table>\n<\/div>","protected":false},"excerpt":{"rendered":"<ul>\n<li data-start=\"0\" data-end=\"248\">\n<p data-start=\"2\" data-end=\"248\"><strong data-start=\"2\" data-end=\"37\">Stor b\u00e4rv\u00e4ska f\u00f6r Quest 3<\/strong> - Speciellt utformad f\u00f6r Meta Quest 3 VR-headset och tillbeh\u00f6r f\u00f6r touch-kontroller. Kompatibel med den officiella Elite Strap, Kiwi Design och BOBOVR M3 batterihuvudrem (ej kompatibel med BOBOVR S3 Pro).<\/p>\n<\/li>\n<li data-start=\"250\" data-end=\"369\">\n<p data-start=\"252\" data-end=\"369\"><strong data-start=\"252\" data-end=\"271\">Robust och s\u00e4ker<\/strong> - H\u00e5rt skalfodral med mjukt foder, inbyggd kortplats och elastiskt band f\u00f6r extra stabilisering.<\/p>\n<\/li>\n<li data-start=\"371\" data-end=\"503\">\n<p data-start=\"373\" data-end=\"503\"><strong data-start=\"373\" data-end=\"390\">L\u00e4tt att b\u00e4ra<\/strong> - Har en justerbar och avtagbar axelrem med ett bekv\u00e4mt silikonhandtag f\u00f6r bekv\u00e4m resa.<\/p>\n<\/li>\n<li data-start=\"505\" data-end=\"605\" data-is-last-node=\"\">\n<p data-start=\"507\" data-end=\"605\" data-is-last-node=\"\"><strong data-start=\"507\" data-end=\"527\">P\u00e5litlig support<\/strong> - 30 dagars returr\u00e4tt och kundtj\u00e4nst dygnet runt f\u00f6r all hj\u00e4lp som kan beh\u00f6vas.<\/p>\n<\/li>\n<\/ul>","protected":false},"featured_media":2074,"comment_status":"open","ping_status":"closed","template":"","meta":[],"product_brand":[],"product_cat":[55,63],"product_tag":[],"class_list":{"0":"post-2072","1":"product","2":"type-product","3":"status-publish","4":"has-post-thumbnail","6":"product_cat-gaming-cases-protection","7":"product_cat-vr-headset-cases","9":"first","10":"instock","11":"shipping-taxable","12":"purchasable","13":"product-type-simple"},"_links":{"self":[{"href":"https:\/\/vavcase.com\/sv\/wp-json\/wp\/v2\/product\/2072","targetHints":{"allow":["GET"]}}],"collection":[{"href":"https:\/\/vavcase.com\/sv\/wp-json\/wp\/v2\/product"}],"about":[{"href":"https:\/\/vavcase.com\/sv\/wp-json\/wp\/v2\/types\/product"}],"replies":[{"embeddable":true,"href":"https:\/\/vavcase.com\/sv\/wp-json\/wp\/v2\/comments?post=2072"}],"wp:featuredmedia":[{"embeddable":true,"href":"https:\/\/vavcase.com\/sv\/wp-json\/wp\/v2\/media\/2074"}],"wp:attachment":[{"href":"https:\/\/vavcase.com\/sv\/wp-json\/wp\/v2\/media?parent=2072"}],"wp:term":[{"taxonomy":"product_brand","embeddable":true,"href":"https:\/\/vavcase.com\/sv\/wp-json\/wp\/v2\/product_brand?post=2072"},{"taxonomy":"product_cat","embeddable":true,"href":"https:\/\/vavcase.com\/sv\/wp-json\/wp\/v2\/product_cat?post=2072"},{"taxonomy":"product_tag","embeddable":true,"href":"https:\/\/vavcase.com\/sv\/wp-json\/wp\/v2\/product_tag?post=2072"}],"curies":[{"name":"wp","href":"https:\/\/api.w.org\/{rel}","templated":true}]}}