{"id":2245,"date":"2025-02-17T04:33:47","date_gmt":"2025-02-17T04:33:47","guid":{"rendered":"https:\/\/vavcase.com\/?post_type=product&#038;p=2245"},"modified":"2025-02-17T04:33:48","modified_gmt":"2025-02-17T04:33:48","slug":"pgmoon-tactical-game-backpack-compatible-with-ps5-ps5-slim-ps5-pro-ps4-console","status":"publish","type":"product","link":"https:\/\/vavcase.com\/sv\/produkt\/pgmoon-taktisk-spelryggsack-kompatibel-med-ps5-ps5-slim-ps5-pro-ps4-konsol\/","title":{"rendered":"PGmoon taktisk ryggs\u00e4ck f\u00f6r spel kompatibel med PS5\/PS5 Slim\/PS5 Pro\/PS4-konsol"},"content":{"rendered":"<h2>Information om produkten<\/h2>\n<div class=\"a-row a-spacing-top-base\">\n<div class=\"a-column a-span6\">\n<div class=\"a-row a-spacing-base\">\n<div class=\"a-section table-padding\">\n<table id=\"productDetails_detailBullets_sections1\" class=\"a-keyvalue prodDetTable\" role=\"presentation\">\n<tbody>\n<tr>\n<th class=\"a-color-secondary a-size-base prodDetSectionEntry\">Produktens m\u00e5tt<\/th>\n<td class=\"a-size-base prodDetAttrValue\">12,7\u2033L x 9,45\u2033B x 17,72\u2033H<\/td>\n<\/tr>\n<tr>\n<th class=\"a-color-secondary a-size-base prodDetSectionEntry\">Artikel Vikt<\/th>\n<td class=\"a-size-base prodDetAttrValue\">1,21 Kilogram<\/td>\n<\/tr>\n<tr>\n<th class=\"a-color-secondary a-size-base prodDetSectionEntry\">Typ av skal<\/th>\n<td class=\"a-size-base prodDetAttrValue\">Mjuk<\/td>\n<\/tr>\n<tr>\n<th class=\"a-color-secondary a-size-base prodDetSectionEntry\">Typ av f\u00f6rslutning<\/th>\n<td class=\"a-size-base prodDetAttrValue\">Dragkedja<\/td>\n<\/tr>\n<tr>\n<th class=\"a-color-secondary a-size-base prodDetSectionEntry\">Handtagstyp<\/th>\n<td class=\"a-size-base prodDetAttrValue\">axelrem<\/td>\n<\/tr>\n<tr>\n<th class=\"a-color-secondary a-size-base prodDetSectionEntry\">Antal fack<\/th>\n<td class=\"a-size-base prodDetAttrValue\">5<\/td>\n<\/tr>\n<tr>\n<th class=\"a-color-secondary a-size-base prodDetSectionEntry\">Beskrivning av fickan<\/th>\n<td class=\"a-size-base prodDetAttrValue\">Ficka med dragkedja<\/td>\n<\/tr>\n<tr>\n<th class=\"a-color-secondary a-size-base prodDetSectionEntry\">Typ av rem<\/th>\n<td class=\"a-size-base prodDetAttrValue\">vadderad axelrem<\/td>\n<\/tr>\n<tr>\n<th class=\"a-color-secondary a-size-base prodDetSectionEntry\">Tillverkare<\/th>\n<td class=\"a-size-base prodDetAttrValue\">PGmoon<\/td>\n<\/tr>\n<tr>\n<th class=\"a-color-secondary a-size-base prodDetSectionEntry\">ASIN<\/th>\n<td class=\"a-size-base prodDetAttrValue\">B0CFXVGPYB<\/td>\n<\/tr>\n<tr>\n<th class=\"a-color-secondary a-size-base prodDetSectionEntry\">Kundrecensioner<\/th>\n<td class=\"a-size-base\">\n<div id=\"averageCustomerReviews\" data-asin=\"B0CFXVGPYB\" data-ref=\"dpx_acr_pop_\"><span class=\"a-declarative\" data-action=\"acrStarsLink-click-metrics\" data-acrstarslink-click-metrics=\"{}\"><span id=\"acrPopover\" class=\"reviewCountTextLinkedHistogram noUnderline\" title=\"4,9 av 5 stj\u00e4rnor\"><a class=\"a-popover-trigger a-declarative\" role=\"button\"><span class=\"a-size-base a-color-base\">4.9\u00a0<\/span><i class=\"a-icon a-icon-star a-star-5 cm-cr-review-stars-spacing-big\"><span class=\"a-icon-alt\">4,9 av 5 stj\u00e4rnor<\/span><\/i>\u00a0<i class=\"a-icon a-icon-popover\"><\/i><\/a>\u00a0\u00a0<\/span><\/span>\u00a0<span class=\"a-declarative\" data-action=\"acrLink-click-metrics\" data-acrlink-click-metrics=\"{}\"><a id=\"acrCustomerReviewLink\" class=\"a-link-normal\" href=\"https:\/\/www.amazon.com\/Tactical-Compatible-Controller-Accessories-playstation-5\/dp\/B0CFXVGPYB\/ref=sr_1_5?dib=eyJ2IjoiMSJ9.2cYb2ixP8aVFF7PEyv0VVraiyRt5rc1CKpNDgs7Bb0JNc3Lecvgau92G9oWn7WE_KRZ-iYFGBktIVhJ6EZGV7N_YLAUjcqLIfj9m1S96qFcarOiayc3ILWICmuJWwiATCz9PaIGktIYf4Jq9jv1RPnHSSnsE1lt0zaygH951ueIvO4DFijj9QwCdFyg-vtkICDwa7i-czG32zoqmQH1WqLijyU2U9fusI2lgCGuQYtg.YWvL05sRuHGz2u153ObQyDOY2YG7Kt-A-C4BlnDqwF8&amp;dib_tag=se&amp;keywords=gaming+backpack&amp;qid=1739765805&amp;sr=8-5#customerReviews\"><span id=\"acrCustomerReviewText\" class=\"a-size-base\">104 betyg<\/span><\/a><\/span><\/div>\n<p>4,9 av 5 stj\u00e4rnor<\/td>\n<\/tr>\n<tr>\n<th class=\"a-color-secondary a-size-base prodDetSectionEntry\">B\u00e4sts\u00e4ljare Rank<\/th>\n<td>#3,605 i Videospel (<a href=\"https:\/\/www.amazon.com\/gp\/bestsellers\/videogames\/ref=pd_zg_ts_videogames\">Se Topp 100 i Videospel<\/a>)<br \/>\n#9 i\u00a0<a href=\"https:\/\/www.amazon.com\/gp\/bestsellers\/videogames\/20972793011\/ref=pd_zg_hrsr_videogames\">Fodral f\u00f6r PlayStation 5<\/a><\/td>\n<\/tr>\n<tr>\n<th class=\"a-color-secondary a-size-base prodDetSectionEntry\">Typ av f\u00f6rem\u00e5l<\/th>\n<td class=\"a-size-base prodDetAttrValue\">Bagage<\/td>\n<\/tr>\n<tr>\n<th class=\"a-color-secondary a-size-base prodDetSectionEntry\">Artikelns modellnummer<\/th>\n<td class=\"a-size-base prodDetAttrValue\">CAPG00201<\/td>\n<\/tr>\n<tr>\n<th class=\"a-color-secondary a-size-base prodDetSectionEntry\">Artikel Vikt<\/th>\n<td class=\"a-size-base prodDetAttrValue\">2,66 pund<\/td>\n<\/tr>\n<tr>\n<th class=\"a-color-secondary a-size-base prodDetSectionEntry\">Avdelning<\/th>\n<td class=\"a-size-base prodDetAttrValue\">Unisex Vuxen<\/td>\n<\/tr>\n<tr>\n<th class=\"a-color-secondary a-size-base prodDetSectionEntry\">Datum F\u00f6rsta tillg\u00e4ngliga<\/th>\n<td class=\"a-size-base prodDetAttrValue\">17 augusti 2023<\/td>\n<\/tr>\n<\/tbody>\n<\/table>\n<\/div>\n<\/div>\n<\/div>\n<\/div>","protected":false},"excerpt":{"rendered":"<p><strong>STOR KAPACITET:<\/strong> Huvudfacket har en vadderad hylsa som rymmer en 15,6\u2033 b\u00e4rbar bildsk\u00e4rm p\u00e5 motsatt sida, samt en anpassad inre avdelare som g\u00f6r att du kan skydda din konsol; Dessutom finns ett 15,6\u2033 laptop-fack i mitten.<br \/>\n<strong>PERFEKT UTFORMAD:<\/strong> Det tjockare PE-skummet p\u00e5 insidan av den h\u00e4r ryggs\u00e4cken skyddar konsolen fr\u00e5n repor och st\u00f6tar. Utsidan \u00e4r tillverkad av robust nylon, som h\u00e5ller l\u00e4nge under transport.<br \/>\n<strong>INSPIRERANDE DESIGN F\u00d6R F\u00d6RVARING:<\/strong> Dina kontroller och h\u00f6rlurar kan f\u00f6rvaras s\u00e4kert i den nedre, vadderade framfickan, medan skivor, kablar och nycklar f\u00f6rvaras i den \u00f6vre framfickan. Du kan skapa dina egna tillbeh\u00f6rsfickor med hj\u00e4lp av de genomg\u00e5ende MOLLE-banden.<br \/>\n<strong>L\u00c4TT ATT B\u00c4RA MED SIG:<\/strong> Ventilerande midjed\u00e4mpning och ergonomiska, justerbara axelremmar kan minska belastningen p\u00e5 axlarna och tr\u00f6ttheten i midjan n\u00e4r du b\u00e4r; sidosp\u00e4nnen g\u00f6r det m\u00f6jligt att dra \u00e5t dem, vilket g\u00f6r ryggs\u00e4cken liten och b\u00e4rbar.<br \/>\n<strong>FANTASTISK V\u00c4SKA:<\/strong> Ett genomt\u00e4nkt rumsarrangemang underl\u00e4ttar korrekt placering av konsolen och all dess kringutrustning; En perfekt f\u00f6ljeslagare f\u00f6r spelare, vilket garanterar en bekv\u00e4m resa; Dessutom som en elegant rese-ryggs\u00e4ck duffel; Det n\u00e4mnda varum\u00e4rket har inget att g\u00f6ra med v\u00e5r produkt.<\/p>","protected":false},"featured_media":2252,"comment_status":"open","ping_status":"closed","template":"","meta":[],"product_brand":[],"product_cat":[69,57],"product_tag":[],"class_list":{"0":"post-2245","1":"product","2":"type-product","3":"status-publish","4":"has-post-thumbnail","6":"product_cat-gaming-backpacks","7":"product_cat-travel-gears","9":"first","10":"instock","11":"shipping-taxable","12":"purchasable","13":"product-type-simple"},"_links":{"self":[{"href":"https:\/\/vavcase.com\/sv\/wp-json\/wp\/v2\/product\/2245","targetHints":{"allow":["GET"]}}],"collection":[{"href":"https:\/\/vavcase.com\/sv\/wp-json\/wp\/v2\/product"}],"about":[{"href":"https:\/\/vavcase.com\/sv\/wp-json\/wp\/v2\/types\/product"}],"replies":[{"embeddable":true,"href":"https:\/\/vavcase.com\/sv\/wp-json\/wp\/v2\/comments?post=2245"}],"wp:featuredmedia":[{"embeddable":true,"href":"https:\/\/vavcase.com\/sv\/wp-json\/wp\/v2\/media\/2252"}],"wp:attachment":[{"href":"https:\/\/vavcase.com\/sv\/wp-json\/wp\/v2\/media?parent=2245"}],"wp:term":[{"taxonomy":"product_brand","embeddable":true,"href":"https:\/\/vavcase.com\/sv\/wp-json\/wp\/v2\/product_brand?post=2245"},{"taxonomy":"product_cat","embeddable":true,"href":"https:\/\/vavcase.com\/sv\/wp-json\/wp\/v2\/product_cat?post=2245"},{"taxonomy":"product_tag","embeddable":true,"href":"https:\/\/vavcase.com\/sv\/wp-json\/wp\/v2\/product_tag?post=2245"}],"curies":[{"name":"wp","href":"https:\/\/api.w.org\/{rel}","templated":true}]}}