{"id":2254,"date":"2025-02-17T04:39:12","date_gmt":"2025-02-17T04:39:12","guid":{"rendered":"https:\/\/vavcase.com\/?post_type=product&#038;p=2254"},"modified":"2025-02-17T04:39:52","modified_gmt":"2025-02-17T04:39:52","slug":"gaming-console-backpack-compatible-with-ps5-ps5-slim-ps5-pro","status":"publish","type":"product","link":"https:\/\/vavcase.com\/sv\/produkt\/ryggsack-for-spelkonsol-kompatibel-med-ps5-ps5-slim-ps5-pro\/","title":{"rendered":"Ryggs\u00e4ck f\u00f6r spelkonsol Kompatibel med PS5\/PS5 Slim\/PS5 Pro"},"content":{"rendered":"<h2>Information om produkten<\/h2>\n<div class=\"a-row a-spacing-top-base\">\n<div class=\"a-column a-span6\">\n<div class=\"a-row a-spacing-base\">\n<div class=\"a-section table-padding\">\n<table id=\"productDetails_detailBullets_sections1\" class=\"a-keyvalue prodDetTable\" role=\"presentation\">\n<tbody>\n<tr>\n<th class=\"a-color-secondary a-size-base prodDetSectionEntry\">ASIN<\/th>\n<td class=\"a-size-base prodDetAttrValue\">B0CKPJXFG4<\/td>\n<\/tr>\n<tr>\n<th class=\"a-color-secondary a-size-base prodDetSectionEntry\">Kundrecensioner<\/th>\n<td class=\"a-size-base\">\n<div id=\"averageCustomerReviews\" data-asin=\"B0CKPJXFG4\" data-ref=\"dpx_acr_pop_\"><span class=\"a-declarative\" data-action=\"acrStarsLink-click-metrics\" data-acrstarslink-click-metrics=\"{}\"><span id=\"acrPopover\" class=\"reviewCountTextLinkedHistogram noUnderline\" title=\"4,5 av 5 stj\u00e4rnor\"><a class=\"a-popover-trigger a-declarative\" role=\"button\"><span class=\"a-size-base a-color-base\">4.5\u00a0<\/span><i class=\"a-icon a-icon-star a-star-4-5 cm-cr-review-stars-spacing-big\"><span class=\"a-icon-alt\">4,5 av 5 stj\u00e4rnor<\/span><\/i>\u00a0<i class=\"a-icon a-icon-popover\"><\/i><\/a>\u00a0\u00a0<\/span><\/span>\u00a0<span class=\"a-declarative\" data-action=\"acrLink-click-metrics\" data-acrlink-click-metrics=\"{}\"><a id=\"acrCustomerReviewLink\" class=\"a-link-normal\" href=\"https:\/\/www.amazon.com\/WELIDAY-Backpack-Compatible-PS5-Compartment\/dp\/B0CKPJXFG4\/ref=sr_1_14?dib=eyJ2IjoiMSJ9.2cYb2ixP8aVFF7PEyv0VVraiyRt5rc1CKpNDgs7Bb0JNc3Lecvgau92G9oWn7WE_KRZ-iYFGBktIVhJ6EZGV7N_YLAUjcqLIfj9m1S96qFcarOiayc3ILWICmuJWwiATCz9PaIGktIYf4Jq9jv1RPnHSSnsE1lt0zaygH951ueIvO4DFijj9QwCdFyg-vtkICDwa7i-czG32zoqmQH1WqLijyU2U9fusI2lgCGuQYtg.YWvL05sRuHGz2u153ObQyDOY2YG7Kt-A-C4BlnDqwF8&amp;dib_tag=se&amp;keywords=gaming%2Bbackpack&amp;qid=1739765805&amp;sr=8-14&amp;th=1#customerReviews\"><span id=\"acrCustomerReviewText\" class=\"a-size-base\">22 betyg<\/span><\/a><\/span><\/div>\n<p>4,5 av 5 stj\u00e4rnor<\/td>\n<\/tr>\n<tr>\n<th class=\"a-color-secondary a-size-base prodDetSectionEntry\">B\u00e4sts\u00e4ljare Rank<\/th>\n<td>#13.884 i Videospel (<a href=\"https:\/\/www.amazon.com\/gp\/bestsellers\/videogames\/ref=pd_zg_ts_videogames\">Se Topp 100 i Videospel<\/a>)<br \/>\n#76 i\u00a0<a href=\"https:\/\/www.amazon.com\/gp\/bestsellers\/videogames\/20972793011\/ref=pd_zg_hrsr_videogames\">Fodral f\u00f6r PlayStation 5<\/a><\/td>\n<\/tr>\n<tr>\n<th class=\"a-color-secondary a-size-base prodDetSectionEntry\">Produktens m\u00e5tt<\/th>\n<td class=\"a-size-base prodDetAttrValue\">13,8 x 7,9 x 17,7 tum; 2,18 pund<\/td>\n<\/tr>\n<tr>\n<th class=\"a-color-secondary a-size-base prodDetSectionEntry\">Typ av f\u00f6rem\u00e5l<\/th>\n<td class=\"a-size-base prodDetAttrValue\">Ok\u00e4nd bindning<\/td>\n<\/tr>\n<tr>\n<th class=\"a-color-secondary a-size-base prodDetSectionEntry\">Artikelns modellnummer<\/th>\n<td class=\"a-size-base prodDetAttrValue\">PS5-ryggs\u00e4ck<\/td>\n<\/tr>\n<tr>\n<th class=\"a-color-secondary a-size-base prodDetSectionEntry\">Artikel Vikt<\/th>\n<td class=\"a-size-base prodDetAttrValue\">2,18 pund<\/td>\n<\/tr>\n<tr>\n<th class=\"a-color-secondary a-size-base prodDetSectionEntry\">Avdelning<\/th>\n<td class=\"a-size-base prodDetAttrValue\">unisex-vuxen<\/td>\n<\/tr>\n<tr>\n<th class=\"a-color-secondary a-size-base prodDetSectionEntry\">Tillverkare<\/th>\n<td class=\"a-size-base prodDetAttrValue\">WELIDAY<\/td>\n<\/tr>\n<tr>\n<th class=\"a-color-secondary a-size-base prodDetSectionEntry\">Datum F\u00f6rsta tillg\u00e4ngliga<\/th>\n<td class=\"a-size-base prodDetAttrValue\">8 oktober 2023<\/td>\n<\/tr>\n<tr>\n<th class=\"a-color-secondary a-size-base prodDetSectionEntry\">\u00c5ldersintervall Beskrivning<\/th>\n<td class=\"a-size-base prodDetAttrValue\">Vuxen<\/td>\n<\/tr>\n<tr>\n<th class=\"a-color-secondary a-size-base prodDetSectionEntry\">Artikel Vikt<\/th>\n<td class=\"a-size-base prodDetAttrValue\">0,99 Kilogram<\/td>\n<\/tr>\n<tr>\n<th class=\"a-color-secondary a-size-base prodDetSectionEntry\">Kapacitet Totalt<\/th>\n<td class=\"a-size-base prodDetAttrValue\">35 liter<\/td>\n<\/tr>\n<\/tbody>\n<\/table>\n<\/div>\n<\/div>\n<\/div>\n<\/div>","protected":false},"excerpt":{"rendered":"<p><strong>Fack med stor kapacitet<\/strong>: WELIDAY Gaming Backpack har m\u00e5tten 14 X 8 X 18 tum och justerbara inre avdelare som g\u00f6r att du kan anpassa organisationsfacket f\u00f6r din konsol. Dessutom finns en vadderad hylsa f\u00f6r en 15,6-tums b\u00e4rbar dator eller b\u00e4rbar bildsk\u00e4rm.<br \/>\n<strong>Flera fickor:<\/strong> En n\u00e4tficka och en utv\u00e4ndig ficka med dragkedja ing\u00e5r i ryggs\u00e4cken f\u00f6r spelkonsol, som ocks\u00e5 har en stor framficka med tv\u00e5 inv\u00e4ndiga fack, en tr\u00e5dl\u00f6s handkontroll, h\u00f6rlurar, spelmus, kablar, laddare med mera. Ytterligare spelskivor f\u00f6rvaras i tv\u00e5 sidofack.<br \/>\n<strong>Fullst\u00e4ndigt skydd:<\/strong> Den kraftiga nylonv\u00e4ven \u00e4r fylld med f\u00f6rst\u00e4rkt skum, vilket ger tillr\u00e4cklig d\u00e4mpning f\u00f6r att skydda din v\u00e4rdefulla utrustning. F\u00f6r att garantera s\u00e4kerheten f\u00f6r konsolen och tillbeh\u00f6ren under resan \u00e4r materialet b\u00e5de rept\u00e5ligt och vattenavvisande.<\/p>\n<p><strong>Bekv\u00e4mt att transportera:<\/strong> Ergonomiska, vadderade axelremmar som \u00e4r justerbara minskar tr\u00f6tthet under transport. Dessutom bidrar den andningsaktiva vadderingen i mitten till en lugnare reseupplevelse. PS5 \/ PS5 Slim \/ PS5 Pro \/ PS4 \/ Xbox One, bland andra, \u00e4r kompatibla.<br \/>\n<strong>Utm\u00e4rkt present:<\/strong> B\u00e4rv\u00e4skan f\u00f6r spelkonsol fr\u00e5n WELIDAY \u00e4r den perfekta l\u00f6sningen f\u00f6r n\u00e4sta spelkv\u00e4ll, eftersom den inneh\u00e5ller flera f\u00f6rvaringsfack f\u00f6r att rymma alla dina viktigaste spelsaker. En exceptionell present till spelentusiaster, kollegor och familj.<\/p>","protected":false},"featured_media":2261,"comment_status":"open","ping_status":"closed","template":"","meta":[],"product_brand":[],"product_cat":[69,57],"product_tag":[],"class_list":{"0":"post-2254","1":"product","2":"type-product","3":"status-publish","4":"has-post-thumbnail","6":"product_cat-gaming-backpacks","7":"product_cat-travel-gears","9":"first","10":"instock","11":"shipping-taxable","12":"purchasable","13":"product-type-simple"},"_links":{"self":[{"href":"https:\/\/vavcase.com\/sv\/wp-json\/wp\/v2\/product\/2254","targetHints":{"allow":["GET"]}}],"collection":[{"href":"https:\/\/vavcase.com\/sv\/wp-json\/wp\/v2\/product"}],"about":[{"href":"https:\/\/vavcase.com\/sv\/wp-json\/wp\/v2\/types\/product"}],"replies":[{"embeddable":true,"href":"https:\/\/vavcase.com\/sv\/wp-json\/wp\/v2\/comments?post=2254"}],"wp:featuredmedia":[{"embeddable":true,"href":"https:\/\/vavcase.com\/sv\/wp-json\/wp\/v2\/media\/2261"}],"wp:attachment":[{"href":"https:\/\/vavcase.com\/sv\/wp-json\/wp\/v2\/media?parent=2254"}],"wp:term":[{"taxonomy":"product_brand","embeddable":true,"href":"https:\/\/vavcase.com\/sv\/wp-json\/wp\/v2\/product_brand?post=2254"},{"taxonomy":"product_cat","embeddable":true,"href":"https:\/\/vavcase.com\/sv\/wp-json\/wp\/v2\/product_cat?post=2254"},{"taxonomy":"product_tag","embeddable":true,"href":"https:\/\/vavcase.com\/sv\/wp-json\/wp\/v2\/product_tag?post=2254"}],"curies":[{"name":"wp","href":"https:\/\/api.w.org\/{rel}","templated":true}]}}