{"id":2270,"date":"2025-02-17T04:48:47","date_gmt":"2025-02-17T04:48:47","guid":{"rendered":"https:\/\/vavcase.com\/?post_type=product&#038;p=2270"},"modified":"2025-02-17T04:48:47","modified_gmt":"2025-02-17T04:48:47","slug":"gaming-backpack-for-ps5-protective-travel-carrying-case-compatible-with-playstation-5-console","status":"publish","type":"product","link":"https:\/\/vavcase.com\/sv\/produkt\/gaming-ryggsack-for-ps5-skyddande-resvaska-kompatibel-med-playstation-5-konsolen\/","title":{"rendered":"Spelryggs\u00e4ck f\u00f6r PS5, skyddande resv\u00e4ska kompatibel med Playstation 5-konsolen"},"content":{"rendered":"<h2>Information om produkten<\/h2>\n<div class=\"a-row a-spacing-top-base\">\n<div class=\"a-column a-span6\">\n<div class=\"a-row a-spacing-base\">\n<div class=\"a-section table-padding\">\n<table id=\"productDetails_detailBullets_sections1\" class=\"a-keyvalue prodDetTable\" role=\"presentation\">\n<tbody>\n<tr>\n<th class=\"a-color-secondary a-size-base prodDetSectionEntry\">M\u00e5tt p\u00e5 paketet<\/th>\n<td class=\"a-size-base prodDetAttrValue\">16,75 x 12,12 x 3 tum<\/td>\n<\/tr>\n<tr>\n<th class=\"a-color-secondary a-size-base prodDetSectionEntry\">Artikel Vikt<\/th>\n<td class=\"a-size-base prodDetAttrValue\">2,49 pund<\/td>\n<\/tr>\n<tr>\n<th class=\"a-color-secondary a-size-base prodDetSectionEntry\">Avdelning<\/th>\n<td class=\"a-size-base prodDetAttrValue\">unisex-vuxen<\/td>\n<\/tr>\n<tr>\n<th class=\"a-color-secondary a-size-base prodDetSectionEntry\">ASIN<\/th>\n<td class=\"a-size-base prodDetAttrValue\">B0D7PXT65S<\/td>\n<\/tr>\n<tr>\n<th class=\"a-color-secondary a-size-base prodDetSectionEntry\">Artikelns modellnummer<\/th>\n<td class=\"a-size-base prodDetAttrValue\">GP001<\/td>\n<\/tr>\n<tr>\n<th class=\"a-color-secondary a-size-base prodDetSectionEntry\">Kundrecensioner<\/th>\n<td class=\"a-size-base\">\n<div id=\"averageCustomerReviews\" data-asin=\"B0D7PXT65S\" data-ref=\"dpx_acr_pop_\"><span class=\"a-declarative\" data-action=\"acrStarsLink-click-metrics\" data-acrstarslink-click-metrics=\"{}\"><span id=\"acrPopover\" class=\"reviewCountTextLinkedHistogram noUnderline\" title=\"4,5 av 5 stj\u00e4rnor\"><a class=\"a-popover-trigger a-declarative\" role=\"button\"><span class=\"a-size-base a-color-base\">4.5\u00a0<\/span><i class=\"a-icon a-icon-star a-star-4-5 cm-cr-review-stars-spacing-big\"><span class=\"a-icon-alt\">4,5 av 5 stj\u00e4rnor<\/span><\/i>\u00a0<i class=\"a-icon a-icon-popover\"><\/i><\/a>\u00a0\u00a0<\/span><\/span>\u00a0<span class=\"a-declarative\" data-action=\"acrLink-click-metrics\" data-acrlink-click-metrics=\"{}\"><a id=\"acrCustomerReviewLink\" class=\"a-link-normal\" href=\"https:\/\/www.amazon.com\/GDNasist-Protective-Compatible-Playstation-Accessories\/dp\/B0D7PXT65S\/ref=sr_1_25?dib=eyJ2IjoiMSJ9.U0_eyfkd-nHjDPSuopxFo6MtYovHhLJjN-kLCnl9XfFJfzm3f_PHsrS8CX9vASBTr5b8jhKXrj50ghwQtmoAq77jKph_qKjiXrOvllmreHJGe9Ah8vm4g8rTdmZB5WdGb3hKnUoGZEndkP4c9yePpRurWOnsHDXx4L_B-rXVdwK3EIA2V9JziZtLlizP3HXI_nlklrg0ftkhqU3NtBXQh9mL9lzEMTvVxMvD6nm4Ou4.LIwGl8G3jIYIP6myfvzo2ESpieJCyh0yc6PMbya6i1A&amp;dib_tag=se&amp;keywords=gaming+backpack&amp;qid=1739765928&amp;sr=8-25&amp;xpid=3OdwwBbnjcIfI#customerReviews\"><span id=\"acrCustomerReviewText\" class=\"a-size-base\">30 betyg<\/span><\/a><\/span><\/div>\n<p>4,5 av 5 stj\u00e4rnor<\/td>\n<\/tr>\n<tr>\n<th class=\"a-color-secondary a-size-base prodDetSectionEntry\">B\u00e4sts\u00e4ljare Rank<\/th>\n<td>#17.861 i Videospel (<a href=\"https:\/\/www.amazon.com\/gp\/bestsellers\/videogames\/ref=pd_zg_ts_videogames\">Se Topp 100 i Videospel<\/a>)<br \/>\n#111 i\u00a0<a href=\"https:\/\/www.amazon.com\/gp\/bestsellers\/videogames\/20972793011\/ref=pd_zg_hrsr_videogames\">Fodral f\u00f6r PlayStation 5<\/a><\/td>\n<\/tr>\n<tr>\n<th class=\"a-color-secondary a-size-base prodDetSectionEntry\">\u00c5ldersintervall Beskrivning<\/th>\n<td class=\"a-size-base prodDetAttrValue\">Ton\u00e5ring, vuxen<\/td>\n<\/tr>\n<\/tbody>\n<\/table>\n<\/div>\n<\/div>\n<\/div>\n<\/div>","protected":false},"excerpt":{"rendered":"<p><strong>Utformad f\u00f6r spel:<\/strong> V\u00e5r PS5-ryggs\u00e4ck har fem fack och en extra stor f\u00f6rvaringskapacitet. PS5-konsolen, en 15,6-tums b\u00e4rbar dator och en b\u00e4rbar bildsk\u00e4rm kan f\u00f6rvaras i det prim\u00e4ra facket, medan h\u00f6rlurar och tv\u00e5 handkontroller kan placeras i det andra facket. Nintendo- och spelskivor kan f\u00f6rvaras i det fr\u00e4mre facket. En tydlig arbetsf\u00f6rdelning \u00e4r tydlig i de tv\u00e5 sidofacken, d\u00e4r det ena \u00e4r avsett f\u00f6r f\u00f6rvaring av datakablar och andra f\u00f6rem\u00e5l. Det andra anv\u00e4nds f\u00f6r att f\u00f6rvara sm\u00e5saker som powerbanks och handtagsladdare.<br \/>\n<strong>Helt\u00e4ckande skydd:<\/strong> Det prim\u00e4ra facket \u00e4r utrustat med en helt\u00e4ckande skyddsdesign. PS5-konsolen sitter s\u00e4kert fast i huvudfacket med tv\u00e5 svampar som \u00e4r omslutna av mjukt material. P\u00e5 undersidan av PS5-konsolen finns en l\u00f6stagbar, extra tjock skyddsdyna som skyddar konsolen mot repor och kollisioner. Det omgivande omr\u00e5det \u00e4r fyllt med extra tjock skumvaddering.<br \/>\n<strong>F\u00f6rnuftig organisation:<\/strong> Varje fack har sitt eget syfte. PS5-konsolen, h\u00f6rlurarna, PS5-handkontrollen och andra tillbeh\u00f6r b\u00f6r f\u00f6rvaras separat f\u00f6r att skydda dem mot repor och kollisioner.<\/p>\n<p><strong>Mer \u00e4n bara en PS5-ryggs\u00e4ck:<\/strong> V\u00e5r PS5-v\u00e4ska \u00e4r utformad med extra utrymme och bekv\u00e4ma axelremmar, vilket g\u00f6r den l\u00e4mplig att anv\u00e4nda som en reses\u00e4ck f\u00f6r kl\u00e4der, b\u00e4rbara datorer, kameror, laddare och andra viktiga researtiklar.<br \/>\n<strong>Bekv\u00e4m och bekv\u00e4m att b\u00e4ra:<\/strong> V\u00e5r PS5-resv\u00e4ska \u00e4r utformad med en b\u00e4rrem p\u00e5 ovansidan, en bagagerem och tjocka, andningsbara vadderade axelremmar, vilket g\u00f6r att du kan transportera den med l\u00e4tthet.<\/p>","protected":false},"featured_media":2277,"comment_status":"open","ping_status":"closed","template":"","meta":[],"product_brand":[],"product_cat":[69,57],"product_tag":[],"class_list":{"0":"post-2270","1":"product","2":"type-product","3":"status-publish","4":"has-post-thumbnail","6":"product_cat-gaming-backpacks","7":"product_cat-travel-gears","9":"first","10":"instock","11":"shipping-taxable","12":"purchasable","13":"product-type-simple"},"_links":{"self":[{"href":"https:\/\/vavcase.com\/sv\/wp-json\/wp\/v2\/product\/2270","targetHints":{"allow":["GET"]}}],"collection":[{"href":"https:\/\/vavcase.com\/sv\/wp-json\/wp\/v2\/product"}],"about":[{"href":"https:\/\/vavcase.com\/sv\/wp-json\/wp\/v2\/types\/product"}],"replies":[{"embeddable":true,"href":"https:\/\/vavcase.com\/sv\/wp-json\/wp\/v2\/comments?post=2270"}],"wp:featuredmedia":[{"embeddable":true,"href":"https:\/\/vavcase.com\/sv\/wp-json\/wp\/v2\/media\/2277"}],"wp:attachment":[{"href":"https:\/\/vavcase.com\/sv\/wp-json\/wp\/v2\/media?parent=2270"}],"wp:term":[{"taxonomy":"product_brand","embeddable":true,"href":"https:\/\/vavcase.com\/sv\/wp-json\/wp\/v2\/product_brand?post=2270"},{"taxonomy":"product_cat","embeddable":true,"href":"https:\/\/vavcase.com\/sv\/wp-json\/wp\/v2\/product_cat?post=2270"},{"taxonomy":"product_tag","embeddable":true,"href":"https:\/\/vavcase.com\/sv\/wp-json\/wp\/v2\/product_tag?post=2270"}],"curies":[{"name":"wp","href":"https:\/\/api.w.org\/{rel}","templated":true}]}}