{"id":2278,"date":"2025-02-17T04:53:55","date_gmt":"2025-02-17T04:53:55","guid":{"rendered":"https:\/\/vavcase.com\/?post_type=product&#038;p=2278"},"modified":"2026-02-21T02:23:19","modified_gmt":"2026-02-21T02:23:19","slug":"trunab-gaming-console-backpack-compatible-with-playstation-5-ps5-slim-ps4-xbox-one-travel-carrying-bag","status":"publish","type":"product","link":"https:\/\/vavcase.com\/sv\/produkt\/trunab-spelkonsol-ryggsack-kompatibel-med-playstation-5-ps5-slim-ps4-xbox-one-resvaska\/","title":{"rendered":"Trunab Ryggs\u00e4ck f\u00f6r spelkonsol Kompatibel med Playstation 5 \/ PS5 Slim \/ PS4 \/ Xbox One, resv\u00e4ska"},"content":{"rendered":"<h2>Information om produkten<\/h2>\n<div class=\"a-row a-spacing-top-base\">\n<div class=\"a-column a-span6\">\n<div class=\"a-row a-spacing-base\">\n<div class=\"a-section table-padding\">\n<table id=\"productDetails_detailBullets_sections1\" class=\"a-keyvalue prodDetTable\" role=\"presentation\">\n<tbody>\n<tr>\n<th class=\"a-color-secondary a-size-base prodDetSectionEntry\">M\u00f6nster<\/th>\n<td class=\"a-size-base prodDetAttrValue\">Solid<\/td>\n<\/tr>\n<tr>\n<th class=\"a-color-secondary a-size-base prodDetSectionEntry\">Artikel Vikt<\/th>\n<td class=\"a-size-base prodDetAttrValue\">0,83 Kilogram<\/td>\n<\/tr>\n<tr>\n<th class=\"a-color-secondary a-size-base prodDetSectionEntry\">Typ av skal<\/th>\n<td class=\"a-size-base prodDetAttrValue\">Mjuk<\/td>\n<\/tr>\n<tr>\n<th class=\"a-color-secondary a-size-base prodDetSectionEntry\">Typ av f\u00f6rslutning<\/th>\n<td class=\"a-size-base prodDetAttrValue\">Dragkedja<\/td>\n<\/tr>\n<tr>\n<th class=\"a-color-secondary a-size-base prodDetSectionEntry\">Antal fack<\/th>\n<td class=\"a-size-base prodDetAttrValue\">6<\/td>\n<\/tr>\n<tr>\n<th class=\"a-color-secondary a-size-base prodDetSectionEntry\">Beskrivning av fickan<\/th>\n<td class=\"a-size-base prodDetAttrValue\">Ficka med dragkedja<\/td>\n<\/tr>\n<tr>\n<th class=\"a-color-secondary a-size-base prodDetSectionEntry\">Typ av rem<\/th>\n<td class=\"a-size-base prodDetAttrValue\">Justerbara och vadderade axelremmar<\/td>\n<\/tr>\n<tr>\n<th class=\"a-color-secondary a-size-base prodDetSectionEntry\">Produktens m\u00e5tt<\/th>\n<td class=\"a-size-base prodDetAttrValue\">12,6 x 7,9 x 17,7 tum<\/td>\n<\/tr>\n<tr>\n<th class=\"a-color-secondary a-size-base prodDetSectionEntry\">Artikel Vikt<\/th>\n<td class=\"a-size-base prodDetAttrValue\">1,83 pund<\/td>\n<\/tr>\n<tr>\n<th class=\"a-color-secondary a-size-base prodDetSectionEntry\">ASIN<\/th>\n<td class=\"a-size-base prodDetAttrValue\">B0957962QX<\/td>\n<\/tr>\n<tr>\n<th class=\"a-color-secondary a-size-base prodDetSectionEntry\">Artikelns modellnummer<\/th>\n<td class=\"a-size-base prodDetAttrValue\">TN04401<\/td>\n<\/tr>\n<tr>\n<th class=\"a-color-secondary a-size-base prodDetSectionEntry\">Kundrecensioner<\/th>\n<td class=\"a-size-base\">\n<div id=\"averageCustomerReviews\" data-asin=\"B0957962QX\" data-ref=\"dpx_acr_pop_\"><span class=\"a-declarative\" data-action=\"acrStarsLink-click-metrics\" data-acrstarslink-click-metrics=\"{}\"><span id=\"acrPopover\" class=\"reviewCountTextLinkedHistogram noUnderline\" title=\"4,8 av 5 stj\u00e4rnor\"><a class=\"a-popover-trigger a-declarative\" role=\"button\"><span class=\"a-size-base a-color-base\">4.8\u00a0<\/span><i class=\"a-icon a-icon-star a-star-5 cm-cr-review-stars-spacing-big\"><span class=\"a-icon-alt\">4,8 av 5 stj\u00e4rnor<\/span><\/i>\u00a0<i class=\"a-icon a-icon-popover\"><\/i><\/a>\u00a0\u00a0<\/span><\/span>\u00a0<span class=\"a-declarative\" data-action=\"acrLink-click-metrics\" data-acrlink-click-metrics=\"{}\"><a id=\"acrCustomerReviewLink\" class=\"a-link-normal\" href=\"https:\/\/www.amazon.com\/Backpack-Compatible-Carrying-Accessories-playstation-5\/dp\/B0957962QX\/ref=sr_1_46?dib=eyJ2IjoiMSJ9.F_YP9AUcVNhAGzceV___KfdT22j2Tz3JviE5MUusF0AooNQYOGbh7pVsca8qs9vA2LzI2OqaYIMt7VhmwI0fzsYGopsvPrJX96UI62L2ab5hfcJwWTseOtVTUJ0B6HQfafx_IIPnUZnkQZNcx6SaJitpau0nbtQ2pm1hSjLGlZ6eZuZOwgg6jUa-Il253rCdWVVkCYJgTDfd5f9Jp1welbB67f6uaZ4PozR1Y42phxA.QG-Wno98l_4ot7mjLy7_B4mMo1oELJ4047Gql4vtKVA&amp;dib_tag=se&amp;keywords=gaming%2Bbackpack&amp;qid=1739767756&amp;sr=8-46&amp;xpid=3OdwwBbnjcIfI&amp;th=1#customerReviews\"><span id=\"acrCustomerReviewText\" class=\"a-size-base\">1 066 betyg<\/span><\/a><\/span><\/div>\n<p>4,8 av 5 stj\u00e4rnor<\/td>\n<\/tr>\n<tr>\n<th class=\"a-color-secondary a-size-base prodDetSectionEntry\">B\u00e4sts\u00e4ljare Rank<\/th>\n<td>#21,544 i Videospel (<a href=\"https:\/\/www.amazon.com\/gp\/bestsellers\/videogames\/ref=pd_zg_ts_videogames\">Se Topp 100 i Videospel<\/a>)<br \/>\n#130 i\u00a0<a href=\"https:\/\/www.amazon.com\/gp\/bestsellers\/videogames\/20972793011\/ref=pd_zg_hrsr_videogames\">Fodral f\u00f6r PlayStation 5<\/a><br \/>\n#2,600 i\u00a0<a href=\"https:\/\/www.amazon.com\/gp\/bestsellers\/videogames\/6427814011\/ref=pd_zg_hrsr_videogames\">PlayStation 4 Spel, konsoler &amp; tillbeh\u00f6r<\/a><\/td>\n<\/tr>\n<\/tbody>\n<\/table>\n<\/div>\n<\/div>\n<\/div>\n<\/div>","protected":false},"excerpt":{"rendered":"<p><strong>STORT FACK:<\/strong> Organisationsfickan f\u00f6r din konsol kan anpassas med justerbara inv\u00e4ndiga avdelare. Dessutom finns ett vadderat fodral f\u00f6r en b\u00e4rbar bildsk\u00e4rm eller en 15,6-tums b\u00e4rbar dator.<br \/>\n<strong>FLERA FICKOR:<\/strong> En stor frontficka med tv\u00e5 sm\u00e5 innerfickor och en n\u00e4tficka f\u00f6r headset, spelm\u00f6ss, spelskivor, kablar, laddare och andra f\u00f6rem\u00e5l. Ytterligare f\u00f6rvaringskapacitet ges av tv\u00e5 sidofickor.<br \/>\n<strong>BRA PRODUKT:<\/strong> V\u00e5r ryggs\u00e4ck \u00e4r tillverkad av kraftig, rivt\u00e5lig nylon och har en vadderad insida av PE-skum som effektivt skyddar din konsol och dina tillbeh\u00f6r.<\/p>\n<p><strong>BEKV\u00c4M ATT TRANSPORTERA:<\/strong> De ergonomiska, vadderade axelremmarna \u00e4r justerbara f\u00f6r att minska tr\u00f6tthet under transport. Dessutom bidrar den andningsbara vadderingen p\u00e5 mittpartiet till en lugnare reseupplevelse.<br \/>\nDimensioner: 12,6 tum x 7,9 tum x 17,7 tum. Perfekt f\u00f6r att rymma och f\u00f6rvara din spelkonsol. Transportera helt enkelt ditt favoritspel med v\u00e5r ryggs\u00e4ck och spela multiplayer med dina kompisar.<\/p>\n<p>&nbsp;<\/p>","protected":false},"featured_media":2285,"comment_status":"open","ping_status":"closed","template":"","meta":[],"product_brand":[],"product_cat":[69,57],"product_tag":[],"class_list":{"0":"post-2278","1":"product","2":"type-product","3":"status-publish","4":"has-post-thumbnail","6":"product_cat-gaming-backpacks","7":"product_cat-travel-gears","9":"first","10":"instock","11":"shipping-taxable","12":"purchasable","13":"product-type-simple"},"_links":{"self":[{"href":"https:\/\/vavcase.com\/sv\/wp-json\/wp\/v2\/product\/2278","targetHints":{"allow":["GET"]}}],"collection":[{"href":"https:\/\/vavcase.com\/sv\/wp-json\/wp\/v2\/product"}],"about":[{"href":"https:\/\/vavcase.com\/sv\/wp-json\/wp\/v2\/types\/product"}],"replies":[{"embeddable":true,"href":"https:\/\/vavcase.com\/sv\/wp-json\/wp\/v2\/comments?post=2278"}],"wp:featuredmedia":[{"embeddable":true,"href":"https:\/\/vavcase.com\/sv\/wp-json\/wp\/v2\/media\/2285"}],"wp:attachment":[{"href":"https:\/\/vavcase.com\/sv\/wp-json\/wp\/v2\/media?parent=2278"}],"wp:term":[{"taxonomy":"product_brand","embeddable":true,"href":"https:\/\/vavcase.com\/sv\/wp-json\/wp\/v2\/product_brand?post=2278"},{"taxonomy":"product_cat","embeddable":true,"href":"https:\/\/vavcase.com\/sv\/wp-json\/wp\/v2\/product_cat?post=2278"},{"taxonomy":"product_tag","embeddable":true,"href":"https:\/\/vavcase.com\/sv\/wp-json\/wp\/v2\/product_tag?post=2278"}],"curies":[{"name":"wp","href":"https:\/\/api.w.org\/{rel}","templated":true}]}}