{"id":2286,"date":"2025-02-17T05:22:37","date_gmt":"2025-02-17T05:22:37","guid":{"rendered":"https:\/\/vavcase.com\/?post_type=product&#038;p=2286"},"modified":"2025-02-17T05:22:37","modified_gmt":"2025-02-17T05:22:37","slug":"portable-monitor-case-15-6-inch-protective-carrying-sleeve","status":"publish","type":"product","link":"https:\/\/vavcase.com\/sv\/produkt\/portabelt-monitorfodral-15-6-tum-skyddande-barhylsa\/","title":{"rendered":"Fodral f\u00f6r b\u00e4rbar bildsk\u00e4rm 15,6 tum, skyddande b\u00e4rhylsa"},"content":{"rendered":"<h2>Information om produkten<\/h2>\n<div class=\"a-row a-spacing-top-base\">\n<div class=\"a-column a-span6\">\n<div class=\"a-row a-spacing-base\">\n<div class=\"a-section table-padding\">\n<table id=\"productDetails_detailBullets_sections1\" class=\"a-keyvalue prodDetTable\" role=\"presentation\">\n<tbody>\n<tr>\n<th class=\"a-color-secondary a-size-base prodDetSectionEntry\">Typ av rem<\/th>\n<td class=\"a-size-base prodDetAttrValue\">Avtagbar<\/td>\n<\/tr>\n<tr>\n<th class=\"a-color-secondary a-size-base prodDetSectionEntry\">Produktens m\u00e5tt<\/th>\n<td class=\"a-size-base prodDetAttrValue\">14,56 x 14,56 x 0,78 tum<\/td>\n<\/tr>\n<tr>\n<th class=\"a-color-secondary a-size-base prodDetSectionEntry\">Artikel Vikt<\/th>\n<td class=\"a-size-base prodDetAttrValue\">7,4 gram<\/td>\n<\/tr>\n<tr>\n<th class=\"a-color-secondary a-size-base prodDetSectionEntry\">ASIN<\/th>\n<td class=\"a-size-base prodDetAttrValue\">B0D2RJM4MX<\/td>\n<\/tr>\n<tr>\n<th class=\"a-color-secondary a-size-base prodDetSectionEntry\">Kundrecensioner<\/th>\n<td class=\"a-size-base\">\n<div id=\"averageCustomerReviews\" data-asin=\"B0D2RJM4MX\" data-ref=\"dpx_acr_pop_\"><span class=\"a-declarative\" data-action=\"acrStarsLink-click-metrics\" data-acrstarslink-click-metrics=\"{}\"><span id=\"acrPopover\" class=\"reviewCountTextLinkedHistogram noUnderline\" title=\"5,0 av 5 stj\u00e4rnor\"><a class=\"a-popover-trigger a-declarative\" role=\"button\"><span class=\"a-size-base a-color-base\">5.0\u00a0<\/span><i class=\"a-icon a-icon-star a-star-5 cm-cr-review-stars-spacing-big\"><span class=\"a-icon-alt\">5,0 av 5 stj\u00e4rnor<\/span><\/i>\u00a0<i class=\"a-icon a-icon-popover\"><\/i><\/a>\u00a0\u00a0<\/span><\/span>\u00a0<span class=\"a-declarative\" data-action=\"acrLink-click-metrics\" data-acrlink-click-metrics=\"{}\"><a id=\"acrCustomerReviewLink\" class=\"a-link-normal\" href=\"https:\/\/www.amazon.com\/Portable-Protective-Carrying-ViewSonic-Zenscreen\/dp\/B0D2RJM4MX\/ref=sr_1_8?crid=3KMYEBCYJYUP4&amp;dib=eyJ2IjoiMSJ9.IAwYEw1Asn9foZq95cSg95Fywhy9aUSmFtcnh1V8LJH1HdVPxxmAG6-acTtGwwnzdsFUq6MTenw60UZ4EjLTbTxVJZUgOnRgCVUJcqIVxfd0D8qwrCZ48tLAvclD9sb57JAi2Kt4sFdIamm7rAYFae3W9ovBLW0eFBn5ITqeUkY9Ew9fFHXG36HV9LdAAeigpV5XgILGAoixe2ecbxV01Gndc-IHJNVh1lAg7g2NMj0.5KFx8jc-pIKTGHQQDTDOK3EFGoOqE3_W-e1H2Z_EkdQ&amp;dib_tag=se&amp;keywords=%E2%80%A2%2BPortable%2BMonitor%2BCases&amp;qid=1739769273&amp;sprefix=portable%2Bmonitor%2Bcases%2B%2Caps%2C767&amp;sr=8-8&amp;th=1#customerReviews\"><span id=\"acrCustomerReviewText\" class=\"a-size-base\">9 betyg<\/span><\/a><\/span><\/div>\n<p>5,0 av 5 stj\u00e4rnor<\/td>\n<\/tr>\n<tr>\n<th class=\"a-color-secondary a-size-base prodDetSectionEntry\">B\u00e4sts\u00e4ljare Rank<\/th>\n<td>#60 i\u00a0<a href=\"https:\/\/www.amazon.com\/gp\/bestsellers\/pc\/3012930011\/ref=pd_zg_hrsr_pc\">Fodral f\u00f6r surfplattor<\/a><\/td>\n<\/tr>\n<tr>\n<th class=\"a-color-secondary a-size-base prodDetSectionEntry\">Specialfunktioner<\/th>\n<td class=\"a-size-base prodDetAttrValue\">Vattent\u00e4t, st\u00f6ts\u00e4ker, ergonomiskt handtag, flera fickor<\/td>\n<\/tr>\n<tr>\n<th class=\"a-color-secondary a-size-base prodDetSectionEntry\">Andra displayfunktioner<\/th>\n<td class=\"a-size-base prodDetAttrValue\">F\u00f6rb\u00e4ttring av hemmet<\/td>\n<\/tr>\n<tr>\n<th class=\"a-color-secondary a-size-base prodDetSectionEntry\">Tillverkare<\/th>\n<td class=\"a-size-base prodDetAttrValue\">imComor<\/td>\n<\/tr>\n<tr>\n<th class=\"a-color-secondary a-size-base prodDetSectionEntry\">Datum F\u00f6rsta tillg\u00e4ngliga<\/th>\n<td class=\"a-size-base prodDetAttrValue\">27 april 2024<\/td>\n<\/tr>\n<\/tbody>\n<\/table>\n<\/div>\n<\/div>\n<\/div>\n<\/div>","protected":false},"excerpt":{"rendered":"<p><strong>BRED KOMPATIBILITET: <\/strong>Det vattent\u00e4ta 15,6 tums portabla monitorfodralet \u00e4r kompatibelt med ett brett utbud av 15.6 tums b\u00e4rbara bildsk\u00e4rmar, inklusive de som tillverkas av MNN, ForHelp, KYY, InnoView, VILVA, COOLHOOD, ViewSonic, ReHisk, HotYeah, UPERFECT, KOORUI, ASUS ZenScreen, Acer, QQH, Newsoul, ZSCMALLS, Cocopar, Lepow, Hongo, Fangor, AOC, VisionOwl, WUAWE, EleDuino, GeoYEAO, Feiasia, Newsoul och GKDY. 15,6\u2033-16,1\u2033 B\u00e4rbara bildsk\u00e4rmar Datorv\u00e4ska Fodral.<br \/>\n<strong>TUNN OCH L\u00c4TT:<\/strong> Insidan m\u00e4ter 14,56*10,23*0,78 tum, medan utsidan m\u00e4ter 15*10,6*0,78 tum. V\u00e4skan med 15,6 tums b\u00e4rbar bildsk\u00e4rm \u00e4r ett perfekt val f\u00f6r daglig anv\u00e4ndning f\u00f6r b\u00e5de m\u00e4n och kvinnor p\u00e5 aff\u00e4rsresor, p\u00e5 kontoret, i skolan eller f\u00f6r underh\u00e5llning. Den \u00e4r b\u00e5de tunn och l\u00e4tt. En idealisk present till dina n\u00e4ra och k\u00e4ra.<br \/>\n<strong>PRAKTISKA FLERFICKOR:<\/strong> Detta 15,6 tums fodral f\u00f6r b\u00e4rbar bildsk\u00e4rm \u00e4r utrustat med ett huvudfack som \u00e4r s\u00e4rskilt utformat f\u00f6r att rymma din b\u00e4rbara bildsk\u00e4rm. Dessutom har den yttre f\u00f6rvaringsfickor som \u00e4r perfekta f\u00f6r f\u00f6rvaring av dagliga n\u00f6dv\u00e4ndigheter, inklusive laddare, mobiltelefoner, kablar, m\u00f6ss, pennor, n\u00e4tadaptrar, kort och powerbanks.<\/p>\n<p><strong>ERGONOMISK HANDTAGSDESIGN:<\/strong> Det b\u00e4rbara 15,6-tums monitorfodralet \u00e4r utrustat med ett sidohandtag som \u00e4r bekv\u00e4mt att b\u00e4ra, smalt och l\u00e4tt. Den \u00e4r idealisk f\u00f6r l\u00e5ngvariga resor, aff\u00e4rer eller utbildning, eftersom den inte tynger ner din enhet. Tillbeh\u00f6ren till det b\u00e4rbara sk\u00e4rmfodralet \u00e4r en perfekt present till m\u00e4n, kvinnor och barn p\u00e5 f\u00f6delsedagar, alla hj\u00e4rtans dag, mors dag, fars dag, jul och ny\u00e5r.<br \/>\n<strong>ST\u00d6TS\u00c4KERT OCH VATTENT\u00c4TT MATERIAL:<\/strong> Tillbeh\u00f6ren till 15.6 Portable Monitor-fodralet \u00e4r tillverkade av h\u00f6gkvalitativ vattent\u00e4t canvas p\u00e5 utsidan och plyschfoder p\u00e5 insidan, vilket ger ett omfattande skydd f\u00f6r din b\u00e4rbara dator mot damm, st\u00f6tar, slag, skraps\u00e5r, repor och spill.<\/p>","protected":false},"featured_media":2293,"comment_status":"open","ping_status":"closed","template":"","meta":[],"product_brand":[],"product_cat":[70,57],"product_tag":[],"class_list":{"0":"post-2286","1":"product","2":"type-product","3":"status-publish","4":"has-post-thumbnail","6":"product_cat-portable-monitor-cases","7":"product_cat-travel-gears","9":"first","10":"instock","11":"shipping-taxable","12":"purchasable","13":"product-type-simple"},"_links":{"self":[{"href":"https:\/\/vavcase.com\/sv\/wp-json\/wp\/v2\/product\/2286","targetHints":{"allow":["GET"]}}],"collection":[{"href":"https:\/\/vavcase.com\/sv\/wp-json\/wp\/v2\/product"}],"about":[{"href":"https:\/\/vavcase.com\/sv\/wp-json\/wp\/v2\/types\/product"}],"replies":[{"embeddable":true,"href":"https:\/\/vavcase.com\/sv\/wp-json\/wp\/v2\/comments?post=2286"}],"wp:featuredmedia":[{"embeddable":true,"href":"https:\/\/vavcase.com\/sv\/wp-json\/wp\/v2\/media\/2293"}],"wp:attachment":[{"href":"https:\/\/vavcase.com\/sv\/wp-json\/wp\/v2\/media?parent=2286"}],"wp:term":[{"taxonomy":"product_brand","embeddable":true,"href":"https:\/\/vavcase.com\/sv\/wp-json\/wp\/v2\/product_brand?post=2286"},{"taxonomy":"product_cat","embeddable":true,"href":"https:\/\/vavcase.com\/sv\/wp-json\/wp\/v2\/product_cat?post=2286"},{"taxonomy":"product_tag","embeddable":true,"href":"https:\/\/vavcase.com\/sv\/wp-json\/wp\/v2\/product_tag?post=2286"}],"curies":[{"name":"wp","href":"https:\/\/api.w.org\/{rel}","templated":true}]}}