{"id":2294,"date":"2025-02-17T05:28:18","date_gmt":"2025-02-17T05:28:18","guid":{"rendered":"https:\/\/vavcase.com\/?post_type=product&#038;p=2294"},"modified":"2025-02-17T05:28:19","modified_gmt":"2025-02-17T05:28:19","slug":"lacdo-15-6-inch-portable-monitor-case-for-most-15-6-inch-portable-monitor","status":"publish","type":"product","link":"https:\/\/vavcase.com\/sv\/produkt\/lacdo-15-6-tums-portabelt-monitorfodral-for-de-flesta-15-6-tums-portabla-monitorer\/","title":{"rendered":"Lacdo 15,6 tums portabel monitorv\u00e4ska f\u00f6r de flesta 15,6 tums portabla monitorer"},"content":{"rendered":"<h3 class=\"a-size-extra-large a-spacing-base a-text-center\">OM STORLEK OCH KOMPATIBILITET<\/h3>\n<div class=\"a-row\">\n<div class=\"a-column a-span12 aplus-tech-spec-hide-loading\">\n<table class=\"a-bordered a-horizontal-stripes aplus-tech-spec-table\">\n<tbody>\n<tr>\n<td class=\"a-text-bold\">Inre storlek:<\/td>\n<td>15,94\u2033 x 1,18\u2033 x 11,02\u2033 | 40,5 cm x 3 cm x 28 cm (L x B x H)<\/td>\n<\/tr>\n<tr>\n<td class=\"a-text-bold\"><\/td>\n<td>Detta fodral f\u00f6r b\u00e4rbara bildsk\u00e4rmar \u00e4r kompatibelt med olika 15,6-tums b\u00e4rbara bildsk\u00e4rmar:<\/td>\n<\/tr>\n<tr>\n<td class=\"a-text-bold\"><\/td>\n<td>ARZOPA \/ KYY \/ ForHelp \/ MNN \/ InnoView \/ VILVA \/ ASUS ZenScreen \/ QQH \/ KOGODA \/ ViewSonic<\/td>\n<\/tr>\n<tr>\n<td class=\"a-text-bold\"><\/td>\n<td>och andra 15,6 tums b\u00e4rbara monitorer<\/td>\n<\/tr>\n<\/tbody>\n<\/table>\n<\/div>\n<\/div>","protected":false},"excerpt":{"rendered":"<p><strong>Omfattande kompatibilitet:<\/strong> Detta fodral f\u00f6r b\u00e4rbara bildsk\u00e4rmar \u00e4r kompatibelt med en m\u00e4ngd olika 15,6-tums b\u00e4rbara bildsk\u00e4rmar, inklusive ARZOPA, KYY, ForHelp, MNN, InnoView, VILVA, ASUS ZenScreen, QQH, KOGODA och ViewSonic. Ett monitorfodral av h\u00f6g kvalitet garanterar att dina b\u00e4rbara bildsk\u00e4rmar f\u00f6rvaras och skyddas p\u00e5 ett s\u00e4kert s\u00e4tt.<br \/>\nDenna 15,6 tums monitorv\u00e4ska \u00e4r utrustad med en f\u00f6rst\u00e4rkt kant och ett st\u00f6ts\u00e4kert mjukt foder, som ger din monitor ett 360\u00b0 skydd runt om och ger en tillr\u00e4cklig kudde f\u00f6r att minska effekterna fr\u00e5n dagliga st\u00f6tar eller oavsiktliga fall. Detta skyddande fodral f\u00f6r b\u00e4rbar bildsk\u00e4rm \u00e4r tillverkat av ANTI-SCRATCH CANVAS-v\u00e4v och har en WATERPROOF COATING som effektivt blockerar vattenst\u00e4nk eller regn. Du kan vara s\u00e4ker p\u00e5 att din externa bildsk\u00e4rm inte blir fuktig.<br \/>\n<strong>Lagringskapacitet:<\/strong> F\u00f6rutom huvudfacket f\u00f6r din b\u00e4rbara bildsk\u00e4rm har detta portabla bildsk\u00e4rmsfodral tv\u00e5 extra blixtl\u00e5sfack framtill och ett stort fack p\u00e5 baksidan f\u00f6r att rymma en m\u00e4ngd olika f\u00f6rem\u00e5l, inklusive en liten iPad, mus, uppladdningsbara enheter, n\u00e4tsladd, kablar, h\u00e5rddiskar och en powerbank. STARKA METALLZIPPERS kan anv\u00e4ndas f\u00f6r att glida j\u00e4mnt i b\u00e5da riktningarna: F\u00f6r att underl\u00e4tta och p\u00e5skynda tillg\u00e4ngligheten f\u00f6r din 15,6-tums bildsk\u00e4rm och elektroniska tillbeh\u00f6r. Lacdo professional monitor bag ser till att dina saker \u00e4r b\u00e5de s\u00e4kra och v\u00e4lorganiserade.<\/p>\n<p><strong>Bekv\u00e4mt att transportera:<\/strong> V\u00e4skan f\u00f6r 15,6-tums bildsk\u00e4rm \u00e4r mycket portabel f\u00f6r daglig anv\u00e4ndning och transport av externa bildsk\u00e4rmar, tack vare det t\u00f6jbara handtaget p\u00e5 ovansidan som g\u00f6r att du kan v\u00e4xla mellan en portf\u00f6ljv\u00e4ska f\u00f6r bildsk\u00e4rmar och en v\u00e4ska med bildsk\u00e4rmsfodral. Detta 15,6-tums monitorfodral med handtag \u00e4r smalt och l\u00e4ttviktigt, vilket g\u00f6r det enkelt att stoppa ner i en portf\u00f6lj eller ryggs\u00e4ck. Detta m\u00f6jligg\u00f6r bekv\u00e4m anv\u00e4ndning och enkel portabilitet. Perfekt f\u00f6r dina behov under aff\u00e4rsresor eller m\u00f6ten. L\u00e5t din resa bli b\u00e5de njutbar och okomplicerad.<br \/>\n<strong>En utm\u00e4rkt f\u00f6ljeslagare till Monitor:<\/strong> V\u00e5rt b\u00e4rbara monitorfodral 15,6 tum \u00e4r en p\u00e5litlig och l\u00e5nglivad produkt som erbjuder exceptionellt skydd och h\u00e5llbar kvalitet. Det \u00e4r snyggt, modernt och v\u00e4lkonstruerat. Ett snyggt b\u00e4rbart monitorfodral \u00e4r en omt\u00e4nksam present till dina n\u00e4ra och k\u00e4ra; det \u00e4r ett bekv\u00e4mt och b\u00e4rbart transportfodral f\u00f6r monitorer som \u00e4r perfekt f\u00f6r arbete, vardagsliv, aff\u00e4rsresor, resor eller hemf\u00f6rvaring. Du \u00e5tf\u00f6ljs konsekvent av en p\u00e5litlig f\u00f6ljeslagare.<\/p>","protected":false},"featured_media":2301,"comment_status":"open","ping_status":"closed","template":"","meta":[],"product_brand":[],"product_cat":[70,57],"product_tag":[],"class_list":{"0":"post-2294","1":"product","2":"type-product","3":"status-publish","4":"has-post-thumbnail","6":"product_cat-portable-monitor-cases","7":"product_cat-travel-gears","9":"first","10":"instock","11":"shipping-taxable","12":"purchasable","13":"product-type-simple"},"_links":{"self":[{"href":"https:\/\/vavcase.com\/sv\/wp-json\/wp\/v2\/product\/2294","targetHints":{"allow":["GET"]}}],"collection":[{"href":"https:\/\/vavcase.com\/sv\/wp-json\/wp\/v2\/product"}],"about":[{"href":"https:\/\/vavcase.com\/sv\/wp-json\/wp\/v2\/types\/product"}],"replies":[{"embeddable":true,"href":"https:\/\/vavcase.com\/sv\/wp-json\/wp\/v2\/comments?post=2294"}],"wp:featuredmedia":[{"embeddable":true,"href":"https:\/\/vavcase.com\/sv\/wp-json\/wp\/v2\/media\/2301"}],"wp:attachment":[{"href":"https:\/\/vavcase.com\/sv\/wp-json\/wp\/v2\/media?parent=2294"}],"wp:term":[{"taxonomy":"product_brand","embeddable":true,"href":"https:\/\/vavcase.com\/sv\/wp-json\/wp\/v2\/product_brand?post=2294"},{"taxonomy":"product_cat","embeddable":true,"href":"https:\/\/vavcase.com\/sv\/wp-json\/wp\/v2\/product_cat?post=2294"},{"taxonomy":"product_tag","embeddable":true,"href":"https:\/\/vavcase.com\/sv\/wp-json\/wp\/v2\/product_tag?post=2294"}],"curies":[{"name":"wp","href":"https:\/\/api.w.org\/{rel}","templated":true}]}}