{"id":2312,"date":"2025-02-17T05:41:22","date_gmt":"2025-02-17T05:41:22","guid":{"rendered":"https:\/\/vavcase.com\/?post_type=product&#038;p=2312"},"modified":"2025-02-17T05:41:23","modified_gmt":"2025-02-17T05:41:23","slug":"asus-zenscreen-acer-laptop-external-display-travel-carrying-bag","status":"publish","type":"product","link":"https:\/\/vavcase.com\/sv\/produkt\/asus-zenscreen-acer-barbar-dator-extern-skarm-resvaska\/","title":{"rendered":"ASUS ZenScreen ACER B\u00e4rbar dator Extern sk\u00e4rm Resv\u00e4ska"},"content":{"rendered":"<h2>Information om produkten<\/h2>\n<div class=\"a-row a-spacing-top-base\">\n<div class=\"a-column a-span6\">\n<div class=\"a-row a-spacing-base\">\n<div class=\"a-section table-padding\">\n<table id=\"productDetails_detailBullets_sections1\" class=\"a-keyvalue prodDetTable\" role=\"presentation\">\n<tbody>\n<tr>\n<th class=\"a-color-secondary a-size-base prodDetSectionEntry\">M\u00e5tt p\u00e5 paketet<\/th>\n<td class=\"a-size-base prodDetAttrValue\">15,51 x 10,91 x 1,34 tum<\/td>\n<\/tr>\n<tr>\n<th class=\"a-color-secondary a-size-base prodDetSectionEntry\">Artikel Vikt<\/th>\n<td class=\"a-size-base prodDetAttrValue\">8,4 gram<\/td>\n<\/tr>\n<tr>\n<th class=\"a-color-secondary a-size-base prodDetSectionEntry\">ASIN<\/th>\n<td class=\"a-size-base prodDetAttrValue\">B0CQR6YZLG<\/td>\n<\/tr>\n<tr>\n<th class=\"a-color-secondary a-size-base prodDetSectionEntry\">Kundrecensioner<\/th>\n<td class=\"a-size-base\">\n<div id=\"averageCustomerReviews\" data-asin=\"B0CQR6YZLG\" data-ref=\"dpx_acr_pop_\"><span class=\"a-declarative\" data-action=\"acrStarsLink-click-metrics\" data-acrstarslink-click-metrics=\"{}\"><span id=\"acrPopover\" class=\"reviewCountTextLinkedHistogram noUnderline\" title=\"4,5 av 5 stj\u00e4rnor\"><a class=\"a-popover-trigger a-declarative\" role=\"button\"><span class=\"a-size-base a-color-base\">4.5\u00a0<\/span><i class=\"a-icon a-icon-star a-star-4-5 cm-cr-review-stars-spacing-big\"><span class=\"a-icon-alt\">4,5 av 5 stj\u00e4rnor<\/span><\/i>\u00a0<i class=\"a-icon a-icon-popover\"><\/i><\/a>\u00a0\u00a0<\/span><\/span>\u00a0<span class=\"a-declarative\" data-action=\"acrLink-click-metrics\" data-acrlink-click-metrics=\"{}\"><a id=\"acrCustomerReviewLink\" class=\"a-link-normal\" href=\"https:\/\/www.amazon.com\/15-6-16-1-Portable-CAPERAVE-ViewSonic-ZenScreen\/dp\/B0CQR6YZLG\/ref=sr_1_31?crid=3KMYEBCYJYUP4&amp;dib=eyJ2IjoiMSJ9.o2YPdwddOu6g1n1SnJ-U7c8goFwE6VYFSH_uS3jlrS6de8NtNBmDeWcbKlJeIhvP4Cu5uzO3_Y44oNk2WEBRFKf2zeYF90EtNaJhCzSuWG1DFHhdpLFJbDt4XGg3wKJqLo__djQxC9uGi3TE9EEqdn98hy0ZwJvmzJOnYlJqMlDUWd5ZhVxqfidoojrsvF8ANMJVAJW1_h0t2d3ZaCAz2dRwrfgeXwOHwdNkiiXKCIE.FpqWyfQS4ZBSqRvlgDpDkcSnGQsLLyKOXi8y016YwR0&amp;dib_tag=se&amp;keywords=%E2%80%A2%2BPortable%2BMonitor%2BCases&amp;qid=1739770626&amp;sprefix=portable%2Bmonitor%2Bcases%2B%2Caps%2C767&amp;sr=8-31&amp;xpid=fkTEufsvs_5Np&amp;th=1#customerReviews\"><span id=\"acrCustomerReviewText\" class=\"a-size-base\">43 betyg<\/span><\/a><\/span><\/div>\n<p>4,5 av 5 stj\u00e4rnor<\/td>\n<\/tr>\n<tr>\n<th class=\"a-color-secondary a-size-base prodDetSectionEntry\">B\u00e4sts\u00e4ljare Rank<\/th>\n<td>#1,445 i\u00a0<a href=\"https:\/\/www.amazon.com\/gp\/bestsellers\/pc\/335609011\/ref=pd_zg_hrsr_pc\">Fodral f\u00f6r b\u00e4rbara datorer<\/a><\/td>\n<\/tr>\n<tr>\n<th class=\"a-color-secondary a-size-base prodDetSectionEntry\">Teknik f\u00f6r tr\u00e5dl\u00f6s kommunikation<\/th>\n<td class=\"a-size-base prodDetAttrValue\">polyestertyg<\/td>\n<\/tr>\n<tr>\n<th class=\"a-color-secondary a-size-base prodDetSectionEntry\">Teknik f\u00f6r uppkoppling<\/th>\n<td class=\"a-size-base prodDetAttrValue\">polyestertyg<\/td>\n<\/tr>\n<tr>\n<th class=\"a-color-secondary a-size-base prodDetSectionEntry\">Specialfunktioner<\/th>\n<td class=\"a-size-base prodDetAttrValue\">Slim Fit, Resa, Universal, Sk\u00e4rmskydd<\/td>\n<\/tr>\n<tr>\n<th class=\"a-color-secondary a-size-base prodDetSectionEntry\">Displayuppl\u00f6sning<\/th>\n<td class=\"a-size-base prodDetAttrValue\">polyestertyg<\/td>\n<\/tr>\n<tr>\n<th class=\"a-color-secondary a-size-base prodDetSectionEntry\">Andra displayfunktioner<\/th>\n<td class=\"a-size-base prodDetAttrValue\">Personlig dator<\/td>\n<\/tr>\n<tr>\n<th class=\"a-color-secondary a-size-base prodDetSectionEntry\">Formfaktor<\/th>\n<td class=\"a-size-base prodDetAttrValue\">Fallet<\/td>\n<\/tr>\n<tr>\n<th class=\"a-color-secondary a-size-base prodDetSectionEntry\">F\u00e4rg<\/th>\n<td class=\"a-size-base prodDetAttrValue\">Svart<\/td>\n<\/tr>\n<tr>\n<th class=\"a-color-secondary a-size-base prodDetSectionEntry\">Vad finns i l\u00e5dan<\/th>\n<td class=\"a-size-base prodDetAttrValue\">polyestertyg<\/td>\n<\/tr>\n<tr>\n<th class=\"a-color-secondary a-size-base prodDetSectionEntry\">Tillverkare<\/th>\n<td class=\"a-size-base prodDetAttrValue\">NBOXUMG<\/td>\n<\/tr>\n<tr>\n<th class=\"a-color-secondary a-size-base prodDetSectionEntry\">Datum F\u00f6rsta tillg\u00e4ngliga<\/th>\n<td class=\"a-size-base prodDetAttrValue\">21 december 2023<\/td>\n<\/tr>\n<\/tbody>\n<\/table>\n<\/div>\n<\/div>\n<\/div>\n<\/div>","protected":false},"excerpt":{"rendered":"<p><strong>Kompatibilitet med ett brett utbud:<\/strong> Fodralet \u00e4r kompatibelt med de flesta 15,6-tums b\u00e4rbara bildsk\u00e4rmar, inklusive de som tillverkas av KYY, ZSCMALLS, ForHelp, Lepow, MNN, InnoView, HONGO, FANGOR, VisionOwl, WUAWE, Scnsuptp, VILVA, AOC, ASUS ZenScreen, QQH, KOGODA, ViewSonic, EleDuino, GeoYEAO, Feiasia, Newsoul, Cocopar, GKDY och andra tillverkare.<br \/>\n<strong>Helt\u00e4ckande skydd:<\/strong>\u00a0 Det b\u00e4rbara monitorfodralet \u00e4r tillverkat av h\u00f6gkvalitativt vattent\u00e4tt polyestertyg och ett tjockt, plyschigt foder. Fodralet \u00e4r st\u00f6ts\u00e4kert, vattent\u00e4tt och rept\u00e5ligt, vilket g\u00f6r att din bildsk\u00e4rm \u00e4r skyddad fr\u00e5n alla vinklar.<br \/>\nGott om f\u00f6rvaringsutrymme och str\u00f6mlinjeformad organisation - Huvudfacket med dragkedja ger gott om f\u00f6rvaringsutrymme f\u00f6r den b\u00e4rbara datorns sk\u00e4rm, medan f\u00f6rvaringsutrymmet i framfickan s\u00e4kerst\u00e4ller att mindre f\u00f6rem\u00e5l, inklusive mus, pennor, skalbart stativ, laddare, mobiltelefoner, kort och powerbank, \u00e4r v\u00e4lorganiserade. Detta m\u00f6jligg\u00f6r snabb s\u00f6kning och \u00e5tkomst till dina tillbeh\u00f6r till den b\u00e4rbara datorn.<\/p>\n<p><strong>Bekv\u00e4mt f\u00f6r daglig anv\u00e4ndning:<\/strong> Detta b\u00e4rbara monitorfodral har ett bekv\u00e4mt handtag som g\u00f6r det l\u00e4tt att transportera.STORLEK: 14,56 x 10,23 x 0,78 tum, detta l\u00e4tta och smala f\u00f6rem\u00e5l \u00e4r l\u00e4tt att transportera och bekv\u00e4mt att anv\u00e4nda. Den kan enkelt f\u00f6rvaras i en bagageutrymme, ryggs\u00e4ck eller portf\u00f6lj.<br \/>\n<strong>Livstidsgaranti:<\/strong> Vi erbjuder fria returer. Om du inte \u00e4r helt n\u00f6jd med de produkter du har f\u00e5tt, tveka inte att kontakta oss. Obs: F\u00f6r att garantera en l\u00e4mplig matchning, v\u00e4nligen j\u00e4mf\u00f6r fodralets inre m\u00e5tt med m\u00e5tten p\u00e5 din b\u00e4rbara bildsk\u00e4rm. Om du \u00e4r os\u00e4ker p\u00e5 vilket alternativ du ska v\u00e4lja, tveka inte att kontakta oss.<\/p>","protected":false},"featured_media":2318,"comment_status":"open","ping_status":"closed","template":"","meta":[],"product_brand":[],"product_cat":[70,57],"product_tag":[],"class_list":{"0":"post-2312","1":"product","2":"type-product","3":"status-publish","4":"has-post-thumbnail","6":"product_cat-portable-monitor-cases","7":"product_cat-travel-gears","9":"first","10":"instock","11":"shipping-taxable","12":"purchasable","13":"product-type-simple"},"_links":{"self":[{"href":"https:\/\/vavcase.com\/sv\/wp-json\/wp\/v2\/product\/2312","targetHints":{"allow":["GET"]}}],"collection":[{"href":"https:\/\/vavcase.com\/sv\/wp-json\/wp\/v2\/product"}],"about":[{"href":"https:\/\/vavcase.com\/sv\/wp-json\/wp\/v2\/types\/product"}],"replies":[{"embeddable":true,"href":"https:\/\/vavcase.com\/sv\/wp-json\/wp\/v2\/comments?post=2312"}],"wp:featuredmedia":[{"embeddable":true,"href":"https:\/\/vavcase.com\/sv\/wp-json\/wp\/v2\/media\/2318"}],"wp:attachment":[{"href":"https:\/\/vavcase.com\/sv\/wp-json\/wp\/v2\/media?parent=2312"}],"wp:term":[{"taxonomy":"product_brand","embeddable":true,"href":"https:\/\/vavcase.com\/sv\/wp-json\/wp\/v2\/product_brand?post=2312"},{"taxonomy":"product_cat","embeddable":true,"href":"https:\/\/vavcase.com\/sv\/wp-json\/wp\/v2\/product_cat?post=2312"},{"taxonomy":"product_tag","embeddable":true,"href":"https:\/\/vavcase.com\/sv\/wp-json\/wp\/v2\/product_tag?post=2312"}],"curies":[{"name":"wp","href":"https:\/\/api.w.org\/{rel}","templated":true}]}}