{"id":2319,"date":"2025-02-17T05:46:22","date_gmt":"2025-02-17T05:46:22","guid":{"rendered":"https:\/\/vavcase.com\/?post_type=product&#038;p=2319"},"modified":"2025-02-17T05:46:22","modified_gmt":"2025-02-17T05:46:22","slug":"casematix-portable-monitor-case-for-15-6-to-24-gaming-monitors-or-laptop-portable-screens","status":"publish","type":"product","link":"https:\/\/vavcase.com\/sv\/produkt\/casematix-barbart-monitorfodral-for-15-6-till-24-spelmonitorer-eller-barbara-skarmar-for-barbara-datorer\/","title":{"rendered":"CASEMATIX portabelt monitorfodral f\u00f6r 15,6\u2033 till 24\u2033 spelmonitorer eller b\u00e4rbara sk\u00e4rmar"},"content":{"rendered":"<h2>Information om produkten<\/h2>\n<div class=\"a-row a-spacing-top-base\">\n<div class=\"a-column a-span6\">\n<div class=\"a-row a-spacing-base\">\n<div class=\"a-section table-padding\">\n<table id=\"productDetails_detailBullets_sections1\" class=\"a-keyvalue prodDetTable\" role=\"presentation\">\n<tbody>\n<tr>\n<th class=\"a-color-secondary a-size-base prodDetSectionEntry\">Produktens m\u00e5tt<\/th>\n<td class=\"a-size-base prodDetAttrValue\">24 x 15 x 3,5 tum<\/td>\n<\/tr>\n<tr>\n<th class=\"a-color-secondary a-size-base prodDetSectionEntry\">Artikel Vikt<\/th>\n<td class=\"a-size-base prodDetAttrValue\">3,8 kilo<\/td>\n<\/tr>\n<tr>\n<th class=\"a-color-secondary a-size-base prodDetSectionEntry\">ASIN<\/th>\n<td class=\"a-size-base prodDetAttrValue\">B0DDRWWX91<\/td>\n<\/tr>\n<tr>\n<th class=\"a-color-secondary a-size-base prodDetSectionEntry\">Kundrecensioner<\/th>\n<td class=\"a-size-base\">\n<div id=\"averageCustomerReviews\" data-asin=\"B0DDRWWX91\" data-ref=\"dpx_acr_pop_\"><span class=\"a-declarative\" data-action=\"acrStarsLink-click-metrics\" data-acrstarslink-click-metrics=\"{}\"><span id=\"acrPopover\" class=\"reviewCountTextLinkedHistogram noUnderline\" title=\"5,0 av 5 stj\u00e4rnor\"><a class=\"a-popover-trigger a-declarative\" role=\"button\"><span class=\"a-size-base a-color-base\">5.0\u00a0<\/span><i class=\"a-icon a-icon-star a-star-5 cm-cr-review-stars-spacing-big\"><span class=\"a-icon-alt\">5,0 av 5 stj\u00e4rnor<\/span><\/i>\u00a0<i class=\"a-icon a-icon-popover\"><\/i><\/a>\u00a0\u00a0<\/span><\/span>\u00a0<span class=\"a-declarative\" data-action=\"acrLink-click-metrics\" data-acrlink-click-metrics=\"{}\"><a id=\"acrCustomerReviewLink\" class=\"a-link-normal\" href=\"https:\/\/www.amazon.com\/CASEMATIX-Portable-Monitor-Monitors-Accessories\/dp\/B0DDRWWX91\/ref=sr_1_21?crid=3KMYEBCYJYUP4&amp;dib=eyJ2IjoiMSJ9.IAwYEw1Asn9foZq95cSg95Fywhy9aUSmFtcnh1V8LJH1HdVPxxmAG6-acTtGwwnzdsFUq6MTenw60UZ4EjLTbTxVJZUgOnRgCVUJcqIVxfd0D8qwrCZ48tLAvclD9sb57JAi2Kt4sFdIamm7rAYFae3W9ovBLW0eFBn5ITqeUkY9Ew9fFHXG36HV9LdAAeigpV5XgILGAoixe2ecbxV01Gndc-IHJNVh1lAg7g2NMj0.5KFx8jc-pIKTGHQQDTDOK3EFGoOqE3_W-e1H2Z_EkdQ&amp;dib_tag=se&amp;keywords=%E2%80%A2%2BPortable%2BMonitor%2BCases&amp;qid=1739769273&amp;sprefix=portable%2Bmonitor%2Bcases%2B%2Caps%2C767&amp;sr=8-21&amp;th=1#customerReviews\"><span id=\"acrCustomerReviewText\" class=\"a-size-base\">11 betyg<\/span><\/a><\/span><\/div>\n<p>5,0 av 5 stj\u00e4rnor<\/td>\n<\/tr>\n<tr>\n<th class=\"a-color-secondary a-size-base prodDetSectionEntry\">B\u00e4sts\u00e4ljare Rank<\/th>\n<td>#638 i\u00a0<a href=\"https:\/\/www.amazon.com\/gp\/bestsellers\/pc\/335609011\/ref=pd_zg_hrsr_pc\">Fodral f\u00f6r b\u00e4rbara datorer<\/a><\/td>\n<\/tr>\n<tr>\n<th class=\"a-color-secondary a-size-base prodDetSectionEntry\">Specialfunktioner<\/th>\n<td class=\"a-size-base prodDetAttrValue\">Dammt\u00e5ligt, kraftigt skydd, l\u00e4ttvikt, sk\u00e4rmskydd<\/td>\n<\/tr>\n<tr>\n<th class=\"a-color-secondary a-size-base prodDetSectionEntry\">Formfaktor<\/th>\n<td class=\"a-size-base prodDetAttrValue\">Fallet<\/td>\n<\/tr>\n<tr>\n<th class=\"a-color-secondary a-size-base prodDetSectionEntry\">F\u00e4rg<\/th>\n<td class=\"a-size-base prodDetAttrValue\">Svart<\/td>\n<\/tr>\n<tr>\n<th class=\"a-color-secondary a-size-base prodDetSectionEntry\">Vad finns i l\u00e5dan<\/th>\n<td class=\"a-size-base prodDetAttrValue\">EVA-h\u00e5rt skal p\u00e5 utsidan, vadderad insida med justerbart skum<\/td>\n<\/tr>\n<tr>\n<th class=\"a-color-secondary a-size-base prodDetSectionEntry\">Tillverkare<\/th>\n<td class=\"a-size-base prodDetAttrValue\">CASEMATIX<\/td>\n<\/tr>\n<tr>\n<th class=\"a-color-secondary a-size-base prodDetSectionEntry\">Datum F\u00f6rsta tillg\u00e4ngliga<\/th>\n<td class=\"a-size-base prodDetAttrValue\">20 augusti 2024<\/td>\n<\/tr>\n<\/tbody>\n<\/table>\n<\/div>\n<\/div>\n<\/div>\n<\/div>","protected":false},"excerpt":{"rendered":"<p><strong>SKYDD AV H\u00c5RT SKAL:<\/strong> Resv\u00e4skan f\u00f6r bildsk\u00e4rmar \u00e4r utformad f\u00f6r att rymma ett brett utbud av sk\u00e4rmstorlekar och tillbeh\u00f6r. Tillverkad med EVA-ytterskydd och skumd\u00e4mpning f\u00f6r att skydda sk\u00e4rmar, b\u00e4rbara datorer och monitorer som \u00e4r upp till 22 tum breda. MAXIMUM<br \/>\n<strong>ST\u00d6TD\u00c4MPANDE SKUM:<\/strong> CASEMATIX datormonitortass \u00e4r utrustad med skum p\u00e5 ovansidan och undersidan f\u00f6r att skydda din v\u00e4rdefulla sk\u00e4rm fr\u00e5n st\u00f6tar och slag. Ett extra lager av skydd f\u00f6r tillbeh\u00f6r tillhandah\u00e5lls genom att inkludera m\u00e5nga skumsektioner.<br \/>\n<strong>RESEV\u00c4NLIG DESIGN F\u00d6R SK\u00c4RMSKYDD:<\/strong> V\u00e4skan m\u00e4ter 24 x 15 x 3,5 tum och har en elegant utsida med kraftiga f\u00f6rslutningar f\u00f6r att garantera dess s\u00e4kerhet. Den praktiska b\u00e4rbarheten underl\u00e4ttas av ett inbyggt b\u00e4rhandtag och en justerbar axelrem som kan f\u00e4stas med clips.<\/p>\n<p><strong>Passar till en m\u00e4ngd olika displayer:<\/strong> Enhetens inv\u00e4ndiga m\u00e5tt \u00e4r 22,5 x 13,5 x 2,75 tum och den rymmer sk\u00e4rmar med en maximal storlek p\u00e5 24 tum. Anv\u00e4nd de 0,5\u2033 mjuka skumavdelarna och skumblocket f\u00f6r att skapa en s\u00e4ker passform f\u00f6r mindre displayer och skilja dem fr\u00e5n tillbeh\u00f6r.<br \/>\n<strong>KONTROLLERA SK\u00c4RMSTORLEKEN:<\/strong> Tillbeh\u00f6r kan rymmas vid anv\u00e4ndning av displayer med reducerad storlek. Den best\u00e5r av ett skumblock och tv\u00e5 platta skumlager f\u00f6r \u00f6kad s\u00e4kerhet och skydd. Anv\u00e4nd skumblocket f\u00f6r att skapa en s\u00e4ker passform och 0,5\u2033 skumavdelarna f\u00f6r att skydda sk\u00e4rmarna.<\/p>\n<p>&nbsp;<\/p>","protected":false},"featured_media":2329,"comment_status":"open","ping_status":"closed","template":"","meta":[],"product_brand":[],"product_cat":[70,57],"product_tag":[],"class_list":{"0":"post-2319","1":"product","2":"type-product","3":"status-publish","4":"has-post-thumbnail","6":"product_cat-portable-monitor-cases","7":"product_cat-travel-gears","9":"first","10":"instock","11":"shipping-taxable","12":"purchasable","13":"product-type-simple"},"_links":{"self":[{"href":"https:\/\/vavcase.com\/sv\/wp-json\/wp\/v2\/product\/2319","targetHints":{"allow":["GET"]}}],"collection":[{"href":"https:\/\/vavcase.com\/sv\/wp-json\/wp\/v2\/product"}],"about":[{"href":"https:\/\/vavcase.com\/sv\/wp-json\/wp\/v2\/types\/product"}],"replies":[{"embeddable":true,"href":"https:\/\/vavcase.com\/sv\/wp-json\/wp\/v2\/comments?post=2319"}],"wp:featuredmedia":[{"embeddable":true,"href":"https:\/\/vavcase.com\/sv\/wp-json\/wp\/v2\/media\/2329"}],"wp:attachment":[{"href":"https:\/\/vavcase.com\/sv\/wp-json\/wp\/v2\/media?parent=2319"}],"wp:term":[{"taxonomy":"product_brand","embeddable":true,"href":"https:\/\/vavcase.com\/sv\/wp-json\/wp\/v2\/product_brand?post=2319"},{"taxonomy":"product_cat","embeddable":true,"href":"https:\/\/vavcase.com\/sv\/wp-json\/wp\/v2\/product_cat?post=2319"},{"taxonomy":"product_tag","embeddable":true,"href":"https:\/\/vavcase.com\/sv\/wp-json\/wp\/v2\/product_tag?post=2319"}],"curies":[{"name":"wp","href":"https:\/\/api.w.org\/{rel}","templated":true}]}}